{"id":11873,"date":"2024-11-19T11:38:07","date_gmt":"2024-11-19T10:38:07","guid":{"rendered":"https:\/\/resemedicin.se\/friskparesan\/?page_id=11873"},"modified":"2025-10-22T08:05:59","modified_gmt":"2025-10-22T07:05:59","slug":"graviditet-och-resa","status":"publish","type":"page","link":"https:\/\/resemedicin.se\/friskparesan\/reserad-2\/graviditet-och-resa\/","title":{"rendered":"Graviditet och resa"},"content":{"rendered":"\n<h3 class=\"wp-block-heading\" id=\"sidtopp\">Information till gravida kvinnor inf\u00f6r resa<\/h3>\n\n\n\n<figure class=\"wp-block-image size-full\"><img loading=\"lazy\" decoding=\"async\" width=\"1024\" height=\"534\" src=\"https:\/\/resemedicin.se\/friskparesan\/wp-content\/uploads\/2025\/10\/gravid.jpg\" alt=\"\" class=\"wp-image-12502\" srcset=\"https:\/\/resemedicin.se\/friskparesan\/wp-content\/uploads\/2025\/10\/gravid.jpg 1024w, https:\/\/resemedicin.se\/friskparesan\/wp-content\/uploads\/2025\/10\/gravid-300x156.jpg 300w, https:\/\/resemedicin.se\/friskparesan\/wp-content\/uploads\/2025\/10\/gravid-768x401.jpg 768w\" sizes=\"auto, (max-width: 709px) 85vw, (max-width: 909px) 67vw, (max-width: 1362px) 62vw, 840px\" \/><\/figure>\n\n\n\n<ul class=\"wp-block-list\">\n<li style=\"font-size:18px\"><a href=\"https:\/\/resemedicin.se\/friskparesan\/graviditet-och-resa\/#riskbedomning\">Gl\u00e4dje men ocks\u00e5 risker<\/a><\/li>\n\n\n\n<li style=\"font-size:18px\"><a href=\"https:\/\/resemedicin.se\/friskparesan\/graviditet-och-resa\/#tanka-pa\">Att t\u00e4nka p\u00e5<\/a><\/li>\n\n\n\n<li style=\"font-size:18px\"><a href=\"https:\/\/resemedicin.se\/friskparesan\/graviditet-och-resa\/#vaccination\">Vaccination under graviditet<\/a><\/li>\n\n\n\n<li style=\"font-size:18px\"><a href=\"https:\/\/resemedicin.se\/friskparesan\/graviditet-och-resa\/#infektioner\">Specifika infektioner och graviditet<\/a><\/li>\n<\/ul>\n\n\n\n<h3 class=\"wp-block-heading has-white-color has-text-color has-background has-link-color wp-elements-f5f60a055cee0438322190da5d293273\" id=\"riskbedomning\" style=\"background-color:#2b7c08\">Gl\u00e4dje men ocks\u00e5 risker<\/h3>\n\n\n\n<p>Att resa kan vara mycket givande och det \u00e4r m\u00e5nga som ser graviditeten som en m\u00f6jlighet till nya upplevelser innan sm\u00e5barnsperioden. Reserelaterade tillst\u00e5nd eller sjukdomar p\u00e5 m\u00e5nga h\u00e5ll i v\u00e4rlden medf\u00f6r dock b\u00e5de risk f\u00f6r mer allvarlig sjukdom hos den gravida kvinnan och graviditetskomplikationer &#8211; i v\u00e4rsta fall b\u00e5de och.<\/p>\n\n\n\n<p>Att resa under graviditeten kr\u00e4ver d\u00e4rf\u00f6r extra planering och f\u00f6rsiktighet f\u00f6r att g\u00f6ra resan s\u00e5 givande, s\u00e4ker och riskfri som m\u00f6jligt. <\/p>\n\n\n\n<p>\u00c4ven om resa under graviditet inte \u00e4r helt riskfritt, inneb\u00e4r det inte att resan alltid m\u00e5ste st\u00e4llas in. I m\u00e5nga l\u00e4nder \u00e4r sjukv\u00e5rden av v\u00e4l s\u00e5 h\u00f6g klass som i Sverige och med tillr\u00e4ckligt bra f\u00f6rs\u00e4kring \u00e4r du i trygga h\u00e4nder om n\u00e5got intr\u00e4ffar. Flera f\u00f6rs\u00e4kringsbolag (kontrollera hemf\u00f6rs\u00e4kringen) ansvarar inte f\u00f6r graviditetskomplikationer som intr\u00e4ffar efter vecka 28 och m\u00e5nga flygbolag har en \u00f6vre gr\u00e4ns f\u00f6r resa vid graviditetsvecka 37.&nbsp;<\/p>\n\n\n\n<p><strong>Som gravid b\u00f6r du dock inte \u00e5ka till l\u00e5ginkomstl\u00e4nder av m\u00e5nga sk\u00e4l:&nbsp;&nbsp;<\/strong><\/p>\n\n\n\n<ol class=\"wp-block-list\">\n<li>Vissa infektionssjukdomar f\u00e5r ett sv\u00e5rare f\u00f6rlopp under graviditet (exempelvis <a href=\"https:\/\/resemedicin.se\/friskparesan\/sjukdomar-och-vacciner\/malaria\/\">malaria<\/a>, <a href=\"https:\/\/www.medscinet.se\/infpreg\/publicInfoMore.aspx?topic=15\" target=\"_blank\" rel=\"noreferrer noopener\">listeriainfektion<\/a>&nbsp;och <a href=\"https:\/\/resemedicin.se\/friskparesan\/sjukdomar-och-vacciner\/diarre-oversikt\/#entamoeb\">am\u00f6bainfektion<\/a>).&nbsp;<\/li>\n\n\n\n<li>Vissa infektionssjukdomar inneb\u00e4r en \u00f6kad risk f\u00f6r fosterskador (ex. <a href=\"https:\/\/www.medscinet.se\/infpreg\/publicInfoMore.aspx?topic=21\" target=\"_blank\" rel=\"noreferrer noopener\">toxoplasmainfektion<\/a> som \u00e4r betydligt vanligare redan i Frankrike).&nbsp;<\/li>\n\n\n\n<li>Vissa infektionssjukdomar \u00f6kar risken f\u00f6r missfall (redan en sv\u00e5rare diarr\u00e9episod \u00f6kar risken).&nbsp;<\/li>\n\n\n\n<li>Det finns en risk f\u00f6r att uts\u00e4ttas f\u00f6r fosterskadande l\u00e4kemedel i on\u00f6dan eftersom medvetenheten om vilka l\u00e4kemedel som inneb\u00e4r risk f\u00f6r fostret \u00e4r s\u00e4mre.&nbsp;<\/li>\n\n\n\n<li>Det finns ocks\u00e5 en liten risk f\u00f6r att drabbas av en sjukdom som m\u00e5ste behandlas med l\u00e4kemedel som kan vara fosterskadande (ex <a href=\"https:\/\/www.resemedicin.se\/friskparesan\/sjukdomar-och-vacciner\/afrikansk-somnsjuka\/\">afrikansk s\u00f6mnsjuka<\/a>).&nbsp;<\/li>\n\n\n\n<li>Sjukv\u00e5rden har s\u00e4mre resurser vid eventuella graviditetskomplikationer inklusive missfall.&nbsp;&nbsp;<\/li>\n<\/ol>\n\n\n\n<p>Ovanst\u00e5ende g\u00e4ller alldeles s\u00e4rskilt om du som gravid har n\u00e5gon\/n\u00e5gra andra riskfaktorer. Gravida som \u00e4nd\u00e5 flyger l\u00e5ng v\u00e4g skall uppmuntras att vara uppe ur stolen och r\u00f6ra sig varje timme.&nbsp;<\/p>\n\n\n\n<p>N\u00e4r riskerna f\u00f6r sv\u00e5r sjukdom och graviditetskomplikationer bed\u00f6ms vara stora avr\u00e5der vi fr\u00e5n resa helt och h\u00e5llet, alternativt uppmuntrar dig och ditt reses\u00e4llskap att \u00e4ndra era resplaner. Detta g\u00e4ller t.ex. i omr\u00e5den d\u00e4r det f\u00f6rekommer malaria eller zikavirusinfektion, men ocks\u00e5 resa till l\u00e4nder d\u00e4r omedelbar tillg\u00e5ngen till avancerad medicinsk v\u00e5rd i h\u00e4ndelse av graviditetskomplikation \u00e4r begr\u00e4nsad.<\/p>\n\n\n\n<p>L\u00e4ngre resor, inte minst till l\u00e5g- och medelinkomstl\u00e4nder, b\u00f6r f\u00f6reg\u00e5s av bes\u00f6k och unders\u00f6kning p\u00e5 MVC f\u00f6r att s\u00e4kerst\u00e4lla att graviditen fortl\u00f6per som f\u00f6rv\u00e4ntat och att mamman inte har n\u00e5gra risktillst\u00e5nd som beh\u00f6ver v\u00e4gas in. Gravida kvinnor b\u00f6r ocks\u00e5 ta med en kopia av sin m\u00f6drav\u00e5rdsjournal.<\/p>\n\n\n\n<h5 class=\"wp-block-heading\">H\u00f6griskgraviditeter&nbsp;<\/h5>\n\n\n\n<p>Vissa graviditeter medf\u00f6r s\u00e4rskilt stor risk f\u00f6r komplikationer, vilket b\u00f6r finnas med i reseplaneringen. Dessa innefattar bl.a.:<\/p>\n\n\n\n<ul class=\"wp-block-list\">\n<li>Tidigare missfall&nbsp;<\/li>\n\n\n\n<li>F\u00f6rsvagad livmoderhals (cervixinsufficiens)<\/li>\n\n\n\n<li>Tidigare extrauterin graviditet&nbsp;(fostret utanf\u00f6r livmodern)<\/li>\n\n\n\n<li>Tidigare f\u00f6r tidig f\u00f6delse&nbsp;<\/li>\n\n\n\n<li>Tidigare eller aktuella \u201dfel\u201d p\u00e5 moderkakan&nbsp;<\/li>\n\n\n\n<li>Hotande missfall eller vaginal bl\u00f6dning&nbsp;<\/li>\n\n\n\n<li>Tvillinggraviditet<\/li>\n\n\n\n<li>Tidigare havandeskapsf\u00f6rgiftning (eklampsi), h\u00f6gt blodtryck eller diabetes&nbsp;<\/li>\n\n\n\n<li>Tidigare infertilitet eller sv\u00e5righeter att bli gravid&nbsp;<\/li>\n\n\n\n<li>F\u00f6rstag\u00e5ngsgravid \u00e4ldre \u00e4n 35 \u00e5r&nbsp;&nbsp;<\/li>\n<\/ul>\n\n\n\n<p><a href=\"https:\/\/resemedicin.se\/friskparesan\/graviditet-och-resa\/#sidtopp\">Till sidtoppen<\/a><\/p>\n\n\n\n<h3 class=\"wp-block-heading has-white-color has-text-color has-background has-link-color wp-elements-3d320c9b85b69d1167c2fee55783a5f1\" id=\"tanka-pa\" style=\"background-color:#2b7c08\">Att t\u00e4nka p\u00e5<\/h3>\n\n\n\n<p>Om du \u00e4r v\u00e4linformerad och g\u00f6r de r\u00e4tta f\u00f6rberedelserna kan dock de flesta resor ske med h\u00f6g s\u00e4kerhet b\u00e5de f\u00f6r dig och ditt v\u00e4ntade barn<\/p>\n\n\n\n<p>Vid bes\u00f6ket p\u00e5 vaccinationsmottagningen inf\u00f6r resan b\u00f6r du tillsammans med l\u00e4karen eller sjuksk\u00f6terskan d\u00e4r g\u00e5 igenom din resplan, inklusive boende, planerade aktiviteter och olika destinationer.<\/p>\n\n\n\n<p>Under resan b\u00f6r du undvika ovana, intensiva fysiska aktiviteter. Simning och snorkling g\u00e5r vanligtvis bra, men dykning med tuber b\u00f6r undvikas p.g.a. risk luftblodproppar hos fostret vid uppstigningen. Att rida, cykla eller \u00e5ka motorcyklar inneb\u00e4r risk f\u00f6r olyckstillbud med v\u00e5ld mot buken. Risken f\u00f6r blodproppar i ben eller lungor under l\u00e4ngre flyg- eller bussresor \u00e4r ocks\u00e5 m\u00e5nga g\u00e5nger st\u00f6rre hos dig som gravid resen\u00e4rer. Skulle en sjukdom eller oclycka intr\u00e4ffa b\u00f6r du s\u00f6ka l\u00e4karv\u00e5rd p\u00e5 ett tidigt stadie.<\/p>\n\n\n\n<p><a href=\"https:\/\/resemedicin.se\/friskparesan\/graviditet-och-resa\/#sidtopp\">Till sidtoppen<\/a><\/p>\n\n\n\n<h3 class=\"wp-block-heading has-white-color has-text-color has-background has-link-color wp-elements-3fc4a81ecbd9b6d857bfe4ff3a470639\" id=\"vaccination\" style=\"background-color:#2b7c08\">Vaccination under graviditet<\/h3>\n\n\n\n<p>All vaccination, och detta g\u00e4ller inte minst dig som gravid, \u00e4r alltid en avv\u00e4gning mellan risker och nytta &#8211; och i ditt fall \u00e4ven f\u00f6r ditt v\u00e4ntade barn.<\/p>\n\n\n\n<p>Riskerna f\u00f6r vaccinorsakade graviditetskomplikationer \u00e4r mycket sm\u00e5, men skulle n\u00e5got g\u00e5 fel under graviditeten \u00e4r det l\u00e4tt att s\u00e4tta detta i samband med vaccinationen \u00e4ven om orsaken ligger n\u00e5gon helt annanstans.<\/p>\n\n\n\n<p>I vissa situationer n\u00e4r du som gravid inte b\u00f6r vaccineras kan det vara av v\u00e4rde att vaccinera den omgivande familjen f\u00f6r att skydda dig och det v\u00e4ntade barnet.<\/p>\n\n\n\n<p>Det \u00e4r ocks\u00e5 stor skillnad p\u00e5 vacciner. Vissa vacciner ska aldrig ges till gravida, medan andra rekommenderas just under graviditeten.<\/p>\n\n\n\n<p>Nedanst\u00e5ende rekommendationer \u00e4r h\u00e4mtade fr\u00e5n <a href=\"https:\/\/www.medscinet.se\/infpreg\/publicInfoMore.aspx?topic=22\" target=\"_blank\" rel=\"noreferrer noopener\">Kunskapscentrum f\u00f6r infektioner under graviditet (InfPreg)<\/a> d\u00e4r du kan l\u00e4sa mer.<\/p>\n\n\n\n<h5 class=\"wp-block-heading\">Vaccin som aldrig skall ges under graviditet<\/h5>\n\n\n\n<ul class=\"wp-block-list\">\n<li>Levande f\u00f6rsvagat vaccin mot m\u00e4ssling, p\u00e5ssjuka, r\u00f6da hund.<\/li>\n\n\n\n<li>Levande f\u00f6rsvagat vaccin mot vattkoppor<\/li>\n\n\n\n<li>Levande f\u00f6rsvagat vaccin mot b\u00e4ltros (herpes zoster)<\/li>\n\n\n\n<li>Avd\u00f6dat vaccin mot humant papillomvirus (HPV).<\/li>\n<\/ul>\n\n\n\n<h5 class=\"wp-block-heading\">Vaccin som \u00e4r on\u00f6diga att ge just under graviditet<\/h5>\n\n\n\n<ul class=\"wp-block-list\">\n<li>Avd\u00f6dat vaccin mot TBE <\/li>\n<\/ul>\n\n\n\n<h5 class=\"wp-block-heading\">Vaccin som endast ges vid reell smittrisk<\/h5>\n\n\n\n<p>Dessa vacciner \u00e4r antingen inte tillr\u00e4ckligt utpr\u00f6vade p\u00e5 gravida f\u00f6r att anses helt s\u00e4kra eller medf\u00f6r en viss k\u00e4nd risk. Vaccinering blir d\u00e4rf\u00f6r enbart aktuell n\u00e4r risken f\u00f6r sjukdom bed\u00f6ms vara h\u00f6gre \u00e4n risken med vaccination. Ett b\u00e4ttre alternativ kan vara att avst\u00e5 fr\u00e5n resa eller \u00e4ndra resplanerna<\/p>\n\n\n\n<ul class=\"wp-block-list\">\n<li>Levande f\u00f6rsvagat vaccin mot gula febern. <\/li>\n\n\n\n<li>Inaktiverat vaccin mot pneumokocker.<\/li>\n\n\n\n<li>Avd\u00f6dat vaccin mot rabies. <\/li>\n\n\n\n<li>Avd\u00f6dat vaccin mot hepatit B. <\/li>\n\n\n\n<li>Avd\u00f6dat vaccin mot japansk encefalit.<\/li>\n\n\n\n<li>Vaccin mot meningokockinfektion.<\/li>\n\n\n\n<li>Vaccin mot tyfoid.<\/li>\n<\/ul>\n\n\n\n<h5 class=\"wp-block-heading\">Vaccin som kan ges utan h\u00e4nsyn till graviditet<\/h5>\n\n\n\n<p>Vaccin mot polio, &nbsp;difteri&nbsp;och&nbsp;tetanus \u00e4r synnerligen v\u00e4l utpr\u00f6vade och kan utan risk ges till gravida p\u00e5 vanliga indikationer.<\/p>\n\n\n\n<h5 class=\"wp-block-heading\">Vacciner som \u00e4r s\u00e4rskilt l\u00e4mpliga att ges till gravida<\/h5>\n\n\n\n<ul class=\"wp-block-list\">\n<li>mRNA-vaccin mot Covid-19.<\/li>\n\n\n\n<li>Vaccin mot influensa.<\/li>\n\n\n\n<li>Avd\u00f6dat vaccin mot pertussis. <\/li>\n\n\n\n<li>Vaccin mot RS-virus<\/li>\n\n\n\n<li>Vaccin mot hepatit A .<\/li>\n\n\n\n<li>Inaktiverat vaccin mot kolera (Dukoral\u00ae). <\/li>\n<\/ul>\n\n\n\n<p><a href=\"https:\/\/resemedicin.se\/friskparesan\/graviditet-och-resa\/#sidtopp\">Till sidtoppen<\/a><\/p>\n\n\n\n<h3 class=\"wp-block-heading has-white-color has-text-color has-background has-link-color wp-elements-bd7d9b10e76fbd62166d01e400be484a\" id=\"infektioner\" style=\"background-color:#2b7c08\">Specifika infektioner och graviditet<\/h3>\n\n\n\n<h5 class=\"wp-block-heading\"><a href=\"https:\/\/www.resemedicin.se\/friskparesan\/sjukdomar-och-vacciner\/diarre-oversikt\/\">Turistdiarr\u00e9<\/a><\/h5>\n\n\n\n<p>Gravida kvinnor med diarr\u00e9 \u00e4r mer k\u00e4nsliga f\u00f6r dehydrering \u00e4n icke-gravida resen\u00e4rer. Det \u00e4r d\u00e4rf\u00f6r extra viktigt f\u00f6r denna grupp att iaktta strikt handhygien och f\u00f6lja rekommendationer avseende&nbsp;<a href=\"https:\/\/www.resemedicin.se\/friskparesan\/reserad\/mat-och-dryck\/\">mat och dryck<\/a> samt&nbsp;<a href=\"https:\/\/resemedicin.se\/friskparesan\/reserad\/vattenrening\/\">vattenrening<\/a>. Att dricka vatten p\u00e5 flaska eller kokt vatten \u00e4r att f\u00f6redra framf\u00f6r kemiskt behandlat eller filtrerat vatten. Gravida kvinnor b\u00f6r inte heller konsumera vatten renat med jodhaltiga f\u00f6reningar p\u00e5 grund av potentiella effekter p\u00e5 fostrets sk\u00f6ldk\u00f6rtel. Man b\u00f6r \u00e4ven vara frikostig att rekommendera Dukoral\u00ae mot LT-producerande <a href=\"https:\/\/www.resemedicin.se\/friskparesan\/sjukdomar-och-vacciner\/etec\">ETEC<\/a> (se \u00e4ven ovan).<\/p>\n\n\n\n<p>Intestinala protozoinfektioner, t.ex. <a href=\"https:\/\/resemedicin.se\/friskparesan\/sjukdomar-och-vacciner\/diarre-oversikt\/#cryptosporidier\"><em>Cryptosporidium<\/em><\/a>, <em><a href=\"https:\/\/resemedicin.se\/friskparesan\/sjukdomar-och-vacciner\/diarre-oversikt\/#entamoeba\">Entamoeba histolytica<\/a> <\/em>och <a href=\"https:\/\/resemedicin.se\/friskparesan\/sjukdomar-och-vacciner\/diarre-oversikt\/#giardia\"><em>Giardia<\/em><\/a> kan orsaka akut behandlingskr\u00e4vande gastroenterit med allvarlig uttorkning, men ocks\u00e5 kronisk malabsorption som kan resultera i d\u00e5lig fostertillv\u00e4xt. <em>E. histolytica<\/em> kan ocks\u00e5 orsaka invasiv sjukdom, inklusive amebisk leverb\u00f6ld och kolit.<\/p>\n\n\n\n<h5 class=\"wp-block-heading\"><a href=\"https:\/\/www.resemedicin.se\/friskparesan\/sjukdomar-och-vacciner\/covid-19\">Covid-19<\/a><\/h5>\n\n\n\n<p>Gravida kvinnor l\u00f6per en \u00f6kad risk f\u00f6r allvarlig intensivv\u00e5rdskr\u00e4vande covid-19-infektion j\u00e4mf\u00f6rt med icke-gravida personer. Denna risk kan \u00f6ka ytterligare vid andra samtidiga medicinska riskfaktorer, t.ex. kronisk njursjukdom, diabetes, obesitas. Dessutom l\u00f6per gravida personer med covid-19 st\u00f6rre risk f\u00f6r f\u00f6r tidig f\u00f6dsel och andra negativa graviditetsutfall. F\u00f6r vaccination se ovan.<\/p>\n\n\n\n<h5 class=\"wp-block-heading\"><a href=\"https:\/\/www.resemedicin.se\/friskparesan\/sjukdomar-och-vacciner\/hepatit-a\/\">Hepatit A<\/a> och Hepatit E<\/h5>\n\n\n\n<p>Hepatit A och Hepatit E sprids b\u00e5da via fekal\u2013oral v\u00e4g. <strong>Hepatit A<\/strong> har rapporterats \u00f6ka risken f\u00f6r placentaavlossning och f\u00f6r tidig f\u00f6rlossning. <strong>Hepatit E <\/strong>\u00e4r orsakar oftare allvarlig sjukdom under graviditeten. S\u00e4rskilt gravida kvinnor med HEV-1-infektion, och som infekterats under tredje trimestern, kan utveckla en fulminant leversvikt med en d\u00f6dlighet p\u00e5 15-30%, och l\u00f6per ocks\u00e5 risk f\u00f6r spontan abort och f\u00f6r tidig f\u00f6rlossning. Hittills har inga bevis visat allvarliga utfall associerade med HEV-3-infektion hos gravida personer.<\/p>\n\n\n\n<h5 class=\"wp-block-heading\"><a href=\"https:\/\/resemedicin.se\/friskparesan\/sjukdomar-och-vacciner\/diarre-oversikt\/#listeria\" target=\"_blank\" rel=\"noreferrer noopener\">Listerios<\/a> och <a href=\"https:\/\/www.folkhalsomyndigheten.se\/smittskydd-beredskap\/smittsamma-sjukdomar\/toxoplasmos\/\" target=\"_blank\" rel=\"noreferrer noopener\"><\/a><a href=\"https:\/\/resemedicin.se\/friskparesan\/sjukdomar-och-vacciner\/diarre-oversikt\/#toxoplasma\">toxoplasmos<\/a><\/h5>\n\n\n\n<p>Listerios och toxoplasmos \u00e4r livsmedelsburna sjukdomar av s\u00e4rskilt intresse under graviditeten d\u00e5 infektionen kan passera placentabarri\u00e4ren och orsaka spontan abort, d\u00f6df\u00f6dsel eller medf\u00f6dd eller neonatal infektion. Gravida resen\u00e4rer b\u00f6r r\u00e5das att undvika opast\u00f6riserade ostar och okokta eller d\u00e5ligt tillagade k\u00f6ttprodukter. Risken f\u00f6r fosterinfektion \u00f6kar med graviditetsl\u00e4ngden, men infektionens sv\u00e5righetsgrad minskar.<\/p>\n\n\n\n<h5 class=\"wp-block-heading\"><a href=\"https:\/\/resemedicin.se\/friskparesan\/sjukdomar-och-vacciner\/malaria\/\">Malaria<\/a><\/h5>\n\n\n\n<p>Malaria utg\u00f6r en s\u00e4rskild risk f\u00f6r gravida kvinnor, med potentiellt allvarliga konsekvenser b\u00e5de f\u00f6r mamman och fostret. Gravida kvinnor har en \u00f6kad mottaglighet f\u00f6r malaria p\u00e5 grund av f\u00f6r\u00e4ndringar i immunf\u00f6rsvaret, vilket g\u00f6r dem mer s\u00e5rbara f\u00f6r infektion. Om en gravid kvinna smittas kan det leda till komplikationer som anemi, f\u00f6r tidig f\u00f6dsel, l\u00e5g f\u00f6delsevikt eller i v\u00e4rsta fall fosterd\u00f6d. Dessutom kan malaria p\u00e5verka placentan, vilket \u00f6kar risken f\u00f6r infektion och komplikationer f\u00f6r barnet. Gravida kvinnor b\u00f6r d\u00e4rf\u00f6r i f\u00f6rsta hand avr\u00e5das fr\u00e5n att resa till malariaomr\u00e5den, men om de \u00e4nd\u00e5 reser \u00e4r det extra viktigt med ett&nbsp;<a href=\"https:\/\/resemedicin.se\/friskparesan\/reserad\/skydd-mot-insekter-och-fastingar\/\">gott myggskydd<\/a>. Vid behov av medikamentell profylax \u00e4r meflokin det enda preparaten som s\u00e4kert kan anv\u00e4ndas under hela graviditeten.<\/p>\n\n\n\n<h5 class=\"wp-block-heading\"><a href=\"https:\/\/resemedicin.se\/friskparesan\/sjukdomar-och-vacciner\/oropouchefeber\/\">Oropouchefeber<\/a><\/h5>\n\n\n\n<p>Oropouchefeber \u00e4r en syd- och mellanamerikansk tropisk virusinfektion orsakad av&nbsp;Oropouche orthobunyavirus&nbsp;(OROV), vilka fr\u00e4mst infekterar m\u00e4nniskor via bett av&nbsp;<em>Culicoides<\/em>-knott, men som ocks\u00e5 kan \u00f6verf\u00f6ras av&nbsp;<em><a href=\"https:\/\/resemedicin.se\/friskparesan\/reserad\/skydd-mot-insekter-och-fastingar\/#aedes\">Aedes<\/a>\u2013<\/em>&nbsp;och&nbsp;<em><a href=\"https:\/\/resemedicin.se\/friskparesan\/reserad\/skydd-mot-insekter-och-fastingar\/#culex\">Culex<\/a><\/em>-myggor. I juli 2024 utf\u00e4rdade Pan American Health Organization (PAHO) en&nbsp;epidemiologisk varning&nbsp;r\u00f6rande 4 fall i Brasilien av vertikal \u00f6verf\u00f6ring av OROV under graviditeten med fosterd\u00f6d och missbildningar (mikrocefali). F\u00f6r n\u00e4rvarande p\u00e5g\u00e5r utredningar f\u00f6r att fastst\u00e4lla risken med oropouchefeber under graviditet. I avvaktan p\u00e5 mer information b\u00f6r gravida avr\u00e5das fr\u00e5n icke n\u00f6dv\u00e4ndiga resor till omr\u00e5den med smittspridning.<\/p>\n\n\n\n<h5 class=\"wp-block-heading\"><a href=\"https:\/\/www.resemedicin.se\/friskparesan\/sjukdomar-och-vacciner\/zika\">Zikavirusinfektion<\/a><\/h5>\n\n\n\n<p>Zikavirus (ZIKV) sprids fr\u00e4mst genom bett av infekterad <a href=\"https:\/\/resemedicin.se\/friskparesan\/reserad\/skydd-mot-insekter-och-fastingar\/#aedes\"><em>Aedes<\/em>-myggor<\/a> (<em>Ae. aegypti<\/em> och <em>Ae. albopictus<\/em>) men kan ocks\u00e5 \u00f6verf\u00f6ras sexuellt. Sjukdomen i samband med Zika kan vara asymtomatisk eller mild; vissa patienter rapporterar akut konjunktivit, feber, ledv\u00e4rk och utslag som varar i flera dagar till en vecka efter infektion. Vid ZIKV-infektion under graviditet drabbas drygt 5% av fostren av zika-associerat kongenitalt syndrom och upp till 7% av de \u00f6vriga graviditeterna slutar med missfall. Av de till synes friska nyf\u00f6dda barnen kommer en ok\u00e4nd andel att utveckla mer lindriga l\u00e5ngtidskomplikationer. Risken f\u00f6r zika-associerat kongenitalt syndrom \u00e4r st\u00f6rre vid smitta tidigt i graviditeten; 8% under f\u00f6rsta trimestern, 6% under andra trimestern och &lt;4% under tredje trimestern. Gravida kvinnor b\u00f6r d\u00e4rf\u00f6r avr\u00e5das fr\u00e5n att resa till omr\u00e5den med Zika-utbrott och \u00e4ven under hela graviditeten undvika sex utan kondom med n\u00e5gon som har rest till ett riskomr\u00e5de (se mer under sjukdomssidan).<\/p>\n\n\n\n<p><a href=\"https:\/\/resemedicin.se\/friskparesan\/graviditet-och-resa\/#sidtopp\">Till sidtoppen<\/a><\/p>\n","protected":false},"excerpt":{"rendered":"<p>Information till gravida kvinnor inf\u00f6r resa Gl\u00e4dje men ocks\u00e5 risker Att resa kan vara mycket givande och det \u00e4r m\u00e5nga som ser graviditeten som en m\u00f6jlighet till nya upplevelser innan sm\u00e5barnsperioden. Reserelaterade tillst\u00e5nd eller sjukdomar p\u00e5 m\u00e5nga h\u00e5ll i v\u00e4rlden medf\u00f6r dock b\u00e5de risk f\u00f6r mer allvarlig sjukdom hos den gravida kvinnan och graviditetskomplikationer &#8211; &hellip; <a href=\"https:\/\/resemedicin.se\/friskparesan\/reserad-2\/graviditet-och-resa\/\" class=\"more-link\">Forts\u00e4tt l\u00e4sa<span class=\"screen-reader-text\"> \u201dGraviditet och resa\u201d<\/span><\/a><\/p>\n","protected":false},"author":1,"featured_media":0,"parent":11267,"menu_order":0,"comment_status":"closed","ping_status":"closed","template":"","meta":{"footnotes":""},"class_list":["post-11873","page","type-page","status-publish","hentry"],"jetpack_sharing_enabled":true,"_links":{"self":[{"href":"https:\/\/resemedicin.se\/friskparesan\/wp-json\/wp\/v2\/pages\/11873","targetHints":{"allow":["GET"]}}],"collection":[{"href":"https:\/\/resemedicin.se\/friskparesan\/wp-json\/wp\/v2\/pages"}],"about":[{"href":"https:\/\/resemedicin.se\/friskparesan\/wp-json\/wp\/v2\/types\/page"}],"author":[{"embeddable":true,"href":"https:\/\/resemedicin.se\/friskparesan\/wp-json\/wp\/v2\/users\/1"}],"replies":[{"embeddable":true,"href":"https:\/\/resemedicin.se\/friskparesan\/wp-json\/wp\/v2\/comments?post=11873"}],"version-history":[{"count":10,"href":"https:\/\/resemedicin.se\/friskparesan\/wp-json\/wp\/v2\/pages\/11873\/revisions"}],"predecessor-version":[{"id":12503,"href":"https:\/\/resemedicin.se\/friskparesan\/wp-json\/wp\/v2\/pages\/11873\/revisions\/12503"}],"up":[{"embeddable":true,"href":"https:\/\/resemedicin.se\/friskparesan\/wp-json\/wp\/v2\/pages\/11267"}],"wp:attachment":[{"href":"https:\/\/resemedicin.se\/friskparesan\/wp-json\/wp\/v2\/media?parent=11873"}],"curies":[{"name":"wp","href":"https:\/\/api.w.org\/{rel}","templated":true}]}}