{"id":11558,"date":"2024-11-14T17:06:25","date_gmt":"2024-11-14T16:06:25","guid":{"rendered":"https:\/\/resemedicin.se\/friskparesan\/?page_id=11558"},"modified":"2024-11-21T17:08:42","modified_gmt":"2024-11-21T16:08:42","slug":"sexuell-halsa","status":"publish","type":"page","link":"https:\/\/resemedicin.se\/friskparesan\/reserad-2\/sexuell-halsa\/","title":{"rendered":"Sexuell h\u00e4lsa"},"content":{"rendered":"\n<h3 class=\"wp-block-heading\">Information till resen\u00e4rer<\/h3>\n\n\n\n<figure class=\"wp-block-image size-full\"><img loading=\"lazy\" decoding=\"async\" width=\"1024\" height=\"576\" src=\"https:\/\/resemedicin.se\/reseradet\/wp-content\/uploads\/2024\/09\/sex.jpg\" alt=\"\" class=\"wp-image-6073\" srcset=\"https:\/\/resemedicin.se\/friskparesan\/wp-content\/uploads\/2024\/09\/sex.jpg 1024w, https:\/\/resemedicin.se\/friskparesan\/wp-content\/uploads\/2024\/09\/sex-300x169.jpg 300w, https:\/\/resemedicin.se\/friskparesan\/wp-content\/uploads\/2024\/09\/sex-768x432.jpg 768w\" sizes=\"auto, (max-width: 709px) 85vw, (max-width: 909px) 67vw, (max-width: 1362px) 62vw, 840px\" \/><\/figure>\n\n\n\n<h3 class=\"wp-block-heading has-white-color has-text-color has-background has-link-color wp-elements-e7e689a5c49ba276e7ee8a8cd4022cdc\" style=\"background-color:#2b7c08\">Bakgrund<\/h3>\n\n\n\n<p>Semester och resor inbjuder ibland till tillf\u00e4lliga sexuella kontakter. Resan i sig och k\u00e4nslan av att vara borta fr\u00e5n vardagen, kanske i kombination med alkohol, kan \u00f6ka risken f\u00f6r ett st\u00f6rre sexuellt risktagande \u00e4n vanligtvis, med risk att smittas med en sexuellt \u00f6verf\u00f6rbar infektion (STI). I m\u00e5nga semesterl\u00e4nder \u00e4r ocks\u00e5 prostitution utbredd, \u00e4ven i l\u00e4nder d\u00e4r den \u00e4r olaglig, vilket ytterligare \u00f6kar risken f\u00f6r smitta med b\u00e5de botbara och obotbara STI. <\/p>\n\n\n\n<p>V\u00e4rldsh\u00e4lsoorganisationen WHO har uppskattat att det varje \u00e5r globalt intr\u00e4ffar runt 400 miljoner nya fall av botbara STI (klamydia, gonorr\u00e9, syfilis och trichomonasinfektion). \u00d6ver 30 infektioner \u00e4r sexuellt \u00f6verf\u00f6rbara, varav flera varken kan botas eller f\u00f6rebyggas med vaccin. Globalt ber\u00e4knas &gt;500 miljoner vuxna vara infekterade med ett genital herpesvirus; \u224840 miljoner m\u00e4nniskor \u00e4r infekterade med hiv; och &gt;300 miljoner med humana papillomvirusinfektioner, orsaken till livmoderhalscancer. <\/p>\n\n\n\n<p>I vissa l\u00e4nder och regioner \u00e4r frekvensen av STI mycket h\u00f6gre \u00e4n i Sverige i kombination med h\u00f6gre andel antibiotikaresistenta stammar. Detta medf\u00f6r \u00f6kad risk f\u00f6r smitta vid tillf\u00e4lliga sexuella kontakter och d\u00e4rmed ocks\u00e5 f\u00f6r vidare spridning i Sverige efter hemkomsten. S\u00e4rskilt problematisk \u00e4r den \u00f6kande andelen antibiotikaresistenta gonorr\u00e9stammar, med importfall till Europa fr\u00e5n fr\u00e4mst Sydostasien. En del av dessa stammar \u00e4r multiresistenta och mycket sv\u00e5rbehandlade<\/p>\n\n\n\n<h2 class=\"wp-block-heading has-white-color has-text-color has-background has-link-color wp-elements-8b6b2774f70fb870b74f294e25a9526f\" style=\"background-color:#2b7c08\">S\u00e4krare sex<\/h2>\n\n\n\n<p>Alla former av vaginala, orala och anala samlag inneb\u00e4r en viss risk f\u00f6r \u00f6verf\u00f6ring av STI. Den enda varianten av helt&nbsp;<strong><em>s\u00e4ker sex<\/em><\/strong> \u00e4r d\u00e4rf\u00f6r att helt avst\u00e5 fr\u00e5n samlag. I st\u00e4llet f\u00f6r s\u00e4ker sex talar man d\u00e4rf\u00f6r oftast om&nbsp;<strong><em>s\u00e4krare sex<\/em><\/strong>&nbsp;(engelska:&nbsp;<em>safer sex<\/em>), vilket i korthet inneb\u00e4r att alltid anv\u00e4nda kondom vid samlag, \u00e4ven anala och orala. <\/p>\n\n\n\n<p>Med konsekvent s\u00e4krare sex har man ett mycket gott skydd mot s\u00e5v\u00e4l HIV-infektion som andra STI. F\u00f6r att skydda m\u00e5ste kondomen vara hel och anv\u00e4ndas under hela samlaget. \u00c4ven om kondomer har h\u00f6g h\u00e5llfasthet om de anv\u00e4nds r\u00e4tt kan de rispas s\u00f6nder av naglar och spricka vid anala samlag d\u00e5 man inte anv\u00e4nt glidmedel. Glidmedel ska vara vatten- eller silikonbaserade, d\u00e5 fett- och oljebaserade glidmedel (t.ex. hudkr\u00e4m och vaselin) kan l\u00f6sa upp kondomen. <\/p>\n\n\n\n<p>Vid utlandsresa b\u00f6r kondomer tas med hemifr\u00e5n, d\u00e5 kvalitetskraven inte \u00e4r lika h\u00f6ga i alla l\u00e4nder som i Sverige. Vid inresa till visa l\u00e4nder kan kvinnor som har kondomer i bagaget beh\u00f6va g\u00f6mma dessa f\u00f6r att undvika n\u00e4rg\u00e5ngna fr\u00e5gor om sexuella vanor.<\/p>\n\n\n\n<h3 class=\"wp-block-heading has-white-color has-text-color has-background has-link-color wp-elements-a73f6d047d05caed6477e6d1d526ab54\" style=\"background-color:#2b7c08;text-transform:capitalize\">Kyssar<\/h3>\n\n\n\n<p>Den enda STI som med s\u00e4kerhet kan \u00f6verf\u00f6ras via kyssar \u00e4r infektion med herpes simplex virus (HSV). I teorin skulle dock \u00f6verf\u00f6ring av HIV och hepatit B och hepatit C kunna ske som blodsmitta om b\u00e5da parter har bl\u00f6dande s\u00e5r i munnen, t.ex. efter tandl\u00e4karbes\u00f6k.<\/p>\n\n\n\n<h3 class=\"wp-block-heading has-white-color has-text-color has-background has-link-color wp-elements-86e5f6d1a7d86cddc958acbaef263596\" style=\"background-color:#2b7c08;text-transform:capitalize\">Oralsex<\/h3>\n\n\n\n<p>\u00c4ven om \u00f6verf\u00f6ring av olika smitt\u00e4mnen vid oralsex kan ske \u00e5t b\u00e5da h\u00e5llen \u00e4r risken f\u00f6r STI-smitta st\u00f6rst f\u00f6r den som slickar\/suger. Det \u00e4r dock inte ovanligt att gonorr\u00e9 smittar fr\u00e5n mun till k\u00f6nsorganen. HIV-virus finns i betydligt h\u00f6gre koncentrationer i blod och spermier, \u00e4n i livmoderhals- och slidsekret, vilket p\u00e5verkar risken f\u00f6r smitt\u00f6verf\u00f6ring. Kondom \u00e4r b\u00e4sta skyddet \u00e4ven vid oralsex. Om en kvinna \u00e4r mottagande part kan en kondom klippas upp och anv\u00e4ndas som skydd, men detta \u00e4r l\u00e5ngt ifr\u00e5n s\u00e4kert.<\/p>\n\n\n\n<h3 class=\"wp-block-heading has-white-color has-text-color has-background has-link-color wp-elements-43d4aea241615f73655cac6f08508176\" style=\"background-color:#2b7c08\">Vaginalsex<\/h3>\n\n\n\n<p>Oskyddat vaginalsex medf\u00f6r alltid risk f\u00f6r \u00f6verf\u00f6ring av STI. Hos mannen finns HIV inte bara i spermierna, utan \u00e4ven i det sekret, \u201df\u00f6rsats\u201d, som tidigt uts\u00f6ndras fr\u00e5n penis vid sexuell stimulering. Risken att bli smittad bed\u00f6ms vara lika stor f\u00f6r b\u00e5da parter och risken f\u00f6r HIV-smitta \u00f6kar dramatiskt om man samtidigt \u00e4r smittad av annan STI, med s\u00e5r.<\/p>\n\n\n\n<h3 class=\"wp-block-heading has-white-color has-text-color has-background has-link-color wp-elements-fa925d50b56c3fc79395a9dbb61dd230\" style=\"background-color:#2b7c08\">Analsex<\/h3>\n\n\n\n<p>Analslemhinnan \u00e4r betydligt tunnare och mer l\u00e4ttbl\u00f6dande \u00e4n vaginalslemhinnan. S\u00e5v\u00e4l HIV som andra STI kan \u00f6verf\u00f6ras vid analsex och smittrisken \u00e4r ungef\u00e4r lika stor f\u00f6r b\u00e5da parter. Kondom med vattenbaserat glidmedel \u00e4r b\u00e4sta skyddet. Det finns s\u00e4rskilda kondomer avsedda f\u00f6r anala samlag \u2013 om kondomen spricker b\u00f6r penis omedelbart tv\u00e4ttas med tv\u00e5l och vatten.<\/p>\n","protected":false},"excerpt":{"rendered":"<p>Information till resen\u00e4rer Bakgrund Semester och resor inbjuder ibland till tillf\u00e4lliga sexuella kontakter. Resan i sig och k\u00e4nslan av att vara borta fr\u00e5n vardagen, kanske i kombination med alkohol, kan \u00f6ka risken f\u00f6r ett st\u00f6rre sexuellt risktagande \u00e4n vanligtvis, med risk att smittas med en sexuellt \u00f6verf\u00f6rbar infektion (STI). I m\u00e5nga semesterl\u00e4nder \u00e4r ocks\u00e5 prostitution &hellip; <a href=\"https:\/\/resemedicin.se\/friskparesan\/reserad-2\/sexuell-halsa\/\" class=\"more-link\">Forts\u00e4tt l\u00e4sa<span class=\"screen-reader-text\"> \u201dSexuell h\u00e4lsa\u201d<\/span><\/a><\/p>\n","protected":false},"author":1,"featured_media":0,"parent":11267,"menu_order":0,"comment_status":"closed","ping_status":"closed","template":"","meta":{"footnotes":""},"class_list":["post-11558","page","type-page","status-publish","hentry"],"jetpack_sharing_enabled":true,"_links":{"self":[{"href":"https:\/\/resemedicin.se\/friskparesan\/wp-json\/wp\/v2\/pages\/11558","targetHints":{"allow":["GET"]}}],"collection":[{"href":"https:\/\/resemedicin.se\/friskparesan\/wp-json\/wp\/v2\/pages"}],"about":[{"href":"https:\/\/resemedicin.se\/friskparesan\/wp-json\/wp\/v2\/types\/page"}],"author":[{"embeddable":true,"href":"https:\/\/resemedicin.se\/friskparesan\/wp-json\/wp\/v2\/users\/1"}],"replies":[{"embeddable":true,"href":"https:\/\/resemedicin.se\/friskparesan\/wp-json\/wp\/v2\/comments?post=11558"}],"version-history":[{"count":2,"href":"https:\/\/resemedicin.se\/friskparesan\/wp-json\/wp\/v2\/pages\/11558\/revisions"}],"predecessor-version":[{"id":11560,"href":"https:\/\/resemedicin.se\/friskparesan\/wp-json\/wp\/v2\/pages\/11558\/revisions\/11560"}],"up":[{"embeddable":true,"href":"https:\/\/resemedicin.se\/friskparesan\/wp-json\/wp\/v2\/pages\/11267"}],"wp:attachment":[{"href":"https:\/\/resemedicin.se\/friskparesan\/wp-json\/wp\/v2\/media?parent=11558"}],"curies":[{"name":"wp","href":"https:\/\/api.w.org\/{rel}","templated":true}]}}