{"id":11549,"date":"2024-11-14T17:01:37","date_gmt":"2024-11-14T16:01:37","guid":{"rendered":"https:\/\/resemedicin.se\/friskparesan\/?page_id=11549"},"modified":"2024-11-21T17:08:27","modified_gmt":"2024-11-21T16:08:27","slug":"reseforsakringar","status":"publish","type":"page","link":"https:\/\/resemedicin.se\/friskparesan\/reserad-2\/reseforsakringar\/","title":{"rendered":"Resef\u00f6rs\u00e4kringar"},"content":{"rendered":"\n<h3 class=\"wp-block-heading\">R\u00e5d till resen\u00e4rer<\/h3>\n\n\n\n<figure class=\"wp-block-image size-full\"><img loading=\"lazy\" decoding=\"async\" width=\"1000\" height=\"429\" src=\"https:\/\/resemedicin.se\/reseradet\/wp-content\/uploads\/2024\/04\/reseforsakring.jpg\" alt=\"\" class=\"wp-image-1354\" srcset=\"https:\/\/resemedicin.se\/friskparesan\/wp-content\/uploads\/2024\/04\/reseforsakring.jpg 1000w, https:\/\/resemedicin.se\/friskparesan\/wp-content\/uploads\/2024\/04\/reseforsakring-300x129.jpg 300w, https:\/\/resemedicin.se\/friskparesan\/wp-content\/uploads\/2024\/04\/reseforsakring-768x329.jpg 768w\" sizes=\"auto, (max-width: 709px) 85vw, (max-width: 909px) 67vw, (max-width: 1362px) 62vw, 840px\" \/><\/figure>\n\n\n\n<h3 class=\"wp-block-heading has-white-color has-text-color has-background has-link-color wp-elements-3012330e66d5a5591a4dd97c5eb8da81\" style=\"background-color:#2b7c08\">Kortfakta<\/h3>\n\n\n\n<p>Ov\u00e4ntade h\u00e4ndelser kan intr\u00e4ffa p\u00e5 din resa. Ofta r\u00e4cker skyddet i din hemf\u00f6rs\u00e4kring f\u00f6r att t\u00e4cka dessa, men om du inte har n\u00e5gon eller ska vara borta l\u00e4ngre \u00e4n 45 dagar beh\u00f6ver du k\u00f6pa en separat resef\u00f6rs\u00e4kring. Utan en g\u00e4llande f\u00f6rs\u00e4kring kan sjukv\u00e5rd utomlands bli mycket dyr och du kan t.o.m. nekas v\u00e5rd. Om du har en p\u00e5g\u00e5ende sjukdom, planerar att \u00e4gna dig \u00e5t riskfyllda aktiviteter eller ska bes\u00f6ka ett omr\u00e5de som UD avr\u00e5der fr\u00e5n resa till s\u00e5 kontakta ditt f\u00f6rs\u00e4kringsbolag i f\u00f6rv\u00e4g f\u00f6r att klarg\u00f6ra vad som g\u00e4ller f\u00f6r just dig och dina resplaner. Se ocks\u00e5 till att din f\u00f6rs\u00e4kring vid behov t\u00e4cker hemtransport vid allvarlig sjukdom, skada eller andra omst\u00e4ndigheter. <\/p>\n\n\n\n<h3 class=\"wp-block-heading has-white-color has-text-color has-background has-link-color wp-elements-1a89f721e41fb965c50931525cd60907\" style=\"background-color:#2b7c08\">EU-kort f\u00f6r v\u00e5rd utomlands<\/h3>\n\n\n\n<p>Om du reser inom EU samt till Norge, Island, Liechtenstein, Schweiz och Storbritannien kan du f\u00e5 akut sjukv\u00e5rd p\u00e5 samma villkor som g\u00e4ller f\u00f6r dem som bor i landet (g\u00e4ller allts\u00e5 inte f\u00f6r viss privat sjukv\u00e5rd). Du beh\u00f6ver d\u00e5 kunna visa upp ett <a href=\"https:\/\/www.forsakringskassan.se\/privatperson\/flytta-jobba-studera-eller-fa-vard-utomlands\/eu-kort-och-vard-utomlands\" target=\"_blank\" rel=\"noreferrer noopener\">EU-kort fr\u00e5n F\u00f6rs\u00e4kringskassan<\/a> (i de nordiska l\u00e4nderna r\u00e4cker det med en giltig id-handling och att du \u00e4r bosatt i Sverige). \u00c4ven barn ska ha ett eget kort. Det kan ta 1-2 veckor efter best\u00e4llningen innan du f\u00e5r hem kortet s\u00e5 var ute i god tid. <\/p>\n\n\n\n<p>Om du inte har n\u00e5got kort och skulle bli sjuk n\u00e4r du \u00e4r utomlands, s\u00e5 kan du eller din v\u00e5rdgivare kontakta F\u00f6rs\u00e4kringskassan p\u00e5 +46 771 524 524 f\u00f6r att f\u00e5 ett provisoriskt intyg. Du kan ocks\u00e5 ans\u00f6ka om ers\u00e4ttning i efterhand.<\/p>\n\n\n\n<p>Sverige har ocks\u00e5 avtal om sjukv\u00e5rdsf\u00f6rm\u00e5ner f\u00f6r f\u00f6ljande l\u00e4nder\/omr\u00e5den: Algeriet, Australien, Qu\u00e9bec (i Kanada),  Israel, Brittiska kanal\u00f6arna (Jersey, Guernsey och Isle&nbsp;of&nbsp;Man) och Turkiet. S\u00e4rskilda regler g\u00e4ller (se <a href=\"https:\/\/www.forsakringskassan.se\/privatperson\/flytta-jobba-studera-eller-fa-vard-utomlands\/eu-kort-och-vard-utomlands\">F\u00f6rs\u00e4kringskassans hemsida<\/a>)<\/p>\n\n\n\n<h3 class=\"wp-block-heading has-white-color has-text-color has-background has-link-color wp-elements-8b7f204febce0e1220abfdff4157013e\" style=\"background-color:#2b7c08\">F\u00f6rs\u00e4kringsskyddet i din hemf\u00f6rs\u00e4kring<\/h3>\n\n\n\n<p>Resef\u00f6rs\u00e4kringen som ing\u00e5r i alla hemf\u00f6rs\u00e4kringar t\u00e4cker de flesta sjuk- eller olycksfallssituationer som kan uppst\u00e5 under en vanlig semesterresa, s\u00e5 det kan vara en on\u00f6dig utgift att teckna ytterligare f\u00f6rs\u00e4kringsskydd. <\/p>\n\n\n\n<p>Kolla f\u00f6r s\u00e4kerhets skull upp vad som t\u00e4cks av din hemf\u00f6rs\u00e4kring och om du beh\u00f6ver ligga ute med pengar f\u00f6r att f\u00e5 ers\u00e4ttning i efterhand eller om eventuella sjukv\u00e5rdskostnader kan regleras direkt mellan f\u00f6rs\u00e4kringsbolaget och v\u00e5rdgivaren. <\/p>\n\n\n\n<p>F\u00f6r resor som varar l\u00e4ngre \u00e4n 45 dagar eller om du kommer att \u00e4gna dig \u00e5t riskfyllda aktiviteter beh\u00f6ver du komplettera med en separat resef\u00f6rs\u00e4kring. Samma g\u00e4ller givetvis ocks\u00e5 om du inte har en egen eller \u00e4r t\u00e4ckt av n\u00e5gon annans hemf\u00f6rs\u00e4kring.<\/p>\n\n\n\n<p>Vissa kroniska sjukdomar eller andra h\u00e4lsotillst\u00e5nd \u00f6kar risken f\u00f6r att beh\u00f6va s\u00f6ka sjukv\u00e5rd utomlands. I s\u00e5dana fall \u00e4r det inte s\u00e4kert att reseskyddet g\u00e4ller och f\u00f6rs\u00e4kringsbolaget kan kr\u00e4va en medicinsk f\u00f6rhandsbed\u00f6mning.<\/p>\n\n\n\n<p>Blir du akut sjuk eller skadad under din resa, kontakta snarast ditt f\u00f6rs\u00e4kringsbolag eller den larmcentral som \u00e4r knuten till f\u00f6rs\u00e4kringsbolaget. Ta ocks\u00e5 med dig kopior (g\u00e4rna p\u00e5 engelska) p\u00e5 dina f\u00f6rs\u00e4kringshandlingar (papper och elektroniskt).<\/p>\n\n\n\n<h5 class=\"wp-block-heading\">Vem g\u00e4ller f\u00f6rs\u00e4kringen f\u00f6r?<\/h5>\n\n\n\n<p>Reseskyddet i hem\u00f6rs\u00e4kringen g\u00e4ller normalt f\u00f6r alla dem som \u00e4r skrivna p\u00e5 samma adress som den som tecknat hemf\u00f6rs\u00e4kringen. Vissa f\u00f6rs\u00e4kringsbolag kr\u00e4ver att alla som t\u00e4cks ska vara namngivna i f\u00f6rs\u00e4kringsbrevet. Barn under 18 \u00e5r som du har v\u00e5rdnaden om t\u00e4cks normalt av hemf\u00f6rs\u00e4kringen \u00e4ven om de inte \u00e4r skrivna p\u00e5 samma adress. \u00c4ven barnbarn under 18 \u00e5r som g\u00f6r en utlandsresa med dig omfattas om barnets v\u00e5rdnadshavare inte \u00e4r med p\u00e5 resan.<\/p>\n\n\n\n<h3 class=\"wp-block-heading has-white-color has-text-color has-background has-link-color wp-elements-54baf0c4949103587a02f0ca4bbeee7a\" style=\"background-color:#2b7c08\">Separata resef\u00f6rskringar<\/h3>\n\n\n\n<p>Om du saknar hemf\u00f6rs\u00e4kring, ska vara utomlands l\u00e4ngre tid \u00e4n 45 dagar, eller \u00e4gna dig \u00e5t vissa riskfyllda aktiviteter beh\u00f6ver du en separat resef\u00f6rs\u00e4kring. Vad som r\u00e4knas som riskfylld aktivitet kan variera mellan f\u00f6rs\u00e4kringsbolagen, men kan t.ex. g\u00e4lla off pist-\u00e5kning, djuphavsdykning, bergskl\u00e4ttring och h\u00e4ngglidning. Kolla d\u00e4rf\u00f6r noga upp i f\u00f6rv\u00e4g om din t\u00e4nkta aktivitet t\u00e4cks eller inte.<\/p>\n\n\n\n<p>Liksom vad g\u00e4ller reseskyddet i hemf\u00f6rs\u00e4kringen s\u00e5 t\u00e4cker den separata resef\u00f6rs\u00e4kring vanligtvis n\u00f6dv\u00e4ndiga och sk\u00e4liga kostnader om du blir akut sjuk eller drabbas av ett olycksfall p\u00e5 din resa.<\/p>\n\n\n\n<h3 class=\"wp-block-heading has-white-color has-text-color has-background has-link-color wp-elements-5d71c0ec718f78e293406c9cbe6a7fab\" style=\"background-color:#2b7c08\">Avbest\u00e4llningsskydd<\/h3>\n\n\n\n<p>Innan du bokar en resa b\u00f6r du kontrollera vilket avbest\u00e4llningsskydd du och dina medresen\u00e4rer omfattas av. Oftast ing\u00e5r det ett avbest\u00e4llningsskydd i mer omfattande hemf\u00f6rs\u00e4kringar alternativt i din kortf\u00f6rs\u00e4kring om du betalt med ett kredit- eller betalkort. Skyddet t\u00e4cker vanligen avbokningar p.g.a. sjukdom eller skada hos n\u00e5gon av resen\u00e4rerna eller en n\u00e4ra anh\u00f6rig. Reglerna kan dock variera fr\u00e5n bolag till bolag. <\/p>\n\n\n\n<p>Om du inte \u00e4r skyddad p\u00e5 annat s\u00e4tt kan du ofta tecken ett s\u00e4rskilt avbest\u00e4llningsskydd i samband med att du bokar din resa. Innan du g\u00f6r det s\u00e5 kolla upp vad du redan \u00e4r t\u00e4ckt av s\u00e5 att du inte beh\u00f6ver betala dubbelt.<\/p>\n\n\n\n<h3 class=\"wp-block-heading has-white-color has-text-color has-background has-link-color wp-elements-5e7bd6b6013b2a5f0aadecdbb008a7d6\" style=\"background-color:#2b7c08\">Arbeta och studera utomlands<\/h3>\n\n\n\n<p>Reseskyddet i hemf\u00f6rs\u00e4kringen t\u00e4cker inte sjukdom och skada utomlands om du vistas d\u00e4r f\u00f6r att arbeta, praktisera eller studera. <\/p>\n\n\n\n<p>Om du inte t\u00e4cks av f\u00f6rs\u00e4kringar fr\u00e5n din arbetsgivare eller skola beh\u00f6ver du (innan du l\u00e4mnar Sverige) k\u00f6pa en s\u00e4rskild f\u00f6rs\u00e4kring som t\u00e4cker kostnader i h\u00e4ndelse av akut sjukdom, olycksh\u00e4ndelse eller \u00f6verfall. <\/p>\n\n\n\n<p>F\u00f6rs\u00e4kringen du tecknar b\u00f6r ocks\u00e5 t\u00e4cka hemtransport vid livshotande skada, st\u00f6ldskydd, r\u00e4ttsskydd och ansvarsskydd.&nbsp;Maxbeloppet varierar mellan olika f\u00f6rs\u00e4kringsbolag s\u00e5 j\u00e4mf\u00f6r g\u00e4rna s\u00e5 att du inte st\u00e5r skyddsl\u00f6s om kostnaderna l\u00f6per iv\u00e4g.<\/p>\n","protected":false},"excerpt":{"rendered":"<p>R\u00e5d till resen\u00e4rer Kortfakta Ov\u00e4ntade h\u00e4ndelser kan intr\u00e4ffa p\u00e5 din resa. Ofta r\u00e4cker skyddet i din hemf\u00f6rs\u00e4kring f\u00f6r att t\u00e4cka dessa, men om du inte har n\u00e5gon eller ska vara borta l\u00e4ngre \u00e4n 45 dagar beh\u00f6ver du k\u00f6pa en separat resef\u00f6rs\u00e4kring. Utan en g\u00e4llande f\u00f6rs\u00e4kring kan sjukv\u00e5rd utomlands bli mycket dyr och du kan t.o.m. &hellip; <a href=\"https:\/\/resemedicin.se\/friskparesan\/reserad-2\/reseforsakringar\/\" class=\"more-link\">Forts\u00e4tt l\u00e4sa<span class=\"screen-reader-text\"> \u201dResef\u00f6rs\u00e4kringar\u201d<\/span><\/a><\/p>\n","protected":false},"author":1,"featured_media":0,"parent":11267,"menu_order":0,"comment_status":"closed","ping_status":"closed","template":"","meta":{"footnotes":""},"class_list":["post-11549","page","type-page","status-publish","hentry"],"jetpack_sharing_enabled":true,"_links":{"self":[{"href":"https:\/\/resemedicin.se\/friskparesan\/wp-json\/wp\/v2\/pages\/11549","targetHints":{"allow":["GET"]}}],"collection":[{"href":"https:\/\/resemedicin.se\/friskparesan\/wp-json\/wp\/v2\/pages"}],"about":[{"href":"https:\/\/resemedicin.se\/friskparesan\/wp-json\/wp\/v2\/types\/page"}],"author":[{"embeddable":true,"href":"https:\/\/resemedicin.se\/friskparesan\/wp-json\/wp\/v2\/users\/1"}],"replies":[{"embeddable":true,"href":"https:\/\/resemedicin.se\/friskparesan\/wp-json\/wp\/v2\/comments?post=11549"}],"version-history":[{"count":2,"href":"https:\/\/resemedicin.se\/friskparesan\/wp-json\/wp\/v2\/pages\/11549\/revisions"}],"predecessor-version":[{"id":11551,"href":"https:\/\/resemedicin.se\/friskparesan\/wp-json\/wp\/v2\/pages\/11549\/revisions\/11551"}],"up":[{"embeddable":true,"href":"https:\/\/resemedicin.se\/friskparesan\/wp-json\/wp\/v2\/pages\/11267"}],"wp:attachment":[{"href":"https:\/\/resemedicin.se\/friskparesan\/wp-json\/wp\/v2\/media?parent=11549"}],"curies":[{"name":"wp","href":"https:\/\/api.w.org\/{rel}","templated":true}]}}