{"id":11531,"date":"2024-11-14T16:46:34","date_gmt":"2024-11-14T15:46:34","guid":{"rendered":"https:\/\/resemedicin.se\/friskparesan\/?page_id=11531"},"modified":"2025-10-22T08:56:11","modified_gmt":"2025-10-22T07:56:11","slug":"vattenrening","status":"publish","type":"page","link":"https:\/\/resemedicin.se\/friskparesan\/reserad-2\/vattenrening\/","title":{"rendered":"Rent vatten och vattenrening"},"content":{"rendered":"\n<h3 class=\"wp-block-heading\" id=\"sidtopp\">Information till resen\u00e4rer<\/h3>\n\n\n\n<figure class=\"wp-block-image size-full\"><img loading=\"lazy\" decoding=\"async\" width=\"1024\" height=\"591\" src=\"https:\/\/resemedicin.se\/friskparesan\/wp-content\/uploads\/2025\/10\/vatten.jpg\" alt=\"\" class=\"wp-image-12519\" srcset=\"https:\/\/resemedicin.se\/friskparesan\/wp-content\/uploads\/2025\/10\/vatten.jpg 1024w, https:\/\/resemedicin.se\/friskparesan\/wp-content\/uploads\/2025\/10\/vatten-300x173.jpg 300w, https:\/\/resemedicin.se\/friskparesan\/wp-content\/uploads\/2025\/10\/vatten-768x443.jpg 768w\" sizes=\"auto, (max-width: 709px) 85vw, (max-width: 909px) 67vw, (max-width: 1362px) 62vw, 840px\" \/><\/figure>\n\n\n\n<div class=\"wp-block-columns is-layout-flex wp-container-core-columns-is-layout-9d6595d7 wp-block-columns-is-layout-flex\">\n<div class=\"wp-block-column is-layout-flow wp-block-column-is-layout-flow\">\n<ul class=\"wp-block-list\">\n<li><a href=\"https:\/\/resemedicin.se\/friskparesan\/reserad\/vattenrening\/#oversikt\">\u00d6versikt<\/a><\/li>\n\n\n\n<li><a href=\"https:\/\/resemedicin.se\/friskparesan\/reserad\/vattenrening\/#kokning\">Kokning och uppv\u00e4rmning<\/a><\/li>\n\n\n\n<li><a href=\"https:\/\/resemedicin.se\/friskparesan\/reserad\/vattenrening\/#sedimentering\">Sedimentering och f\u00e4llning<\/a><\/li>\n\n\n\n<li><a href=\"https:\/\/resemedicin.se\/friskparesan\/reserad\/vattenrening\/#filtrering\">Filtrering<\/a><\/li>\n<\/ul>\n<\/div>\n\n\n\n<div class=\"wp-block-column is-layout-flow wp-block-column-is-layout-flow\">\n<ul class=\"wp-block-list\">\n<li><a href=\"https:\/\/resemedicin.se\/friskparesan\/reserad\/vattenrening\/#kemisk-desinfektion\">Kemisk desinficering<\/a><\/li>\n\n\n\n<li><a href=\"https:\/\/resemedicin.se\/friskparesan\/reserad\/vattenrening\/#uv-ljus\">Behandling med UV-ljus<\/a><\/li>\n\n\n\n<li><a href=\"https:\/\/resemedicin.se\/friskparesan\/reserad\/vattenrening\/#solljus\">Soldesinficering<\/a><\/li>\n<\/ul>\n<\/div>\n<\/div>\n\n\n\n<h3 class=\"wp-block-heading has-white-color has-text-color has-background has-link-color wp-elements-a1692f5c2aba8fd76001cae6f035de11\" id=\"oversikt\" style=\"background-color:#2b7c08\">\u00d6versikt<\/h3>\n\n\n\n<p>Under resa kan infekterat vatten smitta vid direkt kontakt, t.ex. <a href=\"https:\/\/www.resemedicin.se\/friskparesan\/sjukdomar-och-vacciner\/schistosomiasis\">schistosomiasis<\/a>, <a href=\"https:\/\/www.resemedicin.se\/friskparesan\/sjukdomar-och-vacciner\/schistosomiasis\/#badklada\">cerkariedermatit<\/a>, <a href=\"https:\/\/www.resemedicin.se\/friskparesan\/sjukdomar-och-vacciner\/leptospiros\/\">leptospiros<\/a> och <a href=\"https:\/\/www.resemedicin.se\/friskparesan\/sjukdomar-och-vacciner\/melioidos\/\">melioidos<\/a>, men mer vanligt som en mag-tarmsmitta med virus, bakterier, protozoer och parasitiska maskar vid oralt intag.<\/p>\n\n\n\n<p>I avsnittet <a href=\"https:\/\/resemedicin.se\/reseradet\/reserad\/mat-och-dryck\/\">Mat och dryck<\/a> ges en del allm\u00e4nna r\u00e5d om hur man kan undvika att bli infekterad via infekterat <a href=\"https:\/\/resemedicin.se\/reseradet\/reserad\/mat-och-dryck\/#dryck\">vatten och andra drycker<\/a>, men i vissa situationer kan man dock vid bristande tillg\u00e5ng p\u00e5 s\u00e4kert rent vatten sj\u00e4lv beh\u00f6va rena sitt vatten. Detta kan vara fallet d\u00e5 man befinner sig i milj\u00f6er med d\u00e5lig sanitet och utan tillg\u00e5ng till s\u00e4kert buteljerat vatten, men ocks\u00e5 i vildmarken. <\/p>\n\n\n\n<p>\u00c4ven om betydande globala framsteg har gjorts (s\u00e4rskilt i Asien och Latinamerika) f\u00f6r att s\u00e4kerst\u00e4lla rent dricksvatten och sanitet f\u00f6r alla s\u00e5 saknar fortfarande sjuhundra\u00e5ttio miljoner m\u00e4nniskor (11 % av jordens befolkning) en s\u00e4ker vattenk\u00e4lla, 2,5 miljarder m\u00e4nniskor saknar tillg\u00e5ng till adekvat sanitet, och 900 miljoner m\u00e4nniskor f\u00f6rr\u00e4ttar sina behov utomhus.Som resen\u00e4r \u00e4r det sv\u00e5rt, om inte om\u00f6jligt, att bed\u00f6ma graden av kontamination och d\u00e4rmed infektionsrisken.<\/p>\n\n\n\n<p>F\u00f6r resen\u00e4rer till l\u00e5g- och medelinkomstl\u00e4nder, s\u00e4rskilt l\u00e5ngresen\u00e4r, kan det d\u00e4rf\u00f6r vara av v\u00e4rde att vid behov kunna rena sitt eget vatten. Vattenrening som kan till\u00e4mpas under f\u00e4ltf\u00f6rh\u00e5llanden kan ske genom <a href=\"https:\/\/resemedicin.se\/friskparesan\/reserad\/vattenrening\/#kokning\">kokning<\/a>, <a href=\"https:\/\/resemedicin.se\/friskparesan\/reserad\/vattenrening\/#sedimentering\">sedimentering<\/a>, <a href=\"https:\/\/resemedicin.se\/friskparesan\/reserad\/vattenrening\/#sedimentering\">f\u00e4llning<\/a>, <a href=\"https:\/\/resemedicin.se\/friskparesan\/reserad\/vattenrening\/#filtrering\">filtrering<\/a>, <a href=\"https:\/\/resemedicin.se\/friskparesan\/reserad\/vattenrening\/#kemisk-desinfektion\">kemisk desinficering<\/a>, <a href=\"https:\/\/resemedicin.se\/friskparesan\/reserad\/vattenrening\/#uv-ljus\">behandling med UV-ljus<\/a>, <a href=\"https:\/\/resemedicin.se\/friskparesan\/reserad\/vattenrening\/#solljus\">soldesinficering<\/a> eller en kombination av dessa. Flera av dessa metoder kan improviseras med lokalt tillg\u00e4ngliga resurser, men ocks\u00e5 skalas upp vid behov, t.ex. i en flykting- eller katastrofsituation.<\/p>\n\n\n\n<p><a href=\"https:\/\/resemedicin.se\/friskparesan\/reserad\/vattenrening\/#sidtopp\">Till sidtoppen<\/a><\/p>\n\n\n\n<h3 class=\"wp-block-heading has-white-color has-text-color has-background has-link-color wp-elements-37af0e51ad1cb608b67e3a31c69c1531\" id=\"kokning\" style=\"background-color:#2b7c08\">Kokning och uppv\u00e4rmning<\/h3>\n\n\n\n<p>Kokning \u00e4r den enklaste och mest effektiva metoden f\u00f6r att avd\u00f6da patogena mikroorganismer, inklusive virus, bakterier och parasiter. D\u00e4r det finns tillg\u00e5ng till el \u00e4r det d\u00e4rf\u00f6r bra att ha med sig en doppv\u00e4rmare och ett enkelt kokk\u00e4rl. P\u00e5 m\u00e5nga hotell finns det ocks\u00e5 vattenkokare p\u00e5 rummet.<\/p>\n\n\n\n<p>Vattnet b\u00f6r helst koka helt i &gt;1 minut. P\u00e5 h\u00f6jder &gt;2000 meter helst 3 minuter p.g.a. vattnets l\u00e4gre kokpunkt d\u00e4r. Flertalet mikroorganismer d\u00f6r redan vid l\u00e4gre temperaturer (mj\u00f6lk past\u00f6riseras t.ex. vid 72\u00b0C). <\/p>\n\n\n\n<p>Om det inte finns kokm\u00f6jligheter, s\u00e5 \u00e4r kranvatten som \u00e4r s\u00e5 hett att man br\u00e4nner sig p\u00e5 det (50-60\u00b0C) tillr\u00e4ckligt varmt f\u00f6r att avd\u00f6da m\u00e5nga patogener, men det kr\u00e4ver l\u00e4ngre tid. Vid m\u00f6jlighet att koka \u00e4r detta dock alltid att f\u00f6redra, inte minst d\u00e5 varmvattnet fr\u00e5n r\u00f6rledningar kan inneh\u00e5lla oh\u00e4lsosamma m\u00e4ngder av koppar och bly.I varma klimat med solsken kan en vattenbeh\u00e5llare placerad i en enkel reflekterande solugn n\u00e5 temperaturer p\u00e5 65\u00b0C. Numera finns det flera kommersiella l\u00e4ttviktsalternativ.<\/p>\n\n\n\n<p><strong>F\u00f6rdelar med kokning:<\/strong> Ger inte smak eller f\u00e4rg \u00e5t vattnet; process i ett steg som inaktiverar alla enteriska smitt\u00e4mnen; effektivt \u00e4ven med f\u00f6roreningar och partiklar i vattnet.<\/p>\n\n\n\n<p><strong>Nackdelar med kokning:<\/strong> F\u00f6rb\u00e4ttrar inte smak, lukt eller utseende p\u00e5 vattnet; Kr\u00e4ver br\u00e4nslek\u00e4llor som kan vara otillg\u00e4ngliga; F\u00f6rhindrar inte \u00e5terkontamination.<\/p>\n\n\n\n<figure class=\"wp-block-image size-full\"><img loading=\"lazy\" decoding=\"async\" width=\"1024\" height=\"606\" src=\"https:\/\/resemedicin.se\/reseradet\/wp-content\/uploads\/2024\/09\/solkokare.jpg\" alt=\"\" class=\"wp-image-4906\" srcset=\"https:\/\/resemedicin.se\/friskparesan\/wp-content\/uploads\/2024\/09\/solkokare.jpg 1024w, https:\/\/resemedicin.se\/friskparesan\/wp-content\/uploads\/2024\/09\/solkokare-300x178.jpg 300w, https:\/\/resemedicin.se\/friskparesan\/wp-content\/uploads\/2024\/09\/solkokare-768x455.jpg 768w\" sizes=\"auto, (max-width: 709px) 85vw, (max-width: 909px) 67vw, (max-width: 1362px) 62vw, 840px\" \/><figcaption class=\"wp-element-caption\">Enkel reflekterande solkokare.<\/figcaption><\/figure>\n\n\n\n<p><a href=\"https:\/\/resemedicin.se\/friskparesan\/reserad\/vattenrening\/#sidtopp\">Till sidtoppen<\/a><\/p>\n\n\n\n<h3 class=\"wp-block-heading has-white-color has-text-color has-background has-link-color wp-elements-dca82352ee0d48d73cbd7d6ac48a0b23\" id=\"sedimentering\" style=\"background-color:#2b7c08\">Sedimentering och f\u00e4llning<\/h3>\n\n\n\n<p>En del naturligt f\u00f6rekommande vatten i vattendrag kan vara ordentligt grumligt av organiskt och icke-organiskt material. Att minska grumligheten kan f\u00f6rb\u00e4ttra b\u00e5de utseende och smak betydligt. Kontamineringen av mikroorganismer kan ocks\u00e5 minska, men inte tillr\u00e4ckligt f\u00f6r att man s\u00e4kert ska kunna dricka vattnet. Att f\u00e5 bort det grumliga underl\u00e4ttar dock desinfektion genom filtrering eller kemisk behandling i ett senare steg.<\/p>\n\n\n\n<p><strong>Sedimentering:<\/strong> Om man l\u00e5ter vatten st\u00e5 en stund i en beh\u00e5llare s\u00e5 sjunker st\u00f6rre partiklar som sand och v\u00e4xtdelar ner p\u00e5 botten och det \u00f6vriga vattnet blir klarare.<\/p>\n\n\n\n<p><strong>Flockning:<\/strong> Mindre partiklar sjunker inte till botten utan f\u00f6rblir sv\u00e4vande i vattnet. Genom flockning kan man p\u00e5 kemisk v\u00e4g f\u00e5 dessa partiklar att klumpa sig. Ett enkelt s\u00e4tt \u00e4r att tills\u00e4tta en tesked (5 ml) kaliumaluminiumsulfat&nbsp; (alun) till 1 liter vatten och sedan r\u00f6ra om tills grumset flockat sig i klumpar som sedan kan filtreras bort. Med flockning kan man f\u00f6rutom det organiska materialet ocks\u00e5 f\u00e5 bort en del mikroorganismer, men inte alla om man inte samtidigt anv\u00e4nder ett desinficeringsmedel. Det finns kommersiella produkter som kombinerar de b\u00e5da.<\/p>\n\n\n\n<p><a href=\"https:\/\/resemedicin.se\/friskparesan\/reserad\/vattenrening\/#sidtopp\">Till sidtoppen<\/a><\/p>\n\n\n\n<h3 class=\"wp-block-heading has-white-color has-text-color has-background has-link-color wp-elements-e0b1be3ae5c9a7e11c6c989bee198aba\" id=\"filtrering\" style=\"background-color:#2b7c08\">Filtrering<\/h3>\n\n\n\n<p>Ett normalt vattenfilter med en porstorlek p\u00e5 \u22640,2-1,0 \u00b5m (<strong>mikrofilter<\/strong>) tar f\u00f6rutom st\u00f6rre partiklar ocks\u00e5 bort parasiter som <em>Cryptosporidium<\/em> och <em>Giardi<\/em>a, och en del (men inte alla) bakterier, men inte virus. Det finns en uppsj\u00f6 av s\u00e5dana kommersiella vattenfilter p\u00e5 marknaden och dessa kan i sig vara tillr\u00e4ckliga vid t.ex. fj\u00e4llvandringar, men de beh\u00f6ver kompletteras med annan desinfektion i milj\u00f6er med d\u00e5lig sanitet och risk f\u00f6r fekala f\u00f6roreningar<\/p>\n\n\n\n<p>F\u00f6r att p\u00e5 ett s\u00e4kert s\u00e4tt \u00e4ven kunna filtrera bort \u00e4ven bakterier och virus, kr\u00e4vs mindre porstorlekar, s\u00e5som <strong>ultrafilter<\/strong> med en porstorlek p\u00e5 0,01 \u00b5m. <strong>Nanofilter<\/strong>, med porstorlekar p\u00e5 0,001 \u00b5m (1 nm), tar \u00e4ven bort kemikalier och organiska molekyler fr\u00e5n vattnet och filter f\u00f6r omv\u00e4nd osmos, med en porstorlek p\u00e5 \u22640,0001 \u00b5m (0,1 nm) och tar dessutom bort env\u00e4rda salter och l\u00f6sta metaller, vilket ger vattenavsaltning av vattnet. Ju mindre porstorlek, desto dyrare och klumpigare blir filtret och det kr\u00e4vs ocks\u00e5 st\u00f6rre kraft och l\u00e5ngsammare filtrering f\u00f6r att f\u00e5 igenom vattnet, vilket kan vara opraktiskt vid resa men fungera bra p\u00e5 r\u00e4ddningsb\u00e5tar och i katastrofsituationer.<\/p>\n\n\n\n<figure class=\"wp-block-image size-full\"><img loading=\"lazy\" decoding=\"async\" width=\"1024\" height=\"536\" src=\"https:\/\/resemedicin.se\/reseradet\/wp-content\/uploads\/2024\/09\/vattenfilter.jpg\" alt=\"\" class=\"wp-image-4912\" srcset=\"https:\/\/resemedicin.se\/friskparesan\/wp-content\/uploads\/2024\/09\/vattenfilter.jpg 1024w, https:\/\/resemedicin.se\/friskparesan\/wp-content\/uploads\/2024\/09\/vattenfilter-300x157.jpg 300w, https:\/\/resemedicin.se\/friskparesan\/wp-content\/uploads\/2024\/09\/vattenfilter-768x402.jpg 768w\" sizes=\"auto, (max-width: 709px) 85vw, (max-width: 909px) 67vw, (max-width: 1362px) 62vw, 840px\" \/><figcaption class=\"wp-element-caption\">Ett av m\u00e5nga kommersiella vattenfilter.<\/figcaption><\/figure>\n\n\n\n<p>En del kommersiella filter inneh\u00e5ller aktivt kol, som ytterligare kan rena vattnet genom att adsorbera organiska och oorganiska kemikalier, inklusive klor- och jodf\u00f6reningar, och de flesta tungmetaller. Detta f\u00f6rb\u00e4ttrar lukt, smak och s\u00e4kerhet, men avd\u00f6dar inte mikroorganismer. <\/p>\n\n\n\n<p>I n\u00f6dsituationer kan man tillverka ett eget vattenfilter av en 20-liters hink med h\u00e5l i botten, som fylls upp till cirka 10 cm med grus, \u00f6ver vilket man l\u00e4gger ett finmaskigt tygstycke, och ovanf\u00f6r cirka 25 cm sand<\/p>\n\n\n\n<p><strong>F\u00f6rdelar med filtrering:<\/strong> Enkelt att anv\u00e4nda; Vattnet kan drickas omedelbart efter filtreringen; M\u00e5nga tillg\u00e4ngliga kommersiella produkter; Tillf\u00f6r ingen obehaglig smak, utan f\u00f6rb\u00e4ttrar ofta vattnets smak och utseende; Kan kombineras med kemisk desinfektion.<\/p>\n\n\n\n<p><strong>Nackdelar med filtrering:<\/strong> Skrymmande och extra tyngd;  Flertalet filter tar inte bort virus; Dyrare \u00e4n kemisk desinfektion; Porerna kan t\u00e4ppas till efter en tids anv\u00e4ndning; F\u00f6rhindrar inte \u00e5terkontamination.<\/p>\n\n\n\n<p><a href=\"https:\/\/resemedicin.se\/friskparesan\/reserad\/vattenrening\/#sidtopp\">Till sidtoppen<\/a><\/p>\n\n\n\n<h3 class=\"wp-block-heading has-white-color has-text-color has-background has-link-color wp-elements-b92dfe0ab279cab5b2c64270aeebe5a8\" id=\"kemisk-desinfektion\" style=\"background-color:#2b7c08\">Kemisk desinficering<\/h3>\n\n\n\n<p>Vatten kan desinficera p\u00e5 kemisk v\u00e4g med klorf\u00f6reningar, jod, samt silverjoner.<\/p>\n\n\n\n<p>Det enklaste s\u00e4ttet, som ocks\u00e5 rekommenderas av WHO, \u00e4r att anv\u00e4nda <strong>natriumhypoklorit<\/strong>, som finns i olika kommersiella produkter men som \u00e4ven s\u00e4ljs som hush\u00e5llsreng\u00f6rings- och blekmedel (t.ex. Klorin). Natriumhypoklorit finns i olika koncentrationer. F\u00f6r en 5-10% hush\u00e5llsl\u00f6sning, tills\u00e4tts 1-2 droppar (o,1-0,2 ml) till 1 liter vatten. Efter ordentlig omr\u00f6rning ska vattnet st\u00e5 i minst 30 minuter innan det konsumeras. Natriumhypoklorit \u00e4r vanligtvis effektivt, men inaktiverar inte alltid parasiter.<\/p>\n\n\n\n<p>Ett mer effektivt medel mot parasiter \u00e4r <strong>klordioxid<\/strong> (ClO2), som finns som kommersiella vattenreningsprodukter, t.ex. fr\u00e5n <a href=\"https:\/\/xinix.se\" target=\"_blank\" rel=\"noreferrer noopener\">Xinix<\/a>. <\/p>\n\n\n\n<p>I m\u00e5nga l\u00e4nder anv\u00e4nds <strong>jod<\/strong> f\u00f6r desinficering, men f\u00e5r enligt ett EU-direktiv inte l\u00e4ngre anv\u00e4ndas f\u00f6r desinficering av dricksvatten inom EU, och som inte b\u00f6r anv\u00e4ndas av gravida, de som har problem me sk\u00f6ldk\u00f6rteln eller personer med k\u00e4nd \u00f6verk\u00e4nslighet.<\/p>\n\n\n\n<p>Varken klorf\u00f6reningar eller jod kan med s\u00e4kerhet avd\u00f6da <em>Giardia<\/em>-cystor och desinfektion b\u00f6r d\u00e4rf\u00f6r kombineras med filtrering i milj\u00f6er d\u00e4r <em>Giardia<\/em> kan f\u00f6rekomma. Filtrering f\u00f6re desinfektion kan ocks\u00e5 rekommenderas om vattnet \u00e4r grumligt (minskar effektiviteten av desinfektionsmedel.<\/p>\n\n\n\n<p><a href=\"https:\/\/resemedicin.se\/friskparesan\/reserad\/vattenrening\/#sidtopp\">Till sidtoppen<\/a><\/p>\n\n\n\n<h3 class=\"wp-block-heading has-white-color has-text-color has-background has-link-color wp-elements-56cb42664da6dcc0f735a5c8962fbac6\" id=\"uv-ljus\" style=\"background-color:#2b7c08\">Ultraviolett ljus (UV-ljus<\/h3>\n\n\n\n<p>Ultraviolett str\u00e5lning d\u00f6dar bakterier, virus och <em>Cryptosporidium<\/em>-oocystor i vatten. Effekten beror p\u00e5 dos och exponeringstid. B\u00e4rbara, batteridrivna enheter som anv\u00e4nder UV-ljus kan anv\u00e4ndas f\u00f6r att desinficera 1-2 l klart vatten \u00e5t g\u00e5ngen. Vattnet m\u00e5ste dock vara fritt fr\u00e5n partikelformigt material f\u00f6re behandling. Metod \u00e4r ofta inte praktisk om stora m\u00e4ngder vatten beh\u00f6ver desinficeras.<\/p>\n\n\n\n<p><a href=\"https:\/\/resemedicin.se\/friskparesan\/reserad\/vattenrening\/#sidtopp\">Till sidtoppen<\/a><\/p>\n\n\n\n<h3 class=\"wp-block-heading has-white-color has-text-color has-background has-link-color wp-elements-7ac08a3c563b80c345883a70df6190a4\" id=\"solljus\" style=\"background-color:#2b7c08\">Solljus<\/h3>\n\n\n\n<p>I n\u00f6dsituationer kan UV-A fr\u00e5n solljus f\u00f6rb\u00e4ttra vattnets kvalitet. Detta g\u00f6rs genom att fylla genomskinliga plastflaskor med klart vatten, skaka dem f\u00f6r att syres\u00e4ttas och placera flaskorna liggande p\u00e5 en plan yta i direkt solljus i &gt;6 timmar (2 dygn om det \u00e4r molnigt). Flaskan beh\u00f6ver skakas om d\u00e5 och d\u00e5. Om vattnet \u00e4r grumligt beh\u00f6ver det f\u00f6rst filtreras.<\/p>\n\n\n\n<p><a href=\"https:\/\/resemedicin.se\/friskparesan\/reserad\/vattenrening\/#sidtopp\">Till sidtoppen<\/a><\/p>\n\n\n\n<h3 class=\"wp-block-heading has-white-color has-text-color has-background has-link-color wp-elements-1d53e7c3060d3e99fbfc92da99ddf20b\" style=\"background-color:#2b7c08\">Att v\u00e4lja metod<\/h3>\n\n\n\n<p>Vilken vattenreningsmetod som ska v\u00e4ljas beror p\u00e5 typ av resa, vistelsemilj\u00f6 och vattentillg\u00e5ng. F\u00f6r den enskilde resen\u00e4ren \u00e4r i de flesta fall kokning d\u00e4r m\u00f6jligt att f\u00f6redra, och i annat fall en kombination av filtrering och desinficering med klordioxid. Detta b\u00f6r planeras f\u00f6re resan.<\/p>\n\n\n\n<p><a href=\"https:\/\/resemedicin.se\/friskparesan\/reserad\/vattenrening\/#sidtopp\">Till sidtoppen<\/a><\/p>\n\n\n\n<p><\/p>\n","protected":false},"excerpt":{"rendered":"<p>Information till resen\u00e4rer \u00d6versikt Under resa kan infekterat vatten smitta vid direkt kontakt, t.ex. schistosomiasis, cerkariedermatit, leptospiros och melioidos, men mer vanligt som en mag-tarmsmitta med virus, bakterier, protozoer och parasitiska maskar vid oralt intag. I avsnittet Mat och dryck ges en del allm\u00e4nna r\u00e5d om hur man kan undvika att bli infekterad via infekterat &hellip; <a href=\"https:\/\/resemedicin.se\/friskparesan\/reserad-2\/vattenrening\/\" class=\"more-link\">Forts\u00e4tt l\u00e4sa<span class=\"screen-reader-text\"> \u201dRent vatten och vattenrening\u201d<\/span><\/a><\/p>\n","protected":false},"author":1,"featured_media":0,"parent":11267,"menu_order":0,"comment_status":"closed","ping_status":"closed","template":"","meta":{"footnotes":""},"class_list":["post-11531","page","type-page","status-publish","hentry"],"jetpack_sharing_enabled":true,"_links":{"self":[{"href":"https:\/\/resemedicin.se\/friskparesan\/wp-json\/wp\/v2\/pages\/11531","targetHints":{"allow":["GET"]}}],"collection":[{"href":"https:\/\/resemedicin.se\/friskparesan\/wp-json\/wp\/v2\/pages"}],"about":[{"href":"https:\/\/resemedicin.se\/friskparesan\/wp-json\/wp\/v2\/types\/page"}],"author":[{"embeddable":true,"href":"https:\/\/resemedicin.se\/friskparesan\/wp-json\/wp\/v2\/users\/1"}],"replies":[{"embeddable":true,"href":"https:\/\/resemedicin.se\/friskparesan\/wp-json\/wp\/v2\/comments?post=11531"}],"version-history":[{"count":6,"href":"https:\/\/resemedicin.se\/friskparesan\/wp-json\/wp\/v2\/pages\/11531\/revisions"}],"predecessor-version":[{"id":12520,"href":"https:\/\/resemedicin.se\/friskparesan\/wp-json\/wp\/v2\/pages\/11531\/revisions\/12520"}],"up":[{"embeddable":true,"href":"https:\/\/resemedicin.se\/friskparesan\/wp-json\/wp\/v2\/pages\/11267"}],"wp:attachment":[{"href":"https:\/\/resemedicin.se\/friskparesan\/wp-json\/wp\/v2\/media?parent=11531"}],"curies":[{"name":"wp","href":"https:\/\/api.w.org\/{rel}","templated":true}]}}