{"id":11335,"date":"2024-05-04T14:41:45","date_gmt":"2024-05-04T14:41:45","guid":{"rendered":"https:\/\/resemedicin.se\/reseradet\/?page_id=1890"},"modified":"2024-11-21T16:38:57","modified_gmt":"2024-11-21T15:38:57","slug":"nordafrika","status":"publish","type":"page","link":"https:\/\/resemedicin.se\/friskparesan\/reserad-2\/nordafrika\/","title":{"rendered":"H\u00e4lsor\u00e5d och vaccinationer f\u00f6r Nordafrika och Mellan \u00d6stern"},"content":{"rendered":"\n<h3 class=\"wp-block-heading\" id=\"sidtopp\">R\u00e5d till resen\u00e4rer<\/h3>\n\n\n\n<figure class=\"wp-block-image size-full\"><img loading=\"lazy\" decoding=\"async\" width=\"1024\" height=\"342\" src=\"https:\/\/resemedicin.se\/friskparesan\/wp-content\/uploads\/2024\/11\/tempImageG6IykA.jpg\" alt=\"\" class=\"wp-image-11899\" srcset=\"https:\/\/resemedicin.se\/friskparesan\/wp-content\/uploads\/2024\/11\/tempImageG6IykA.jpg 1024w, https:\/\/resemedicin.se\/friskparesan\/wp-content\/uploads\/2024\/11\/tempImageG6IykA-300x100.jpg 300w, https:\/\/resemedicin.se\/friskparesan\/wp-content\/uploads\/2024\/11\/tempImageG6IykA-768x257.jpg 768w\" sizes=\"auto, (max-width: 709px) 85vw, (max-width: 909px) 67vw, (max-width: 1362px) 62vw, 840px\" \/><\/figure>\n\n\n\n<h3 class=\"wp-block-heading has-white-color has-text-color has-background has-link-color wp-elements-01fa8766c5e7fdc2d36bf7e612287393\" style=\"background-color:#2b7c08\">L\u00e4nder som omfattas av dessa r\u00e5d<\/h3>\n\n\n\n<p>Algeriet, Bahrain, Egypten, F\u00f6renade Arabemiraten, Irak, Iran, Israel, Jemen, Jordanien, Kuwait, Libanon, Libyen, Marocko, Oman, Palestina, Qatar, Saudi-Arabien, Syrien, Tunisien, V\u00e4stsahara<\/p>\n\n\n\n<p>Nedan f\u00f6ljer specifika r\u00e5d f\u00f6r resen\u00e4rer till denna region.<\/p>\n\n\n\n<h3 class=\"wp-block-heading has-white-color has-text-color has-background has-link-color wp-elements-edcea6b51cf1ec4c70109f1bf6fa1805\" id=\"vaccinationer-och-malariaprofylax\" style=\"background-color:#2b7c08\">Vaccinationer<\/h3>\n\n\n\n<h5 class=\"wp-block-heading\">Vacciner som rekommenderas till alla resen\u00e4rer<\/h5>\n\n\n\n<p><strong>Grundskydd: <\/strong>Alla svenskar b\u00f6r ha skydd mot <strong><a href=\"https:\/\/www.resemedicin.se\/friskparesan\/sjukdomar-och-vacciner\/difteri\">difteri<\/a><\/strong>,&nbsp;<strong><a href=\"https:\/\/www.resemedicin.se\/friskparesan\/sjukdomar-och-vacciner\/stelkramp\">stelkramp<\/a><\/strong>,&nbsp;<strong><a href=\"https:\/\/www.resemedicin.se\/friskparesan\/sjukdomar-och-vacciner\/polio\">polio<\/a><\/strong>&nbsp;och&nbsp;<strong><a href=\"https:\/\/www.resemedicin.se\/friskparesan\/sjukdomar-och-vacciner\/massling\/\">m\u00e4ssling<\/a><\/strong>. En resa till landet \u00f6kar risken f\u00f6r m\u00e4ssling, och skydd mot stelkramp g\u00f6r att man slipper ta en dos vid skada under resan.<\/p>\n\n\n\n<p><a href=\"https:\/\/www.resemedicin.se\/friskparesan\/sjukdomar-och-vacciner\/hepatit-a\/\"><strong>Hepatit A<\/strong><\/a>: Risken f\u00f6r hepatit A \u00e4r f\u00f6rh\u00f6jd i dessa l\u00e4nder. Vaccination rekommenderas d\u00e4rf\u00f6r till samtliga resen\u00e4rer \u00f6ver 1 \u00e5rs \u00e5lder. Kombination med hepatit B-vaccination kan \u00f6verv\u00e4gas vid l\u00e5ngresor och upprepade resor.<\/p>\n\n\n\n<p>Ett bes\u00f6k p\u00e5 vaccinationsmottagning kan ocks\u00e5 vara ett bra tillf\u00e4lle att se \u00f6ver vaccinationer som rekommenderas \u00e4ven i Sverige.<\/p>\n\n\n\n<h5 class=\"wp-block-heading\">Vacciner som rekommenderas till vissa resen\u00e4rer<\/h5>\n\n\n\n<p>Nedanst\u00e5ende vacciner kan vara aktuella utifr\u00e5n exakt resm\u00e5l, hur l\u00e4nge du ska vara ute, om du tillh\u00f6r en s\u00e4rskild riskgrupp eller om du kan t\u00e4nkas vara s\u00e4rskilt riskutsatt. Ta kontakt med en vaccinationscentral i god tid f\u00f6re din resa f\u00f6r att diskutera just dina behov. Klicka ocks\u00e5 p\u00e5 l\u00e4nkarna f\u00f6r att se vad du kan g\u00f6ra mer f\u00f6r att skydda dig mot de olika infektionerna.<\/p>\n\n\n\n<p><strong><a href=\"https:\/\/www.resemedicin.se\/friskparesan\/sjukdomar-och-vacciner\/chikungunya\">Chikungunyafeber<\/a><\/strong> och <strong><a href=\"https:\/\/www.resemedicin.se\/friskparesan\/sjukdomar-och-vacciner\/dengue\">denguefeber<\/a><\/strong>: Smittspridning av dessa mygg\u00f6verf\u00f6rda virussjukdomar f\u00f6rekommer i vissa l\u00e4nder och omr\u00e5den i regionen fr\u00e4mst under regnperioden, och utbrott kan f\u00f6rekomma (se under f\u00f6rekomst p\u00e5 sjukdomssidorna). Liksom f\u00f6r alla mygg\u00f6verf\u00f6rda sjukdomar \u00e4r det viktigt att&nbsp;<a href=\"https:\/\/resemedicin.se\/friskparesan\/reserad\/skydd-mot-insekter-och-fastingar\/\">undvika myggbett<\/a>&nbsp;&nbsp;i omr\u00e5den med smittrisk (framf\u00f6r allt under regnperioden).&nbsp;<a href=\"https:\/\/resemedicin.se\/friskparesan\/reserad\/skydd-mot-insekter-och-fastingar\/#aedes\"><em>Aedes<\/em>-myggorna<\/a>&nbsp;\u00e4r dagaktiva&nbsp;och sticker mest tidigt p\u00e5 morgonen och p\u00e5 kv\u00e4llen f\u00f6re skymningen. Vaccination kan vara aktuellt i vissa omr\u00e5den och f\u00f6r vissa resen\u00e4rer.<\/p>\n\n\n\n<p class=\"has-yellow-background-color has-background\">D\u00e5 risk f\u00f6r sv\u00e5rare sjukdom efter vaccination inte kan uteslutas hos personer som tidigare <span style=\"text-decoration: underline;\"><strong>inte<\/strong><\/span> haft dengue b\u00f6r vaccination av denna grupp endast ske vid l\u00e4ngre resor, d\u00e5 man bed\u00f6mer att nyttan \u00f6verstiger den potentiella risken. Se mer p\u00e5 sidan om <a href=\"https:\/\/www.resemedicin.se\/friskparesan\/sjukdomar-och-vacciner\/dengue\">denguefeber<\/a> och diskutera med din vaccinationsmottagning.<\/p>\n\n\n\n<p><strong><a href=\"https:\/\/www.resemedicin.se\/friskparesan\/sjukdomar-och-vacciner\/etec\">ETEC<\/a>:<\/strong> <a href=\"https:\/\/www.resemedicin.se\/friskparesan\/sjukdomar-och-vacciner\/diarre-oversikt\/\">Turistdiarr\u00e9<\/a> \u00e4r den vanligaste sjukdomen du kan r\u00e5ka ut f\u00f6r vid resa till den h\u00e4r regionen. Du kan f\u00e5 ett visst skydd mot diarr\u00e9 orsakad av vissa <a href=\"https:\/\/www.resemedicin.se\/friskparesan\/sjukdomar-och-vacciner\/etec\"><em>E.coli-bakterier<\/em> (ETEC)<\/a> med det orala koleravaccinet Dukoral\u00ae. Turistdiarr\u00e9 kan emellertid orsakas av ett stort antal smitt\u00e4mnen s\u00e5 det \u00e4r viktigt att du f\u00f6ljer r\u00e5d om <a href=\"https:\/\/www.resemedicin.se\/friskparesan\/reserad\/mat-och-dryck\/\">mat och dryck<\/a> samt <a href=\"https:\/\/resemedicin.se\/friskparesan\/reserad\/vattenrening\/\">vattenrening<\/a> f\u00f6r att ytterligare minska din risk att insjukna..<\/p>\n\n\n\n<p><a href=\"https:\/\/www.resemedicin.se\/friskparesan\/sjukdomar-och-vacciner\/hepatit-b\"><strong>Hepatit B<\/strong><\/a>: Risken \u00e4r f\u00f6rh\u00f6jd i vissa l\u00e4nder i regionen och smittrisken \u00f6kar ju l\u00e4ngre tid du befinner dig i landet. Vaccination kan vara aktuell vid l\u00e4ngre resa, s\u00e4rskilt om du kan t\u00e4nkas bli exponerad f\u00f6r blodsmitta eller sexuell smitta.<\/p>\n\n\n\n<p><strong><a href=\"https:\/\/resemedicin.se\/friskparesan\/sjukdomar-och-vacciner\/meningokocker\/\">Meningokocksjukdom<\/a>: <\/strong>Vaccination mot meningokocker kan i vissa fall vara aktuellt till ungdomar som under l\u00e4ngre tid ska arbeta eller studera i landet i n\u00e4ra kontakt med andra ungdomar (kortare tid vid internationella festivaler, l\u00e4ger, etc).<\/p>\n\n\n\n<p><strong><a href=\"https:\/\/www.resemedicin.se\/friskparesan\/sjukdomar-och-vacciner\/rabies\">Rabies<\/a>:<\/strong> Lokala hundar men \u00e4ven andra tama och vilda djur kan vara smittade med rabies. Om du blir biten eller f\u00e5r djursaliv p\u00e5 huden (s\u00e4rskilt om du har eksem eller sm\u00e5s\u00e5r) ska du omedelbart s\u00f6ka sjukv\u00e5rd d\u00e5 man kan vaccineras \u00e4ven efter att man blivit smittad. I vissa l\u00e4nder \u00e4r tillg\u00e5ngen till rabiesvaccin os\u00e4ker och vid resa dit kan det vara aktuellt att vaccinera sig inf\u00f6r resan. Din vaccinationscentral har uppdaterad information om dessa l\u00e4nder och omr\u00e5den. Vaccination kan ocks\u00e5 vara aktuell f\u00f6r sm\u00e5 barn inf\u00f6r l\u00e4ngre resa och till personer med riskyrken.<\/p>\n\n\n\n<p><strong><a href=\"https:\/\/www.resemedicin.se\/friskparesan\/sjukdomar-och-vacciner\/tuberkulos\">Tuberkulos (BCG)<\/a>:<\/strong> Kan vara aktuell f\u00f6r barn vid l\u00e4ngre vistelse samt till tidigare ovaccinerad sjukv\u00e5rdspersonal och bist\u00e5ndsarbetare som kan komma ha direktkontakt med tuberkulos-sjuka personer. \u00d6vriga vuxna har ingen bevisad nytta av vaccinet.<\/p>\n\n\n\n<p><strong><a href=\"https:\/\/www.resemedicin.se\/friskparesan\/sjukdomar-och-vacciner\/tyfoid\">Tyfoidfeber<\/a>:<\/strong> Kan vara aktuell vid l\u00e4ngre resa till vissa omr\u00e5den i regionen, framf\u00f6r allt om du kommer att vistas n\u00e4ra lokalbefolkning i fattigare omr\u00e5den och lever primitivt. F\u00f6r gravida kvinnor, personer med nedsatt immunf\u00f6rsvar och andra kroniska sjukdomar kan vaccination vara motiverad \u00e4ven vid kortare resor. Diskutera med din vaccinationsmottagning.<\/p>\n\n\n\n<p><a href=\"https:\/\/resemedicin.se\/friskparesan\/reserad\/nordafrika\/#sidtopp\">Till sidtoppen<\/a><\/p>\n\n\n\n<h3 class=\"wp-block-heading has-white-color has-text-color has-background has-link-color wp-elements-526e805fa252a97b4581cf7da2df5b35\" id=\"andra-infektioner\" style=\"background-color:#2b7c08\">Andra infektioner att vara observant p\u00e5<\/h3>\n\n\n\n<p><a href=\"https:\/\/resemedicin.se\/friskparesan\/sjukdomar-och-vacciner\/malaria\/\"><strong>Malaria<\/strong><\/a>:&nbsp;Malaria f\u00f6rekommer i Saudiarabien i gr\u00e4nstrakterna mot Jemen och i Jemen. Risken att insjukna i Saudiarabien \u00e4r mycket l\u00e5g och myggskydd \u00e4r oftast tillr\u00e4ckligt. Risken i Jemen \u00e4r betydligt h\u00f6gre och kemoprofylax med malariamedel alternativt tabletter f\u00f6r egenbehandling lan vara aktuellt. R\u00e5dg\u00f6r med din vaccinationsmottagning.<\/p>\n\n\n\n<p><strong>Andra vektorburna sjukdomar:<\/strong>  <a href=\"https:\/\/www.resemedicin.se\/friskparesan\/sjukdomar-och-vacciner\/nilfeber\">Nilfeber (West Nile fever)<\/a> kan f\u00f6rekomma lokalt i flera l\u00e4nder i regionen. Liksom f\u00f6r alla mygg\u00f6verf\u00f6rda sjukdomar \u00e4r det viktigt att du skyddar dig mot myggbett&nbsp;i omr\u00e5den med smittrisk.&nbsp;<a href=\"https:\/\/resemedicin.se\/friskparesan\/reserad\/skydd-mot-insekter-och-fastingar\/#culex\"><em>Culex<\/em>-myggorna<\/a> \u00e4r&nbsp;nattaktiva&nbsp;och sticker mest tidigt p\u00e5 natten (mellan 22 och midnatt). Andra sjukdomar som smittar via insekter, f\u00e4stingar och leddjur som kan f\u00f6rekomma i vissa omr\u00e5den \u00e4r bl.a. <a href=\"https:\/\/www.resemedicin.se\/friskparesan\/sjukdomar-och-vacciner\/leishmaniasis\">leishmaniasis<\/a>,&nbsp;<a href=\"https:\/\/resemedicin.se\/friskparesan\/sjukdomar-och-vacciner\/sandmyggefeber\/\">sandmyggefeber<\/a>, <a href=\"https:\/\/resemedicin.se\/friskparesan\/sjukdomar-och-vacciner\/bunyavirus\/#cchf\">Krim-Kongo bl\u00f6darfeber<\/a>, <a href=\"https:\/\/resemedicin.se\/friskparesan\/sjukdomar-och-vacciner\/rickettsioser\/#scrub-typhus\">kvalsterburen fl\u00e4cktyfus (scrub typhus)<\/a>, <a href=\"https:\/\/resemedicin.se\/friskparesan\/sjukdomar-och-vacciner\/rickettsioser\/#msf\">Mediterranean spotted fever<\/a> och andra rickettsioser och f\u00e4stingburna infektioner. Skydd mot myggor, sandmyggor, kvalster och f\u00e4stingar rekommenderas s\u00e5v\u00e4l dagtid som p\u00e5 natten.<\/p>\n\n\n\n<p>&nbsp;<a href=\"https:\/\/www.resemedicin.se\/friskparesan\/sjukdomar-och-vacciner\/mers\/\">Middle East Respiratory Syndrome (MERS)<\/a> f\u00f6rekommer fr\u00e4mst i Saudi-Arabien, men smitta har \u00e4ven f\u00f6rekommit i Bahrain, F\u00f6renade Arabemiraten, Iran, Jordanien, Libanon Oman, Qatar och Yemen. Smitta kan ske genom direkt eller indirekt kontakt med kameler.<\/p>\n\n\n\n<p><strong><a href=\"https:\/\/resemedicin.se\/friskparesan\/sjukdomar-och-vacciner\/sti\/\">Sexuellt \u00f6verf\u00f6rbara sjukdomar (STI)<\/a><\/strong>: Alla tillf\u00e4lliga sexuella f\u00f6rbindelser utg\u00f6r en risk, och kondomanv\u00e4ndning och \u201d<a href=\"https:\/\/www.resemedicin.se\/friskparesan\/reserad\/sexuell-halsa\">s\u00e4krare sex<\/a>\u201d \u00e4r d\u00e4rf\u00f6r viktigt vid alla tillf\u00e4lliga sexuella kontakter.<\/p>\n\n\n\n<p><a href=\"https:\/\/resemedicin.se\/friskparesan\/reserad\/nordafrika\/#sidtopp\">Till sidtoppen<\/a><\/p>\n\n\n\n<h3 class=\"wp-block-heading has-white-color has-text-color has-background has-link-color wp-elements-e41ffbf3e4d7f1dc42b8efef1abfc49a\" style=\"background-color:#2b7c08\">Allm\u00e4nna h\u00e4lsor\u00e5d under resan<\/h3>\n\n\n\n<div class=\"wp-block-columns is-layout-flex wp-container-core-columns-is-layout-9d6595d7 wp-block-columns-is-layout-flex\">\n<div class=\"wp-block-column is-layout-flow wp-block-column-is-layout-flow\">\n<p><a href=\"https:\/\/resemedicin.se\/friskparesan\/reserad\/diarrebehandling\/\">Diarr\u00e9behandling<\/a><\/p>\n\n\n\n<p><a href=\"https:\/\/www.resemedicin.se\/friskparesan\/reserad\/blodproppar\/\">Flygrelaterade tromboembolier<\/a><\/p>\n\n\n\n<p><a href=\"https:\/\/www.resemedicin.se\/friskparesan\/reserad\/hoga-hojder\/\">H\u00f6ga h\u00f6jder<\/a><\/p>\n\n\n\n<p><a href=\"https:\/\/www.resemedicin.se\/friskparesan\/reserad\/skydd-mot-insekter-och-fastingar\/\">Skydd mot myggor, f\u00e4stingar och andra leddjur<\/a><\/p>\n\n\n\n<p><a href=\"https:\/\/www.resemedicin.se\/friskparesan\/reserad\/jetlag\/\">Jet lag<\/a><\/p>\n\n\n\n<p><a href=\"https:\/\/www.resemedicin.se\/friskparesan\/reserad\/kyla\/\">Kyla och k\u00f6ldskador<\/a><\/p>\n\n\n\n<p><a href=\"https:\/\/www.resemedicin.se\/friskparesan\/reserad\/mat-och-dryck\/\">Mat och dryck<\/a><\/p>\n\n\n\n<p><a href=\"https:\/\/www.resemedicin.se\/friskparesan\/reserad\/psykisk-halsa\">Psykisk h\u00e4lsa<\/a><\/p>\n<\/div>\n\n\n\n<div class=\"wp-block-column is-layout-flow wp-block-column-is-layout-flow\">\n<p><a href=\"https:\/\/www.resemedicin.se\/friskparesan\/reserad\/vattenrening\/\">Rent vatten och vattenrening<\/a><\/p>\n\n\n\n<p><a href=\"https:\/\/www.resemedicin.se\/friskparesan\/reserad\/riskfyllda-djurkontakter\">Riskfyllda djurkontakter<\/a><\/p>\n\n\n\n<p><a href=\"https:\/\/www.resemedicin.se\/friskparesan\/reserad\/simma-och-dyka\/\">Simma och dyka<\/a><\/p>\n\n\n\n<p><a href=\"https:\/\/resemedicin.se\/friskparesan\/reserad\/solskydd\/\">Solskydd<\/a><\/p>\n\n\n\n<p><a href=\"https:\/\/www.resemedicin.se\/friskparesan\/reserad\/sexuell-halsa\">Sexuell h\u00e4lsa och s\u00e4krare sex<\/a><\/p>\n\n\n\n<p><a href=\"https:\/\/resemedicin.se\/friskparesan\/reserad\/trafik\/\">Trafiks\u00e4kerhet<\/a><\/p>\n\n\n\n<p><a href=\"https:\/\/resemedicin.se\/friskparesan\/reserad\/varme\/\">V\u00e4rme och v\u00e4rmeslag<\/a><\/p>\n\n\n\n<p><a href=\"https:\/\/www.resemedicin.se\/friskparesan\/reserad\/overlevnadsguide\">\u00d6versiktliga r\u00e5d A-\u00d6<\/a><\/p>\n<\/div>\n<\/div>\n\n\n\n<p><a href=\"https:\/\/resemedicin.se\/friskparesan\/reserad\/nordafrika\/#sidtopp\">Till sidtoppen<\/a><\/p>\n","protected":false},"excerpt":{"rendered":"<p>R\u00e5d till resen\u00e4rer L\u00e4nder som omfattas av dessa r\u00e5d Algeriet, Bahrain, Egypten, F\u00f6renade Arabemiraten, Irak, Iran, Israel, Jemen, Jordanien, Kuwait, Libanon, Libyen, Marocko, Oman, Palestina, Qatar, Saudi-Arabien, Syrien, Tunisien, V\u00e4stsahara Nedan f\u00f6ljer specifika r\u00e5d f\u00f6r resen\u00e4rer till denna region. Vaccinationer Vacciner som rekommenderas till alla resen\u00e4rer Grundskydd: Alla svenskar b\u00f6r ha skydd mot difteri,&nbsp;stelkramp,&nbsp;polio&nbsp;och&nbsp;m\u00e4ssling. En &hellip; <a href=\"https:\/\/resemedicin.se\/friskparesan\/reserad-2\/nordafrika\/\" class=\"more-link\">Forts\u00e4tt l\u00e4sa<span class=\"screen-reader-text\"> \u201dH\u00e4lsor\u00e5d och vaccinationer f\u00f6r Nordafrika och Mellan \u00d6stern\u201d<\/span><\/a><\/p>\n","protected":false},"author":1,"featured_media":0,"parent":11267,"menu_order":0,"comment_status":"open","ping_status":"closed","template":"","meta":{"footnotes":""},"class_list":["post-11335","page","type-page","status-publish","hentry"],"jetpack_sharing_enabled":true,"_links":{"self":[{"href":"https:\/\/resemedicin.se\/friskparesan\/wp-json\/wp\/v2\/pages\/11335","targetHints":{"allow":["GET"]}}],"collection":[{"href":"https:\/\/resemedicin.se\/friskparesan\/wp-json\/wp\/v2\/pages"}],"about":[{"href":"https:\/\/resemedicin.se\/friskparesan\/wp-json\/wp\/v2\/types\/page"}],"author":[{"embeddable":true,"href":"https:\/\/resemedicin.se\/friskparesan\/wp-json\/wp\/v2\/users\/1"}],"replies":[{"embeddable":true,"href":"https:\/\/resemedicin.se\/friskparesan\/wp-json\/wp\/v2\/comments?post=11335"}],"version-history":[{"count":17,"href":"https:\/\/resemedicin.se\/friskparesan\/wp-json\/wp\/v2\/pages\/11335\/revisions"}],"predecessor-version":[{"id":11998,"href":"https:\/\/resemedicin.se\/friskparesan\/wp-json\/wp\/v2\/pages\/11335\/revisions\/11998"}],"up":[{"embeddable":true,"href":"https:\/\/resemedicin.se\/friskparesan\/wp-json\/wp\/v2\/pages\/11267"}],"wp:attachment":[{"href":"https:\/\/resemedicin.se\/friskparesan\/wp-json\/wp\/v2\/media?parent=11335"}],"curies":[{"name":"wp","href":"https:\/\/api.w.org\/{rel}","templated":true}]}}