{"id":11334,"date":"2024-05-04T14:40:37","date_gmt":"2024-05-04T14:40:37","guid":{"rendered":"https:\/\/resemedicin.se\/reseradet\/?page_id=1888"},"modified":"2024-11-21T16:54:29","modified_gmt":"2024-11-21T15:54:29","slug":"sydost-och-ostasien","status":"publish","type":"page","link":"https:\/\/resemedicin.se\/friskparesan\/reserad-2\/sydost-och-ostasien\/","title":{"rendered":"H\u00e4lsor\u00e5d och vaccinationer f\u00f6r Sydost- och Ostasien"},"content":{"rendered":"\n<h3 class=\"wp-block-heading\" id=\"sidtopp\">R\u00e5d till resen\u00e4rer<\/h3>\n\n\n\n<figure class=\"wp-block-image size-full\"><img loading=\"lazy\" decoding=\"async\" width=\"1024\" height=\"342\" src=\"https:\/\/resemedicin.se\/friskparesan\/wp-content\/uploads\/2024\/11\/tempImagerr3BHg.jpg\" alt=\"\" class=\"wp-image-11928\" srcset=\"https:\/\/resemedicin.se\/friskparesan\/wp-content\/uploads\/2024\/11\/tempImagerr3BHg.jpg 1024w, https:\/\/resemedicin.se\/friskparesan\/wp-content\/uploads\/2024\/11\/tempImagerr3BHg-300x100.jpg 300w, https:\/\/resemedicin.se\/friskparesan\/wp-content\/uploads\/2024\/11\/tempImagerr3BHg-768x257.jpg 768w\" sizes=\"auto, (max-width: 709px) 85vw, (max-width: 909px) 67vw, (max-width: 1362px) 62vw, 840px\" \/><\/figure>\n\n\n\n<h3 class=\"wp-block-heading has-white-color has-text-color has-background has-link-color wp-elements-01fa8766c5e7fdc2d36bf7e612287393\" style=\"background-color:#2b7c08\">L\u00e4nder som omfattas av dessa r\u00e5d<\/h3>\n\n\n\n<p>Brunei, Filippinerna, Indonesien, Japan, Kambodja, Kina (med Hongkong och Macao), Laos, Malaysia, Mongoliet, Nordkorea, Singapore, Sydkorea, Taiwan, Thailand, Timor-Leste (f.d. \u00d6sttimor), Vietnam.<\/p>\n\n\n\n<p>Nedan f\u00f6ljer specifika r\u00e5d f\u00f6r resen\u00e4rer till denna region. Din vaccinationscentral kan ge dig uppdaterade detaljer kring sjukdomspanoramat i just det land du ska bes\u00f6ka.<\/p>\n\n\n\n<h3 class=\"wp-block-heading has-white-color has-text-color has-background has-link-color wp-elements-edcea6b51cf1ec4c70109f1bf6fa1805\" id=\"vaccinationer-och-malariaprofylax\" style=\"background-color:#2b7c08\">Vaccinationer<\/h3>\n\n\n\n<h5 class=\"wp-block-heading\">Vacciner som rekommenderas till alla resen\u00e4rer<\/h5>\n\n\n\n<p><strong>Grundskydd: <\/strong>Alla svenskar b\u00f6r ha skydd mot <strong><a href=\"https:\/\/www.resemedicin.se\/friskparesan\/sjukdomar-och-vacciner\/difteri\">difteri<\/a><\/strong>,&nbsp;<strong><a href=\"https:\/\/www.resemedicin.se\/friskparesan\/sjukdomar-och-vacciner\/stelkramp\">stelkramp<\/a><\/strong>,&nbsp;<strong><a href=\"https:\/\/www.resemedicin.se\/friskparesan\/sjukdomar-och-vacciner\/polio\">polio<\/a><\/strong>&nbsp;och&nbsp;<strong><a href=\"https:\/\/www.resemedicin.se\/friskparesan\/sjukdomar-och-vacciner\/massling\/\">m\u00e4ssling<\/a><\/strong>. En resa till landet \u00f6kar risken f\u00f6r <strong>m\u00e4ssling<\/strong>, och skydd mot <strong>stelkramp<\/strong> g\u00f6r att man slipper ta en dos vid skada under resan. <\/p>\n\n\n\n<p>Viss risk f\u00f6r <strong>polio<\/strong> i Indonesien. Resen\u00e4rer b\u00f6r d\u00e4rf\u00f6r ha minst 4 doser poliovaccin och en extra femte dos rekommenderas. Intyg om poliovaccination senaste 12 m\u00e5naderna kr\u00e4vs om man ska vistas i dessa l\u00e4nder mer \u00e4n 4 veckor. Utbrott av <strong>difteri<\/strong> har f\u00f6rekommit i Vietnam de senaste \u00e5ren.<\/p>\n\n\n\n<p><a href=\"https:\/\/www.resemedicin.se\/friskparesan\/sjukdomar-och-vacciner\/hepatit-a\/\"><strong>Hepatit A<\/strong><\/a>: Med undantag f\u00f6r Japan s\u00e5 \u00e4r risken f\u00f6r hepatit A f\u00f6rh\u00f6jd i dessa l\u00e4nder. Vaccination rekommenderas d\u00e4rf\u00f6r till samtliga resen\u00e4rer \u00f6ver 1 \u00e5rs \u00e5lder. Kombination med hepatit B-vaccination kan \u00f6verv\u00e4gas vid l\u00e5ngresor och upprepade resor.<\/p>\n\n\n\n<p>Ett bes\u00f6k p\u00e5 vaccinationsmottagning kan ocks\u00e5 vara ett bra tillf\u00e4lle att se \u00f6ver vaccinationer som rekommenderas \u00e4ven i Sverige.<\/p>\n\n\n\n<h5 class=\"wp-block-heading\">Vacciner som rekommenderas till vissa resen\u00e4rer<\/h5>\n\n\n\n<p>Nedanst\u00e5ende vacciner kan vara aktuella utifr\u00e5n exakt resm\u00e5l, hur l\u00e4nge du ska vara ute, om du tillh\u00f6r en s\u00e4rskild riskgrupp eller om du kan t\u00e4nkas vara s\u00e4rskilt riskutsatt. Ta kontakt med en vaccinationscentral i god tid f\u00f6re din resa f\u00f6r att diskutera just dina behov. Klicka ocks\u00e5 p\u00e5 l\u00e4nkarna f\u00f6r att se vad du kan g\u00f6ra mer f\u00f6r att skydda dig mot de olika infektionerna.<\/p>\n\n\n\n<p><strong><a href=\"https:\/\/www.resemedicin.se\/friskparesan\/sjukdomar-och-vacciner\/chikungunya\">Chikungunyafeber<\/a><\/strong> och <strong><a href=\"https:\/\/www.resemedicin.se\/friskparesan\/sjukdomar-och-vacciner\/dengue\">denguefeber<\/a><\/strong>: Smittspridning av dessa mygg\u00f6verf\u00f6rda virussjukdomar f\u00f6rekommer med undantag av Japan, Nordkorea och Mongoliet i hela regionen fr\u00e4mst under regnperioden, och utbrott kan f\u00f6rekomma (se under f\u00f6rekomst p\u00e5 sjukdomssidorna). Liksom f\u00f6r alla mygg\u00f6verf\u00f6rda sjukdomar \u00e4r det viktigt&nbsp;att <a href=\"https:\/\/resemedicin.se\/friskparesan\/reserad\/skydd-mot-insekter-och-fastingar\/\">undvika myggbett<\/a>&nbsp;&nbsp;i omr\u00e5den med smittrisk (framf\u00f6r allt under regnperioden).&nbsp;<a href=\"https:\/\/resemedicin.se\/friskparesan\/reserad\/skydd-mot-insekter-och-fastingar\/#aedes\"><em>Aedes<\/em>-myggorna<\/a>&nbsp;\u00e4r dagaktiva&nbsp;och sticker mest tidigt p\u00e5 morgonen och p\u00e5 kv\u00e4llen f\u00f6re skymningen. Vaccination kan vara aktuellt f\u00f6r vissa resen\u00e4rer som planerar l\u00e4ngre resor.<\/p>\n\n\n\n<p class=\"has-yellow-background-color has-background\">D\u00e5 risk f\u00f6r sv\u00e5rare sjukdom efter vaccination inte kan uteslutas hos personer som tidigare <span style=\"text-decoration: underline;\"><strong>inte<\/strong><\/span> haft dengue b\u00f6r vaccination av denna grupp endast ske vid l\u00e4ngre resor, d\u00e5 man bed\u00f6mer att nyttan \u00f6verstiger den potentiella risken. Se mer p\u00e5 sidan om <a href=\"https:\/\/www.resemedicin.se\/friskparesan\/sjukdomar-och-vacciner\/dengue\">denguefeber<\/a> och diskutera med din vaccinationsmottagning.<\/p>\n\n\n\n<p><strong><a href=\"https:\/\/www.resemedicin.se\/friskparesan\/sjukdomar-och-vacciner\/etec\">ETEC<\/a>:<\/strong> <a href=\"https:\/\/www.resemedicin.se\/friskparesan\/sjukdomar-och-vacciner\/diarre-oversikt\/\">Turistdiarr\u00e9<\/a> \u00e4r den vanligaste sjukdomen du kan r\u00e5ka ut f\u00f6r vid resa till den h\u00e4r regionen. Du kan f\u00e5 ett visst skydd mot diarr\u00e9 orsakad av vissa <a href=\"https:\/\/www.resemedicin.se\/friskparesan\/sjukdomar-och-vacciner\/etec\"><em>E.coli-bakterier<\/em> (ETEC)<\/a> med det orala koleravaccinet Dukoral\u00ae. Diarr\u00e9 kan emellertid orsakas av ett stort antal smitt\u00e4mnen s\u00e5 det \u00e4r viktigt att du f\u00f6ljer r\u00e5d om <a href=\"https:\/\/www.resemedicin.se\/friskparesan\/reserad\/mat-och-dryck\/\">mat och dryck<\/a> samt <a href=\"https:\/\/resemedicin.se\/friskparesan\/reserad\/vattenrening\/\">vattenrening<\/a> f\u00f6r att ytterligare minska din risk att insjukna.<\/p>\n\n\n\n<p><a href=\"https:\/\/www.resemedicin.se\/friskparesan\/sjukdomar-och-vacciner\/hepatit-b\"><strong>Hepatit B<\/strong><\/a>: Risken \u00e4r f\u00f6rh\u00f6jd i samtliga l\u00e4nder i regionen f\u00f6rutom Japan och smittrisken \u00f6kar ju l\u00e4ngre tid du befinner dig i landet. Vaccination kan vara aktuell vid l\u00e4ngre resa, s\u00e4rskilt om du kan t\u00e4nkas bli exponerad f\u00f6r blodsmitta eller sexuell smitta. T\u00e4nk p\u00e5 risken att r\u00e5ka ut f\u00f6r olyckor och beh\u00f6va s\u00f6ka sjukv\u00e5rd med d\u00e5lig hygienisk standard.<\/p>\n\n\n\n<p><strong><a href=\"https:\/\/resemedicin.se\/reseradet\/sjukdomar-och-vacciner\/japansk-encefalit\/\">Japansk encefalit<\/a><\/strong>: F\u00f6rekommer i varierande grad i hela regionen f\u00f6rutom i Hongkong, Macao och Mongoliet. Vaccin rekommenderas f\u00f6r dem som vistas mer \u00e4n 3 veckor p\u00e5 landsbygden i riskomr\u00e5den, s\u00e4rskilt i n\u00e4rheten av risodlingar eller andra bevattnade f\u00e4lt, s\u00e4rskilt om det finns grisfarmar i n\u00e4rheten. Vaccin kan ocks\u00e5 komma i fr\u00e5ga f\u00f6r resen\u00e4rer som kommer att g\u00f6ra upprepade resor eller bos\u00e4tta sig l\u00e4ngre tid oavsett milj\u00f6. Kan ocks\u00e5 \u00f6verv\u00e4gas till resen\u00e4rer som ska vistas p\u00e5 extremt isolerad landsbygd mindre \u00e4n 3 veckor. F\u00f6r Singapore, Nordkorea och Sydkorea \u00e4r risken s\u00e5 l\u00e5g att vaccination enbart \u00e4r motiverad f\u00f6r dem som ska utstationeras. Din vaccinationscentral kan ge mer information om risken p\u00e5 just ditt resm\u00e5l.<\/p>\n\n\n\n<p><strong><a href=\"https:\/\/www.resemedicin.se\/friskparesan\/sjukdomar-och-vacciner\/kolera\">Kolera<\/a>: <\/strong>Kolera har under den senaste 10-\u00e5rsperioden rapporterats fr\u00e5n Filippinerna, Indonesien, Kambodja, Kina, Laos och Timor-Leste, fr\u00e4mst i utsatta milj\u00f6er med d\u00e5lig tillg\u00e5ng till rent vatten och sanitet. Risken f\u00f6r resen\u00e4rer fr\u00e5n Europa att drabbas av kolera i dessa l\u00e4nder \u00e4r extremt l\u00e5g, \u00e4ven om sporadiska importfall f\u00f6rekommer. Vaccination som skydd mot kolera kan vara motiverat f\u00f6r bist\u00e5ndsarbetare och sjukv\u00e5rdspersonal i omr\u00e5den och milj\u00f6er med risk f\u00f6r ouppt\u00e4ckta fall, men \u00e4ven till resen\u00e4rer som ska bes\u00f6ka sl\u00e4kt och v\u00e4nner och bo under primitiva f\u00f6rh\u00e5llanden i drabbade omr\u00e5den. Vaccination kan ocks\u00e5 vara aktuell f\u00f6r resen\u00e4rer med h\u00e4lsotillst\u00e5nd som \u00f6kar risken f\u00f6r sv\u00e5r sjukdom.<\/p>\n\n\n\n<p><strong><a href=\"https:\/\/resemedicin.se\/friskparesan\/sjukdomar-och-vacciner\/meningokocker\/\">Meningokocksjukdom<\/a>: <\/strong>Vaccination kan i vissa fall vara aktuellt till ungdomar som under l\u00e4ngre tid ska arbeta eller studera i landet i n\u00e4ra kontakt med andra ungdomar (kortare tid vid internationella festivaler, l\u00e4ger, etc). Kan ocks\u00e5 rekommenderas till backpackers som kommer att bo i primitiva och tr\u00e5ngbodda hostels.<\/p>\n\n\n\n<p><strong><a href=\"https:\/\/www.resemedicin.se\/friskparesan\/sjukdomar-och-vacciner\/rabies\">Rabies<\/a>:<\/strong> Ingen rabies hos landlevande djur i Japan och Singapore. I Brunei, Hongkong och Taiwan f\u00f6rekommer rabies hos vilda djur, men inte hos tamdjur. I \u00f6vriga l\u00e4nder kan lokala hundar men \u00e4ven andra tama och vilda djur vara smittade med rabies. Om du blir biten eller f\u00e5r djursaliv p\u00e5 huden (s\u00e4rskilt om du har eksem eller sm\u00e5s\u00e5r) ska du omedelbart s\u00f6ka sjukv\u00e5rd d\u00e5 man kan vaccineras \u00e4ven efter att man blivit smittad. I vissa l\u00e4nder kan tillg\u00e5ngen till rabiesvaccin vara os\u00e4ker, inte minst p\u00e5 isolerad landsbygd. Vid resa dit kan det d\u00e4rf\u00f6r vara aktuellt att vaccinera sig inf\u00f6r resan. Din vaccinationscentral har uppdaterad information om dessa l\u00e4nder och omr\u00e5den. Vaccination kan ocks\u00e5 vara aktuell f\u00f6r sm\u00e5 barn inf\u00f6r l\u00e4ngre resa och till personer med riskyrken, t.ex. veterin\u00e4rer.<\/p>\n\n\n\n<p><a href=\"https:\/\/www.resemedicin.se\/friskparesan\/sjukdomar-och-vacciner\/tbe\"><strong>TBE<\/strong><\/a>: Den allvarligare Fj\u00e4rran \u00d6stern-varianten av TBE f\u00f6rekommer i Mongoliet och p\u00e5 \u00f6ar i norra Japan. Vaccin rekommenderas resen\u00e4rer som vistas regelbundet i skog och mark i riskomr\u00e5den under perioden maj-september.<\/p>\n\n\n\n<p><strong><a href=\"https:\/\/www.resemedicin.se\/friskparesan\/sjukdomar-och-vacciner\/tuberkulos\">Tuberkulos (BCG)<\/a>:<\/strong> Hongkong, Japan, Macao, Sydkorea och Taiwan r\u00e4knas inte som riskl\u00e4nder f\u00f6r tuberkulos. I \u00f6vriga l\u00e4nder \u00e4r tuberkulos en utbredd sjukdom. Vaccination kan vara aktuell f\u00f6r barn vid l\u00e4ngre vistelse, s\u00e4rskilt om man ska vistas n\u00e4r lokalbefolkningen, samt till tidigare ovaccinerad sjukv\u00e5rdspersonal och bist\u00e5ndsarbetare som kan komma ha direktkontakt med tuberkulossjuka personer. \u00d6vriga vuxna har ingen s\u00e4ker nytta av vaccinet.<\/p>\n\n\n\n<p><a href=\"https:\/\/www.resemedicin.se\/friskparesan\/sjukdomar-och-vacciner\/tyfoid\"><strong>Tyfoidfeber<\/strong><\/a>: Kan vara aktuell vid l\u00e4ngre vistelse i regionen, framf\u00f6r allt om du kommer att vistas n\u00e4ra lokalbefolkning i fattigare omr\u00e5den och lever primitivt. F\u00f6r gravida kvinnor, personer med nedsatt immunf\u00f6rsvar och andra kroniska sjukdomar kan vaccination vara motiverad \u00e4ven vid kortare resor. Diskutera med din vaccinationsmottagning.<\/p>\n\n\n\n<p><a href=\"https:\/\/resemedicin.se\/friskparesan\/reserad\/sydost-och-ostasien\/#sidtopp\">Till sidtoppen<\/a><\/p>\n\n\n\n<h3 class=\"wp-block-heading has-white-color has-text-color has-background has-link-color wp-elements-526e805fa252a97b4581cf7da2df5b35\" id=\"andra-infektioner\" style=\"background-color:#2b7c08\">Andra infektioner att vara observant p\u00e5<\/h3>\n\n\n\n<p><a href=\"https:\/\/resemedicin.se\/friskparesan\/sjukdomar-och-vacciner\/malaria\/\"><strong>Malaria<\/strong><\/a>: Japan, Kina, Mongoliet, Singapore och Taiwan \u00e4r malariafria. I Brunei, Filippinerna, Nordkorea, Sydkorea och Timor-Leste \u00e4r risken s\u00e5 l\u00e5g att enbart <a href=\"https:\/\/resemedicin.se\/friskparesan\/reserad\/skydd-mot-insekter-och-fastingar\/\">myggskydd<\/a> \u00e4r tillr\u00e4ckligt i normalfallet. I \u00f6vriga l\u00e4nder kan l\u00e4kemedelsprofylax beh\u00f6vas i vissa omr\u00e5den och under vissa tider p\u00e5 \u00e5ret. Din vaccinationscentral kan r\u00e5da vad som g\u00e4ller f\u00f6r just din resa. Ta kontakt i god tid d\u00e5 du kan beh\u00f6va starta profylaxen innan avresan. <a href=\"https:\/\/resemedicin.se\/friskparesan\/graviditet-och-resa\/\">Gravida<\/a> b\u00f6r (av m\u00e5nga anledningar) <span style=\"text-decoration: underline;\">inte<\/span> \u00e5ka till malariaomr\u00e5den.<\/p>\n\n\n\n<p><strong><a href=\"https:\/\/www.resemedicin.se\/reseradet\/sjukdomar-och-vacciner\/zika\">Zikavirusinfektion<\/a>: <\/strong>Zikavirus f\u00f6rekommer eller har nyligen f\u00f6rekommit i Filippinerna, Indonesien, Kambodja, Laos, Malaysia, Singapore, Thailand och Vietnam. <a href=\"https:\/\/resemedicin.se\/reseradet\/reserad\/skydd-mot-insekter-och-fastingar\/\">Myggskydd<\/a> rekommenderas, s\u00e4rskilt om man vistas n\u00e4ra vattendrag och bevattnade f\u00e4lt.&nbsp;<a href=\"https:\/\/resemedicin.se\/reseradet\/reserad\/skydd-mot-insekter-och-fastingar\/#aedes\"><em>Aedes<\/em>-myggorna<\/a>&nbsp;\u00e4r&nbsp;<strong>dagaktiva<\/strong>&nbsp;och sticker mest tidigt p\u00e5 morgonen och p\u00e5 kv\u00e4llen f\u00f6re skymningen.<\/p>\n\n\n\n<p>Kvinnor som \u00e4r eller f\u00f6rs\u00f6ker bli gravida b\u00f6r  p.g.a. risk f\u00f6r fosterskador vid en eventuell infektion avst\u00e5 fr\u00e5n resa till omr\u00e5den med <a href=\"https:\/\/www.resemedicin.se\/reseradet\/sjukdomar-och-vacciner\/zika\">zikavirus<\/a>. F\u00f6r gravida kvinnor som \u00e4nd\u00e5 v\u00e4ljer att resa \u00e4r myggskydd extra viktigt. \u00d6vriga kvinnor i fertil \u00e5lder b\u00f6r undvika oskyddat sex p\u00e5 resm\u00e5let och tv\u00e5 m\u00e5nader efter\u00e5t. M\u00e4n b\u00f6r undvika oskyddat sex p\u00e5 resm\u00e5let och tre m\u00e5nader efter\u00e5t. Gravida kvinnor, oavsett resa, b\u00f6r undvika oskyddat sex under hela graviditeten med en man som varit i ett riskland senaste tre m\u00e5naderna.<\/p>\n\n\n\n<p><strong>Andra mygg- och vektorburna infektioner: <\/strong><a href=\"https:\/\/www.resemedicin.se\/friskparesan\/sjukdomar-och-vacciner\/nilfeber\">Nilfeber (West Nile fever)<\/a> har rapporterats fr\u00e5n Malysia. <a href=\"https:\/\/resemedicin.se\/friskparesan\/sjukdomar-och-vacciner\/filariainfektioner\/#lymfatisk-filariasis\">Elefantsjuka (lymfatisk filariasis)<\/a> f\u00f6rekommer i regionens s\u00f6dra delar. <a href=\"https:\/\/www.resemedicin.se\/friskparesan\/sjukdomar-och-vacciner\/leishmaniasis\">Leishmaniasis<\/a> har rapporterats fr\u00e5n Kina och Thailand.&nbsp;<a href=\"https:\/\/resemedicin.se\/friskparesan\/sjukdomar-och-vacciner\/rickettsioser\/#scrub-typhus\">Kvalsterburen fl\u00e4cktyfus (scrub typhus)<\/a> och andra <a href=\"https:\/\/resemedicin.se\/friskparesan\/sjukdomar-och-vacciner\/rickettsioser\/\">rickettsioser<\/a> och f\u00e4stingburna infektioner kan f\u00f6rekomma lokalt i de flesta av l\u00e4nderna i regionen (se sjukdomssidorna. <a href=\"https:\/\/resemedicin.se\/friskparesan\/reserad\/skydd-mot-insekter-och-fastingar\/\">Skydd mot myggor, sandmyggor, kvalster och f\u00e4stingar<\/a> rekommenderas s\u00e5v\u00e4l dagtid som p\u00e5 natten.<\/p>\n\n\n\n<p><strong><a href=\"https:\/\/resemedicin.se\/friskparesan\/sjukdomar-och-vacciner\/sti\/\">Sexuellt \u00f6verf\u00f6rbara sjukdomar (STI)<\/a><\/strong>: Prostitution \u00e4r utbredd i Asien och olika k\u00f6nssjukdomar \u00e4r \u00e4ven i befolkningen mycket vanligare \u00e4n i Sverige. Alla tillf\u00e4lliga sexuella f\u00f6rbindelser utg\u00f6r en risk, och kondomanv\u00e4ndning och \u201d<a href=\"https:\/\/www.resemedicin.se\/friskparesan\/reserad\/sexuell-halsa\">s\u00e4krare sex<\/a>\u201d \u00e4r d\u00e4rf\u00f6r viktigt vid alla tillf\u00e4lliga sexuella kontakter.<\/p>\n\n\n\n<p>F\u00f6rekomsten av<strong>&nbsp;<a href=\"https:\/\/resemedicin.se\/reseradet\/sjukdomar-och-vacciner\/hakmaskar\/\">hakmaskar<\/a><\/strong> \u00e4r utbredd i hela Asien. Du b\u00f6r undvika att g\u00e5 barfota p\u00e5 landsbygden d\u00e4r mark kan ha f\u00f6rorenats av m\u00e4nsklig avf\u00f6ring.&nbsp;<\/p>\n\n\n\n<p>F\u00f6r att inte smittas med&nbsp;<a href=\"https:\/\/www.resemedicin.se\/reseradet\/sjukdomar-och-vacciner\/leptospiros\/\"><strong>leptospiros<\/strong><\/a>&nbsp;och&nbsp;<a href=\"https:\/\/resemedicin.se\/reseradet\/sjukdomar-och-vacciner\/melioidos\/\"><strong>melioidos<\/strong><\/a>&nbsp;b\u00f6r du undvika direktkontakt med jord och vatten i sj\u00f6ar och vatten drag (framf\u00f6r allt efter stora regn) samt t\u00e4cka s\u00e5r med vattent\u00e4ta f\u00f6rband. Om du har varit i s\u00e5dan kontakt b\u00f6r du skyndsamt s\u00f6ka sjukv\u00e5rd om du inom 30 dagar insjuknar med feber.&nbsp;<a href=\"https:\/\/resemedicin.se\/friskparesan\/sjukdomar-och-vacciner\/schistosomiasis\/\">Sn\u00e4ckfeber<\/a> (schistosomiasis) kan f\u00f6rekomma lokalt i sj\u00f6ar och vattendrag i Filippinerna, Indonsesien, Kambodja, Kina och Laos. Du b\u00f6r \u00e4ven av denna anledning undvika att bada, vada eller tv\u00e4tta dig i s\u00e5dant vatten.<\/p>\n\n\n\n<p><a href=\"https:\/\/resemedicin.se\/friskparesan\/reserad\/sydost-och-ostasien\/#sidtopp\">Till sidtoppen<\/a><\/p>\n\n\n\n<h3 class=\"wp-block-heading has-white-color has-text-color has-background has-link-color wp-elements-e41ffbf3e4d7f1dc42b8efef1abfc49a\" style=\"background-color:#2b7c08\">Allm\u00e4nna h\u00e4lsor\u00e5d under resan<\/h3>\n\n\n\n<div class=\"wp-block-columns is-layout-flex wp-container-core-columns-is-layout-9d6595d7 wp-block-columns-is-layout-flex\">\n<div class=\"wp-block-column is-layout-flow wp-block-column-is-layout-flow\">\n<p><a href=\"https:\/\/resemedicin.se\/friskparesan\/reserad\/diarrebehandling\/\">Diarr\u00e9behandling<\/a><\/p>\n\n\n\n<p><a href=\"https:\/\/www.resemedicin.se\/friskparesan\/reserad\/blodproppar\/\">Flygrelaterade blodproppar<\/a><\/p>\n\n\n\n<p><a href=\"https:\/\/resemedicin.se\/friskparesan\/graviditet-och-resa\/\">Graviditet och resa<\/a><\/p>\n\n\n\n<p><a href=\"https:\/\/www.resemedicin.se\/friskparesan\/reserad\/hoga-hojder\/\">H\u00f6ga h\u00f6jder<\/a><\/p>\n\n\n\n<p><a href=\"https:\/\/www.resemedicin.se\/friskparesan\/reserad\/skydd-mot-insekter-och-fastingar\/\">Skydd mot myggor, f\u00e4stingar och andra sm\u00e5kryp<\/a><\/p>\n\n\n\n<p><a href=\"https:\/\/www.resemedicin.se\/friskparesan\/reserad\/jetlag\/\">Jet lag<\/a><\/p>\n\n\n\n<p><a href=\"https:\/\/www.resemedicin.se\/friskparesan\/reserad\/kyla\/\">Kyla och k\u00f6ldskador<\/a><\/p>\n\n\n\n<p><a href=\"https:\/\/www.resemedicin.se\/friskparesan\/reserad\/mat-och-dryck\/\">Mat och dryck<\/a><\/p>\n\n\n\n<p><a href=\"https:\/\/www.resemedicin.se\/friskparesan\/reserad\/psykisk-halsa\">Psykisk h\u00e4lsa<\/a><\/p>\n<\/div>\n\n\n\n<div class=\"wp-block-column is-layout-flow wp-block-column-is-layout-flow\">\n<p><a href=\"https:\/\/www.resemedicin.se\/friskparesan\/reserad\/vattenrening\/\">Rent vatten och vattenrening<\/a><\/p>\n\n\n\n<p><a href=\"https:\/\/www.resemedicin.se\/friskparesan\/reserad\/riskfyllda-djurkontakter\">Riskfyllda djurkontakter<\/a><\/p>\n\n\n\n<p><a href=\"https:\/\/www.resemedicin.se\/friskparesan\/reserad\/simma-och-dyka\/\">Simma och dyka<\/a><\/p>\n\n\n\n<p><a href=\"https:\/\/resemedicin.se\/friskparesan\/reserad\/solskydd\/\">Solskydd<\/a><\/p>\n\n\n\n<p><a href=\"https:\/\/www.resemedicin.se\/friskparesan\/reserad\/sexuell-halsa\">Sexuell h\u00e4lsa och s\u00e4krare sex<\/a><\/p>\n\n\n\n<p><a href=\"https:\/\/resemedicin.se\/friskparesan\/reserad\/trafik\/\">Trafiks\u00e4kerhet<\/a><\/p>\n\n\n\n<p><a href=\"https:\/\/resemedicin.se\/friskparesan\/reserad\/varme\/\">V\u00e4rme och v\u00e4rmeslag<\/a><\/p>\n\n\n\n<p><a href=\"https:\/\/www.resemedicin.se\/friskparesan\/reserad\/overlevnadsguide\">\u00d6versiktliga r\u00e5d A-\u00d6<\/a><\/p>\n<\/div>\n<\/div>\n\n\n\n<p><a href=\"https:\/\/resemedicin.se\/friskparesan\/reserad\/sydost-och-ostasien\/#sidtopp\">Till sidtoppen<\/a><\/p>\n\n\n\n<p><\/p>\n","protected":false},"excerpt":{"rendered":"<p>R\u00e5d till resen\u00e4rer L\u00e4nder som omfattas av dessa r\u00e5d Brunei, Filippinerna, Indonesien, Japan, Kambodja, Kina (med Hongkong och Macao), Laos, Malaysia, Mongoliet, Nordkorea, Singapore, Sydkorea, Taiwan, Thailand, Timor-Leste (f.d. \u00d6sttimor), Vietnam. Nedan f\u00f6ljer specifika r\u00e5d f\u00f6r resen\u00e4rer till denna region. Din vaccinationscentral kan ge dig uppdaterade detaljer kring sjukdomspanoramat i just det land du ska &hellip; <a href=\"https:\/\/resemedicin.se\/friskparesan\/reserad-2\/sydost-och-ostasien\/\" class=\"more-link\">Forts\u00e4tt l\u00e4sa<span class=\"screen-reader-text\"> \u201dH\u00e4lsor\u00e5d och vaccinationer f\u00f6r Sydost- och Ostasien\u201d<\/span><\/a><\/p>\n","protected":false},"author":1,"featured_media":0,"parent":11267,"menu_order":0,"comment_status":"closed","ping_status":"closed","template":"","meta":{"footnotes":""},"class_list":["post-11334","page","type-page","status-publish","hentry"],"jetpack_sharing_enabled":true,"_links":{"self":[{"href":"https:\/\/resemedicin.se\/friskparesan\/wp-json\/wp\/v2\/pages\/11334","targetHints":{"allow":["GET"]}}],"collection":[{"href":"https:\/\/resemedicin.se\/friskparesan\/wp-json\/wp\/v2\/pages"}],"about":[{"href":"https:\/\/resemedicin.se\/friskparesan\/wp-json\/wp\/v2\/types\/page"}],"author":[{"embeddable":true,"href":"https:\/\/resemedicin.se\/friskparesan\/wp-json\/wp\/v2\/users\/1"}],"replies":[{"embeddable":true,"href":"https:\/\/resemedicin.se\/friskparesan\/wp-json\/wp\/v2\/comments?post=11334"}],"version-history":[{"count":7,"href":"https:\/\/resemedicin.se\/friskparesan\/wp-json\/wp\/v2\/pages\/11334\/revisions"}],"predecessor-version":[{"id":12008,"href":"https:\/\/resemedicin.se\/friskparesan\/wp-json\/wp\/v2\/pages\/11334\/revisions\/12008"}],"up":[{"embeddable":true,"href":"https:\/\/resemedicin.se\/friskparesan\/wp-json\/wp\/v2\/pages\/11267"}],"wp:attachment":[{"href":"https:\/\/resemedicin.se\/friskparesan\/wp-json\/wp\/v2\/media?parent=11334"}],"curies":[{"name":"wp","href":"https:\/\/api.w.org\/{rel}","templated":true}]}}