{"id":11327,"date":"2024-05-01T09:57:18","date_gmt":"2024-05-01T08:57:18","guid":{"rendered":"https:\/\/www.friskparesan.se\/?page_id=1700"},"modified":"2024-11-17T22:25:15","modified_gmt":"2024-11-17T21:25:15","slug":"legionella","status":"publish","type":"page","link":"https:\/\/resemedicin.se\/friskparesan\/sjukdomar-och-vacciner\/legionella\/","title":{"rendered":"Legion\u00e4rssjuka (legionella)"},"content":{"rendered":"\n<h3 class=\"wp-block-heading\" id=\"sidtopp\">Information till resen\u00e4rer<\/h3>\n\n\n\n<figure class=\"wp-block-image size-full\"><img loading=\"lazy\" decoding=\"async\" width=\"1024\" height=\"575\" src=\"https:\/\/resemedicin.se\/friskparesan\/wp-content\/uploads\/2024\/08\/dimma.jpg\" alt=\"\" class=\"wp-image-4569\" srcset=\"https:\/\/resemedicin.se\/friskparesan\/wp-content\/uploads\/2024\/08\/dimma.jpg 1024w, https:\/\/resemedicin.se\/friskparesan\/wp-content\/uploads\/2024\/08\/dimma-300x168.jpg 300w, https:\/\/resemedicin.se\/friskparesan\/wp-content\/uploads\/2024\/08\/dimma-768x431.jpg 768w\" sizes=\"auto, (max-width: 709px) 85vw, (max-width: 909px) 67vw, (max-width: 1362px) 62vw, 840px\" \/><\/figure>\n\n\n\n<h3 class=\"wp-block-heading has-white-color has-text-color has-background has-link-color wp-elements-688360d30823481b88342ddb2694bb69\" id=\"smittamnet\" style=\"background-color:#2b7c08\">Smitt\u00e4mnet och smittv\u00e4gar<\/h3>\n\n\n\n<p>Legion\u00e4rssjuka orsakas av bakterien\u00a0<em>Legionella pneumophila<\/em>, som oftast leder till lunginflammation men \u00e4ven kan ge lindrigare sjukdom, s.k. Pontiac-feber. <em>Legionella<\/em>\u00a0finns naturligt i jord och s\u00f6tvatten och anv\u00e4nder frilevande am\u00f6bor som v\u00e4rd. N\u00e4r bakterierna kommer in i byggnaders vattenledningssystem via vattenk\u00e4llor kan de f\u00f6r\u00f6ka sig i stillast\u00e5ende vatten vid temperaturer mellan 25\u201340 \u00b0C.<\/p>\n\n\n\n<p>Bakterien trivs s\u00e4rskilt i varmvattenberedare, ackumulatorer och andra system d\u00e4r vattentemperaturen \u00e4r f\u00f6r l\u00e5g eller d\u00e4r biofilm och avlagringar bildas. Aerosoler fr\u00e5n f\u00f6rorenat vatten kan sprida bakterierna till m\u00e4nniskor via duschar, font\u00e4ner, bubbelbad eller luftkonditioneringssystem med vattenkyltorn. Smittan \u00f6verf\u00f6rs inte fr\u00e5n person till person.<\/p>\n\n\n\n<h3 class=\"wp-block-heading has-white-color has-text-color has-background has-link-color wp-elements-477b82d528e32d6c73f037cef1f4ea78\" id=\"symtom\" style=\"background-color:#2b7c08;text-transform:none\">Sjukdomsbild<\/h3>\n\n\n\n<p>Symtomen p\u00e5 legion\u00e4rssjuka upptr\u00e4der vanligtvis 2\u201310 dagar efter smitta. De b\u00f6rjar med influensaliknande symtom som h\u00f6g feber, frossa, tr\u00f6tthet, muskelv\u00e4rk och huvudv\u00e4rk. Buksm\u00e4rtor, diarr\u00e9 och illam\u00e5ende \u00e4r ocks\u00e5 vanliga. N\u00e4r lunginflammation utvecklas kan symtomen inkludera andningssv\u00e5righeter, hosta och br\u00f6stsm\u00e4rta. Vid sv\u00e5ra fall kan patienten drabbas av f\u00f6rvirring, blodig hosta och l\u00e5g puls i samband med febern.<\/p>\n\n\n\n<p>D\u00f6dligheten \u00e4r 10\u201315 % f\u00f6r sporadiska fall, men kan vara upp till 40 % hos \u00e4ldre, personer med nedsatt immunf\u00f6rsvar eller vid v\u00e5rdrelaterade infektioner.<\/p>\n\n\n\n<h3 class=\"wp-block-heading has-white-color has-text-color has-background has-link-color wp-elements-8f22b684ab5da41a8e65db1a2cba3bb1\" id=\"epidemiologi\" style=\"background-color:#2b7c08;text-transform:none\">F\u00f6rekomst och riskgrupper bland resen\u00e4rer<\/h3>\n\n\n\n<p>Legion\u00e4rssjuka f\u00f6rekommer \u00f6ver hela v\u00e4rlden, men den rapporterade f\u00f6rekomsten varierar beroende p\u00e5 kvaliteten p\u00e5 diagnostik och \u00f6vervakningssystem. I EU rapporterades 10 723 fall under 2021, med flest fall i Italien, Frankrike, Spanien och Tyskland. I Sverige rapporteras cirka 100\u2013200 fall per \u00e5r, varav en tredjedel \u00e4r relaterade till resor utomlands.<\/p>\n\n\n\n<p>Personer som l\u00f6per h\u00f6gre risk f\u00f6r sv\u00e5r legion\u00e4rssjuka inkluderar \u00e4ldre, r\u00f6kare, personer med diabetes eller kronisk obstruktiv lungsjukdom (KOL) samt individer med nedsatt immunf\u00f6rsvar.<\/p>\n\n\n\n<h3 class=\"wp-block-heading has-white-color has-text-color has-background has-link-color wp-elements-662727e07341dad94d64bcd6a03ae60b\" id=\"prevention\" style=\"background-color:#2b7c08\">Hur man skyddar sig<\/h3>\n\n\n\n<p>F\u00f6r att minska risken f\u00f6r legion\u00e4rssjuka \u00e4r det viktigt att uppr\u00e4tth\u00e5lla r\u00e4tt temperatur i vattenledningssystem, med minst 60 \u00b0C i varmvattenberedare och minst 50 \u00b0C vid tappst\u00e4llen. Resen\u00e4rer som tillh\u00f6r riskgrupper b\u00f6r undvika h\u00f6griskmilj\u00f6er som bubbelpooler och inte duscha i anl\u00e4ggningar d\u00e4r vattnet verkar vara d\u00e5ligt uppv\u00e4rmt.<\/p>\n","protected":false},"excerpt":{"rendered":"<p>Information till resen\u00e4rer Smitt\u00e4mnet och smittv\u00e4gar Legion\u00e4rssjuka orsakas av bakterien\u00a0Legionella pneumophila, som oftast leder till lunginflammation men \u00e4ven kan ge lindrigare sjukdom, s.k. Pontiac-feber. Legionella\u00a0finns naturligt i jord och s\u00f6tvatten och anv\u00e4nder frilevande am\u00f6bor som v\u00e4rd. N\u00e4r bakterierna kommer in i byggnaders vattenledningssystem via vattenk\u00e4llor kan de f\u00f6r\u00f6ka sig i stillast\u00e5ende vatten vid temperaturer mellan &hellip; <a href=\"https:\/\/resemedicin.se\/friskparesan\/sjukdomar-och-vacciner\/legionella\/\" class=\"more-link\">Forts\u00e4tt l\u00e4sa<span class=\"screen-reader-text\"> \u201dLegion\u00e4rssjuka (legionella)\u201d<\/span><\/a><\/p>\n","protected":false},"author":1,"featured_media":0,"parent":11269,"menu_order":0,"comment_status":"closed","ping_status":"closed","template":"","meta":{"footnotes":""},"class_list":["post-11327","page","type-page","status-publish","hentry"],"jetpack_sharing_enabled":true,"_links":{"self":[{"href":"https:\/\/resemedicin.se\/friskparesan\/wp-json\/wp\/v2\/pages\/11327","targetHints":{"allow":["GET"]}}],"collection":[{"href":"https:\/\/resemedicin.se\/friskparesan\/wp-json\/wp\/v2\/pages"}],"about":[{"href":"https:\/\/resemedicin.se\/friskparesan\/wp-json\/wp\/v2\/types\/page"}],"author":[{"embeddable":true,"href":"https:\/\/resemedicin.se\/friskparesan\/wp-json\/wp\/v2\/users\/1"}],"replies":[{"embeddable":true,"href":"https:\/\/resemedicin.se\/friskparesan\/wp-json\/wp\/v2\/comments?post=11327"}],"version-history":[{"count":2,"href":"https:\/\/resemedicin.se\/friskparesan\/wp-json\/wp\/v2\/pages\/11327\/revisions"}],"predecessor-version":[{"id":11820,"href":"https:\/\/resemedicin.se\/friskparesan\/wp-json\/wp\/v2\/pages\/11327\/revisions\/11820"}],"up":[{"embeddable":true,"href":"https:\/\/resemedicin.se\/friskparesan\/wp-json\/wp\/v2\/pages\/11269"}],"wp:attachment":[{"href":"https:\/\/resemedicin.se\/friskparesan\/wp-json\/wp\/v2\/media?parent=11327"}],"curies":[{"name":"wp","href":"https:\/\/api.w.org\/{rel}","templated":true}]}}