{"id":11326,"date":"2024-05-01T09:19:45","date_gmt":"2024-05-01T08:19:45","guid":{"rendered":"https:\/\/www.friskparesan.se\/?page_id=1689"},"modified":"2024-05-01T09:19:45","modified_gmt":"2024-05-01T08:19:45","slug":"hepatit-c","status":"publish","type":"page","link":"https:\/\/resemedicin.se\/friskparesan\/sjukdomar-och-vacciner\/hepatit-c\/","title":{"rendered":"Hepatit C"},"content":{"rendered":"\n<h3 class=\"wp-block-heading\" id=\"sidtopp\">Information till vaccinat\u00f6rer och reser\u00e5dgivare<\/h3>\n\n\n\n<figure class=\"wp-block-image size-full\"><img loading=\"lazy\" decoding=\"async\" width=\"1024\" height=\"576\" src=\"https:\/\/resemedicin.se\/friskparesan\/wp-content\/uploads\/2024\/08\/hepatit-c.jpg\" alt=\"\" class=\"wp-image-4768\" srcset=\"https:\/\/resemedicin.se\/friskparesan\/wp-content\/uploads\/2024\/08\/hepatit-c.jpg 1024w, https:\/\/resemedicin.se\/friskparesan\/wp-content\/uploads\/2024\/08\/hepatit-c-300x169.jpg 300w, https:\/\/resemedicin.se\/friskparesan\/wp-content\/uploads\/2024\/08\/hepatit-c-768x432.jpg 768w\" sizes=\"auto, (max-width: 709px) 85vw, (max-width: 909px) 67vw, (max-width: 1362px) 62vw, 840px\" \/><\/figure>\n\n\n\n<div class=\"wp-block-columns is-layout-flex wp-container-core-columns-is-layout-9d6595d7 wp-block-columns-is-layout-flex\">\n<div class=\"wp-block-column is-layout-flow wp-block-column-is-layout-flow\">\n<ul class=\"wp-block-list\">\n<li><a href=\"https:\/\/resemedicin.se\/reseradet\/sjukdomar-och-vacciner\/hepatit-c\/#smittamnet\">Smitt\u00e4mnet och smittv\u00e4gar<\/a><\/li>\n\n\n\n<li><a href=\"https:\/\/resemedicin.se\/reseradet\/sjukdomar-och-vacciner\/hepatit-c\/#symtom\">Symtom<\/a><\/li>\n\n\n\n<li><a href=\"https:\/\/resemedicin.se\/reseradet\/sjukdomar-och-vacciner\/hepatit-c\/#diagnostik\">Diagnostik och behandling<\/a><\/li>\n\n\n\n<li><a href=\"https:\/\/resemedicin.se\/reseradet\/sjukdomar-och-vacciner\/hepatit-c\/#epidemiologi\">Epidemiologi<\/a><\/li>\n<\/ul>\n<\/div>\n\n\n\n<div class=\"wp-block-column is-layout-flow wp-block-column-is-layout-flow\">\n<ul class=\"wp-block-list\">\n<li><a href=\"https:\/\/resemedicin.se\/reseradet\/sjukdomar-och-vacciner\/hepatit-c\/#riskgrupper\">Riskgrupper<\/a><\/li>\n\n\n\n<li><a href=\"https:\/\/resemedicin.se\/reseradet\/sjukdomar-och-vacciner\/hepatit-c\/#prevention\">Prevention<\/a><\/li>\n\n\n\n<li><a href=\"https:\/\/resemedicin.se\/reseradet\/sjukdomar-och-vacciner\/hepatit-c\/#utbrott\">Utbrott<\/a><\/li>\n<\/ul>\n<\/div>\n<\/div>\n\n\n\n<h3 class=\"wp-block-heading has-white-color has-text-color has-background has-link-color wp-elements-688360d30823481b88342ddb2694bb69\" id=\"smittamnet\" style=\"background-color:#2b7c08\">Smitt\u00e4mnet och smittv\u00e4gar<\/h3>\n\n\n\n<p>Hepatit C-virus (HCV) \u00e4r ett RNA-virus som orsakar hepatit C. Sju distinkta HCV-genotyper och 67 subtyper har identifierats, vars f\u00f6rdelning varierar geografiskt \u00f6ver hela v\u00e4rlden. HCV smittar vanligen via blod och blodprodukter i l\u00e4nder utan screening f\u00f6r HCV eller via kontaminerade injektionsn\u00e5lar och sprutor (vid intraven\u00f6st missbruk eller i sjukv\u00e5rden i resurssvaga l\u00e4nder). Andra, men mer ovanliga smittv\u00e4gar. \u00e4r sexuell kontakt, mor-barn-smitta perinatalt, tatueringar och akupunktur, vid tandv\u00e5rdsbehandling samt genom m\u00e4nskliga bett.<\/p>\n\n\n\n<p><a href=\"https:\/\/resemedicin.se\/reseradet\/sjukdomar-och-vacciner\/hepatit-c\/#sidtopp\">Till sidtoppen<\/a><\/p>\n\n\n\n<h3 class=\"wp-block-heading has-white-color has-text-color has-background has-link-color wp-elements-6e08b79ec9d7032d31d448c1decbe3f2\" id=\"symtom\" style=\"background-color:#2b7c08;text-transform:none\">Symtom<\/h3>\n\n\n\n<p>Inkubationstiden \u00e4r 2-26 (vanligen 4-12) veckor. Symtomen vid akut infektion inkluderar tr\u00f6tthet, illam\u00e5ende, buksm\u00e4rtor, ikterus med gulf\u00e4rgning av hud och \u00f6gonvitor samt m\u00f6rkf\u00e4rgade urin. Symtomen g\u00e5r inte att s\u00e4rskilja fr\u00e5n dem vid akut hepatit A och B, men \u00e4r ofta lindrigare. I m\u00e5nga fall \u00e4r den akuta infektionen symtomatisk.<\/p>\n\n\n\n<p>Cirka 20-30 av infektionerna l\u00e4ker ut spontant, men hos \u00f6vriga uppst\u00e5r en kronisk leverinfektion med leverp\u00e5verkan (f\u00f6rh\u00f6jda ALAT-v\u00e4rden) som kan vara tyst och utan symtom i decennier. Hos cirka 20% av patienterna med kronisk hepatit C ses efter 10-30 \u00e5r en symtomgivande levercirros som kan utvecklas till leversvikt eller orsaka levercancer (i 3-4% av cirrosfallen).<\/p>\n\n\n\n<p>I vissa fall utvecklas pl\u00f6tsligt en fulminant hepatit med akut leversvikt och h\u00f6g d\u00f6dlighet. Risken f\u00f6r detta f\u00f6refaller vara st\u00f6rst hos kroniska HCV-b\u00e4rare som ocks\u00e5 blir infekterade med hepatit A.<\/p>\n\n\n\n<p><a href=\"https:\/\/resemedicin.se\/reseradet\/sjukdomar-och-vacciner\/hepatit-c\/#sidtopp\">Till sidtoppen<\/a><\/p>\n\n\n\n<h3 class=\"wp-block-heading has-white-color has-text-color has-background has-link-color wp-elements-9903c8970c763ea1badf2b046eacf693\" id=\"diagnostik\" style=\"background-color:#2b7c08;text-transform:none\">Diagnostik och behandling<\/h3>\n\n\n\n<p>Serologi f\u00f6r p\u00e5visande av anti-HCV IgG med ELISA blir positivt &lt;2 veckor efter insjuknande, men l\u00e4ngre tid hos personer med nedsatt immunf\u00f6rsvar, inkl. dialyspatienter). D\u00e5 serologin inte kan s\u00e4rskilja mellan akut och kronisk infektion kompletteras vid med p\u00e5visande och kvantifiering av HCV-RNA med PCR. Genotypning utf\u00f6rs p\u00e5 kroniska hepatit C-fall.<\/p>\n\n\n\n<p>Behandling sker med en <a href=\"https:\/\/www.internetmedicin.se\/infektionssjukdomar\/hepatit-c-kronisk-behandling\" target=\"_blank\" rel=\"noreferrer noopener\">kombination av olika antivirala medel<\/a>.<\/p>\n\n\n\n<p><a href=\"https:\/\/resemedicin.se\/reseradet\/sjukdomar-och-vacciner\/hepatit-c\/#sidtopp\">Till sidtoppen<\/a><\/p>\n\n\n\n<h3 class=\"wp-block-heading has-white-color has-text-color has-background has-link-color wp-elements-641bd4f21eca545692ee4b931033defc\" id=\"epidemiologi\" style=\"background-color:#2b7c08;text-transform:none\">Epidemiologi<\/h3>\n\n\n\n<p>Hepatit C f\u00f6rekommer \u00f6ver hela v\u00e4rlden men med kraftigt varierande prevalens. Globalt ber\u00e4knas >60 miljoner m\u00e4nniskor vara kroniska HCV-b\u00e4rare. \u00d6verf\u00f6ring sker under hela \u00e5ret i alla klimat, utan n\u00e5got m\u00e4rkbart s\u00e4songsm\u00f6nster. Prevalensen \u00e4r &lt;1% i de flesta utvecklade l\u00e4nder men \u00e4r betydligt h\u00f6gre i vissa l\u00e4nder i \u00d6steuropa (inklusive Ryssland och flertalet f.d. Sovjetrepubliker),  Ost- och Sydasien, Afrika s\u00f6der om Sahara och v\u00e4stra delen <\/p>\n\n\n\n<p>TripPrep: HCV-infektion f\u00f6rekommer \u00f6ver hela v\u00e4rlden, men prevalensen \u00e4r mycket l\u00e5g i den allm\u00e4nna befolkningen. H\u00f6gre frekvenser f\u00f6rekommer i Central- och \u00d6stasien, Nordafrika och Mellan\u00f6stern och delar av Syd- och Mellanamerika (se karta nedan).<\/p>\n\n\n\n<figure class=\"wp-block-image size-large\"><img loading=\"lazy\" decoding=\"async\" width=\"1024\" height=\"536\" src=\"https:\/\/resemedicin.se\/friskparesan\/wp-content\/uploads\/2024\/08\/hepatit-c-karta-1024x536.jpg\" alt=\"\" class=\"wp-image-4269\" srcset=\"https:\/\/resemedicin.se\/friskparesan\/wp-content\/uploads\/2024\/08\/hepatit-c-karta-1024x536.jpg 1024w, https:\/\/resemedicin.se\/friskparesan\/wp-content\/uploads\/2024\/08\/hepatit-c-karta-300x157.jpg 300w, https:\/\/resemedicin.se\/friskparesan\/wp-content\/uploads\/2024\/08\/hepatit-c-karta-768x402.jpg 768w, https:\/\/resemedicin.se\/friskparesan\/wp-content\/uploads\/2024\/08\/hepatit-c-karta-1200x628.jpg 1200w, https:\/\/resemedicin.se\/friskparesan\/wp-content\/uploads\/2024\/08\/hepatit-c-karta.jpg 1280w\" sizes=\"auto, (max-width: 709px) 85vw, (max-width: 909px) 67vw, (max-width: 1362px) 62vw, 840px\" \/><figcaption class=\"wp-element-caption\">Prevelens HCV-viremi 2019. K\u00e4lla: CDC<\/figcaption><\/figure>\n\n\n\n<p><a href=\"https:\/\/resemedicin.se\/reseradet\/sjukdomar-och-vacciner\/hepatit-c\/#sidtopp\">Till sidtoppen<\/a><\/p>\n\n\n\n<h3 class=\"wp-block-heading has-white-color has-text-color has-background has-link-color wp-elements-86f9f03cc4e6220a3c94aaa13ecfc056\" id=\"riskgrupper\" style=\"background-color:#2b7c08;text-transform:none\">Riskgrupper bland resen\u00e4rer<\/h3>\n\n\n\n<p>Risken \u00e4r generellt l\u00e5g f\u00f6r resen\u00e4rer men kan vara v\u00e4sentlig vid intraven\u00f6st missbruk, oskyddat sex  med ny partner, sjukv\u00e5rdskontakter under omst\u00e4ndigheter med underm\u00e5lig hygien (inklusive medicinsk turism och tandv\u00e5rd), akupunktur, tatueringar och piercing.<\/p>\n\n\n\n<p><a href=\"https:\/\/resemedicin.se\/reseradet\/sjukdomar-och-vacciner\/hepatit-c\/#sidtopp\">Till sidtoppen<\/a><\/p>\n\n\n\n<h3 class=\"wp-block-heading has-white-color has-text-color has-background has-link-color wp-elements-80faa63614e29d028712b84eac439cda\" id=\"prevention\" style=\"background-color:#2b7c08\">Prevention<\/h3>\n\n\n\n<p>HCV-infektion kan inte f\u00f6rebyggas med vaccination eller l\u00e4kemedel. Det finns inte heller n\u00e5gon etablerad post-expositionsprofylax f\u00f6r att f\u00f6rhindra smitta, enbart tidigt insatt behandling.<\/p>\n\n\n\n<p>Resen\u00e4rer kan minska risken f\u00f6r infektion genom att:<\/p>\n\n\n\n<ul class=\"wp-block-list\">\n<li>avh\u00e5lla sig fr\u00e5n sex med nya partners eller iaktta s\u00e4krare sex;<\/li>\n\n\n\n<li>vara medveten om riskerna vid medicinska ingrepp och tandv\u00e5rd i samband med resa och i s\u00e5 fall v\u00e4lja klinik med s\u00e4kra rutiner (kan dock vara sv\u00e5rt att utr\u00f6na fr\u00e5n Sverige);<\/li>\n\n\n\n<li>vid behov av akut sjukv\u00e5rd p\u00e5 resm\u00e5let f\u00f6rs\u00f6ka f\u00f6rs\u00e4kra sig om anv\u00e4ndning av steril utrustning och eng\u00e5ngsmaterial;<\/li>\n\n\n\n<li>\u00f6verv\u00e4ga att ta med sig egna sprutor, injektionskanyler och eng\u00e5ngsmaterial f\u00f6r sjukv\u00e5rd vid resa i l\u00e4nder d\u00e4r s\u00e5dana kanske inte \u00e4r tillg\u00e4ngliga;<\/li>\n\n\n\n<li>undvika m\u00f6jlig blodexponering (tatuering, piercing och akupunktur) om sterilitet inte kan garanteras;<\/li>\n\n\n\n<li>avst\u00e5 fr\u00e5n intraven\u00f6st missbruk.<\/li>\n<\/ul>\n\n\n\n<p>Resen\u00e4rer som haft en riskexponering under resa b\u00f6r kontakta sjukv\u00e5rd f\u00f6r uppf\u00f6ljning efter hemkomsten och omedelbart s\u00f6ka l\u00e4kare vid tecken p\u00e5 akut hepatit.<\/p>\n\n\n\n<p><a href=\"https:\/\/resemedicin.se\/reseradet\/sjukdomar-och-vacciner\/hepatit-c\/#sidtopp\">Till sidtoppen<\/a><\/p>\n\n\n\n<h3 class=\"wp-block-heading has-white-color has-text-color has-background has-link-color wp-elements-0aa0907c42e48b009c338e7e3afded40\" id=\"utbrott\" style=\"background-color:#2b7c08\">Utbrott<\/h3>\n\n\n\n<p>F.n. rapporteras inte n\u00e5gra mer omfattande smittutbrott av betydelse f\u00f6r r\u00e5dgivningen till resen\u00e4rer som ej t\u00e4cks av ovanst\u00e5ende information.<\/p>\n\n\n\n<p><a href=\"https:\/\/resemedicin.se\/reseradet\/sjukdomar-och-vacciner\/hepatit-c\/#sidtopp\">Till sidtoppen<\/a><\/p>\n","protected":false},"excerpt":{"rendered":"<p>Information till vaccinat\u00f6rer och reser\u00e5dgivare Smitt\u00e4mnet och smittv\u00e4gar Hepatit C-virus (HCV) \u00e4r ett RNA-virus som orsakar hepatit C. Sju distinkta HCV-genotyper och 67 subtyper har identifierats, vars f\u00f6rdelning varierar geografiskt \u00f6ver hela v\u00e4rlden. HCV smittar vanligen via blod och blodprodukter i l\u00e4nder utan screening f\u00f6r HCV eller via kontaminerade injektionsn\u00e5lar och sprutor (vid intraven\u00f6st missbruk &hellip; <a href=\"https:\/\/resemedicin.se\/friskparesan\/sjukdomar-och-vacciner\/hepatit-c\/\" class=\"more-link\">Forts\u00e4tt l\u00e4sa<span class=\"screen-reader-text\"> \u201dHepatit C\u201d<\/span><\/a><\/p>\n","protected":false},"author":1,"featured_media":0,"parent":11269,"menu_order":0,"comment_status":"open","ping_status":"closed","template":"","meta":{"footnotes":""},"class_list":["post-11326","page","type-page","status-publish","hentry"],"jetpack_sharing_enabled":true,"_links":{"self":[{"href":"https:\/\/resemedicin.se\/friskparesan\/wp-json\/wp\/v2\/pages\/11326","targetHints":{"allow":["GET"]}}],"collection":[{"href":"https:\/\/resemedicin.se\/friskparesan\/wp-json\/wp\/v2\/pages"}],"about":[{"href":"https:\/\/resemedicin.se\/friskparesan\/wp-json\/wp\/v2\/types\/page"}],"author":[{"embeddable":true,"href":"https:\/\/resemedicin.se\/friskparesan\/wp-json\/wp\/v2\/users\/1"}],"replies":[{"embeddable":true,"href":"https:\/\/resemedicin.se\/friskparesan\/wp-json\/wp\/v2\/comments?post=11326"}],"version-history":[{"count":0,"href":"https:\/\/resemedicin.se\/friskparesan\/wp-json\/wp\/v2\/pages\/11326\/revisions"}],"up":[{"embeddable":true,"href":"https:\/\/resemedicin.se\/friskparesan\/wp-json\/wp\/v2\/pages\/11269"}],"wp:attachment":[{"href":"https:\/\/resemedicin.se\/friskparesan\/wp-json\/wp\/v2\/media?parent=11326"}],"curies":[{"name":"wp","href":"https:\/\/api.w.org\/{rel}","templated":true}]}}