{"id":11324,"date":"2024-04-12T13:34:30","date_gmt":"2024-04-12T12:34:30","guid":{"rendered":"https:\/\/www.friskparesan.se\/?page_id=1120"},"modified":"2024-11-18T06:40:43","modified_gmt":"2024-11-18T05:40:43","slug":"mers","status":"publish","type":"page","link":"https:\/\/resemedicin.se\/friskparesan\/sjukdomar-och-vacciner\/mers\/","title":{"rendered":"Middle East Respiratory Syndrome (MERS)"},"content":{"rendered":"\n<h3 class=\"wp-block-heading\" id=\"sidtopp\">Information till resen\u00e4rer<\/h3>\n\n\n\n<figure class=\"wp-block-image size-full\"><img loading=\"lazy\" decoding=\"async\" width=\"1024\" height=\"608\" src=\"https:\/\/resemedicin.se\/friskparesan\/wp-content\/uploads\/2024\/08\/dromedarer.jpg\" alt=\"\" class=\"wp-image-4642\" srcset=\"https:\/\/resemedicin.se\/friskparesan\/wp-content\/uploads\/2024\/08\/dromedarer.jpg 1024w, https:\/\/resemedicin.se\/friskparesan\/wp-content\/uploads\/2024\/08\/dromedarer-300x178.jpg 300w, https:\/\/resemedicin.se\/friskparesan\/wp-content\/uploads\/2024\/08\/dromedarer-768x456.jpg 768w\" sizes=\"auto, (max-width: 709px) 85vw, (max-width: 909px) 67vw, (max-width: 1362px) 62vw, 840px\" \/><\/figure>\n\n\n\n<h3 class=\"wp-block-heading has-white-color has-text-color has-background has-link-color wp-elements-688360d30823481b88342ddb2694bb69\" id=\"smittamnet\" style=\"background-color:#2b7c08\">Smitt\u00e4mnet och smittv\u00e4gar<\/h3>\n\n\n\n<p>Middle East Respiratory Syndrome coronavirus (MERS-CoV) \u00e4r ett virus i coronavirusfamiljen som uppt\u00e4cktes f\u00f6rsta g\u00e5ngen 2012 i Saudiarabien. Viruset tros ha sitt ursprung i fladderm\u00f6ss men sprids till m\u00e4nniskor fr\u00e4mst genom kontakt med dromedarkameler, som fungerar som den huvudsakliga smittk\u00e4llan. MERS-CoV orsakar en allvarlig luftv\u00e4gsinfektion, k\u00e4nd som Middle East Respiratory Syndrome (MERS).<\/p>\n\n\n\n<p>Smittspridning mellan m\u00e4nniskor sker fr\u00e4mst vid n\u00e4ra kontakt, till exempel inom samma hush\u00e5ll eller i v\u00e5rdmilj\u00f6er. Detta har framf\u00f6r allt setts i samband med sena diagnoser hos sv\u00e5rt sjuka patienter, s\u00e4rskilt efter medicinska procedurer som genererar aerosoler. Smitta kan ocks\u00e5 ske via ytor som kontaminerats med viruset. Det finns inga s\u00e4kra bevis f\u00f6r att personer utan symtom kan sprida viruset.<\/p>\n\n\n\n<h3 class=\"wp-block-heading has-white-color has-text-color has-background has-link-color wp-elements-477b82d528e32d6c73f037cef1f4ea78\" id=\"symtom\" style=\"background-color:#2b7c08;text-transform:none\">Sjukdomsbild<\/h3>\n\n\n\n<p>Inkubationstiden fr\u00e5n smitta till symtom \u00e4r vanligtvis 5 dagar men kan vara mellan 2 och 13 dagar. Sjukdomen b\u00f6rjar ofta med feber, hosta och andningsbesv\u00e4r. Hos yngre och tidigare friska personer kan symtomen vara milda, men cirka h\u00e4lften av fallen utvecklar en allvarlig lunginflammation med andningssvikt och blodtrycksfall. Andra symtom som buksm\u00e4rtor, illam\u00e5ende, kr\u00e4kningar och diarr\u00e9 kan ocks\u00e5 f\u00f6rekomma.<\/p>\n\n\n\n<p>MERS har en h\u00f6g d\u00f6dlighet, cirka 35\u201340 % av de symtomatiska fallen. \u00c4ldre personer och de med kroniska sjukdomar som diabetes eller hj\u00e4rtsjukdom har en h\u00f6gre risk f\u00f6r allvarlig sjukdom och d\u00f6dsfall.<\/p>\n\n\n\n<h3 class=\"wp-block-heading has-white-color has-text-color has-background has-link-color wp-elements-8f22b684ab5da41a8e65db1a2cba3bb1\" id=\"epidemiologi\" style=\"background-color:#2b7c08;text-transform:none\">F\u00f6rekomst och riskgrupper bland resen\u00e4rer<\/h3>\n\n\n\n<p>MERS-CoV \u00e4r vanligt f\u00f6rekommande hos dromedarkameler i Mellan\u00f6stern, Afrika och Sydasien. Sedan 2012 har totalt 2 622 fall och 953 d\u00f6dsfall rapporterats globalt. De flesta fall har registrerats i Saudiarabien, men sjukdomen har \u00e4ven p\u00e5tr\u00e4ffats i andra l\u00e4nder i Mellan\u00f6stern, s\u00e5som Jordanien, F\u00f6renade Arabemiraten, Qatar och Oman.<\/p>\n\n\n\n<p>Exportfall har ocks\u00e5 rapporterats till Europa, Asien, Afrika och Nordamerika. De flesta av dessa fall har varit kopplade till smitta inom v\u00e5rdinr\u00e4ttningar eller direkt kontakt med kameler.<\/p>\n\n\n\n<figure class=\"wp-block-image size-full\"><img loading=\"lazy\" decoding=\"async\" width=\"1011\" height=\"751\" src=\"https:\/\/resemedicin.se\/friskparesan\/wp-content\/uploads\/2024\/08\/mersk-karta.jpg\" alt=\"\" class=\"wp-image-4651\" srcset=\"https:\/\/resemedicin.se\/friskparesan\/wp-content\/uploads\/2024\/08\/mersk-karta.jpg 1011w, https:\/\/resemedicin.se\/friskparesan\/wp-content\/uploads\/2024\/08\/mersk-karta-300x223.jpg 300w, https:\/\/resemedicin.se\/friskparesan\/wp-content\/uploads\/2024\/08\/mersk-karta-768x570.jpg 768w\" sizes=\"auto, (max-width: 709px) 85vw, (max-width: 909px) 67vw, (max-width: 1362px) 62vw, 840px\" \/><figcaption class=\"wp-element-caption\">Karta \u00f6ver l\u00e4nder endemiska f\u00f6r MERS, samt grannl\u00e4nder d\u00e4r f\u00f6rsiktighet \u00e4r tillr\u00e5dlig.<\/figcaption><\/figure>\n\n\n\n<p>Risken f\u00f6r MERS-CoV \u00e4r generellt l\u00e5g f\u00f6r resen\u00e4rer, men \u00f6kar i f\u00f6ljande situationer:<\/p>\n\n\n\n<ul class=\"wp-block-list\">\n<li>Kontakt med kameler eller deras kroppsv\u00e4tskor, till exempel vid utfodring, reng\u00f6ring eller slakt.<\/li>\n\n\n\n<li>Konsumtion av opast\u00f6riserad kamelmj\u00f6lk eller d\u00e5ligt tillagat kamelk\u00f6tt.<\/li>\n\n\n\n<li>V\u00e5rd av en person med bekr\u00e4ftad MERS-infektion.<\/li>\n\n\n\n<li>Bes\u00f6k p\u00e5 sjukhus eller v\u00e5rdinr\u00e4ttningar i drabbade omr\u00e5den.<\/li>\n\n\n\n<li>Underliggande sjukdomar som diabetes, lungsjukdomar eller nedsatt immunf\u00f6rsvar \u00f6kar risken f\u00f6r sv\u00e5rare sjukdom vid smitta.<\/li>\n<\/ul>\n\n\n\n<h3 class=\"wp-block-heading has-white-color has-text-color has-background has-link-color wp-elements-86f9f03cc4e6220a3c94aaa13ecfc056\" id=\"riskgrupper\" style=\"background-color:#2b7c08;text-transform:none\">Riskgrupper bland resen\u00e4rer<\/h3>\n\n\n\n<p>Risken att bli smittad \u00e4r generellt l\u00e5g f\u00f6r resen\u00e4rer men kan \u00f6ka i f\u00f6ljande fall:<\/p>\n\n\n\n<ul class=\"wp-block-list\">\n<li>Resa till omr\u00e5den d\u00e4r fall nyligen har rapporterats;<\/li>\n\n\n\n<li>Direkt eller indirekt kontakt med kameler (inklusive kadaver, kroppsv\u00e4tskor, sekret, urin, r\u00e5tt k\u00f6tt, kamelspillning) eller med personer som deltar i djurrelaterade aktiviteter (t.ex. utfodring, reng\u00f6ring, slakt, f\u00f6rlossning, mj\u00f6lkning)<\/li>\n\n\n\n<li>Kontakt med personer som har haft kontakt med kameler;<\/li>\n\n\n\n<li>Konsumtion av opast\u00f6riserad kamelmj\u00f6lk, kamelurin eller felaktigt tillagat k\u00f6tt<\/li>\n\n\n\n<li>N\u00e4ra kontakt med en person med diagnosen MERS-CoV (s\u00e4rskilt h\u00f6g risk)<\/li>\n\n\n\n<li>Slutenv\u00e5rds- eller \u00f6ppenv\u00e5rdsbes\u00f6k p\u00e5 v\u00e5rdinr\u00e4ttningar i ett drabbat omr\u00e5de<\/li>\n\n\n\n<li>Underliggande medicinskt tillst\u00e5nd (kroniska sjukdomar eller immunsuppression).<\/li>\n<\/ul>\n\n\n\n<p>Risken att f\u00e5 allvarligare sjukdom vid smitta \u00e4r f\u00f6rh\u00f6jd hos:<\/p>\n\n\n\n<ul class=\"wp-block-list\">\n<li>\u00c4ldre personer;<\/li>\n\n\n\n<li>Gravida kvinnor;<\/li>\n\n\n\n<li>R\u00f6kare;<\/li>\n\n\n\n<li>Personer med nedsatt immunf\u00f6rsvar.<\/li>\n<\/ul>\n\n\n\n<h3 class=\"wp-block-heading has-white-color has-text-color has-background has-link-color wp-elements-662727e07341dad94d64bcd6a03ae60b\" id=\"prevention\" style=\"background-color:#2b7c08\">Hur man skyddar sig<\/h3>\n\n\n\n<p>Om du \u00e5ker till drabbade l\u00e4nder, s\u00e4rskilt om du \u00e4r \u00e4ldre individer och eller har underliggande h\u00e4lsotillst\u00e5nd kan du skydda dig genom att:<\/p>\n\n\n\n<ul class=\"wp-block-list\">\n<li>undvika fysisk kontakt med kameler eller deras spillning;<\/li>\n\n\n\n<li>undvika konsumtion av opast\u00f6riserad kamelmj\u00f6lk eller d\u00e5ligt tillagat kamelk\u00f6tt;<\/li>\n\n\n\n<li>undvika kontakt med produkter som kan ha f\u00f6rorenats av kameler;<\/li>\n\n\n\n<li>tv\u00e4tta dig noga med tv\u00e5l och vatten efter bes\u00f6k p\u00e5 g\u00e5rdar eller marknadsomr\u00e5den;<\/li>\n\n\n\n<li>undvika personer som har haft kontakt med kameler om dessa \u00e4r sjuka med luftv\u00e4gssymtom.<\/li>\n<\/ul>\n\n\n\n<p><\/p>\n","protected":false},"excerpt":{"rendered":"<p>Information till resen\u00e4rer Smitt\u00e4mnet och smittv\u00e4gar Middle East Respiratory Syndrome coronavirus (MERS-CoV) \u00e4r ett virus i coronavirusfamiljen som uppt\u00e4cktes f\u00f6rsta g\u00e5ngen 2012 i Saudiarabien. Viruset tros ha sitt ursprung i fladderm\u00f6ss men sprids till m\u00e4nniskor fr\u00e4mst genom kontakt med dromedarkameler, som fungerar som den huvudsakliga smittk\u00e4llan. MERS-CoV orsakar en allvarlig luftv\u00e4gsinfektion, k\u00e4nd som Middle East &hellip; <a href=\"https:\/\/resemedicin.se\/friskparesan\/sjukdomar-och-vacciner\/mers\/\" class=\"more-link\">Forts\u00e4tt l\u00e4sa<span class=\"screen-reader-text\"> \u201dMiddle East Respiratory Syndrome (MERS)\u201d<\/span><\/a><\/p>\n","protected":false},"author":1,"featured_media":0,"parent":11269,"menu_order":0,"comment_status":"closed","ping_status":"closed","template":"","meta":{"footnotes":""},"class_list":["post-11324","page","type-page","status-publish","hentry"],"jetpack_sharing_enabled":true,"_links":{"self":[{"href":"https:\/\/resemedicin.se\/friskparesan\/wp-json\/wp\/v2\/pages\/11324","targetHints":{"allow":["GET"]}}],"collection":[{"href":"https:\/\/resemedicin.se\/friskparesan\/wp-json\/wp\/v2\/pages"}],"about":[{"href":"https:\/\/resemedicin.se\/friskparesan\/wp-json\/wp\/v2\/types\/page"}],"author":[{"embeddable":true,"href":"https:\/\/resemedicin.se\/friskparesan\/wp-json\/wp\/v2\/users\/1"}],"replies":[{"embeddable":true,"href":"https:\/\/resemedicin.se\/friskparesan\/wp-json\/wp\/v2\/comments?post=11324"}],"version-history":[{"count":2,"href":"https:\/\/resemedicin.se\/friskparesan\/wp-json\/wp\/v2\/pages\/11324\/revisions"}],"predecessor-version":[{"id":11830,"href":"https:\/\/resemedicin.se\/friskparesan\/wp-json\/wp\/v2\/pages\/11324\/revisions\/11830"}],"up":[{"embeddable":true,"href":"https:\/\/resemedicin.se\/friskparesan\/wp-json\/wp\/v2\/pages\/11269"}],"wp:attachment":[{"href":"https:\/\/resemedicin.se\/friskparesan\/wp-json\/wp\/v2\/media?parent=11324"}],"curies":[{"name":"wp","href":"https:\/\/api.w.org\/{rel}","templated":true}]}}