{"id":11320,"date":"2024-04-12T13:11:39","date_gmt":"2024-04-12T12:11:39","guid":{"rendered":"https:\/\/www.friskparesan.se\/?page_id=1103"},"modified":"2024-11-17T22:17:56","modified_gmt":"2024-11-17T21:17:56","slug":"lassafeber","status":"publish","type":"page","link":"https:\/\/resemedicin.se\/friskparesan\/sjukdomar-och-vacciner\/lassafeber\/","title":{"rendered":"Lassafeber"},"content":{"rendered":"\n<h3 class=\"wp-block-heading\" id=\"sidtopp\">Information till resen\u00e4rer<\/h3>\n\n\n\n<figure class=\"wp-block-image size-full\"><img loading=\"lazy\" decoding=\"async\" width=\"1024\" height=\"682\" src=\"https:\/\/resemedicin.se\/friskparesan\/wp-content\/uploads\/2024\/08\/lassafeber.jpg\" alt=\"\" class=\"wp-image-4542\" srcset=\"https:\/\/resemedicin.se\/friskparesan\/wp-content\/uploads\/2024\/08\/lassafeber.jpg 1024w, https:\/\/resemedicin.se\/friskparesan\/wp-content\/uploads\/2024\/08\/lassafeber-300x200.jpg 300w, https:\/\/resemedicin.se\/friskparesan\/wp-content\/uploads\/2024\/08\/lassafeber-768x512.jpg 768w\" sizes=\"auto, (max-width: 709px) 85vw, (max-width: 909px) 67vw, (max-width: 1362px) 62vw, 840px\" \/><\/figure>\n\n\n\n<h3 class=\"wp-block-heading has-white-color has-text-color has-background has-link-color wp-elements-cc49deb241cf6f3412897832487264c5\" id=\"oversikt\" style=\"background-color:#2b7c08\">Smitt\u00e4mne<\/h3>\n\n\n\n<p>Lassafeber \u00e4r en afrikansk bl\u00f6darfeber som orsakas av lassavirus, ett RNA-virus som tillh\u00f6r familjen Arenavirus. Dessa virus \u00e4r vanligtvis kopplade till r\u00e5ttor och m\u00f6ss och kan ibland smitta m\u00e4nniskor, vilket leder till bl\u00f6darfeber. <\/p>\n\n\n\n<p>Smitta sker n\u00e4r m\u00e4nniskor andas in damm som inneh\u00e5ller viruset fr\u00e5n gnagarnas urin eller avf\u00f6ring. Smitta kan ocks\u00e5 ske genom att f\u00f6rorenat material kommer i kontakt med slemhinnor eller huds\u00e5r. Detta intr\u00e4ffar ofta i lador, lagerlokaler eller jordbruksmilj\u00f6er d\u00e4r gnagare har s\u00f6kt skydd. Intag av mat som kontaminerats av gnagare \u00e4r en annan smittv\u00e4g. Lassafeber kan \u00e4ven spridas fr\u00e5n person till person genom direktkontakt med infekterade kroppsv\u00e4tskor, s\u00e4rskilt i v\u00e5rdmilj\u00f6er.<\/p>\n\n\n\n<p>Arenavirusfamiljen inkluderar \u00e4ven flera sydamerikanska virus som orsakar liknande bl\u00f6darfeber, bl.a. juninvirus (argentinsk hemorragisk feber), machupovirus (boliviansk hemorragisk feber), guanaritovirus (venezuelansk hemorragisk feber) sabi\u00e1virus (brasiliansk hemorragisk feber).<\/p>\n\n\n\n<h3 class=\"wp-block-heading has-white-color has-text-color has-background has-link-color wp-elements-334687065bb38b265a2416fbb4973ac1\" id=\"symtom\" style=\"background-color:#2b7c08\">Sjukdomsbild<\/h3>\n\n\n\n<p>Inkubationstiden (fr\u00e5n smitta till symtom) \u00e4r 7-21 dagar. 80% av infektionerna \u00e4r utan symtom. \u00d6vriga insjuknar med feber, p\u00e5verkat allm\u00e4ntillst\u00e5nd, huvudv\u00e4rk, kr\u00e4kningar och muskelsm\u00e4rtor. Hos 20% uppst\u00e5r bl\u00f6dningar fr\u00e5n mag-tarmkanalen och luftv\u00e4gar, andningsproblem och hypotension. D\u00f6dlighet \u00e4r cirka 1%. Ibland ses h\u00f6rselneds\u00e4ttning som restsymtom.<\/p>\n\n\n\n<h3 class=\"wp-block-heading has-white-color has-text-color has-background has-link-color wp-elements-389a1bab0b9682fa6de8bfe6b560566d\" id=\"epidemiologi\" style=\"background-color:#2b7c08;text-transform:none\">F\u00f6rekomst<\/h3>\n\n\n\n<p>Infektionen \u00e4r utbredd med utbrott i V\u00e4stafrika, fr\u00e4mst i Nigeria, Liberia, Sierra Leone och Guinea, med uppskattningsvis 300 000-500 000 fall per \u00e5r. Enstaka fall har rapporterats fr\u00e5n Demokratiska Republiken Kongo, Centralafrikanska Republiken, Mali, Burkina Faso, Elfenbenskusten, Ghana, Togo och Benin<\/p>\n\n\n\n<h3 class=\"wp-block-heading has-white-color has-text-color has-background has-link-color wp-elements-1f283d5321d31ca89e0134108d7b2698\" id=\"prevention\" style=\"background-color:#2b7c08\">Hur man undviker smitta<\/h3>\n\n\n\n<p>Resen\u00e4rer till endemiska omr\u00e5den i V\u00e4stafrika, inte minst vid l\u00e5ngtidsvistelse, b\u00f6r undvika all kontakt med r\u00e5ttor, inklusive l\u00e4gga undan mat i r\u00e5tts\u00e4kra beh\u00e5llare och h\u00e5lla hemmet rent, samt s\u00e4tta upp r\u00e5ttf\u00e4llor runt bostaden.<\/p>\n\n\n\n<p><\/p>\n","protected":false},"excerpt":{"rendered":"<p>Information till resen\u00e4rer Smitt\u00e4mne Lassafeber \u00e4r en afrikansk bl\u00f6darfeber som orsakas av lassavirus, ett RNA-virus som tillh\u00f6r familjen Arenavirus. Dessa virus \u00e4r vanligtvis kopplade till r\u00e5ttor och m\u00f6ss och kan ibland smitta m\u00e4nniskor, vilket leder till bl\u00f6darfeber. Smitta sker n\u00e4r m\u00e4nniskor andas in damm som inneh\u00e5ller viruset fr\u00e5n gnagarnas urin eller avf\u00f6ring. Smitta kan ocks\u00e5 &hellip; <a href=\"https:\/\/resemedicin.se\/friskparesan\/sjukdomar-och-vacciner\/lassafeber\/\" class=\"more-link\">Forts\u00e4tt l\u00e4sa<span class=\"screen-reader-text\"> \u201dLassafeber\u201d<\/span><\/a><\/p>\n","protected":false},"author":1,"featured_media":0,"parent":11269,"menu_order":0,"comment_status":"closed","ping_status":"closed","template":"","meta":{"footnotes":""},"class_list":["post-11320","page","type-page","status-publish","hentry"],"jetpack_sharing_enabled":true,"_links":{"self":[{"href":"https:\/\/resemedicin.se\/friskparesan\/wp-json\/wp\/v2\/pages\/11320","targetHints":{"allow":["GET"]}}],"collection":[{"href":"https:\/\/resemedicin.se\/friskparesan\/wp-json\/wp\/v2\/pages"}],"about":[{"href":"https:\/\/resemedicin.se\/friskparesan\/wp-json\/wp\/v2\/types\/page"}],"author":[{"embeddable":true,"href":"https:\/\/resemedicin.se\/friskparesan\/wp-json\/wp\/v2\/users\/1"}],"replies":[{"embeddable":true,"href":"https:\/\/resemedicin.se\/friskparesan\/wp-json\/wp\/v2\/comments?post=11320"}],"version-history":[{"count":3,"href":"https:\/\/resemedicin.se\/friskparesan\/wp-json\/wp\/v2\/pages\/11320\/revisions"}],"predecessor-version":[{"id":11818,"href":"https:\/\/resemedicin.se\/friskparesan\/wp-json\/wp\/v2\/pages\/11320\/revisions\/11818"}],"up":[{"embeddable":true,"href":"https:\/\/resemedicin.se\/friskparesan\/wp-json\/wp\/v2\/pages\/11269"}],"wp:attachment":[{"href":"https:\/\/resemedicin.se\/friskparesan\/wp-json\/wp\/v2\/media?parent=11320"}],"curies":[{"name":"wp","href":"https:\/\/api.w.org\/{rel}","templated":true}]}}