{"id":11315,"date":"2024-04-10T17:15:50","date_gmt":"2024-04-10T16:15:50","guid":{"rendered":"https:\/\/www.friskparesan.se\/?page_id=1011"},"modified":"2024-11-16T16:25:53","modified_gmt":"2024-11-16T15:25:53","slug":"zika","status":"publish","type":"page","link":"https:\/\/resemedicin.se\/friskparesan\/sjukdomar-och-vacciner\/zika\/","title":{"rendered":"Zikavirusinfektion"},"content":{"rendered":"\n<h3 class=\"wp-block-heading\" id=\"sidtopp\">Information till resen\u00e4rer<\/h3>\n\n\n\n<figure class=\"wp-block-image size-full\"><img loading=\"lazy\" decoding=\"async\" width=\"1024\" height=\"435\" src=\"https:\/\/resemedicin.se\/friskparesan\/wp-content\/uploads\/2024\/08\/ZIKV.jpg\" alt=\"\" class=\"wp-image-4434\" srcset=\"https:\/\/resemedicin.se\/friskparesan\/wp-content\/uploads\/2024\/08\/ZIKV.jpg 1024w, https:\/\/resemedicin.se\/friskparesan\/wp-content\/uploads\/2024\/08\/ZIKV-300x127.jpg 300w, https:\/\/resemedicin.se\/friskparesan\/wp-content\/uploads\/2024\/08\/ZIKV-768x326.jpg 768w\" sizes=\"auto, (max-width: 709px) 85vw, (max-width: 909px) 67vw, (max-width: 1362px) 62vw, 840px\" \/><\/figure>\n\n\n\n<h3 class=\"wp-block-heading has-white-color has-text-color has-background has-link-color wp-elements-688360d30823481b88342ddb2694bb69\" id=\"smittamnet\" style=\"background-color:#2b7c08\">Smitt\u00e4mnet och smittv\u00e4gar<\/h3>\n\n\n\n<p>Zikavirus (ZIKV) \u00e4r ett virus som tillh\u00f6r samma familj som denguevirus och West Nile-virus. Viruset uppt\u00e4cktes f\u00f6rst i Zika-skogen i Uganda 1947. Det sprids huvudsakligen via bett fr\u00e5n infekterade\u00a0<em>Aedes<\/em>-myggor, fr\u00e4mst\u00a0<em>Aedes aegypti<\/em>\u00a0och\u00a0<em>Aedes albopictus<\/em>. Dessa myggor \u00e4r aktiva dagtid, s\u00e4rskilt morgon och kv\u00e4ll.<\/p>\n\n\n\n<p>Viruset kan ocks\u00e5 \u00f6verf\u00f6ras sexuellt, fr\u00e5n m\u00e4nniska till m\u00e4nniska, \u00e4ven om smittan \u00e4r ovanlig. Sexuell smitta har beskrivits b\u00e5de f\u00f6re, under och efter genomg\u00e5ngen infektion, \u00e4ven n\u00e4r varken mannen eller kvinnan haft kliniska symtom av sin ZIKV-infektion.\u00a0<\/p>\n\n\n\n<p>Sexuell \u00f6verf\u00f6ring av ZIKV \u00e4r mycket mer sannolikt fr\u00e5n m\u00e4n till kvinnor \u00e4n fr\u00e5n kvinnor till m\u00e4n. Gravida kvinnor kan \u00f6verf\u00f6ra viruset till sina foster, vilket kan leda till allvarliga komplikationer med missbildningar och missfall. Andra ovanliga smittv\u00e4gar inkluderar laboratoriesmitta och blodtransfusion. Zikavirus finns i blodet i ungef\u00e4r tio dagar efter infektion, men viruset har \u00e4ven p\u00e5visats i s\u00e4desv\u00e4tska, urin och br\u00f6stmj\u00f6lk.<\/p>\n\n\n\n<h3 class=\"wp-block-heading has-white-color has-text-color has-background has-link-color wp-elements-477b82d528e32d6c73f037cef1f4ea78\" id=\"symtom\" style=\"background-color:#2b7c08;text-transform:none\">Sjukdomsbild<\/h3>\n\n\n\n<p>De flesta som smittas av ZIKV utvecklar inga symtom alls. Om symtom uppst\u00e5r sker detta vanligtvis 3\u201314 dagar efter smittotillf\u00e4llet. De vanligaste symtomen \u00e4r ett hudutslag, feber, huvudv\u00e4rk, muskelsm\u00e4rtor, ledv\u00e4rk, konjunktivit (r\u00f6da \u00f6gon) och allm\u00e4n tr\u00f6tthet. Sjukdomen \u00e4r oftast mild och varar i 4\u20137 dagar.<\/p>\n\n\n\n<p>I s\u00e4llsynta fall kan ZIKV-infektion orsaka Guillain-Barr\u00e9s syndrom (GBS), en sjukdom som leder till muskelsvaghet och ibland f\u00f6rlamning. Gravida kvinnor som smittas riskerar att fostret utvecklar allvarliga missbildningar, s\u00e5som mikrocefali (ett onormalt litet huvud) och andra skador p\u00e5 nervsystemet (zika-assocerat kongenitalt syndrom).<\/p>\n\n\n\n<figure class=\"wp-block-image size-full\"><img loading=\"lazy\" decoding=\"async\" width=\"1024\" height=\"576\" src=\"https:\/\/resemedicin.se\/friskparesan\/wp-content\/uploads\/2024\/08\/mikrocefali.jpg\" alt=\"\" class=\"wp-image-4432\" srcset=\"https:\/\/resemedicin.se\/friskparesan\/wp-content\/uploads\/2024\/08\/mikrocefali.jpg 1024w, https:\/\/resemedicin.se\/friskparesan\/wp-content\/uploads\/2024\/08\/mikrocefali-300x169.jpg 300w, https:\/\/resemedicin.se\/friskparesan\/wp-content\/uploads\/2024\/08\/mikrocefali-768x432.jpg 768w\" sizes=\"auto, (max-width: 709px) 85vw, (max-width: 909px) 67vw, (max-width: 1362px) 62vw, 840px\" \/><\/figure>\n\n\n\n<p>Om du har feber, hudutslag, ledv\u00e4rk eller konjunktivit inom tv\u00e5 veckor efter vistelse i ett omr\u00e5de d\u00e4r ZIKV f\u00f6rekommer, b\u00f6r du kontakta l\u00e4kare. Det finns ingen specifik behandling f\u00f6r ZIKV-infektion. Behandlingen inriktar sig p\u00e5 att lindra symtomen, till exempel genom att ta feberneds\u00e4ttande medel (inte acetylsalicylsyra eller NSAID p\u00e5 grund av bl\u00f6dningsrisken). Gravida kvinnor som misst\u00e4nks vara smittade b\u00f6r kontakta l\u00e4kare omedelbart f\u00f6r specialistbed\u00f6mning.<\/p>\n\n\n\n<h3 class=\"wp-block-heading has-white-color has-text-color has-background has-link-color wp-elements-efd19a53920d1a869e2bb5daa8849065\" id=\"epidemiologi\" style=\"background-color:#2b7c08;text-transform:none\">F\u00f6rekomst och riskgrupper<\/h3>\n\n\n\n<p>ZIKV f\u00f6rekommer i tropiska och subtropiska omr\u00e5den d\u00e4r\u00a0<em>Aedes<\/em>-myggor finns. Viruset har under de senaste decennierna spridit sig fr\u00e5n Afrika till Stillahavsomr\u00e5det och Amerika. St\u00f6rre utbrott har rapporterats i Sydamerika, Centralamerika och Karibien sedan 2015. Fall har ocks\u00e5 rapporterats i Sydostasien, inklusive Thailand och Indien.<\/p>\n\n\n\n<p>.<\/p>\n\n\n\n<figure class=\"wp-block-image size-large\"><img loading=\"lazy\" decoding=\"async\" width=\"1024\" height=\"569\" src=\"https:\/\/resemedicin.se\/friskparesan\/wp-content\/uploads\/2024\/08\/Zika-karta-1-1024x569.jpg\" alt=\"\" class=\"wp-image-4422\" srcset=\"https:\/\/resemedicin.se\/friskparesan\/wp-content\/uploads\/2024\/08\/Zika-karta-1-1024x569.jpg 1024w, https:\/\/resemedicin.se\/friskparesan\/wp-content\/uploads\/2024\/08\/Zika-karta-1-300x167.jpg 300w, https:\/\/resemedicin.se\/friskparesan\/wp-content\/uploads\/2024\/08\/Zika-karta-1-768x427.jpg 768w, https:\/\/resemedicin.se\/friskparesan\/wp-content\/uploads\/2024\/08\/Zika-karta-1-1536x854.jpg 1536w, https:\/\/resemedicin.se\/friskparesan\/wp-content\/uploads\/2024\/08\/Zika-karta-1-2048x1138.jpg 2048w, https:\/\/resemedicin.se\/friskparesan\/wp-content\/uploads\/2024\/08\/Zika-karta-1-1200x667.jpg 1200w\" sizes=\"auto, (max-width: 709px) 85vw, (max-width: 909px) 67vw, (max-width: 1362px) 62vw, 840px\" \/><figcaption class=\"wp-element-caption\">Utbredning av ZIKV-infektion (maj 2024). <strong>M\u00f6rklila<\/strong>=Land eller territorium som n\u00e5gonsin har rapporterat Zika-fall (tidigare eller nuvarande); <strong>Ljuslila<\/strong>=Omr\u00e5den med l\u00e5g sannolikhet f\u00f6r Zika-infektion p\u00e5 grund av h\u00f6g h\u00f6jd (\u00f6ver 2 000 meter); <strong>Gul<\/strong>=Land eller territorium med f\u00f6rekomst av <em>Aedes aegypti<\/em> men inga rapporterade Zika-fall. <strong>Gr\u00f6nt<\/strong>=Land eller territorium utan myggor som sprider Zika. K\u00e4lla: CDC.<\/figcaption><\/figure>\n\n\n\n<p>\u00c4ven om antalet fall har minskat sedan topp\u00e5ren 2015\u20132017, forts\u00e4tter viruset att spridas i mindre utbrott. Resen\u00e4rer som bes\u00f6ker omr\u00e5den d\u00e4r ZIKV rapporterats riskerar att smittas, s\u00e4rskilt under regnperioder n\u00e4r myggpopulationerna \u00e4r som st\u00f6rst.<\/p>\n\n\n\n<p>Alla resen\u00e4rer till omr\u00e5den d\u00e4r ZIKV f\u00f6rekommer l\u00f6per en viss risk att smittas. Gravida kvinnor l\u00f6per en s\u00e4rskild risk eftersom viruset kan orsaka allvarliga fosterskador. \u00c4ven personer som bor l\u00e4nge i drabbade omr\u00e5den eller vistas mycket utomhus l\u00f6per h\u00f6gre risk att bli smittade<\/p>\n\n\n\n<p>I icke-endemiska omr\u00e5den l\u00f6per sexpartners till infekterade m\u00e4n som \u00e5terv\u00e4nder fr\u00e5n drabbade omr\u00e5den en risk p\u00e5 cirka 1 % att bli infekterade vid oskyddat sex. <\/p>\n\n\n\n<h3 class=\"wp-block-heading has-white-color has-text-color has-background has-link-color wp-elements-662727e07341dad94d64bcd6a03ae60b\" id=\"prevention\" style=\"background-color:#2b7c08\">Hur man skyddar sig<\/h3>\n\n\n\n<p>F\u00f6r att undvika zikavirus b\u00f6r du skydda dig mot myggbett. Anv\u00e4nd myggmedel som inneh\u00e5ller DEET, t\u00e4ckande kl\u00e4der och sov under myggn\u00e4t, s\u00e4rskilt i omr\u00e5den utan luftkonditionering. Eftersom&nbsp;<em>Aedes<\/em>-myggor \u00e4r aktiva dagtid b\u00f6r du vara extra f\u00f6rsiktig under morgon och kv\u00e4ll.<\/p>\n\n\n\n<p>P.g.a. risk f\u00f6r fosterskador vid en eventuell infektion, b\u00f6r <strong>kvinnor som \u00e4r, eller f\u00f6rs\u00f6ker bli, gravida<\/strong> avst\u00e5 fr\u00e5n resa till omr\u00e5den med p\u00e5g\u00e5ende ZIKV-utbrott. F\u00f6r gravida kvinnor som \u00e4nd\u00e5 v\u00e4ljer att resa \u00e4r myggskydd extra viktigt. Gravida kvinnor, oavsett resa, b\u00f6r undvika oskyddat sex under hela graviditeten med en man som varit i ett riskland senaste tre m\u00e5naderna.<\/p>\n\n\n\n<p><strong>\u00d6vriga kvinnor i fertil \u00e5lder<\/strong> som reser till omr\u00e5den med risk f\u00f6r ZIKV-infektion b\u00f6r f\u00f6r att undvika graviditet inte ha oskyddat sex p\u00e5 resm\u00e5let och tv\u00e5 m\u00e5nader efter\u00e5t. <strong>M\u00e4n<\/strong> b\u00f6r av samma anledning undvika oskyddat sex p\u00e5 resm\u00e5let och tre m\u00e5nader d\u00e4refter. <\/p>\n\n\n\n<p><\/p>\n","protected":false},"excerpt":{"rendered":"<p>Information till resen\u00e4rer Smitt\u00e4mnet och smittv\u00e4gar Zikavirus (ZIKV) \u00e4r ett virus som tillh\u00f6r samma familj som denguevirus och West Nile-virus. Viruset uppt\u00e4cktes f\u00f6rst i Zika-skogen i Uganda 1947. Det sprids huvudsakligen via bett fr\u00e5n infekterade\u00a0Aedes-myggor, fr\u00e4mst\u00a0Aedes aegypti\u00a0och\u00a0Aedes albopictus. Dessa myggor \u00e4r aktiva dagtid, s\u00e4rskilt morgon och kv\u00e4ll. Viruset kan ocks\u00e5 \u00f6verf\u00f6ras sexuellt, fr\u00e5n m\u00e4nniska till &hellip; <a href=\"https:\/\/resemedicin.se\/friskparesan\/sjukdomar-och-vacciner\/zika\/\" class=\"more-link\">Forts\u00e4tt l\u00e4sa<span class=\"screen-reader-text\"> \u201dZikavirusinfektion\u201d<\/span><\/a><\/p>\n","protected":false},"author":1,"featured_media":0,"parent":11269,"menu_order":0,"comment_status":"closed","ping_status":"closed","template":"","meta":{"footnotes":""},"class_list":["post-11315","page","type-page","status-publish","hentry"],"jetpack_sharing_enabled":true,"_links":{"self":[{"href":"https:\/\/resemedicin.se\/friskparesan\/wp-json\/wp\/v2\/pages\/11315","targetHints":{"allow":["GET"]}}],"collection":[{"href":"https:\/\/resemedicin.se\/friskparesan\/wp-json\/wp\/v2\/pages"}],"about":[{"href":"https:\/\/resemedicin.se\/friskparesan\/wp-json\/wp\/v2\/types\/page"}],"author":[{"embeddable":true,"href":"https:\/\/resemedicin.se\/friskparesan\/wp-json\/wp\/v2\/users\/1"}],"replies":[{"embeddable":true,"href":"https:\/\/resemedicin.se\/friskparesan\/wp-json\/wp\/v2\/comments?post=11315"}],"version-history":[{"count":2,"href":"https:\/\/resemedicin.se\/friskparesan\/wp-json\/wp\/v2\/pages\/11315\/revisions"}],"predecessor-version":[{"id":11755,"href":"https:\/\/resemedicin.se\/friskparesan\/wp-json\/wp\/v2\/pages\/11315\/revisions\/11755"}],"up":[{"embeddable":true,"href":"https:\/\/resemedicin.se\/friskparesan\/wp-json\/wp\/v2\/pages\/11269"}],"wp:attachment":[{"href":"https:\/\/resemedicin.se\/friskparesan\/wp-json\/wp\/v2\/media?parent=11315"}],"curies":[{"name":"wp","href":"https:\/\/api.w.org\/{rel}","templated":true}]}}