{"id":11310,"date":"2024-04-10T15:54:32","date_gmt":"2024-04-10T14:54:32","guid":{"rendered":"https:\/\/www.friskparesan.se\/?page_id=999"},"modified":"2024-11-16T12:34:06","modified_gmt":"2024-11-16T11:34:06","slug":"nilfeber","status":"publish","type":"page","link":"https:\/\/resemedicin.se\/friskparesan\/sjukdomar-och-vacciner\/nilfeber\/","title":{"rendered":"Nilfeber (West Nile fever)"},"content":{"rendered":"\n<h3 class=\"wp-block-heading\" id=\"sidtopp\">Information till resen\u00e4rer<\/h3>\n\n\n\n<figure class=\"wp-block-image size-full\"><img loading=\"lazy\" decoding=\"async\" width=\"1024\" height=\"484\" src=\"https:\/\/resemedicin.se\/friskparesan\/wp-content\/uploads\/2024\/08\/wnv.jpg\" alt=\"\" class=\"wp-image-4366\" srcset=\"https:\/\/resemedicin.se\/friskparesan\/wp-content\/uploads\/2024\/08\/wnv.jpg 1024w, https:\/\/resemedicin.se\/friskparesan\/wp-content\/uploads\/2024\/08\/wnv-300x142.jpg 300w, https:\/\/resemedicin.se\/friskparesan\/wp-content\/uploads\/2024\/08\/wnv-768x363.jpg 768w\" sizes=\"auto, (max-width: 709px) 85vw, (max-width: 909px) 67vw, (max-width: 1362px) 62vw, 840px\" \/><\/figure>\n\n\n\n<h3 class=\"wp-block-heading has-white-color has-text-color has-background has-link-color wp-elements-688360d30823481b88342ddb2694bb69\" id=\"smittamnet\" style=\"background-color:#2b7c08\">Smitt\u00e4mnet och smittv\u00e4gar<\/h3>\n\n\n\n<p>Nilfeber (West Nile-fever) orsakas av West Nile-virus (WNV), ett virus som tillh\u00f6r samma familj, som dengue-, TBE-, gula feber- och Zika-virus ing\u00e5r. Viruset sprids mellan f\u00e5glar och <em>Culex<\/em>-myggor i en naturlig cykel. M\u00e4nniskor och h\u00e4star kan smittas av bett fr\u00e5n infekterade myggor men spelar ingen roll i virusets fortsatta spridning, vilket g\u00f6r oss till s\u00e5 kallade &#8221;dead-end hosts&#8221;.<\/p>\n\n\n\n<p>Andra smittv\u00e4gar inkluderar organtransplantation, blodtransfusion och i s\u00e4llsynta fall fr\u00e5n mor till barn under graviditet och amning. Yrkessmitta har ocks\u00e5 rapporterats, bland annat fr\u00e5n laboratoriearbete eller vid hantering av d\u00f6da f\u00e5glar. Viruset f\u00f6rekommer hos m\u00e5nga f\u00e5gelarter och \u00e4r s\u00e4rskilt d\u00f6dligt f\u00f6r rovf\u00e5glar och kr\u00e5kf\u00e5glar. Fall av sjukdom hos h\u00e4star kan vara en indikator p\u00e5 virusets spridning i ett omr\u00e5de.<\/p>\n\n\n\n<h3 class=\"wp-block-heading has-white-color has-text-color has-background has-link-color wp-elements-477b82d528e32d6c73f037cef1f4ea78\" id=\"symtom\" style=\"background-color:#2b7c08;text-transform:none\">Sjukdomsbild<\/h3>\n\n\n\n<p>De flesta som smittas av WNV, cirka 80 %, f\u00e5r inga symtom alls. Hos de som insjuknar upptr\u00e4der symtomen vanligtvis 2\u20136 dagar efter smitta, men inkubationstiden kan vara upp till 21 dagar. De f\u00f6rsta tecknen \u00e4r feber, huvudv\u00e4rk, muskelv\u00e4rk, illam\u00e5ende, tr\u00f6tthet och ibland utslag p\u00e5 b\u00e5len. Svullna lymfk\u00f6rtlar och \u00f6gonsm\u00e4rta kan ocks\u00e5 f\u00f6rekomma.<\/p>\n\n\n\n<p>F\u00e4rre \u00e4n 1 % utvecklar en allvarlig form av sjukdomen med hj\u00e4rninflammation (meningoencefalit). Detta kan ge h\u00f6g feber, nackstelhet, f\u00f6rvirring, kramper och ibland f\u00f6rlamning. Denna variant kan vara livshotande, s\u00e4rskilt f\u00f6r personer \u00f6ver 60 \u00e5r och de med underliggande sjukdomar som diabetes, hj\u00e4rtsjukdom eller cancer. De flesta \u00e5terh\u00e4mtar sig helt, men tr\u00f6tthet och svaghet kan vara i m\u00e5nader, och vissa kan f\u00e5 best\u00e5ende neurologiska problem.Diagnostik och behandling<\/p>\n\n\n\n<p>Det finns inte n\u00e5gon specifik antiviral behandling mot Nilfeber, utan omh\u00e4ndertagandet \u00e4r underst\u00f6djande med intensivv\u00e5rd vid behov.<\/p>\n\n\n\n<h3 class=\"wp-block-heading has-white-color has-text-color has-background has-link-color wp-elements-efd19a53920d1a869e2bb5daa8849065\" id=\"epidemiologi\" style=\"background-color:#2b7c08;text-transform:none\">F\u00f6rekomst och riskgrupper<\/h3>\n\n\n\n<p>Nilfeber \u00e4r den mygg\u00f6verf\u00f6rda virusinfektionen med st\u00f6rst geografisk spridning. Det f\u00f6rekommer i m\u00e5nga delar av v\u00e4rlden, inklusive Afrika, Mellan\u00f6stern, Asien, Australien, Oceanien samt Nord- och Centralamerika. I tropiska omr\u00e5den finns risken \u00e5ret runt, medan viruset i tempererade klimat, som Europa och Nordamerika, \u00e4r vanligast mellan juni och november, med en topp i juli\u2013september.<\/p>\n\n\n\n<p>I Europa har flest fall rapporterats fr\u00e5n Italien och Grekland, men fall f\u00f6rekommer ocks\u00e5 i bl.a. \u00d6sterrike, Ungern, Rum\u00e4nien och Spanien. I Nordamerika rapporteras fall \u00e5rligen fr\u00e5n USA och Kanada. I Afrika \u00e4r risken h\u00f6gst i fuktiga omr\u00e5den n\u00e4ra sj\u00f6ar och kuster.<\/p>\n\n\n\n<figure class=\"wp-block-image size-full\"><img loading=\"lazy\" decoding=\"async\" width=\"735\" height=\"432\" src=\"https:\/\/resemedicin.se\/friskparesan\/wp-content\/uploads\/2024\/08\/wnv-karta.jpg\" alt=\"\" class=\"wp-image-4363\" srcset=\"https:\/\/resemedicin.se\/friskparesan\/wp-content\/uploads\/2024\/08\/wnv-karta.jpg 735w, https:\/\/resemedicin.se\/friskparesan\/wp-content\/uploads\/2024\/08\/wnv-karta-300x176.jpg 300w\" sizes=\"auto, (max-width: 735px) 85vw, 735px\" \/><figcaption class=\"wp-element-caption\">Endemiska omr\u00e5den f\u00f6r Nilfeber (West Nile fever). Sporadiska fall f\u00f6rekommer s\u00e4songsvis utanf\u00f6r dessa omr\u00e5den.<\/figcaption><\/figure>\n\n\n\n<p>Alla som vistas i omr\u00e5den d\u00e4r WNV f\u00f6rekommer, s\u00e4rskilt under myggs\u00e4songen, kan smittas. \u00c4ldre personer och de med kroniska sjukdomar l\u00f6per st\u00f6rre risk f\u00f6r allvarlig sjukdom.<\/p>\n\n\n\n<h3 class=\"wp-block-heading has-white-color has-text-color has-background has-link-color wp-elements-662727e07341dad94d64bcd6a03ae60b\" id=\"prevention\" style=\"background-color:#2b7c08\">Hur man skyddar sig<\/h3>\n\n\n\n<p>Det b\u00e4sta skyddet mot WNV \u00e4r att undvika myggbett. Culex-myggor, som sprider viruset, \u00e4r mest aktiva tidigt p\u00e5 natten, s\u00e4rskilt mellan 22.00 och midnatt. F\u00f6lj dessa r\u00e5d f\u00f6r att minska risken f\u00f6r infektion:<\/p>\n\n\n\n<ul class=\"wp-block-list\">\n<li><strong>Anv\u00e4nd myggmedel<\/strong>: Applicera myggmedelp\u00e5 exponerad hud och kl\u00e4der.<\/li>\n\n\n\n<li><strong>B\u00e4r skyddande kl\u00e4der<\/strong>: Anv\u00e4nd l\u00e5ng\u00e4rmade tr\u00f6jor och l\u00e5ngbyxor, s\u00e4rskilt under kv\u00e4llar och n\u00e4tter.<\/li>\n\n\n\n<li><strong>Sov under myggn\u00e4t<\/strong>: S\u00e4kra myggn\u00e4t, g\u00e4rna impregnerade med insektsmedel, f\u00f6r anv\u00e4ndning vid sovplatsen.<\/li>\n\n\n\n<li><strong>Bo i myggfria rum<\/strong>: V\u00e4lj boenden med luftkonditionering eller f\u00f6nster och d\u00f6rrar med myggn\u00e4t.<\/li>\n\n\n\n<li><strong>Undvik d\u00f6da f\u00e5glar<\/strong>: Om du hanterar d\u00f6da f\u00e5glar, anv\u00e4nd handskar f\u00f6r att undvika eventuell kontakt med viruset.<\/li>\n<\/ul>\n","protected":false},"excerpt":{"rendered":"<p>Information till resen\u00e4rer Smitt\u00e4mnet och smittv\u00e4gar Nilfeber (West Nile-fever) orsakas av West Nile-virus (WNV), ett virus som tillh\u00f6r samma familj, som dengue-, TBE-, gula feber- och Zika-virus ing\u00e5r. Viruset sprids mellan f\u00e5glar och Culex-myggor i en naturlig cykel. M\u00e4nniskor och h\u00e4star kan smittas av bett fr\u00e5n infekterade myggor men spelar ingen roll i virusets fortsatta &hellip; <a href=\"https:\/\/resemedicin.se\/friskparesan\/sjukdomar-och-vacciner\/nilfeber\/\" class=\"more-link\">Forts\u00e4tt l\u00e4sa<span class=\"screen-reader-text\"> \u201dNilfeber (West Nile fever)\u201d<\/span><\/a><\/p>\n","protected":false},"author":1,"featured_media":0,"parent":11269,"menu_order":0,"comment_status":"closed","ping_status":"closed","template":"","meta":{"footnotes":""},"class_list":["post-11310","page","type-page","status-publish","hentry"],"jetpack_sharing_enabled":true,"_links":{"self":[{"href":"https:\/\/resemedicin.se\/friskparesan\/wp-json\/wp\/v2\/pages\/11310","targetHints":{"allow":["GET"]}}],"collection":[{"href":"https:\/\/resemedicin.se\/friskparesan\/wp-json\/wp\/v2\/pages"}],"about":[{"href":"https:\/\/resemedicin.se\/friskparesan\/wp-json\/wp\/v2\/types\/page"}],"author":[{"embeddable":true,"href":"https:\/\/resemedicin.se\/friskparesan\/wp-json\/wp\/v2\/users\/1"}],"replies":[{"embeddable":true,"href":"https:\/\/resemedicin.se\/friskparesan\/wp-json\/wp\/v2\/comments?post=11310"}],"version-history":[{"count":3,"href":"https:\/\/resemedicin.se\/friskparesan\/wp-json\/wp\/v2\/pages\/11310\/revisions"}],"predecessor-version":[{"id":11742,"href":"https:\/\/resemedicin.se\/friskparesan\/wp-json\/wp\/v2\/pages\/11310\/revisions\/11742"}],"up":[{"embeddable":true,"href":"https:\/\/resemedicin.se\/friskparesan\/wp-json\/wp\/v2\/pages\/11269"}],"wp:attachment":[{"href":"https:\/\/resemedicin.se\/friskparesan\/wp-json\/wp\/v2\/media?parent=11310"}],"curies":[{"name":"wp","href":"https:\/\/api.w.org\/{rel}","templated":true}]}}