{"id":11309,"date":"2024-04-10T15:53:31","date_gmt":"2024-04-10T14:53:31","guid":{"rendered":"https:\/\/www.friskparesan.se\/?page_id=996"},"modified":"2025-10-21T17:58:00","modified_gmt":"2025-10-21T16:58:00","slug":"bunyavirus","status":"publish","type":"page","link":"https:\/\/resemedicin.se\/friskparesan\/sjukdomar-och-vacciner\/bunyavirus\/","title":{"rendered":"Bunyavirus-bl\u00f6darfebrar"},"content":{"rendered":"\n<h3 class=\"wp-block-heading\" id=\"sidtopp\">Information till resen\u00e4rer<\/h3>\n\n\n\n<div class=\"wp-block-columns is-layout-flex wp-container-core-columns-is-layout-9d6595d7 wp-block-columns-is-layout-flex\" style=\"line-height:1.4\">\n<div class=\"wp-block-column is-layout-flow wp-block-column-is-layout-flow\">\n<p><a href=\"https:\/\/resemedicin.se\/friskparesan\/sjukdomar-och-vacciner\/bunyavirus\/#hantavirus\">Sorkfeber (hantavirus-bl\u00f6darfeber)<\/a><\/p>\n<\/div>\n\n\n\n<div class=\"wp-block-column is-layout-flow wp-block-column-is-layout-flow\">\n<p><a href=\"https:\/\/resemedicin.se\/friskparesan\/sjukdomar-och-vacciner\/bunyavirus\/#cchf\">Krim-Kongo-bl\u00f6darfeber<\/a><\/p>\n\n\n\n<p><\/p>\n<\/div>\n\n\n\n<div class=\"wp-block-column is-layout-flow wp-block-column-is-layout-flow\">\n<p><a href=\"https:\/\/resemedicin.se\/friskparesan\/sjukdomar-och-vacciner\/bunyavirus\/#rvf\">Rift Valley-feber<\/a><\/p>\n<\/div>\n<\/div>\n\n\n\n<h3 class=\"wp-block-heading has-white-color has-text-color has-background has-link-color wp-elements-f2a5344bb46da409e41f11489ecd4f08\" id=\"oversikt\" style=\"background-color:#2b7c08\">\u00d6versikt<\/h3>\n\n\n\n<p>Ett v\u00e4xande antal bunyavirus \u00e4r k\u00e4nda f\u00f6r att orsaka virusorsakad bl\u00f6darfeber, en allvarlig febersjukdom som kan utvecklas till chock och multiorgansvikt och k\u00e4nnetecknas av st\u00f6rningar i blodets levringsf\u00f6rm\u00e5ga. F\u00f6r n\u00e4rvarande finns det inga godk\u00e4nda vacciner eller antivirala terapier f\u00f6r att effektivt f\u00f6rebygga eller behandla bl\u00f6darfebrar orsakade av bunyavirus.<\/p>\n\n\n\n<p><a href=\"https:\/\/resemedicin.se\/reseradet\/sjukdomar-och-vacciner\/bunyavirus\/#sidtopp\">Till sidtoppen<\/a><\/p>\n\n\n\n<h3 class=\"wp-block-heading has-white-color has-text-color has-background has-link-color wp-elements-74a540ea80a42925841ad472ed4e3b3e\" id=\"hantavirus\" style=\"background-color:#2b7c08\">Sorkfeber (hantavirus-bl\u00f6darfeber)<\/h3>\n\n\n\n<figure class=\"wp-block-image size-large\"><img loading=\"lazy\" decoding=\"async\" width=\"1024\" height=\"410\" src=\"https:\/\/resemedicin.se\/friskparesan\/wp-content\/uploads\/2024\/08\/myodes-glareolus-1024x410.jpg\" alt=\"\" class=\"wp-image-4399\" srcset=\"https:\/\/resemedicin.se\/friskparesan\/wp-content\/uploads\/2024\/08\/myodes-glareolus-1024x410.jpg 1024w, https:\/\/resemedicin.se\/friskparesan\/wp-content\/uploads\/2024\/08\/myodes-glareolus-300x120.jpg 300w, https:\/\/resemedicin.se\/friskparesan\/wp-content\/uploads\/2024\/08\/myodes-glareolus-768x308.jpg 768w, https:\/\/resemedicin.se\/friskparesan\/wp-content\/uploads\/2024\/08\/myodes-glareolus.jpg 1048w\" sizes=\"auto, (max-width: 709px) 85vw, (max-width: 909px) 67vw, (max-width: 1362px) 62vw, 840px\" \/><figcaption class=\"wp-element-caption\">Skogssorken (<em>Myodes glareolus<\/em>), v\u00e4rddjur f\u00f6r sorkfeber (hantavirus-hemorragisk feber med renalt syndrom\/nefropatia epidemica). Foto: <a href=\"https:\/\/commons.wikimedia.org\/wiki\/File:Myodes-glareolus-roetelmaus-bank-vole_(cropped).jpg\" target=\"_blank\" rel=\"noreferrer noopener\">Wikimedia<\/a>.<\/figcaption><\/figure>\n\n\n\n<h5 class=\"wp-block-heading\"><strong>Smitt\u00e4mne och smitt\u00f6verf\u00f6ring:<\/strong> <\/h5>\n\n\n\n<p>Hantavirus \u00e4r en grupp virus som orsakar sjukdom hos m\u00e4nniskor och sprids genom kontakt med gnagares urin, avf\u00f6ring eller saliv. Virusen \u00f6verf\u00f6rs vanligtvis via inandning av damm som kontaminerats av gnagarurin. Det finns flera typer av hantavirus i Europa, varav&nbsp;<em>Puumala virus<\/em>&nbsp;\u00e4r vanligast och sprids via skogssorkar. <\/p>\n\n\n\n<p>Andra arter, som&nbsp;<em>Dobrava virus<\/em>, har skogsm\u00f6ss som v\u00e4rddjur och f\u00f6rekommer fr\u00e4mst i syd\u00f6stra Europa. Hantavirus kan inte spridas mellan m\u00e4nniskor eller via insektsbett, men i s\u00e4llsynta fall kan infektion ske genom gnagarbett.<\/p>\n\n\n\n<p>Risken f\u00f6r smitta \u00f6kar under h\u00f6sten n\u00e4r gnagare s\u00f6ker sig till uthus och f\u00f6rr\u00e5d, d\u00e4r m\u00e4nniskor kan komma i kontakt med viruset via damm.<\/p>\n\n\n\n<h5 class=\"wp-block-heading\">Sjukdomsbild<\/h5>\n\n\n\n<p>Hantavirusinfektion kan ge ett brett spektrum av symtom, fr\u00e5n milda till sv\u00e5ra. Inkubationstiden \u00e4r 2\u20133 veckor. Infektionen b\u00f6rjar ofta med pl\u00f6tslig feber, sv\u00e5r huvudv\u00e4rk och muskelv\u00e4rk, f\u00f6ljt av buksm\u00e4rtor och ibland bl\u00f6dningar. Njurp\u00e5verkan \u00e4r vanlig och kan leda till minskad urinproduktion (oliguri), som sedan \u00f6verg\u00e5r till \u00f6kad urinproduktion (polyuri) i \u00e5terh\u00e4mtningsfasen.<\/p>\n\n\n\n<p>Den variant som orsakas av&nbsp;<em>Puumala virus<\/em>&nbsp;\u00e4r mildare och kallas sorkfeber, med en d\u00f6dlighet p\u00e5 under 0,5 %.&nbsp;<em>Dobrava virus<\/em>, som f\u00f6rekommer i syd\u00f6stra Europa, orsakar en mer allvarlig form med h\u00f6gre d\u00f6dlighet. Allvarliga komplikationer, som njurp\u00e5verkan och f\u00f6rlamningar (Guillain-Barr\u00e9s syndrom) \u00e4r ovanliga men m\u00f6jliga.<\/p>\n\n\n\n<h5 class=\"wp-block-heading\"><strong>F\u00f6rekomst och riskfaktorer<\/strong><\/h5>\n\n\n\n<p>Hantavirus finns i stora delar av v\u00e4rlden, f\u00f6rutom i Australien och Oceanien. I Europa \u00e4r de vanligaste sjukdomsfallen kopplade till&nbsp;<em>Puumala virus<\/em>&nbsp;och f\u00f6rekommer fr\u00e4mst i Finland, Sverige, Belgien, Frankrike och Norge. Ryssland har flest rapporterade fall i Europa. Sorkfeber \u00e4r s\u00e4rskilt vanlig i norra Europa under \u00e5r med stora gnagarpopulationer, som kan \u00f6ka cykliskt beroende p\u00e5 tillg\u00e5ngen till f\u00f6da som ek- och bokollon.<\/p>\n\n\n\n<figure class=\"wp-block-image size-full\"><img loading=\"lazy\" decoding=\"async\" width=\"1024\" height=\"489\" src=\"https:\/\/resemedicin.se\/friskparesan\/wp-content\/uploads\/2024\/08\/hantavirus-karta.jpg\" alt=\"\" class=\"wp-image-4386\" srcset=\"https:\/\/resemedicin.se\/friskparesan\/wp-content\/uploads\/2024\/08\/hantavirus-karta.jpg 1024w, https:\/\/resemedicin.se\/friskparesan\/wp-content\/uploads\/2024\/08\/hantavirus-karta-300x143.jpg 300w, https:\/\/resemedicin.se\/friskparesan\/wp-content\/uploads\/2024\/08\/hantavirus-karta-768x367.jpg 768w\" sizes=\"auto, (max-width: 709px) 85vw, (max-width: 909px) 67vw, (max-width: 1362px) 62vw, 840px\" \/><figcaption class=\"wp-element-caption\">Geografisk distribution av olika arter av hantavirus.<\/figcaption><\/figure>\n\n\n\n<p>Den st\u00f6rsta risken \u00e4r exponering f\u00f6r gnagare och deras urin, s\u00e4rskilt i dammiga milj\u00f6er som f\u00f6rr\u00e5d, uthus eller jordbruksomr\u00e5den. Aktiviteter som jordbruk, skogsarbete och vistelse i skog och mark \u00f6kar risken, s\u00e4rskilt under \u00e5r med h\u00f6g gnagart\u00e4thet.<\/p>\n\n\n\n<h5 class=\"wp-block-heading\"><strong>Hur man skyddar sig<\/strong><\/h5>\n\n\n\n<p>Det finns inget vaccin mot hantavirus. F\u00f6r att minska risken f\u00f6r smitta b\u00f6r du vidta f\u00f6ljande \u00e5tg\u00e4rder:<\/p>\n\n\n\n<ul class=\"wp-block-list\">\n<li>Undvik dammiga milj\u00f6er d\u00e4r gnagare kan ha varit.<\/li>\n\n\n\n<li>Anv\u00e4nd ansiktsmask vid arbete i dammiga omr\u00e5den som uthus och f\u00f6rr\u00e5d.<\/li>\n\n\n\n<li>Reng\u00f6r ytor med fukt och desinfektionsmedel ist\u00e4llet f\u00f6r att sopa, f\u00f6r att undvika att viruspartiklar sprids i luften.<\/li>\n\n\n\n<li>Undvik direktkontakt med gnagare och deras avf\u00f6ring eller urin.<\/li>\n\n\n\n<li>F\u00f6rvara mat p\u00e5 ett s\u00e4tt som inte lockar gnagare och h\u00e5ll bostadsomr\u00e5den rena.<\/li>\n<\/ul>\n\n\n\n<p>Genom att vara medveten om smittv\u00e4garna och vidta f\u00f6rsiktighets\u00e5tg\u00e4rder kan du minimera risken f\u00f6r hantavirusinfektion under din resa.<\/p>\n\n\n\n<p><a href=\"https:\/\/resemedicin.se\/friskparesan\/sjukdomar-och-vacciner\/bunyavirus\/#sidtopp\">Till sidtoppen<\/a><\/p>\n\n\n\n<h3 class=\"wp-block-heading has-white-color has-text-color has-background has-link-color wp-elements-c3b742222bec65937e10be8d80b2acf5\" id=\"cchf\" style=\"background-color:#2b7c08\"><strong>Krim-Kongo-bl\u00f6darfeber (CCHF)<\/strong><\/h3>\n\n\n\n<figure class=\"wp-block-image size-large\"><img loading=\"lazy\" decoding=\"async\" width=\"1024\" height=\"499\" src=\"https:\/\/resemedicin.se\/friskparesan\/wp-content\/uploads\/2024\/08\/Hyalomma-rufipes-female-male-1024x499.jpg\" alt=\"\" class=\"wp-image-4397\" srcset=\"https:\/\/resemedicin.se\/friskparesan\/wp-content\/uploads\/2024\/08\/Hyalomma-rufipes-female-male-1024x499.jpg 1024w, https:\/\/resemedicin.se\/friskparesan\/wp-content\/uploads\/2024\/08\/Hyalomma-rufipes-female-male-300x146.jpg 300w, https:\/\/resemedicin.se\/friskparesan\/wp-content\/uploads\/2024\/08\/Hyalomma-rufipes-female-male-768x374.jpg 768w, https:\/\/resemedicin.se\/friskparesan\/wp-content\/uploads\/2024\/08\/Hyalomma-rufipes-female-male-1200x585.jpg 1200w, https:\/\/resemedicin.se\/friskparesan\/wp-content\/uploads\/2024\/08\/Hyalomma-rufipes-female-male.jpg 1225w\" sizes=\"auto, (max-width: 709px) 85vw, (max-width: 909px) 67vw, (max-width: 1362px) 62vw, 840px\" \/><figcaption class=\"wp-element-caption\"><em>Hyalomma rufipes<\/em>-f\u00e4stingar, vektor f\u00f6r CCHF) (hane och hona). Foto: <a href=\"https:\/\/commons.wikimedia.org\/wiki\/File:Hyalomma-rufipes-female-male.jpg\" target=\"_blank\" rel=\"noreferrer noopener\">Wikimedia<\/a>.<\/figcaption><\/figure>\n\n\n\n<h5 class=\"wp-block-heading\"><strong>Smitt\u00e4mne<\/strong> och smitt\u00f6verf\u00f6ring<\/h5>\n\n\n\n<p>Krim-Kongo bl\u00f6darfeber (CCHF) \u00e4r en allvarlig virussjukdom orsakad av Crimean Congo Hemorrhagic Fever Virus (CCHFV). Detta virus sprids via f\u00e4stingar, fr\u00e4mst av arten&nbsp;<em>Hyalomma<\/em>. M\u00e4nniskor kan bli smittade genom bett fr\u00e5n infekterade f\u00e4stingar eller genom direkt kontakt med blod och kroppsv\u00e4tskor fr\u00e5n smittade djur eller m\u00e4nniskor. Konsumtion av opast\u00f6riserad mj\u00f6lk eller otillr\u00e4ckligt tillagat k\u00f6tt kan ocks\u00e5 utg\u00f6ra en smittrisk. F\u00e4stingbett utg\u00f6r den st\u00f6rsta smittrisk f\u00f6r resen\u00e4rer.<\/p>\n\n\n\n<p>CCHFV kan ocks\u00e5 spridas i v\u00e5rdmilj\u00f6er genom kontakt med blod eller kroppsv\u00e4tskor fr\u00e5n infekterade patienter, s\u00e4rskilt under procedurer som skapar aerosoler. Sjukdomen smittar inte via vanliga sociala kontakter eller genom insekter som myggor.<\/p>\n\n\n\n<h5 class=\"wp-block-heading\"><strong>Sjukdomsbild<\/strong><\/h5>\n\n\n\n<p>Efter en inkubationstid p\u00e5 3\u20137 dagar (ibland upp till 14 dagar) kan symtomen b\u00f6rja med feber, muskelv\u00e4rk, huvudv\u00e4rk, yrsel och illam\u00e5ende. Dessa ospecifika symtom f\u00f6ljs ibland av bl\u00f6dningar, som kan vara b\u00e5de inre och yttre, samt p\u00e5verkan p\u00e5 nervsystemet med f\u00f6rvirring, sl\u00f6het och personlighetsf\u00f6r\u00e4ndringar. I allvarliga fall kan sjukdomen leda till multiorgansvikt och d\u00f6dsfall. D\u00f6dligheten varierar mellan 5 och 40 %. De flesta infekterade f\u00e5r dock inga symtom alls eller mycket milda symtom.<\/p>\n\n\n\n<h5 class=\"wp-block-heading\"><strong>F\u00f6rekomst och riskgrupper<\/strong><\/h5>\n\n\n\n<p>CCHF \u00e4r den mest spridda f\u00e4stingburna hemorragiska febern i v\u00e4rlden och f\u00f6rekommer i ett brett geografiskt b\u00e4lte. Den finns i l\u00e4nder i \u00d6steuropa, Ryssland, Turkiet, Mellan\u00f6stern, Centralasien, Indien och flera l\u00e4nder i Afrika. I Europa har fall rapporterats i Spanien, Bulgarien och Grekland, och i grannl\u00e4nder som Turkiet och Georgien. Fall har ocks\u00e5 rapporterats i samband med f\u00f6r\u00e4ndrade klimatf\u00f6rh\u00e5llanden som gynnar f\u00e4stingpopulationer.<\/p>\n\n\n<div class=\"wp-block-image\">\n<figure class=\"aligncenter size-full\"><img loading=\"lazy\" decoding=\"async\" width=\"792\" height=\"612\" src=\"https:\/\/resemedicin.se\/friskparesan\/wp-content\/uploads\/2024\/08\/CCHF-karta.jpg\" alt=\"\" class=\"wp-image-4392\" srcset=\"https:\/\/resemedicin.se\/friskparesan\/wp-content\/uploads\/2024\/08\/CCHF-karta.jpg 792w, https:\/\/resemedicin.se\/friskparesan\/wp-content\/uploads\/2024\/08\/CCHF-karta-300x232.jpg 300w, https:\/\/resemedicin.se\/friskparesan\/wp-content\/uploads\/2024\/08\/CCHF-karta-768x593.jpg 768w\" sizes=\"auto, (max-width: 792px) 85vw, 792px\" \/><\/figure>\n<\/div>\n\n\n<p>De som l\u00f6per h\u00f6gre risk \u00e4r personer som vistas i f\u00e4stingrika milj\u00f6er, som b\u00f6nder, j\u00e4gare, veterin\u00e4rer, djuruppf\u00f6dare och sjukv\u00e5rdspersonal. \u00c4ven resen\u00e4rer som deltar i utomhusaktiviteter i drabbade omr\u00e5den kan uts\u00e4ttas f\u00f6r risk, s\u00e4rskilt under f\u00e4stings\u00e4songen. Gravida kvinnor \u00e4r en s\u00e4rskild riskgrupp eftersom infektionen kan vara livshotande b\u00e5de f\u00f6r modern och fostret.<\/p>\n\n\n\n<h5 class=\"wp-block-heading\"><strong>Hur man skyddar sig<\/strong><\/h5>\n\n\n\n<p>F\u00f6r att minska risken f\u00f6r CCHF under resor till endemiska omr\u00e5den \u00e4r det viktigt att skydda sig mot f\u00e4stingbett. Anv\u00e4nd l\u00e5nga kl\u00e4der som t\u00e4cker armar och ben, samt ljusa kl\u00e4der f\u00f6r att l\u00e4ttare uppt\u00e4cka f\u00e4stingar. Applicera insektsmedel med DEET p\u00e5 huden och permethrin p\u00e5 kl\u00e4derna. Inspektera huden noggrant efter f\u00e4stingbett varje dag, s\u00e4rskilt efter vistelse i skog och mark. Undvik kontakt med blod eller kroppsv\u00e4tskor fr\u00e5n djur, och undvik opast\u00f6riserade mejeriprodukter och otillr\u00e4ckligt tillagat k\u00f6tt.<\/p>\n\n\n\n<p>Sjukv\u00e5rdspersonal i omr\u00e5den d\u00e4r CCHF f\u00f6rekommer b\u00f6r anv\u00e4nda skyddsutrustning vid hantering av patienter f\u00f6r att minimera smittrisken. Det finns f\u00f6r n\u00e4rvarande inget vaccin mot CCHF, och prevention \u00e4r d\u00e4rf\u00f6r helt beroende av att undvika f\u00e4stingbett och kontakt med smittade kroppsv\u00e4tskor.<\/p>\n\n\n\n<p><a href=\"https:\/\/resemedicin.se\/friskparesan\/sjukdomar-och-vacciner\/bunyavirus\/#sidtopp\">Till sidtoppen<\/a><\/p>\n\n\n\n<h3 class=\"wp-block-heading has-white-color has-text-color has-background has-link-color wp-elements-3e6834f1c54575891138ad8f090121c7\" id=\"rvf\" style=\"background-color:#2b7c08\">Rift Valley-feber (RVF)<\/h3>\n\n\n\n<figure class=\"wp-block-image size-full\"><img loading=\"lazy\" decoding=\"async\" width=\"1023\" height=\"437\" src=\"https:\/\/resemedicin.se\/friskparesan\/wp-content\/uploads\/2024\/08\/rift-valley.jpg\" alt=\"\" class=\"wp-image-4400\" srcset=\"https:\/\/resemedicin.se\/friskparesan\/wp-content\/uploads\/2024\/08\/rift-valley.jpg 1023w, https:\/\/resemedicin.se\/friskparesan\/wp-content\/uploads\/2024\/08\/rift-valley-300x128.jpg 300w, https:\/\/resemedicin.se\/friskparesan\/wp-content\/uploads\/2024\/08\/rift-valley-768x328.jpg 768w\" sizes=\"auto, (max-width: 709px) 85vw, (max-width: 909px) 67vw, (max-width: 1362px) 62vw, 840px\" \/><figcaption class=\"wp-element-caption\">Rift valley. Foto: <a href=\"https:\/\/commons.wikimedia.org\/wiki\/File:Great_Rift_Valley,_Tanzania.jpg\" target=\"_blank\" rel=\"noreferrer noopener\">Wikimedia<\/a>.<\/figcaption><\/figure>\n\n\n\n<h5 class=\"wp-block-heading\"><strong>Smitt\u00e4mne<\/strong> och smitt\u00f6verf\u00f6ring<\/h5>\n\n\n\n<p>Rift Valley-feber (RVF) \u00e4r en sjukdom som drabbar b\u00e5de m\u00e4nniskor och boskap, orsakad av Rift Valley Fever-virus (RVFV). Hos boskap som n\u00f6tkreatur, f\u00e5r, getter, h\u00e4star och kameler kan sjukdomen orsaka h\u00f6g d\u00f6dlighet bland nyf\u00f6dda och n\u00e4stan 100% aborter hos dr\u00e4ktiga djur. <\/p>\n\n\n\n<p>Hos m\u00e4nniskor sker smitta fr\u00e4mst genom direktkontakt med blod eller andra kroppsv\u00e4tskor fr\u00e5n infekterade djur, till exempel vid slakt, k\u00f6ttberedning eller jakt. Konsumtion av opast\u00f6riserad mj\u00f6lk kan ocks\u00e5 vara en smittv\u00e4g. Myggbett fr\u00e5n infekterade&nbsp;<em>Aedes<\/em>&nbsp;och&nbsp;<em>Culex<\/em>-myggor \u00e4r en mindre vanlig \u00f6verf\u00f6ringsv\u00e4g. RVF smittar dock inte mellan m\u00e4nniskor.<\/p>\n\n\n\n<h5 class=\"wp-block-heading\"><strong>Sjukdomsbild<\/strong><\/h5>\n\n\n\n<p>Efter en inkubationstid (tid fr\u00e5n smitta till symtom) p\u00e5 2\u20136 dagar insjuknar de flesta med milda symtom som feber, huvudv\u00e4rk, muskelsm\u00e4rtor, svaghet och ibland en l\u00e4tt leverp\u00e5verkan. Hos mindre \u00e4n 2% av fallen kan sjukdomen bli allvarlig med inre och yttre bl\u00f6dningar eller hj\u00e4rninflammation. I sv\u00e5ra fall av bl\u00f6darfeber kan d\u00f6dligheten uppg\u00e5 till 50%. De flesta \u00e5terh\u00e4mtar sig dock helt inom en vecka.<\/p>\n\n\n\n<h5 class=\"wp-block-heading\"><strong>F\u00f6rekomst och riskgrupper<\/strong><\/h5>\n\n\n\n<p>RVF \u00e4r utbredd i Afrika s\u00f6der om Sahara och Egypten, d\u00e4r sporadiska utbrott sker. Sjukdomen har ocks\u00e5 spridit sig till andra omr\u00e5den, med de f\u00f6rsta fallen utanf\u00f6r Afrika rapporterade fr\u00e5n Saudiarabien och Jemen \u00e5r 2000.<\/p>\n\n\n\n<figure class=\"wp-block-image size-full\"><img loading=\"lazy\" decoding=\"async\" width=\"850\" height=\"706\" src=\"https:\/\/resemedicin.se\/friskparesan\/wp-content\/uploads\/2024\/08\/RVF-utbredning.png\" alt=\"\" class=\"wp-image-4402\" srcset=\"https:\/\/resemedicin.se\/friskparesan\/wp-content\/uploads\/2024\/08\/RVF-utbredning.png 850w, https:\/\/resemedicin.se\/friskparesan\/wp-content\/uploads\/2024\/08\/RVF-utbredning-300x249.png 300w, https:\/\/resemedicin.se\/friskparesan\/wp-content\/uploads\/2024\/08\/RVF-utbredning-768x638.png 768w\" sizes=\"auto, (max-width: 709px) 85vw, (max-width: 909px) 67vw, (max-width: 1362px) 62vw, 840px\" \/><\/figure>\n\n\n\n<p>Risken f\u00f6r att drabbas av RVF \u00e4r l\u00e5g f\u00f6r de flesta resen\u00e4rer, men h\u00f6gre f\u00f6r de som vistas i omr\u00e5den d\u00e4r utbrott bland djur f\u00f6rekommer. Riskgrupper inkluderar j\u00e4gare, veterin\u00e4rer, slakteriarbetare och herdar, samt resen\u00e4rer som sover utomhus i omr\u00e5den med m\u00e5nga myggor.<\/p>\n\n\n\n<h5 class=\"wp-block-heading\"><strong>Hur man skyddar sig<\/strong><\/h5>\n\n\n\n<p>F\u00f6r att minimera risken f\u00f6r RVF b\u00f6r du undvika direktkontakt med blod, kroppsv\u00e4tskor eller v\u00e4vnader fr\u00e5n djur, s\u00e4rskilt i omr\u00e5den med k\u00e4nda utbrott. Undvik att konsumera opast\u00f6riserad mj\u00f6lk och r\u00e5tt k\u00f6tt. Skydda dig mot myggbett genom att anv\u00e4nda myggmedel, b\u00e4ra l\u00e5ng\u00e4rmade kl\u00e4der och anv\u00e4nda myggn\u00e4t under natten. Resen\u00e4rer som arbetar med djur b\u00f6r anv\u00e4nda skyddsutrustning som handskar och ansiktsmask vid hantering av potentiellt infekterade djur.<\/p>\n\n\n\n<p><a href=\"https:\/\/resemedicin.se\/friskparesan\/sjukdomar-och-vacciner\/bunyavirus\/#sidtopp\">Till sidtoppen<\/a><\/p>\n","protected":false},"excerpt":{"rendered":"<p>Information till resen\u00e4rer Sorkfeber (hantavirus-bl\u00f6darfeber) Krim-Kongo-bl\u00f6darfeber Rift Valley-feber \u00d6versikt Ett v\u00e4xande antal bunyavirus \u00e4r k\u00e4nda f\u00f6r att orsaka virusorsakad bl\u00f6darfeber, en allvarlig febersjukdom som kan utvecklas till chock och multiorgansvikt och k\u00e4nnetecknas av st\u00f6rningar i blodets levringsf\u00f6rm\u00e5ga. F\u00f6r n\u00e4rvarande finns det inga godk\u00e4nda vacciner eller antivirala terapier f\u00f6r att effektivt f\u00f6rebygga eller behandla bl\u00f6darfebrar orsakade &hellip; <a href=\"https:\/\/resemedicin.se\/friskparesan\/sjukdomar-och-vacciner\/bunyavirus\/\" class=\"more-link\">Forts\u00e4tt l\u00e4sa<span class=\"screen-reader-text\"> \u201dBunyavirus-bl\u00f6darfebrar\u201d<\/span><\/a><\/p>\n","protected":false},"author":1,"featured_media":0,"parent":11269,"menu_order":0,"comment_status":"closed","ping_status":"closed","template":"","meta":{"footnotes":""},"class_list":["post-11309","page","type-page","status-publish","hentry"],"jetpack_sharing_enabled":true,"_links":{"self":[{"href":"https:\/\/resemedicin.se\/friskparesan\/wp-json\/wp\/v2\/pages\/11309","targetHints":{"allow":["GET"]}}],"collection":[{"href":"https:\/\/resemedicin.se\/friskparesan\/wp-json\/wp\/v2\/pages"}],"about":[{"href":"https:\/\/resemedicin.se\/friskparesan\/wp-json\/wp\/v2\/types\/page"}],"author":[{"embeddable":true,"href":"https:\/\/resemedicin.se\/friskparesan\/wp-json\/wp\/v2\/users\/1"}],"replies":[{"embeddable":true,"href":"https:\/\/resemedicin.se\/friskparesan\/wp-json\/wp\/v2\/comments?post=11309"}],"version-history":[{"count":6,"href":"https:\/\/resemedicin.se\/friskparesan\/wp-json\/wp\/v2\/pages\/11309\/revisions"}],"predecessor-version":[{"id":12451,"href":"https:\/\/resemedicin.se\/friskparesan\/wp-json\/wp\/v2\/pages\/11309\/revisions\/12451"}],"up":[{"embeddable":true,"href":"https:\/\/resemedicin.se\/friskparesan\/wp-json\/wp\/v2\/pages\/11269"}],"wp:attachment":[{"href":"https:\/\/resemedicin.se\/friskparesan\/wp-json\/wp\/v2\/media?parent=11309"}],"curies":[{"name":"wp","href":"https:\/\/api.w.org\/{rel}","templated":true}]}}