{"id":11308,"date":"2024-04-10T15:49:01","date_gmt":"2024-04-10T14:49:01","guid":{"rendered":"https:\/\/www.friskparesan.se\/?page_id=988"},"modified":"2025-05-27T10:08:01","modified_gmt":"2025-05-27T09:08:01","slug":"chikungunya","status":"publish","type":"page","link":"https:\/\/resemedicin.se\/friskparesan\/sjukdomar-och-vacciner\/chikungunya\/","title":{"rendered":"Chikungunyafeber"},"content":{"rendered":"\n<h3 class=\"wp-block-heading\" id=\"sidtopp\">Information till resen\u00e4rer och allm\u00e4nheten<\/h3>\n\n\n\n<figure class=\"wp-block-image size-full\"><img loading=\"lazy\" decoding=\"async\" width=\"1024\" height=\"395\" src=\"https:\/\/resemedicin.se\/friskparesan\/wp-content\/uploads\/2024\/09\/chickengunya-symtom-1.jpg\" alt=\"\" class=\"wp-image-5914\" srcset=\"https:\/\/resemedicin.se\/friskparesan\/wp-content\/uploads\/2024\/09\/chickengunya-symtom-1.jpg 1024w, https:\/\/resemedicin.se\/friskparesan\/wp-content\/uploads\/2024\/09\/chickengunya-symtom-1-300x116.jpg 300w, https:\/\/resemedicin.se\/friskparesan\/wp-content\/uploads\/2024\/09\/chickengunya-symtom-1-768x296.jpg 768w\" sizes=\"auto, (max-width: 709px) 85vw, (max-width: 909px) 67vw, (max-width: 1362px) 62vw, 840px\" \/><\/figure>\n\n\n\n<h3 class=\"wp-block-heading has-white-color has-text-color has-background has-link-color wp-elements-688360d30823481b88342ddb2694bb69\" id=\"smittamnet\" style=\"background-color:#2b7c08\">Smitt\u00e4mnet och smittv\u00e4gar<\/h3>\n\n\n\n<p>Chikungunya \u00e4r en virussjukdom som sprids genom stick av myggor, framf\u00f6r allt gula febernmyggan (<em>Aedes aegypti<\/em>) och tigermyggan (<em>Aedes albopictus<\/em>). Dessa myggor \u00e4r dagaktiva och f\u00f6rekommer i tropiska och subtropiska omr\u00e5den. De senaste \u00e5ren har tigermyggan spridits till s\u00f6dra och mellersta Europa, och det finns en oro att klimatf\u00f6r\u00e4ndringar kan bidra till permanent spridning i Europa. Sjukdomen smittar inte direkt mellan m\u00e4nniskor, men blodsmitta har beskrivits i enstaka fall.<\/p>\n\n\n\n<h3 class=\"wp-block-heading has-white-color has-text-color has-background has-link-color wp-elements-477b82d528e32d6c73f037cef1f4ea78\" id=\"symtom\" style=\"background-color:#2b7c08;text-transform:none\">Sjukdomsbild<\/h3>\n\n\n\n<p>Tiden fr\u00e5n smitta till symtom \u00e4r 2\u201312 dagar. En del av de smittade f\u00e5r inga symtom, men de flesta insjuknar pl\u00f6tsligt med h\u00f6g feber, sv\u00e5r ledv\u00e4rk, muskelv\u00e4rk, huvudv\u00e4rk, illam\u00e5ende och hudutslag. Ledv\u00e4rken \u00e4r ofta lokaliserad till h\u00e4nder och f\u00f6tter och kan vara mycket intensiv. De flesta blir helt \u00e5terst\u00e4llda inom n\u00e5gra veckor, men vissa personer kan drabbas av l\u00e5ngvarig ledv\u00e4rk som kan kvarst\u00e5 i m\u00e5nader eller \u00e5r. I s\u00e4llsynta fall kan komplikationer som hj\u00e4rtproblem, neurologiska symtom eller sv\u00e5ra \u00f6gonbesv\u00e4r uppst\u00e5, s\u00e4rskilt hos \u00e4ldre och personer med kroniska sjukdomar. Sjukdomen kan f\u00f6rv\u00e4xlas med denguefeber och zika som har liknande symtom, smittar p\u00e5 samma s\u00e4tt och ofta finns i samma l\u00e4nder.<\/p>\n\n\n\n<h3 class=\"wp-block-heading has-white-color has-text-color has-background has-link-color wp-elements-efd19a53920d1a869e2bb5daa8849065\" id=\"epidemiologi\" style=\"background-color:#2b7c08;text-transform:none\">F\u00f6rekomst och riskgrupper<\/h3>\n\n\n\n<figure class=\"wp-block-image size-full\"><img loading=\"lazy\" decoding=\"async\" width=\"1024\" height=\"510\" src=\"https:\/\/resemedicin.se\/friskparesan\/wp-content\/uploads\/2024\/05\/Chikungunya-karta.jpg\" alt=\"\" class=\"wp-image-2742\" srcset=\"https:\/\/resemedicin.se\/friskparesan\/wp-content\/uploads\/2024\/05\/Chikungunya-karta.jpg 1024w, https:\/\/resemedicin.se\/friskparesan\/wp-content\/uploads\/2024\/05\/Chikungunya-karta-300x149.jpg 300w, https:\/\/resemedicin.se\/friskparesan\/wp-content\/uploads\/2024\/05\/Chikungunya-karta-768x383.jpg 768w\" sizes=\"auto, (max-width: 709px) 85vw, (max-width: 909px) 67vw, (max-width: 1362px) 62vw, 840px\" \/><figcaption class=\"wp-element-caption\">L\u00e4nder d\u00e4r lokal smittspridning av Chikungunya skett 2013-2022.<\/figcaption><\/figure>\n\n\n\n<p>Chikungunya f\u00f6rekommer i tropiska omr\u00e5den i Afrika, Sydostasien och Stillahavsregionen, d\u00e4r stora utbrott kan drabba en stor del av befolkningen. Under de senaste \u00e5ren har lokal spridning \u00e4ven rapporterats i Karibien, Amerika och Europa. Mindre utbrott har f\u00f6rekommit i Italien och Frankrike.<\/p>\n\n\n\n<p>Alla som inte haft sjukdomen tidigare kan drabbas, men risken \u00e4r h\u00f6gst f\u00f6r resen\u00e4rer till omr\u00e5den med p\u00e5g\u00e5ende utbrott, s\u00e4rskilt under regnperioden. \u00c4ldre personer, nyf\u00f6dda barn och individer med kroniska sjukdomar l\u00f6per st\u00f6rre risk f\u00f6r allvarliga symtom eller l\u00e5ngvariga besv\u00e4r.<\/p>\n\n\n\n<h3 class=\"wp-block-heading has-white-color has-text-color has-background has-link-color wp-elements-662727e07341dad94d64bcd6a03ae60b\" id=\"prevention\" style=\"background-color:#2b7c08\">Hur man skyddar sig<\/h3>\n\n\n\n<p>Skydd mot myggbett \u00e4r det b\u00e4sta s\u00e4ttet att f\u00f6rebygga chikungunya. Anv\u00e4nd myggmedel, helt\u00e4ckande kl\u00e4der och sov under myggn\u00e4t, s\u00e4rskilt i omr\u00e5den med smittrisk. Myggorna \u00e4r mest aktiva under dagen, tidigt p\u00e5 morgonen och sent p\u00e5 eftermiddagen.<\/p>\n\n\n\n<p>Ett nytt vaccin, <a href=\"https:\/\/www.fass.se\/LIF\/product?userType=2&amp;nplId=20231025000049\">IXCHIQ\u00ae<\/a> finns tillg\u00e4ngligt sedan b\u00f6rjan av 2025. Vaccinet rekommenderas f\u00f6r vuxna 18-65 \u00e5r som reser till omr\u00e5den med h\u00f6g smittrisk, s\u00e4rskilt vid l\u00e4ngre vistelser. Ett ytterligare chikungunyavaccin, f\u00f6r vuxna \u00e4ldre \u00e4n 65 \u00e5r <a href=\"https:\/\/www.fass.se\/LIF\/product?userType=2&amp;nplId=20240627000111\" target=\"_blank\" rel=\"noreferrer noopener\">Vimkunya\u00ae<\/a>, \u00e4r godk\u00e4nt i Europa men \u00e4nnu inte (maj 2025) tillg\u00e4ngligt p\u00e5 den svenska marknaden. Vaccination \u00e4r ett komplement till andra f\u00f6rebyggande \u00e5tg\u00e4rder mot myggstick. R\u00e5dg\u00f6r med en l\u00e4kare om vaccinationen \u00e4r aktuell f\u00f6r din resa.<\/p>\n","protected":false},"excerpt":{"rendered":"<p>Information till resen\u00e4rer och allm\u00e4nheten Smitt\u00e4mnet och smittv\u00e4gar Chikungunya \u00e4r en virussjukdom som sprids genom stick av myggor, framf\u00f6r allt gula febernmyggan (Aedes aegypti) och tigermyggan (Aedes albopictus). Dessa myggor \u00e4r dagaktiva och f\u00f6rekommer i tropiska och subtropiska omr\u00e5den. De senaste \u00e5ren har tigermyggan spridits till s\u00f6dra och mellersta Europa, och det finns en oro &hellip; <a href=\"https:\/\/resemedicin.se\/friskparesan\/sjukdomar-och-vacciner\/chikungunya\/\" class=\"more-link\">Forts\u00e4tt l\u00e4sa<span class=\"screen-reader-text\"> \u201dChikungunyafeber\u201d<\/span><\/a><\/p>\n","protected":false},"author":1,"featured_media":0,"parent":11269,"menu_order":0,"comment_status":"closed","ping_status":"closed","template":"","meta":{"footnotes":""},"class_list":["post-11308","page","type-page","status-publish","hentry"],"jetpack_sharing_enabled":true,"_links":{"self":[{"href":"https:\/\/resemedicin.se\/friskparesan\/wp-json\/wp\/v2\/pages\/11308","targetHints":{"allow":["GET"]}}],"collection":[{"href":"https:\/\/resemedicin.se\/friskparesan\/wp-json\/wp\/v2\/pages"}],"about":[{"href":"https:\/\/resemedicin.se\/friskparesan\/wp-json\/wp\/v2\/types\/page"}],"author":[{"embeddable":true,"href":"https:\/\/resemedicin.se\/friskparesan\/wp-json\/wp\/v2\/users\/1"}],"replies":[{"embeddable":true,"href":"https:\/\/resemedicin.se\/friskparesan\/wp-json\/wp\/v2\/comments?post=11308"}],"version-history":[{"count":3,"href":"https:\/\/resemedicin.se\/friskparesan\/wp-json\/wp\/v2\/pages\/11308\/revisions"}],"predecessor-version":[{"id":12353,"href":"https:\/\/resemedicin.se\/friskparesan\/wp-json\/wp\/v2\/pages\/11308\/revisions\/12353"}],"up":[{"embeddable":true,"href":"https:\/\/resemedicin.se\/friskparesan\/wp-json\/wp\/v2\/pages\/11269"}],"wp:attachment":[{"href":"https:\/\/resemedicin.se\/friskparesan\/wp-json\/wp\/v2\/media?parent=11308"}],"curies":[{"name":"wp","href":"https:\/\/api.w.org\/{rel}","templated":true}]}}