{"id":11307,"date":"2024-04-10T15:48:10","date_gmt":"2024-04-10T14:48:10","guid":{"rendered":"https:\/\/www.friskparesan.se\/?page_id=986"},"modified":"2025-10-21T18:15:18","modified_gmt":"2025-10-21T17:15:18","slug":"chaga","status":"publish","type":"page","link":"https:\/\/resemedicin.se\/friskparesan\/sjukdomar-och-vacciner\/chaga\/","title":{"rendered":"Chagas sjukdom (amerikansk trypanosomiasis)"},"content":{"rendered":"\n<h3 class=\"wp-block-heading\" id=\"sidtopp\">Information till vaccinat\u00f6rer och reser\u00e5dgivare<\/h3>\n\n\n\n<figure class=\"wp-block-image size-full\"><img loading=\"lazy\" decoding=\"async\" width=\"1024\" height=\"612\" src=\"https:\/\/resemedicin.se\/friskparesan\/wp-content\/uploads\/2025\/10\/Chaga_hut.jpg\" alt=\"\" class=\"wp-image-12461\" srcset=\"https:\/\/resemedicin.se\/friskparesan\/wp-content\/uploads\/2025\/10\/Chaga_hut.jpg 1024w, https:\/\/resemedicin.se\/friskparesan\/wp-content\/uploads\/2025\/10\/Chaga_hut-300x179.jpg 300w, https:\/\/resemedicin.se\/friskparesan\/wp-content\/uploads\/2025\/10\/Chaga_hut-768x459.jpg 768w\" sizes=\"auto, (max-width: 709px) 85vw, (max-width: 909px) 67vw, (max-width: 1362px) 62vw, 840px\" \/><figcaption class=\"wp-element-caption\">Typisk smittmilj\u00f6 f\u00f6r Chagas sjukdom.<\/figcaption><\/figure>\n\n\n\n<h3 class=\"wp-block-heading has-white-color has-text-color has-background has-link-color wp-elements-688360d30823481b88342ddb2694bb69\" id=\"smittamnet\" style=\"background-color:#2b7c08\">Smitt\u00e4mnet och smittv\u00e4gar<\/h3>\n\n\n\n<p>Chagas sjukdom orsakas av parasiten&nbsp;<em>Trypanosoma cruzi<\/em>&nbsp;och \u00f6verf\u00f6rs oftast genom kontakt med avf\u00f6ring fr\u00e5n Triatoma-insekten, kallad &#8221;kissing bug&#8221;. Dessa insekter g\u00f6mmer sig i enkla boningar, s\u00e5som hyddor av lera och halm, och biter oftast m\u00e4nniskor under natten. Parasiten tr\u00e4nger in i kroppen via bettst\u00e4llet eller genom att gnugga f\u00f6rorenade fingrar i \u00f6gonen. Reservoaren f\u00f6r sjukdomen \u00e4r fr\u00e4mst d\u00e4ggdjur som opossum och gnagare.<\/p>\n\n\n\n<p>Smitta kan ocks\u00e5 ske genom intag av f\u00f6rorenad mat eller dryck, s\u00e5som f\u00e4rskpressad sockerr\u00f6rsjuice eller aca\u00edjuice. Dessutom kan&nbsp;<em>T. cruzi<\/em>&nbsp;\u00f6verf\u00f6ras genom blodtransfusioner, organtransplantationer, fr\u00e5n mor till foster under graviditeten eller som laboratoriesmitta.<\/p>\n\n\n<div class=\"wp-block-image\">\n<figure class=\"aligncenter size-full\"><img loading=\"lazy\" decoding=\"async\" width=\"965\" height=\"439\" src=\"https:\/\/resemedicin.se\/friskparesan\/wp-content\/uploads\/2025\/10\/Triatoma_infestans.jpg\" alt=\"\" class=\"wp-image-12459\" srcset=\"https:\/\/resemedicin.se\/friskparesan\/wp-content\/uploads\/2025\/10\/Triatoma_infestans.jpg 965w, https:\/\/resemedicin.se\/friskparesan\/wp-content\/uploads\/2025\/10\/Triatoma_infestans-300x136.jpg 300w, https:\/\/resemedicin.se\/friskparesan\/wp-content\/uploads\/2025\/10\/Triatoma_infestans-768x349.jpg 768w\" sizes=\"auto, (max-width: 709px) 85vw, (max-width: 909px) 67vw, (max-width: 1362px) 62vw, 840px\" \/><figcaption class=\"wp-element-caption\"><em>Triatoma infestans<\/em> (&#8221;kissing bug&#8221;), vektorn f\u00f6r Chagas sjukdom. Foto: <a href=\"https:\/\/commons.wikimedia.org\/wiki\/File:Triatoma_infestans_-_ZSM.jpg\" target=\"_blank\" rel=\"noreferrer noopener\">Wikimedia<\/a>.<\/figcaption><\/figure>\n<\/div>\n\n\n<h3 class=\"wp-block-heading has-white-color has-text-color has-background has-link-color wp-elements-477b82d528e32d6c73f037cef1f4ea78\" id=\"symtom\" style=\"background-color:#2b7c08;text-transform:none\">Sjukdomsbild<\/h3>\n\n\n\n<p>De flesta smittade f\u00e5r inga symtom och f\u00f6rblir infekterade livet ut. Sjukdomen har tv\u00e5 faser:<\/p>\n\n\n\n<p><strong>Akut fas:<\/strong>&nbsp;Intr\u00e4ffar inom 1\u20138 veckor efter smitta. Vanliga symtom \u00e4r svullnad vid bettst\u00e4llet, sm\u00e4rtfri svullnad av ett \u00f6gonlock (Roma\u00f1as tecken), feber och svullna lymfk\u00f6rtlar. Dessa symtom g\u00e5r ofta \u00f6ver av sig sj\u00e4lva inom 6\u20138 veckor.<\/p>\n\n\n\n<figure class=\"wp-block-image size-full\"><img loading=\"lazy\" decoding=\"async\" width=\"1024\" height=\"583\" src=\"https:\/\/resemedicin.se\/friskparesan\/wp-content\/uploads\/2024\/08\/romanas-tecken.jpg\" alt=\"\" class=\"wp-image-4470\" srcset=\"https:\/\/resemedicin.se\/friskparesan\/wp-content\/uploads\/2024\/08\/romanas-tecken.jpg 1024w, https:\/\/resemedicin.se\/friskparesan\/wp-content\/uploads\/2024\/08\/romanas-tecken-300x171.jpg 300w, https:\/\/resemedicin.se\/friskparesan\/wp-content\/uploads\/2024\/08\/romanas-tecken-768x437.jpg 768w\" sizes=\"auto, (max-width: 709px) 85vw, (max-width: 909px) 67vw, (max-width: 1362px) 62vw, 840px\" \/><figcaption class=\"wp-element-caption\">\u00d6gonlockssvullnad (Roma\u00f1as tecken) vid akut Chagas sjukdom.<\/figcaption><\/figure>\n\n\n\n<p><strong>Kronisk fas:<\/strong>&nbsp;Kan utvecklas \u00e5r eller decennier senare hos 20\u201330% av de smittade. Den drabbar hj\u00e4rtat och orsakar arytmier, hj\u00e4rtsvikt eller kardiomyopati. I s\u00e4llsynta fall p\u00e5verkar den mag-tarmkanalen med megacolon eller megaesofagus. Immunosupprimerade personer l\u00f6per st\u00f6rre risk f\u00f6r dessa komplikationer.<\/p>\n\n\n\n<p>Kongenital (medf\u00f6dd) Chagas sjukdom, \u00f6verf\u00f6rd fr\u00e5n mor till foster, kan orsaka missfall eller allvarliga komplikationer som lever- och mj\u00e4ltf\u00f6rstoring, gulsot, bl\u00f6dningar och nervskador.<\/p>\n\n\n\n<figure class=\"wp-block-image size-full\"><img loading=\"lazy\" decoding=\"async\" width=\"1024\" height=\"490\" src=\"https:\/\/resemedicin.se\/friskparesan\/wp-content\/uploads\/2024\/08\/trypansosoma-cruzi-1.jpg\" alt=\"\" class=\"wp-image-4465\" srcset=\"https:\/\/resemedicin.se\/friskparesan\/wp-content\/uploads\/2024\/08\/trypansosoma-cruzi-1.jpg 1024w, https:\/\/resemedicin.se\/friskparesan\/wp-content\/uploads\/2024\/08\/trypansosoma-cruzi-1-300x144.jpg 300w, https:\/\/resemedicin.se\/friskparesan\/wp-content\/uploads\/2024\/08\/trypansosoma-cruzi-1-768x368.jpg 768w\" sizes=\"auto, (max-width: 709px) 85vw, (max-width: 909px) 67vw, (max-width: 1362px) 62vw, 840px\" \/><figcaption class=\"wp-element-caption\"><em>Trypanosoma cruzi<\/em> i f\u00e4rgat blodpreparat.<\/figcaption><\/figure>\n\n\n\n<p>Behandling b\u00f6r ske i samr\u00e5d med infektionsspecialist. Behandlingen \u00e4r l\u00e5ngvarig och biverkningsbelastad.<\/p>\n\n\n\n<h3 class=\"wp-block-heading has-white-color has-text-color has-background has-link-color wp-elements-389a1bab0b9682fa6de8bfe6b560566d\" id=\"epidemiologi\" style=\"background-color:#2b7c08;text-transform:none\">F\u00f6rekomst<\/h3>\n\n\n\n<p>Chagas sjukdom f\u00f6rekommer endemiskt i 21 l\u00e4nder i Central- och Sydamerika, med h\u00f6gst risk i fattiga landsbygdsomr\u00e5den. Trots vektorkontroll l\u00f6per cirka 75 miljoner m\u00e4nniskor i regionen risk att bli infekterade. S\u00e4llsynta fall har rapporterats i s\u00f6dra USA, och enstaka fall bland resen\u00e4rer f\u00f6rekommer. Riskomr\u00e5den f\u00f6r resen\u00e4rer \u00e4r fr\u00e4mst r\u00f6da och oranga omr\u00e5den p\u00e5 kartan nedan. <\/p>\n\n\n<div class=\"wp-block-image\">\n<figure class=\"aligncenter size-full\"><img loading=\"lazy\" decoding=\"async\" width=\"850\" height=\"808\" src=\"https:\/\/resemedicin.se\/friskparesan\/wp-content\/uploads\/2024\/08\/Chagas-sjukdom-karta.jpg\" alt=\"\" class=\"wp-image-4457\" srcset=\"https:\/\/resemedicin.se\/friskparesan\/wp-content\/uploads\/2024\/08\/Chagas-sjukdom-karta.jpg 850w, https:\/\/resemedicin.se\/friskparesan\/wp-content\/uploads\/2024\/08\/Chagas-sjukdom-karta-300x285.jpg 300w, https:\/\/resemedicin.se\/friskparesan\/wp-content\/uploads\/2024\/08\/Chagas-sjukdom-karta-768x730.jpg 768w\" sizes=\"auto, (max-width: 709px) 85vw, (max-width: 909px) 67vw, (max-width: 1362px) 62vw, 840px\" \/><figcaption class=\"wp-element-caption\">Riskomr\u00e5den f\u00f6r Chagas sjukdom.<\/figcaption><\/figure>\n<\/div>\n\n\n<p>Risken f\u00f6r turister som bor i hotell eller moderna bost\u00e4der \u00e4r mycket l\u00e5g. D\u00e4remot \u00f6kar risken f\u00f6r de som bor i enkla boningar, s\u00e5som hyddor p\u00e5 landsbygden, eller konsumerar f\u00f6rorenad mat och dryck. \u00c4ventyrsturister och personer som h\u00e4lsar p\u00e5 sl\u00e4kt och v\u00e4nner under primitiva f\u00f6rh\u00e5llanden \u00e4r s\u00e4rskilt utsatta. Vid medicinska n\u00f6dsituationer i regionen kan smitta ske via blodtransfusioner, om blod inte \u00e4r adekvat testat.<\/p>\n\n\n\n<h3 class=\"wp-block-heading has-white-color has-text-color has-background has-link-color wp-elements-662727e07341dad94d64bcd6a03ae60b\" id=\"prevention\" style=\"background-color:#2b7c08\">Hur man skyddar sig<\/h3>\n\n\n\n<p>Eftersom det inte finns n\u00e5got vaccin eller l\u00e4kemedelsprofylax mot Chagas sjukdom b\u00f6r resen\u00e4rer f\u00f6lja dessa r\u00e5d:<\/p>\n\n\n\n<ul class=\"wp-block-list\">\n<li>Undvik att \u00f6vernatta i enkla boningar, s\u00e4rskilt i omr\u00e5den d\u00e4r Triatoma-insekten kan finnas.<\/li>\n\n\n\n<li>Anv\u00e4nd insektsmedel och myggn\u00e4t under natten.<\/li>\n\n\n\n<li>Undvik att konsumera f\u00e4rskpressad juice eller mat fr\u00e5n os\u00e4kra k\u00e4llor.<\/li>\n\n\n\n<li>Om m\u00f6jligt, avst\u00e5 fr\u00e5n blodtransfusioner i omr\u00e5den d\u00e4r blod inte screenas f\u00f6r Chagas sjukdom.<\/li>\n<\/ul>\n\n\n\n<p><\/p>\n","protected":false},"excerpt":{"rendered":"<p>Information till vaccinat\u00f6rer och reser\u00e5dgivare Smitt\u00e4mnet och smittv\u00e4gar Chagas sjukdom orsakas av parasiten&nbsp;Trypanosoma cruzi&nbsp;och \u00f6verf\u00f6rs oftast genom kontakt med avf\u00f6ring fr\u00e5n Triatoma-insekten, kallad &#8221;kissing bug&#8221;. Dessa insekter g\u00f6mmer sig i enkla boningar, s\u00e5som hyddor av lera och halm, och biter oftast m\u00e4nniskor under natten. Parasiten tr\u00e4nger in i kroppen via bettst\u00e4llet eller genom att gnugga &hellip; <a href=\"https:\/\/resemedicin.se\/friskparesan\/sjukdomar-och-vacciner\/chaga\/\" class=\"more-link\">Forts\u00e4tt l\u00e4sa<span class=\"screen-reader-text\"> \u201dChagas sjukdom (amerikansk trypanosomiasis)\u201d<\/span><\/a><\/p>\n","protected":false},"author":1,"featured_media":0,"parent":11269,"menu_order":0,"comment_status":"closed","ping_status":"closed","template":"","meta":{"footnotes":""},"class_list":["post-11307","page","type-page","status-publish","hentry"],"jetpack_sharing_enabled":true,"_links":{"self":[{"href":"https:\/\/resemedicin.se\/friskparesan\/wp-json\/wp\/v2\/pages\/11307","targetHints":{"allow":["GET"]}}],"collection":[{"href":"https:\/\/resemedicin.se\/friskparesan\/wp-json\/wp\/v2\/pages"}],"about":[{"href":"https:\/\/resemedicin.se\/friskparesan\/wp-json\/wp\/v2\/types\/page"}],"author":[{"embeddable":true,"href":"https:\/\/resemedicin.se\/friskparesan\/wp-json\/wp\/v2\/users\/1"}],"replies":[{"embeddable":true,"href":"https:\/\/resemedicin.se\/friskparesan\/wp-json\/wp\/v2\/comments?post=11307"}],"version-history":[{"count":4,"href":"https:\/\/resemedicin.se\/friskparesan\/wp-json\/wp\/v2\/pages\/11307\/revisions"}],"predecessor-version":[{"id":12462,"href":"https:\/\/resemedicin.se\/friskparesan\/wp-json\/wp\/v2\/pages\/11307\/revisions\/12462"}],"up":[{"embeddable":true,"href":"https:\/\/resemedicin.se\/friskparesan\/wp-json\/wp\/v2\/pages\/11269"}],"wp:attachment":[{"href":"https:\/\/resemedicin.se\/friskparesan\/wp-json\/wp\/v2\/media?parent=11307"}],"curies":[{"name":"wp","href":"https:\/\/api.w.org\/{rel}","templated":true}]}}