{"id":11306,"date":"2024-04-10T15:47:21","date_gmt":"2024-04-10T14:47:21","guid":{"rendered":"https:\/\/www.friskparesan.se\/?page_id=984"},"modified":"2025-10-21T18:05:49","modified_gmt":"2025-10-21T17:05:49","slug":"borrelia","status":"publish","type":"page","link":"https:\/\/resemedicin.se\/friskparesan\/sjukdomar-och-vacciner\/borrelia\/","title":{"rendered":"Borreliainfektion (Lyme borrelios)"},"content":{"rendered":"\n<h3 class=\"wp-block-heading\" id=\"sidtopp\">Information till resen\u00e4rer och allm\u00e4nheten<\/h3>\n\n\n\n<figure class=\"wp-block-image size-full\"><img loading=\"lazy\" decoding=\"async\" width=\"1024\" height=\"569\" src=\"https:\/\/resemedicin.se\/friskparesan\/wp-content\/uploads\/2025\/10\/erytema-migrans-1.jpg\" alt=\"\" class=\"wp-image-12454\" srcset=\"https:\/\/resemedicin.se\/friskparesan\/wp-content\/uploads\/2025\/10\/erytema-migrans-1.jpg 1024w, https:\/\/resemedicin.se\/friskparesan\/wp-content\/uploads\/2025\/10\/erytema-migrans-1-300x167.jpg 300w, https:\/\/resemedicin.se\/friskparesan\/wp-content\/uploads\/2025\/10\/erytema-migrans-1-768x427.jpg 768w\" sizes=\"auto, (max-width: 709px) 85vw, (max-width: 909px) 67vw, (max-width: 1362px) 62vw, 840px\" \/><figcaption class=\"wp-element-caption\">Erytema migrans efter borreliainfektion. Foto: <a href=\"https:\/\/commons.wikimedia.org\/wiki\/File:Bullseye_rash_linked_to_Lyme_disease_rotated.jpg\" target=\"_blank\" rel=\"noreferrer noopener\">Wikimedia<\/a>.<\/figcaption><\/figure>\n\n\n\n<h3 class=\"wp-block-heading has-white-color has-text-color has-background has-link-color wp-elements-688360d30823481b88342ddb2694bb69\" id=\"smittamnet\" style=\"background-color:#2b7c08\">Smitt\u00e4mnet och smittv\u00e4gar<\/h3>\n\n\n\n<p>Borrelia (Lyme borrelios) \u00e4r en bakterieinfektion som sprids genom bett av f\u00e4stingar, fr\u00e4mst fr\u00e5n arten&nbsp;<em>Ixodes ricinus<\/em>. Bakterien,&nbsp;<em>Borrelia burgdorferi<\/em>, \u00f6verf\u00f6rs n\u00e4r en infekterad f\u00e4sting suger blod fr\u00e5n m\u00e4nniskor eller djur. F\u00e4stingarna blir smittb\u00e4rande genom att suga blod fr\u00e5n infekterade sm\u00e5djur, marklevande f\u00e5glar eller r\u00e5djur. Larver och nymfer av dessa f\u00e4stingar livn\u00e4r sig vanligen p\u00e5 sm\u00e5 d\u00e4ggdjur och marklevande f\u00e5glar medan de vuxna f\u00e4stingarna vanligtvis livn\u00e4r sig p\u00e5 st\u00f6rre djur, s\u00e4rskilt r\u00e5djur.<\/p>\n\n\n\n<figure class=\"wp-block-image size-large\"><img loading=\"lazy\" decoding=\"async\" width=\"1024\" height=\"576\" src=\"https:\/\/resemedicin.se\/reseradet\/wp-content\/uploads\/2024\/03\/ixodes-fastingar-1024x576.jpg\" alt=\"\" class=\"wp-image-488\" srcset=\"https:\/\/resemedicin.se\/friskparesan\/wp-content\/uploads\/2024\/03\/ixodes-fastingar-1024x576.jpg 1024w, https:\/\/resemedicin.se\/friskparesan\/wp-content\/uploads\/2024\/03\/ixodes-fastingar-300x169.jpg 300w, https:\/\/resemedicin.se\/friskparesan\/wp-content\/uploads\/2024\/03\/ixodes-fastingar-768x432.jpg 768w, https:\/\/resemedicin.se\/friskparesan\/wp-content\/uploads\/2024\/03\/ixodes-fastingar-1536x864.jpg 1536w, https:\/\/resemedicin.se\/friskparesan\/wp-content\/uploads\/2024\/03\/ixodes-fastingar.jpg 2000w\" sizes=\"auto, (max-width: 709px) 85vw, (max-width: 909px) 67vw, (max-width: 1362px) 62vw, 840px\" \/><figcaption class=\"wp-element-caption\">Livsstadier hos <em>Ixodes<\/em>-f\u00e4stingar, spridare av borreliainfektion och TBE.<\/figcaption><\/figure>\n\n\n\n<p>F\u00e4stingarna \u00e4r aktiva n\u00e4r temperaturen \u00f6verstiger 5 grader och trivs b\u00e4st i l\u00f6v- och blandskog, men de kan ocks\u00e5 hittas p\u00e5 \u00e4ngar, i parker och ibland till och med i stadsmilj\u00f6er. Smittorisken \u00e4r st\u00f6rst i Centraleuropa och \u00f6kar ju l\u00e4ngre en f\u00e4sting sitter kvar p\u00e5 huden, vanligtvis efter 24-48 timmar. Det \u00e4r d\u00e4rf\u00f6r viktigt att snabbt ta bort f\u00e4stingar.<\/p>\n\n\n\n<p>Till skillnad mot TBE sker inte smitt\u00f6verf\u00f6ring omedelbart efter ett f\u00e4stingbett, utan vanligen f\u00f6rst 1-2 dygn efter att f\u00e4stingen b\u00f6rjat suga blod. D\u00e5 risken \u00f6kar ju l\u00e4ngre f\u00e4stingen suger blod, \u00e4r tidig borttagning av f\u00e4stingen en effektiv \u00e5tg\u00e4rd f\u00f6r att minimera smittrisken.<\/p>\n\n\n\n<p><a href=\"https:\/\/resemedicin.se\/reseradet\/sjukdomar-och-vacciner\/borrelia\/#sidtopp\">Till sidtoppen<\/a><\/p>\n\n\n\n<h3 class=\"wp-block-heading has-white-color has-text-color has-background has-link-color wp-elements-477b82d528e32d6c73f037cef1f4ea78\" id=\"symtom\" style=\"background-color:#2b7c08;text-transform:none\">Sjukdomsbild<\/h3>\n\n\n\n<p>Efter ett f\u00e4stingbett kan symtomen upptr\u00e4da efter 3\u201330 dagar. Det vanligaste symtomet \u00e4r ett v\u00e4xande r\u00f6tt utslag runt bettet, kallat <strong>erytema migrans<\/strong>, som ser ut som en r\u00f6d ring med en ljusare mitt. Andra symtom kan vara feber, huvudv\u00e4rk, muskelv\u00e4rk, ledv\u00e4rk och svullna lymfk\u00f6rtlar.<\/p>\n\n\n\n<p>I mer ovanliga fall kan infektionen orsaka sm\u00e4rtsamma hudf\u00f6r\u00e4ndringar (lymfocytom), nervp\u00e5verkan (neuroborrelios) eller hj\u00e4rtmuskelinflammation. Om infektionen l\u00e4mnas obehandlad kan den leda till l\u00e5ngvariga besv\u00e4r som ledinflammation och hudf\u00f6r\u00e4ndringar, men behandling med antibiotika kan oftast bota infektionen helt.<\/p>\n\n\n\n<figure class=\"wp-block-image size-full is-resized\"><img loading=\"lazy\" decoding=\"async\" width=\"850\" height=\"587\" src=\"https:\/\/resemedicin.se\/friskparesan\/wp-content\/uploads\/2024\/08\/Borrelia-lymfocytom.jpg\" alt=\"\" class=\"wp-image-4451\" style=\"width:631px;height:auto\" srcset=\"https:\/\/resemedicin.se\/friskparesan\/wp-content\/uploads\/2024\/08\/Borrelia-lymfocytom.jpg 850w, https:\/\/resemedicin.se\/friskparesan\/wp-content\/uploads\/2024\/08\/Borrelia-lymfocytom-300x207.jpg 300w, https:\/\/resemedicin.se\/friskparesan\/wp-content\/uploads\/2024\/08\/Borrelia-lymfocytom-768x530.jpg 768w\" sizes=\"auto, (max-width: 709px) 85vw, (max-width: 909px) 67vw, (max-width: 1362px) 62vw, 840px\" \/><figcaption class=\"wp-element-caption\">Borrelia-lymfocytom<\/figcaption><\/figure>\n\n\n\n<p><\/p>\n\n\n\n<p>Borrelios svarar vanligen bra p\u00e5 behandling med antibiotika.<\/p>\n\n\n\n<h3 class=\"wp-block-heading has-white-color has-text-color has-background has-link-color wp-elements-efd19a53920d1a869e2bb5daa8849065\" id=\"epidemiologi\" style=\"background-color:#2b7c08;text-transform:none\">F\u00f6rekomst och riskgrupper<\/h3>\n\n\n\n<p>Borrelia \u00e4r vanligast under sommarm\u00e5naderna juni till augusti, n\u00e4r f\u00e4stingar \u00e4r mest aktiva. Infektionen f\u00f6rekommer fr\u00e4mst i Europa, Nordamerika och delar av Asien. I Europa \u00e4r Centraleuropa s\u00e4rskilt utsatt, medan i USA \u00e4r det nord\u00f6stra och centrala delarna mest drabbad<\/p>\n\n\n<div class=\"wp-block-image\">\n<figure class=\"aligncenter size-full\"><img loading=\"lazy\" decoding=\"async\" width=\"1024\" height=\"474\" src=\"https:\/\/resemedicin.se\/friskparesan\/wp-content\/uploads\/2024\/08\/borrelios-karta.jpg\" alt=\"\" class=\"wp-image-4453\" srcset=\"https:\/\/resemedicin.se\/friskparesan\/wp-content\/uploads\/2024\/08\/borrelios-karta.jpg 1024w, https:\/\/resemedicin.se\/friskparesan\/wp-content\/uploads\/2024\/08\/borrelios-karta-300x139.jpg 300w, https:\/\/resemedicin.se\/friskparesan\/wp-content\/uploads\/2024\/08\/borrelios-karta-768x356.jpg 768w\" sizes=\"auto, (max-width: 709px) 85vw, (max-width: 909px) 67vw, (max-width: 1362px) 62vw, 840px\" \/><figcaption class=\"wp-element-caption\">Global utbredning av borreliainfektion.<\/figcaption><\/figure>\n<\/div>\n\n\n<p>Personer som vistas i f\u00e4stingrika omr\u00e5den som skogar och \u00e4ngar l\u00f6per st\u00f6rst risk. Detta inkluderar vandrare, j\u00e4gare, campare och b\u00e4rplockare. F\u00e4stingbett kan ocks\u00e5 f\u00f6rekomma i tr\u00e4dg\u00e5rdar eller parker i drabbade omr\u00e5den.<\/p>\n\n\n\n<h3 class=\"wp-block-heading has-white-color has-text-color has-background has-link-color wp-elements-662727e07341dad94d64bcd6a03ae60b\" id=\"prevention\" style=\"background-color:#2b7c08\">Hur man skyddar sig<\/h3>\n\n\n\n<p>Eftersom det inte finns n\u00e5got vaccin mot borrelia \u00e4r skydd mot f\u00e4stingbett den viktigaste f\u00f6rebyggande \u00e5tg\u00e4rden. F\u00f6lj dessa r\u00e5d f\u00f6r att minska risken:<\/p>\n\n\n\n<ul class=\"wp-block-list\">\n<li><strong>B\u00e4r t\u00e4ckande kl\u00e4der:<\/strong>&nbsp;L\u00e5ng\u00e4rmade tr\u00f6jor och l\u00e5ngbyxor \u00e4r b\u00e4st, s\u00e4rskilt ljusa kl\u00e4der s\u00e5 att f\u00e4stingar syns l\u00e4ttare.<\/li>\n\n\n\n<li><strong>Anv\u00e4nd mygg- och f\u00e4stingmedel:<\/strong>&nbsp;Applicera p\u00e5 huden och kl\u00e4der enligt anvisningar.<\/li>\n\n\n\n<li><strong>Undvik h\u00f6gt gr\u00e4s och t\u00e4t vegetation:<\/strong>&nbsp;F\u00e4stingar trivs b\u00e4st i dessa milj\u00f6er.<\/li>\n\n\n\n<li><strong>Inspektera huden regelbundet:<\/strong>&nbsp;Efter vistelse i skog och mark, kontrollera hela kroppen, s\u00e4rskilt ljumskar, armh\u00e5lor, h\u00e5rf\u00e4ste och bakom \u00f6ronen.<\/li>\n\n\n\n<li><strong>Ta bort f\u00e4stingar omedelbart:<\/strong>&nbsp;Anv\u00e4nd en f\u00e4stingborttagare eller finspetsad pincett f\u00f6r att greppa f\u00e4stingen n\u00e4ra huden och dra f\u00f6rsiktigt rakt ut.<\/li>\n<\/ul>\n","protected":false},"excerpt":{"rendered":"<p>Information till resen\u00e4rer och allm\u00e4nheten Smitt\u00e4mnet och smittv\u00e4gar Borrelia (Lyme borrelios) \u00e4r en bakterieinfektion som sprids genom bett av f\u00e4stingar, fr\u00e4mst fr\u00e5n arten&nbsp;Ixodes ricinus. Bakterien,&nbsp;Borrelia burgdorferi, \u00f6verf\u00f6rs n\u00e4r en infekterad f\u00e4sting suger blod fr\u00e5n m\u00e4nniskor eller djur. F\u00e4stingarna blir smittb\u00e4rande genom att suga blod fr\u00e5n infekterade sm\u00e5djur, marklevande f\u00e5glar eller r\u00e5djur. Larver och nymfer av &hellip; <a href=\"https:\/\/resemedicin.se\/friskparesan\/sjukdomar-och-vacciner\/borrelia\/\" class=\"more-link\">Forts\u00e4tt l\u00e4sa<span class=\"screen-reader-text\"> \u201dBorreliainfektion (Lyme borrelios)\u201d<\/span><\/a><\/p>\n","protected":false},"author":1,"featured_media":0,"parent":11269,"menu_order":0,"comment_status":"closed","ping_status":"closed","template":"","meta":{"footnotes":""},"class_list":["post-11306","page","type-page","status-publish","hentry"],"jetpack_sharing_enabled":true,"_links":{"self":[{"href":"https:\/\/resemedicin.se\/friskparesan\/wp-json\/wp\/v2\/pages\/11306","targetHints":{"allow":["GET"]}}],"collection":[{"href":"https:\/\/resemedicin.se\/friskparesan\/wp-json\/wp\/v2\/pages"}],"about":[{"href":"https:\/\/resemedicin.se\/friskparesan\/wp-json\/wp\/v2\/types\/page"}],"author":[{"embeddable":true,"href":"https:\/\/resemedicin.se\/friskparesan\/wp-json\/wp\/v2\/users\/1"}],"replies":[{"embeddable":true,"href":"https:\/\/resemedicin.se\/friskparesan\/wp-json\/wp\/v2\/comments?post=11306"}],"version-history":[{"count":4,"href":"https:\/\/resemedicin.se\/friskparesan\/wp-json\/wp\/v2\/pages\/11306\/revisions"}],"predecessor-version":[{"id":12455,"href":"https:\/\/resemedicin.se\/friskparesan\/wp-json\/wp\/v2\/pages\/11306\/revisions\/12455"}],"up":[{"embeddable":true,"href":"https:\/\/resemedicin.se\/friskparesan\/wp-json\/wp\/v2\/pages\/11269"}],"wp:attachment":[{"href":"https:\/\/resemedicin.se\/friskparesan\/wp-json\/wp\/v2\/media?parent=11306"}],"curies":[{"name":"wp","href":"https:\/\/api.w.org\/{rel}","templated":true}]}}