{"id":11300,"date":"2024-03-10T07:17:00","date_gmt":"2024-03-10T06:17:00","guid":{"rendered":"https:\/\/www.friskparesan.se\/?page_id=288"},"modified":"2024-11-15T19:22:09","modified_gmt":"2024-11-15T18:22:09","slug":"meningokocker","status":"publish","type":"page","link":"https:\/\/resemedicin.se\/friskparesan\/sjukdomar-och-vacciner\/meningokocker\/","title":{"rendered":"Invasiv meningokocksjukdom"},"content":{"rendered":"\n<h3 class=\"wp-block-heading\" id=\"sidtopp\">Information till resen\u00e4rer<\/h3>\n\n\n\n<figure class=\"wp-block-image size-large\"><img loading=\"lazy\" decoding=\"async\" width=\"1024\" height=\"429\" src=\"https:\/\/resemedicin.se\/friskparesan\/wp-content\/uploads\/2024\/07\/Meningokocker-1024x429.jpg\" alt=\"\" class=\"wp-image-3393\" srcset=\"https:\/\/resemedicin.se\/friskparesan\/wp-content\/uploads\/2024\/07\/Meningokocker-1024x429.jpg 1024w, https:\/\/resemedicin.se\/friskparesan\/wp-content\/uploads\/2024\/07\/Meningokocker-300x126.jpg 300w, https:\/\/resemedicin.se\/friskparesan\/wp-content\/uploads\/2024\/07\/Meningokocker-768x322.jpg 768w, https:\/\/resemedicin.se\/friskparesan\/wp-content\/uploads\/2024\/07\/Meningokocker.jpg 1160w\" sizes=\"auto, (max-width: 709px) 85vw, (max-width: 909px) 67vw, (max-width: 1362px) 62vw, 840px\" \/><\/figure>\n\n\n\n<h3 class=\"wp-block-heading has-white-color has-text-color has-background has-link-color wp-elements-688360d30823481b88342ddb2694bb69\" id=\"smittamnet\" style=\"background-color:#2b7c08\">Smitt\u00e4mnet och smittv\u00e4gar<\/h3>\n\n\n\n<p>Meningokocksjukdom \u00e4r en allvarlig bakteriell infektion som orsakas av&nbsp;<em>Neisseria meningitidis<\/em>, \u00e4ven k\u00e4nd som meningokocker, som finns i olika serogrupper; A, B, C, W och Y. Bakterien sprids genom sm\u00e5 droppar i luften n\u00e4r n\u00e5gon hostar, nyser eller genom n\u00e4ra kontakt, exempelvis kyssar eller delning av bestick eller flaskor. Den kan finnas i n\u00e4san och halsen hos friska personer utan att orsaka sjukdom, vilket kallas b\u00e4rarskap. B\u00e4rarskap \u00e4r relativt vanligt och f\u00f6rekommer hos cirka 10 % av befolkningen, men bara en liten andel av dessa utvecklar sjukdom.<\/p>\n\n\n\n<p>Smittrisken inom familjer \u00e4r t\u00e4mligen begr\u00e4nsad (2\u20134 fall per 1 000 hush\u00e5llsmedlemmar i riskzonen). Denna risk \u00e4r dock 500 till 800 g\u00e5nger st\u00f6rre \u00e4n i den allm\u00e4nna befolkningen.<\/p>\n\n\n\n<h3 class=\"wp-block-heading has-white-color has-text-color has-background has-link-color wp-elements-477b82d528e32d6c73f037cef1f4ea78\" id=\"symtom\" style=\"background-color:#2b7c08;text-transform:none\">Sjukdomsbild<\/h3>\n\n\n\n<p>I vissa fall kan bakterien spridas till blodet och orsaka allvarliga tillst\u00e5nd som blodf\u00f6rgiftning (sepsis) eller hj\u00e4rnhinneinflammation (meningit). Sjukdomen b\u00f6rjar ofta snabbt med symtom som h\u00f6g feber, huvudv\u00e4rk, illam\u00e5ende, nackstelhet och ljusk\u00e4nslighet. Hudutslag i form av sm\u00e5 r\u00f6da prickar (petekier) kan vara ett tecken p\u00e5 meningokocksepsis. I de mest allvarliga fallen leder sjukdomen till chock, multiorgansvikt och d\u00f6d. <\/p>\n\n\n\n<figure class=\"wp-block-image size-large\"><img loading=\"lazy\" decoding=\"async\" width=\"1024\" height=\"576\" src=\"https:\/\/resemedicin.se\/friskparesan\/wp-content\/uploads\/2024\/07\/meningokocksepis-1024x576.webp\" alt=\"\" class=\"wp-image-3392\" srcset=\"https:\/\/resemedicin.se\/friskparesan\/wp-content\/uploads\/2024\/07\/meningokocksepis-1024x576.webp 1024w, https:\/\/resemedicin.se\/friskparesan\/wp-content\/uploads\/2024\/07\/meningokocksepis-300x169.webp 300w, https:\/\/resemedicin.se\/friskparesan\/wp-content\/uploads\/2024\/07\/meningokocksepis-768x432.webp 768w, https:\/\/resemedicin.se\/friskparesan\/wp-content\/uploads\/2024\/07\/meningokocksepis.webp 1040w\" sizes=\"auto, (max-width: 709px) 85vw, (max-width: 909px) 67vw, (max-width: 1362px) 62vw, 840px\" \/><figcaption class=\"wp-element-caption\">Petekier vid meningokocksepsis<\/figcaption><\/figure>\n\n\n\n<p>\u00c4ven med snabb behandling \u00e4r d\u00f6dligheten h\u00f6g, upp till 10\u201315 %. Bland de som \u00f6verlever kan cirka 20 % f\u00e5 best\u00e5ende skador, som h\u00f6rselneds\u00e4ttning eller neurologiska problem.<\/p>\n\n\n\n<h3 class=\"wp-block-heading has-white-color has-text-color has-background has-link-color wp-elements-389a1bab0b9682fa6de8bfe6b560566d\" id=\"epidemiologi\" style=\"background-color:#2b7c08;text-transform:none\">F\u00f6rekomst<\/h3>\n\n\n\n<p>Meningokocksjukdom f\u00f6rekommer \u00f6ver hela v\u00e4rlden (\u00e4ven i Sverige), men risken \u00e4r h\u00f6gst i vissa delar av Afrika s\u00f6der om Sahara, i det s\u00e5 kallade meningitb\u00e4ltet, d\u00e4r epidemier intr\u00e4ffar regelbundet under torrperioden. Resen\u00e4rer till dessa omr\u00e5den, s\u00e4rskilt under perioder med \u00f6kad smitta, rekommenderas vaccination. Epidemier har \u00e4ven rapporterats i andra delar av v\u00e4rlden, s\u00e5som Asien, Mellan\u00f6stern och Amerika.<\/p>\n\n\n\n<figure class=\"wp-block-image size-large\"><img loading=\"lazy\" decoding=\"async\" width=\"1024\" height=\"745\" src=\"https:\/\/resemedicin.se\/reseradet\/wp-content\/uploads\/2024\/03\/Mgc-karta-1024x745.jpg\" alt=\"\" class=\"wp-image-625\" srcset=\"https:\/\/resemedicin.se\/friskparesan\/wp-content\/uploads\/2024\/03\/Mgc-karta-1024x745.jpg 1024w, https:\/\/resemedicin.se\/friskparesan\/wp-content\/uploads\/2024\/03\/Mgc-karta-300x218.jpg 300w, https:\/\/resemedicin.se\/friskparesan\/wp-content\/uploads\/2024\/03\/Mgc-karta-768x559.jpg 768w, https:\/\/resemedicin.se\/friskparesan\/wp-content\/uploads\/2024\/03\/Mgc-karta.jpg 1280w\" sizes=\"auto, (max-width: 709px) 85vw, (max-width: 909px) 67vw, (max-width: 1362px) 62vw, 840px\" \/><figcaption class=\"wp-element-caption\">Meningitb\u00e4ltet och andra omr\u00e5den med risk f\u00f6r epidemier av meningokock-orsakad epidemisk hj\u00e4rnhinneinflammation.<\/figcaption><\/figure>\n\n\n\n<p>Pilgrimer som deltar i Hajj eller Umrah i Saudiarabien \u00e4r s\u00e4rskilt utsatta, eftersom tr\u00e4ngsel i stora folksamlingar \u00f6kar risken f\u00f6r smitta. Saudiarabien kr\u00e4ver att alla pilgrimer \u00e4r vaccinerade mot meningokocker och kan uppvisa ett intyg om vaccination med ett s.k. konjugatvaccin som skyddar mot serogrupperna A, C, W och Y.<\/p>\n\n\n\n<p>Ungdomar som studerar eller bor t\u00e4tt tillsammans, exempelvis p\u00e5 universitet, internat eller internationella arrangemang som scoutl\u00e4ger, har ocks\u00e5 en \u00f6kad risk. Dessa grupper rekommenderas vaccination inf\u00f6r vistelser i l\u00e4nder d\u00e4r vaccination mot meningokocker ing\u00e5r i de nationella vaccinationsprogrammen.<\/p>\n\n\n\n<h3 class=\"wp-block-heading has-white-color has-text-color has-background has-link-color wp-elements-499b765a175f3ba22d5971c2a6976e0e\" id=\"vaccination\" style=\"background-color:#2b7c08\">Hur man skyddar sig<\/h3>\n\n\n\n<p>F\u00f6r resen\u00e4rer och andra i riskgrupper finns effektiva vacciner som skyddar mot flera av de vanligaste serogrupperna av meningokocker:<\/p>\n\n\n\n<ul class=\"wp-block-list\">\n<li><em>Menveo\u00ae<\/em>&nbsp;och&nbsp;<em>Nimenrix\u00ae<\/em>&nbsp;skyddar mot serogrupperna A, C, W och Y. Dessa \u00e4r s.k. konjugatvacciner och kan ges till barn s\u00e5 unga som 6 veckor (Nimenrix\u00ae) eller 2 m\u00e5nader (Menveo\u00ae). En dos ger skydd i flera \u00e5r.<\/li>\n\n\n\n<li><em>Bexsero\u00ae<\/em>&nbsp;och&nbsp;<em>Trumenba\u00ae<\/em>&nbsp;\u00e4r specifika vacciner mot serogrupp B, som \u00e4r vanlig i Europa. Bexsero\u00ae ges i tv\u00e5 doser, medan Trumenba\u00ae kr\u00e4ver tre doser.<\/li>\n<\/ul>\n\n\n\n<p>Vaccinationen b\u00f6r planeras i god tid f\u00f6re resan f\u00f6r att ge tillr\u00e4ckligt skydd. F\u00f6r pilgrimer som reser till Saudiarabien m\u00e5ste vaccinationen vara utf\u00f6rd minst 10 dagar f\u00f6re ankomst och vara giltig i upp till 5 \u00e5r. <\/p>\n\n\n\n<p>F\u00f6rutom vaccination \u00e4r god hygien och att undvika n\u00e4ra kontakt med sjuka personer viktiga f\u00f6rebyggande \u00e5tg\u00e4rder. Tv\u00e4tta h\u00e4nderna regelbundet med tv\u00e5l och vatten och undvik att dela drycker, mat eller andra f\u00f6rem\u00e5l som kan \u00f6verf\u00f6ra bakterier.<\/p>\n\n\n\n<p>Om du har n\u00e4ra kontakt med n\u00e5gon som insjuknat i meningokocksjukdom, exempelvis en familjemedlem, kan antibiotika ges som f\u00f6rebyggande behandling f\u00f6r att minska risken att sj\u00e4lv bli sjuk. Detta \u00e4r s\u00e4rskilt viktigt om det finns sm\u00e5 barn, \u00e4ldre eller personer med nedsatt immunf\u00f6rsvar i n\u00e4rheten.<\/p>\n\n\n\n<p><\/p>\n","protected":false},"excerpt":{"rendered":"<p>Information till resen\u00e4rer Smitt\u00e4mnet och smittv\u00e4gar Meningokocksjukdom \u00e4r en allvarlig bakteriell infektion som orsakas av&nbsp;Neisseria meningitidis, \u00e4ven k\u00e4nd som meningokocker, som finns i olika serogrupper; A, B, C, W och Y. Bakterien sprids genom sm\u00e5 droppar i luften n\u00e4r n\u00e5gon hostar, nyser eller genom n\u00e4ra kontakt, exempelvis kyssar eller delning av bestick eller flaskor. Den &hellip; <a href=\"https:\/\/resemedicin.se\/friskparesan\/sjukdomar-och-vacciner\/meningokocker\/\" class=\"more-link\">Forts\u00e4tt l\u00e4sa<span class=\"screen-reader-text\"> \u201dInvasiv meningokocksjukdom\u201d<\/span><\/a><\/p>\n","protected":false},"author":1,"featured_media":0,"parent":11269,"menu_order":0,"comment_status":"closed","ping_status":"closed","template":"","meta":{"footnotes":""},"class_list":["post-11300","page","type-page","status-publish","hentry"],"jetpack_sharing_enabled":true,"_links":{"self":[{"href":"https:\/\/resemedicin.se\/friskparesan\/wp-json\/wp\/v2\/pages\/11300","targetHints":{"allow":["GET"]}}],"collection":[{"href":"https:\/\/resemedicin.se\/friskparesan\/wp-json\/wp\/v2\/pages"}],"about":[{"href":"https:\/\/resemedicin.se\/friskparesan\/wp-json\/wp\/v2\/types\/page"}],"author":[{"embeddable":true,"href":"https:\/\/resemedicin.se\/friskparesan\/wp-json\/wp\/v2\/users\/1"}],"replies":[{"embeddable":true,"href":"https:\/\/resemedicin.se\/friskparesan\/wp-json\/wp\/v2\/comments?post=11300"}],"version-history":[{"count":4,"href":"https:\/\/resemedicin.se\/friskparesan\/wp-json\/wp\/v2\/pages\/11300\/revisions"}],"predecessor-version":[{"id":11688,"href":"https:\/\/resemedicin.se\/friskparesan\/wp-json\/wp\/v2\/pages\/11300\/revisions\/11688"}],"up":[{"embeddable":true,"href":"https:\/\/resemedicin.se\/friskparesan\/wp-json\/wp\/v2\/pages\/11269"}],"wp:attachment":[{"href":"https:\/\/resemedicin.se\/friskparesan\/wp-json\/wp\/v2\/media?parent=11300"}],"curies":[{"name":"wp","href":"https:\/\/api.w.org\/{rel}","templated":true}]}}