{"id":11299,"date":"2024-03-10T06:58:38","date_gmt":"2024-03-10T05:58:38","guid":{"rendered":"https:\/\/www.friskparesan.se\/?page_id=277"},"modified":"2025-10-21T15:26:02","modified_gmt":"2025-10-21T14:26:02","slug":"etec","status":"publish","type":"page","link":"https:\/\/resemedicin.se\/friskparesan\/sjukdomar-och-vacciner\/etec\/","title":{"rendered":"Enterotoxinbildande E.coli (ETEC)"},"content":{"rendered":"\n<h3 class=\"wp-block-heading\" id=\"sidtopp\">Information till resen\u00e4rer och allm\u00e4nheten<\/h3>\n\n\n<div class=\"wp-block-image\">\n<figure class=\"aligncenter size-full\"><img loading=\"lazy\" decoding=\"async\" width=\"1024\" height=\"683\" src=\"https:\/\/resemedicin.se\/friskparesan\/wp-content\/uploads\/2025\/10\/Diarre.jpg\" alt=\"\" class=\"wp-image-12418\" srcset=\"https:\/\/resemedicin.se\/friskparesan\/wp-content\/uploads\/2025\/10\/Diarre.jpg 1024w, https:\/\/resemedicin.se\/friskparesan\/wp-content\/uploads\/2025\/10\/Diarre-300x200.jpg 300w, https:\/\/resemedicin.se\/friskparesan\/wp-content\/uploads\/2025\/10\/Diarre-768x512.jpg 768w\" sizes=\"auto, (max-width: 709px) 85vw, (max-width: 909px) 67vw, (max-width: 1362px) 62vw, 840px\" \/><\/figure>\n<\/div>\n\n\n<h3 class=\"wp-block-heading has-white-color has-text-color has-background has-link-color wp-elements-688360d30823481b88342ddb2694bb69\" id=\"smittamnet\" style=\"background-color:#2b7c08\">Smitt\u00e4mnet och smittv\u00e4gar<\/h3>\n\n\n\n<p>ETEC \u00e4r en bakterie som \u00e4r en vanlig orsak till diarr\u00e9 hos barn i l\u00e5ginkomstl\u00e4nder och den vanligaste orsaken till turistdiarr\u00e9, och ansvarig f\u00f6r cirka 5-35 % av alla diarr\u00e9-episoder hos turister.. Bakterien f\u00e4ster i tunntarmen och producerar bakteriegifter (toxiner &#8211; ST och\/eller LT) som st\u00f6r tarmfunktionen, vilket leder till vattnig diarr\u00e9. Smitta sker via f\u00f6rorenad mat, vatten eller person-till-person-kontakt. ETEC \u00e4r vanligast i omr\u00e5den med d\u00e5liga hygienf\u00f6rh\u00e5llanden.<\/p>\n\n\n\n<h3 class=\"wp-block-heading has-white-color has-text-color has-background has-link-color wp-elements-6e08b79ec9d7032d31d448c1decbe3f2\" id=\"symtom\" style=\"background-color:#2b7c08;text-transform:none\">Symtom<\/h3>\n\n\n\n<p id=\"block-fe30123c-0b76-4b58-b593-7041fce136b8\">Symtomen b\u00f6rjar 10\u201372 timmar efter smitta och inkluderar akut vattnig diarr\u00e9 som kan leda till uttorkning. Tillst\u00e5ndet varar i 1\u20135 dagar och \u00e4r oftast sj\u00e4lvl\u00e4kande, men kan vara allvarligt f\u00f6r sm\u00e5 barn och k\u00e4nsliga grupper. Feber \u00e4r ovanligt, och diarr\u00e9erna \u00e4r inte blodiga. I s\u00e4llsynta fall kan infektionen kopplas till l\u00e5ngvariga IBS-besv\u00e4r.<\/p>\n\n\n\n<p>Behandlingen best\u00e5r fr\u00e4mst av v\u00e4tskeers\u00e4ttning f\u00f6r att f\u00f6rhindra uttorkning. Tarmstoppande l\u00e4kemedel kan anv\u00e4ndas vid lindriga fall, men antibiotika \u00e4r s\u00e4llan n\u00f6dv\u00e4ndigt.<\/p>\n\n\n\n<h3 class=\"wp-block-heading has-white-color has-text-color has-background has-link-color wp-elements-efd19a53920d1a869e2bb5daa8849065\" id=\"epidemiologi\" style=\"background-color:#2b7c08;text-transform:none\">F\u00f6rekomst och riskgrupper<\/h3>\n\n\n\n<p>ETEC \u00e4r en av de vanligaste orsakerna till diarr\u00e9 hos barn under 5 \u00e5r i l\u00e5ginkomstl\u00e4nder och st\u00e5r f\u00f6r 30\u201335 % av alla turistdiarr\u00e9er i regioner som Afrika, Indien och Latinamerika. Globalt orsakar diarr\u00e9framkallande E. coli, inklusive ETEC, cirka 100 miljoner fall och 63 000 d\u00f6dsfall \u00e5rligen.<\/p>\n\n\n\n<p>Alla som reser till l\u00e5g- och medelinkomstl\u00e4nder l\u00f6per risk att drabbas av turistdiarr\u00e9, s\u00e4rskilt till omr\u00e5den med d\u00e5liga hygienf\u00f6rh\u00e5llanden. Gravida, barn och personer med kroniska sjukdomar \u00e4r s\u00e4rskilt utsatta f\u00f6r allvarliga komplikationer.<\/p>\n\n\n\n<p>Uppskattningar visar att 10-70 % av alla resen\u00e4rer till l\u00e5g- och medelinkomstl\u00e4nder drabbas av turistdiarr\u00e9, beroende p\u00e5 var de reser (se karta nedan), i extrema milj\u00f6er, t.ex. flodf\u00e4rder p\u00e5 Nilen, kan risken vara \u00e4nnu h\u00f6gre. ETEC \u00e4r den fr\u00e4msta orsaken till dessa diarr\u00e9er och ber\u00e4knas st\u00e5 f\u00f6r 30-35% av alla turistdiarr\u00e9er i Indiska subkontinenten, Afrika och Latinamerika, men bara 7% i Sydostasien d\u00e4r <em>Campylobacter<\/em> \u00e4r relativt s\u00e4tt betydligt vanligare. <\/p>\n\n\n\n<figure class=\"wp-block-image size-large\"><img loading=\"lazy\" decoding=\"async\" width=\"1024\" height=\"606\" src=\"https:\/\/resemedicin.se\/friskparesan\/wp-content\/uploads\/2024\/08\/Karta-resediarre-1024x606.jpg\" alt=\"\" class=\"wp-image-3753\" srcset=\"https:\/\/resemedicin.se\/friskparesan\/wp-content\/uploads\/2024\/08\/Karta-resediarre-1024x606.jpg 1024w, https:\/\/resemedicin.se\/friskparesan\/wp-content\/uploads\/2024\/08\/Karta-resediarre-300x177.jpg 300w, https:\/\/resemedicin.se\/friskparesan\/wp-content\/uploads\/2024\/08\/Karta-resediarre-768x454.jpg 768w, https:\/\/resemedicin.se\/friskparesan\/wp-content\/uploads\/2024\/08\/Karta-resediarre-1200x710.jpg 1200w, https:\/\/resemedicin.se\/friskparesan\/wp-content\/uploads\/2024\/08\/Karta-resediarre.jpg 1280w\" sizes=\"auto, (max-width: 709px) 85vw, (max-width: 909px) 67vw, (max-width: 1362px) 62vw, 840px\" \/><figcaption class=\"wp-element-caption\">Risken f\u00f6r turistdiarr\u00e9 under de f\u00f6rsta tv\u00e5 veckorna av vistelsen i olika regioner i v\u00e4rlden bland bes\u00f6kare fr\u00e5n industril\u00e4nder, 1996\u20132008. K<\/figcaption><\/figure>\n\n\n\n<h3 class=\"wp-block-heading has-white-color has-text-color has-background has-link-color wp-elements-d8d3fc680057ceda957de736fe795bac\" id=\"prevention\" style=\"background-color:#2b7c08\">S\u00e5 skyddar du dig<\/h3>\n\n\n\n<p><strong>Hygien och mat\/dryck<\/strong>: F\u00f6r att minska risken rekommenderas god handhygien och f\u00f6rsiktighet med mat och vatten, men det \u00e4r sv\u00e5rt att eliminera risken helt.<\/p>\n\n\n\n<p><strong>Vaccination<\/strong>: Det finns inget specifikt vaccin som \u00e4r godk\u00e4nt mot ETEC, men koleravaccinet Dukoral\u00ae kan ge ett m\u00e5ttligt skydd (60\u201370 %) mot vissa toxinproducerande ETEC och kan vara av v\u00e4rde f\u00f6r resen\u00e4rer till h\u00f6griskomr\u00e5den. Vaccinet b\u00f6r endast anv\u00e4ndas med vetskap om dess begr\u00e4nsade effekt och vikten av fortsatt hygienf\u00f6rsiktighet.<\/p>\n\n\n\n<p>Dukoral\u00ae kan \u00f6verv\u00e4gas i f\u00f6ljande fall:<\/p>\n\n\n\n<ul class=\"wp-block-list\">\n<li>Resor till h\u00f6griskomr\u00e5den som Indien, tropiska Afrika, Mexiko  eller Nilkryssningar.<\/li>\n\n\n\n<li>Gravida som reser till medel- eller h\u00f6griskl\u00e4nder.<\/li>\n\n\n\n<li>Resen\u00e4rer som vill minska risken f\u00f6r diarr\u00e9 under korta eller kostsamma resor.<\/li>\n<\/ul>\n","protected":false},"excerpt":{"rendered":"<p>Information till resen\u00e4rer och allm\u00e4nheten Smitt\u00e4mnet och smittv\u00e4gar ETEC \u00e4r en bakterie som \u00e4r en vanlig orsak till diarr\u00e9 hos barn i l\u00e5ginkomstl\u00e4nder och den vanligaste orsaken till turistdiarr\u00e9, och ansvarig f\u00f6r cirka 5-35 % av alla diarr\u00e9-episoder hos turister.. Bakterien f\u00e4ster i tunntarmen och producerar bakteriegifter (toxiner &#8211; ST och\/eller LT) som st\u00f6r tarmfunktionen, &hellip; <a href=\"https:\/\/resemedicin.se\/friskparesan\/sjukdomar-och-vacciner\/etec\/\" class=\"more-link\">Forts\u00e4tt l\u00e4sa<span class=\"screen-reader-text\"> \u201dEnterotoxinbildande E.coli (ETEC)\u201d<\/span><\/a><\/p>\n","protected":false},"author":1,"featured_media":0,"parent":11269,"menu_order":0,"comment_status":"closed","ping_status":"closed","template":"","meta":{"footnotes":""},"class_list":["post-11299","page","type-page","status-publish","hentry"],"jetpack_sharing_enabled":true,"_links":{"self":[{"href":"https:\/\/resemedicin.se\/friskparesan\/wp-json\/wp\/v2\/pages\/11299","targetHints":{"allow":["GET"]}}],"collection":[{"href":"https:\/\/resemedicin.se\/friskparesan\/wp-json\/wp\/v2\/pages"}],"about":[{"href":"https:\/\/resemedicin.se\/friskparesan\/wp-json\/wp\/v2\/types\/page"}],"author":[{"embeddable":true,"href":"https:\/\/resemedicin.se\/friskparesan\/wp-json\/wp\/v2\/users\/1"}],"replies":[{"embeddable":true,"href":"https:\/\/resemedicin.se\/friskparesan\/wp-json\/wp\/v2\/comments?post=11299"}],"version-history":[{"count":4,"href":"https:\/\/resemedicin.se\/friskparesan\/wp-json\/wp\/v2\/pages\/11299\/revisions"}],"predecessor-version":[{"id":12420,"href":"https:\/\/resemedicin.se\/friskparesan\/wp-json\/wp\/v2\/pages\/11299\/revisions\/12420"}],"up":[{"embeddable":true,"href":"https:\/\/resemedicin.se\/friskparesan\/wp-json\/wp\/v2\/pages\/11269"}],"wp:attachment":[{"href":"https:\/\/resemedicin.se\/friskparesan\/wp-json\/wp\/v2\/media?parent=11299"}],"curies":[{"name":"wp","href":"https:\/\/api.w.org\/{rel}","templated":true}]}}