{"id":11296,"date":"2024-03-09T17:17:04","date_gmt":"2024-03-09T16:17:04","guid":{"rendered":"https:\/\/www.friskparesan.se\/?page_id=266"},"modified":"2025-10-21T17:22:51","modified_gmt":"2025-10-21T16:22:51","slug":"kolera","status":"publish","type":"page","link":"https:\/\/resemedicin.se\/friskparesan\/sjukdomar-och-vacciner\/kolera\/","title":{"rendered":"Kolera"},"content":{"rendered":"\n<h3 class=\"wp-block-heading\">Information till resen\u00e4rer<\/h3>\n\n\n\n<figure class=\"wp-block-image size-full\"><img loading=\"lazy\" decoding=\"async\" width=\"1024\" height=\"557\" src=\"https:\/\/resemedicin.se\/friskparesan\/wp-content\/uploads\/2025\/10\/kolera.jpg\" alt=\"\" class=\"wp-image-12438\" srcset=\"https:\/\/resemedicin.se\/friskparesan\/wp-content\/uploads\/2025\/10\/kolera.jpg 1024w, https:\/\/resemedicin.se\/friskparesan\/wp-content\/uploads\/2025\/10\/kolera-300x163.jpg 300w, https:\/\/resemedicin.se\/friskparesan\/wp-content\/uploads\/2025\/10\/kolera-768x418.jpg 768w\" sizes=\"auto, (max-width: 709px) 85vw, (max-width: 909px) 67vw, (max-width: 1362px) 62vw, 840px\" \/><\/figure>\n\n\n\n<h3 class=\"wp-block-heading has-white-color has-text-color has-background has-link-color wp-elements-688360d30823481b88342ddb2694bb69\" id=\"smittamnet\" style=\"background-color:#2b7c08\">Smitt\u00e4mnet och smittv\u00e4gar<\/h3>\n\n\n\n<p>Kolera \u00e4r en akut diarr\u00e9sjukdom orsakad av bakterien&nbsp;<em>Vibrio cholerae<\/em>. Smitta sker via f\u00f6rorenat vatten eller mat. Direkt smitta mellan m\u00e4nniskor \u00e4r ovanlig men kan f\u00f6rekomma under epidemier med d\u00e5liga sanit\u00e4ra f\u00f6rh\u00e5llanden. Personer med nedsatt magsyra \u00e4r mer mottagliga f\u00f6r infektion. Risken f\u00f6r resen\u00e4rer \u00e4ven i infekterade omr\u00e5den \u00e4r mycket liten.<\/p>\n\n\n\n<p>Efter infektion koloniserar kolerabakterierna tunntarmen, d\u00e4r de uts\u00f6ndrar ett bakteriegift (toxin). Koleratoxinet binds till ett tarmcellsenzym som pumpar ut natrium och vatten fr\u00e5n tarmcellerna till tarmen. Uts\u00e4ndringen av vatten kan bli mycket kraftig, och en patient med kolera kan f\u00f6rlora 10-15 liter (i v\u00e4rsta fall 20-30 liter) v\u00e4tska per dygn i rinnande vattentunna diarr\u00e9er. D\u00e5 bakterien inte \u00e4r invasiv \u00e4r diarr\u00e9erna inte blodiga.<\/p>\n\n\n\n<h3 class=\"wp-block-heading has-white-color has-text-color has-background has-link-color wp-elements-477b82d528e32d6c73f037cef1f4ea78\" id=\"symtom\" style=\"background-color:#2b7c08;text-transform:none\">Sjukdomsbild<\/h3>\n\n\n\n<p>Inkubationstiden (tid fr\u00e5n smitta till symtom) \u00e4r 2\u20135 dagar. De flesta infektioner \u00e4r lindriga eller helt utan symtom, men sv\u00e5r kolera kan ge pl\u00f6tslig och kraftig, vattentunn diarr\u00e9 (&#8221;risvattenavf\u00f6ring&#8221;) och kr\u00e4kningar, vilket leder till snabb uttorkning, rubbningar i kroppens saltbalans och i v\u00e4rsta fall d\u00f6d. Utan behandling kan d\u00f6dligheten vara \u00f6ver 50 %, men med korrekt v\u00e4tskeers\u00e4ttning \u00e4r den mindre \u00e4n 1 %.<\/p>\n\n\n\n<p>Behandlingen bygger p\u00e5 att ers\u00e4tta v\u00e4tskef\u00f6rlusterna. I flertalet fall r\u00e4cker det med kommersiellt eller egentillblandat <a href=\"https:\/\/resemedicin.se\/friskparesan\/reserad\/diarrebehandling\/\">v\u00e4tskeers\u00e4ttningsmedel<\/a>. Vid sv\u00e5rare intorkning kan kr\u00e4vas intraven\u00f6s behandling.<\/p>\n\n\n\n<h3 class=\"wp-block-heading has-white-color has-text-color has-background has-link-color wp-elements-389a1bab0b9682fa6de8bfe6b560566d\" id=\"epidemiologi\" style=\"background-color:#2b7c08;text-transform:none\">F\u00f6rekomst<\/h3>\n\n\n\n<p>Kolera f\u00f6rekommer i m\u00e5nga utvecklingsl\u00e4nder och kopplas d\u00e5 till d\u00e5lig tillg\u00e5ng till rent vatten och sanitet, ofta i samband med krig, konflikter och flyktingsituationer. Under 2023 och 2024 rapporterades fall fr\u00e5n l\u00e4nder i Afrika, Asien, Mellan\u00f6stern och Amerika. <\/p>\n\n\n\n<p>L\u00e4nder med p\u00e5g\u00e5ende (2023\/2024) spridning av kolera inkluderar:<\/p>\n\n\n\n<ul class=\"wp-block-list\">\n<li><strong>Afrika<\/strong>: Burundi, Kamerun, Komorerna, Demokratiska republiken Kongo, Etiopien, Kenya, Malawi, Mayotte, Mo\u00e7ambique, Nigeria, Republiken Kongo, Somalia, Sydafrika, Sudan, Uganda, Tanzania, Zambia, Zimbabwe<\/li>\n\n\n\n<li><strong>Asien<\/strong>: Afghanistan, Bangladesh, Indien, Pakistan, Filippinerna.<\/li>\n\n\n\n<li><strong>Mellan\u00f6stern<\/strong>: Irak, Syrien, Jemen<\/li>\n\n\n\n<li><strong>Amerika<\/strong>: Dominikanska republiken, Haiti<\/li>\n<\/ul>\n\n\n<div class=\"wp-block-image\">\n<figure class=\"aligncenter size-full\"><a href=\"https:\/\/resemedicin.se\/friskparesan\/wp-content\/uploads\/2024\/09\/kolera-karta-2024-3.jpg\" target=\"_blank\" rel=\"noreferrer noopener\"><img loading=\"lazy\" decoding=\"async\" width=\"1024\" height=\"623\" src=\"https:\/\/resemedicin.se\/friskparesan\/wp-content\/uploads\/2024\/09\/kolera-karta-2024-3.jpg\" alt=\"\" class=\"wp-image-5634\" srcset=\"https:\/\/resemedicin.se\/friskparesan\/wp-content\/uploads\/2024\/09\/kolera-karta-2024-3.jpg 1024w, https:\/\/resemedicin.se\/friskparesan\/wp-content\/uploads\/2024\/09\/kolera-karta-2024-3-300x183.jpg 300w, https:\/\/resemedicin.se\/friskparesan\/wp-content\/uploads\/2024\/09\/kolera-karta-2024-3-768x467.jpg 768w\" sizes=\"auto, (max-width: 709px) 85vw, (max-width: 909px) 67vw, (max-width: 1362px) 62vw, 840px\" \/><\/a><figcaption class=\"wp-element-caption\">Geografisk spridning av kolerafall unde perioden maj till juli 2024 (k\u00e4lla: ECDC). <br>Klicka p\u00e5 kartan f\u00f6r st\u00f6rre bild.<\/figcaption><\/figure>\n<\/div>\n\n\n<p>Risken f\u00f6r resen\u00e4rer fr\u00e5n Europa att drabbas av kolera \u00e4r extremt l\u00e5g, \u00e4ven om sporadiska importfall f\u00f6rekommer. \u00c5r 2022 rapporterades 29 fall i nio EU-l\u00e4nder, varav samtliga hade en resehistorik till kolera-drabbade omr\u00e5den. I Sverige har under \u00e5ren 2004\u20132022 totalt 15 fall av kolera rapporterats, samtliga vuxna som smittats utomlands.<\/p>\n\n\n\n<p>Allm\u00e4nna uppskattningar av resen\u00e4rers risk f\u00f6r kolera baserat p\u00e5 importerade fall till Europa och Nordamerika \u00e4r i storleksordningen 2-3 per miljon resen\u00e4rer. <\/p>\n\n\n\n<p>Riskgrupper bland resen\u00e4rer f\u00f6r smitta inkluderar:<\/p>\n\n\n\n<ul class=\"wp-block-list\">\n<li>Humanit\u00e4ra bist\u00e5ndsarbetare och sjukv\u00e5rdspersonal i utbrottsomr\u00e5den.<\/li>\n\n\n\n<li>Resen\u00e4rer som av annan anledning (t.ex. f\u00f6r att bes\u00f6ka sl\u00e4kt och v\u00e4nner) \u00e5ker till omr\u00e5den med aktiv epidemi och d\u00e5lig sanitet.<\/li>\n\n\n\n<li>Resen\u00e4rer som konsumerar f\u00e4rsk eller d\u00e5ligt tillagad fisk och skaldjur i land med endemisk koleraf\u00f6rekomst.<\/li>\n<\/ul>\n\n\n\n<p>Personer med nedsatt magsyra (\u00e4ven efter medicinering med syrah\u00e4mmande medel), gravida kvinnor, patienter med nedsatt immunf\u00f6rsvar och personer med blodgrupp O l\u00f6per st\u00f6rre risk att utveckla allvarlig sjukdom om de blir smittade.<\/p>\n\n\n\n<h3 class=\"wp-block-heading has-white-color has-text-color has-background has-link-color wp-elements-662727e07341dad94d64bcd6a03ae60b\" id=\"prevention\" style=\"background-color:#2b7c08\">Hur man skyddar sig<\/h3>\n\n\n\n<p><strong>Hygien och livsmedelshantering:<\/strong>&nbsp;Drick endast rent eller kokt vatten. Undvik is, r\u00e5 eller d\u00e5ligt tillagad mat och skaldjur i l\u00e4nder d\u00e4r kolera f\u00f6rekommer. Tv\u00e4tta h\u00e4nderna regelbundet med tv\u00e5l och vatten.<\/p>\n\n\n\n<p><strong>Vaccination:<\/strong>&nbsp;Tv\u00e5 orala vacciner \u00e4r tillg\u00e4ngliga i Sverige:<\/p>\n\n\n\n<ul class=\"wp-block-list\">\n<li><strong>Dukoral\u00ae:<\/strong>&nbsp;Skyddar mot kolera och har viss effekt mot turistdiarr\u00e9. Ges i tv\u00e5 doser till vuxna och barn fr\u00e5n 2 \u00e5rs \u00e5lder.<\/li>\n\n\n\n<li><strong>Vaxchora\u00ae:<\/strong>&nbsp;Ett levande vaccin som ges i en dos till vuxna och barn fr\u00e5n 2 \u00e5rs \u00e5lder. B\u00f6r undvikas av immunsupprimerade.<\/li>\n<\/ul>\n\n\n\n<p>Vaccination rekommenderas f\u00f6r bist\u00e5ndsarbetare, sjukv\u00e5rdspersonal och andra som vistas i riskomr\u00e5den med begr\u00e4nsad tillg\u00e5ng till vatten och v\u00e5rd. Det \u00e4r ocks\u00e5 aktuellt f\u00f6r resen\u00e4rer med h\u00e4lsotillst\u00e5nd som \u00f6kar risken f\u00f6r sv\u00e5r sjukdom.<\/p>\n\n\n\n<p><strong>Vaxchora kan uts\u00f6ndras i avf\u00f6ringen i \u22657 dagar och vaccinstammen kan \u00f6verf\u00f6ras till icke-vaccinerade n\u00e4ra kontakter. Om det finns immunsupprimerade patienter i den n\u00e4rmare omgivningen \u00e4r det d\u00e4rf\u00f6r s\u00e4krare att v\u00e4lja Dukoral\u00ae.<\/strong><\/p>\n\n\n\n<p><\/p>\n","protected":false},"excerpt":{"rendered":"<p>Information till resen\u00e4rer Smitt\u00e4mnet och smittv\u00e4gar Kolera \u00e4r en akut diarr\u00e9sjukdom orsakad av bakterien&nbsp;Vibrio cholerae. Smitta sker via f\u00f6rorenat vatten eller mat. Direkt smitta mellan m\u00e4nniskor \u00e4r ovanlig men kan f\u00f6rekomma under epidemier med d\u00e5liga sanit\u00e4ra f\u00f6rh\u00e5llanden. Personer med nedsatt magsyra \u00e4r mer mottagliga f\u00f6r infektion. Risken f\u00f6r resen\u00e4rer \u00e4ven i infekterade omr\u00e5den \u00e4r mycket &hellip; <a href=\"https:\/\/resemedicin.se\/friskparesan\/sjukdomar-och-vacciner\/kolera\/\" class=\"more-link\">Forts\u00e4tt l\u00e4sa<span class=\"screen-reader-text\"> \u201dKolera\u201d<\/span><\/a><\/p>\n","protected":false},"author":1,"featured_media":0,"parent":11269,"menu_order":0,"comment_status":"closed","ping_status":"closed","template":"","meta":{"footnotes":""},"class_list":["post-11296","page","type-page","status-publish","hentry"],"jetpack_sharing_enabled":true,"_links":{"self":[{"href":"https:\/\/resemedicin.se\/friskparesan\/wp-json\/wp\/v2\/pages\/11296","targetHints":{"allow":["GET"]}}],"collection":[{"href":"https:\/\/resemedicin.se\/friskparesan\/wp-json\/wp\/v2\/pages"}],"about":[{"href":"https:\/\/resemedicin.se\/friskparesan\/wp-json\/wp\/v2\/types\/page"}],"author":[{"embeddable":true,"href":"https:\/\/resemedicin.se\/friskparesan\/wp-json\/wp\/v2\/users\/1"}],"replies":[{"embeddable":true,"href":"https:\/\/resemedicin.se\/friskparesan\/wp-json\/wp\/v2\/comments?post=11296"}],"version-history":[{"count":6,"href":"https:\/\/resemedicin.se\/friskparesan\/wp-json\/wp\/v2\/pages\/11296\/revisions"}],"predecessor-version":[{"id":12439,"href":"https:\/\/resemedicin.se\/friskparesan\/wp-json\/wp\/v2\/pages\/11296\/revisions\/12439"}],"up":[{"embeddable":true,"href":"https:\/\/resemedicin.se\/friskparesan\/wp-json\/wp\/v2\/pages\/11269"}],"wp:attachment":[{"href":"https:\/\/resemedicin.se\/friskparesan\/wp-json\/wp\/v2\/media?parent=11296"}],"curies":[{"name":"wp","href":"https:\/\/api.w.org\/{rel}","templated":true}]}}