{"id":11295,"date":"2024-03-07T21:09:05","date_gmt":"2024-03-07T20:09:05","guid":{"rendered":"https:\/\/www.friskparesan.se\/?page_id=264"},"modified":"2025-10-21T15:50:43","modified_gmt":"2025-10-21T14:50:43","slug":"japansk-encefalit","status":"publish","type":"page","link":"https:\/\/resemedicin.se\/friskparesan\/sjukdomar-och-vacciner\/japansk-encefalit\/","title":{"rendered":"Japansk encefalit"},"content":{"rendered":"\n<h3 class=\"wp-block-heading\">Information till resen\u00e4rer<\/h3>\n\n\n\n<h2 class=\"wp-block-heading has-white-color has-text-color has-background has-link-color wp-elements-212c6ef15be4fac715994f07af59dd35\" id=\"smittamnet\" style=\"background-color:#2b7c08\">Smitt\u00e4mnet och smittv\u00e4gar<\/h2>\n\n\n\n<p>Japansk encefalit (JE) \u00e4r en virusinfektion som sprids via myggbett och kan orsaka inflammation i hj\u00e4rnan. Viruset tillh\u00f6r samma familj som dengue- och TBE-virus. Smittan sprids av kv\u00e4lls- och nattaktiva myggor, framf\u00f6r allt <em>Culex<\/em>-myggor, som oftast finns n\u00e4ra risf\u00e4lt och grisfarmar. M\u00e4nniskor kan inte sprida smittan vidare, eftersom virusniv\u00e5erna i blodet inte \u00e4r tillr\u00e4ckligt h\u00f6ga.<\/p>\n\n\n\n<figure class=\"wp-block-image size-large\"><img loading=\"lazy\" decoding=\"async\" width=\"1024\" height=\"576\" src=\"https:\/\/resemedicin.se\/reseradet\/wp-content\/uploads\/2024\/03\/JE-livscykel-1024x576.jpg\" alt=\"\" class=\"wp-image-568\" srcset=\"https:\/\/resemedicin.se\/friskparesan\/wp-content\/uploads\/2024\/03\/JE-livscykel-1024x576.jpg 1024w, https:\/\/resemedicin.se\/friskparesan\/wp-content\/uploads\/2024\/03\/JE-livscykel-300x169.jpg 300w, https:\/\/resemedicin.se\/friskparesan\/wp-content\/uploads\/2024\/03\/JE-livscykel-768x432.jpg 768w, https:\/\/resemedicin.se\/friskparesan\/wp-content\/uploads\/2024\/03\/JE-livscykel-1536x864.jpg 1536w, https:\/\/resemedicin.se\/friskparesan\/wp-content\/uploads\/2024\/03\/JE-livscykel.jpg 2000w\" sizes=\"auto, (max-width: 709px) 85vw, (max-width: 909px) 67vw, (max-width: 1362px) 62vw, 840px\" \/><\/figure>\n\n\n\n<h3 class=\"wp-block-heading has-white-color has-text-color has-background has-link-color wp-elements-6e08b79ec9d7032d31d448c1decbe3f2\" id=\"symtom\" style=\"background-color:#2b7c08;text-transform:none\">Symtom<\/h3>\n\n\n\n<p>De flesta som smittas av japansk encefalitvirus f\u00e5r inga symtom alls, eller bara l\u00e4tt feber och illam\u00e5ende. I s\u00e4llsynta fall, f\u00e4rre \u00e4n 1 av 100, kan sjukdomen bli allvarlig med hj\u00e4rninflammation. Efter 5-15 dagar efter smittillf\u00e4llet insjuknar man ofta med h\u00f6g feber, huvudv\u00e4rk och illam\u00e5ende. Hos vissa f\u00f6rs\u00e4mras tillst\u00e5ndet och kan leda till f\u00f6rvirring, muskelstelhet, f\u00f6rlamning eller kramper.<\/p>\n\n\n\n<p>Om hj\u00e4rnan p\u00e5verkas \u00e4r sjukdomen allvarlig \u2013 20\u201330% av patienterna d\u00f6r, och m\u00e5nga av dem som \u00f6verlever kan f\u00e5 l\u00e5ngvariga besv\u00e4r som r\u00f6relseproblem eller psykiska f\u00f6r\u00e4ndringar.<\/p>\n\n\n\n<p>Det finns ingen direkt behandling mot viruset. V\u00e5rden fokuserar p\u00e5 att lindra symtomen. <\/p>\n\n\n\n<h3 class=\"wp-block-heading has-white-color has-text-color has-background has-link-color wp-elements-efd19a53920d1a869e2bb5daa8849065\" id=\"epidemiologi\" style=\"background-color:#2b7c08;text-transform:none\">F\u00f6rekomst och riskgrupper<\/h3>\n\n\n\n<p>Japansk encefalit \u00e4r vanlig i stora delar av Asien och vissa delar av Stillahavsregionen. Under 2022, med h\u00f6ga temperaturer under El Nino, skedde \u00e4ven utbrott i s\u00f6dra Australien (Queensland, New South Wales, Victoria och South Australia ), men sjukdomen verkar inte ha vidare etablerat sig d\u00e4r.<\/p>\n\n\n\n<figure class=\"wp-block-image size-full\"><img loading=\"lazy\" decoding=\"async\" width=\"935\" height=\"637\" src=\"https:\/\/resemedicin.se\/reseradet\/wp-content\/uploads\/2024\/03\/JE-map.png\" alt=\"\" class=\"wp-image-596\" srcset=\"https:\/\/resemedicin.se\/friskparesan\/wp-content\/uploads\/2024\/03\/JE-map.png 935w, https:\/\/resemedicin.se\/friskparesan\/wp-content\/uploads\/2024\/03\/JE-map-300x204.png 300w, https:\/\/resemedicin.se\/friskparesan\/wp-content\/uploads\/2024\/03\/JE-map-768x523.png 768w\" sizes=\"auto, (max-width: 709px) 85vw, (max-width: 909px) 67vw, (max-width: 1362px) 62vw, 840px\" \/><figcaption class=\"wp-element-caption\">Utbredningsomr\u00e5de i australiensiska delstaterna Queensland, New South Wales, Victoria och South Australia 2022 presenteras inte p\u00e5 denna bild.<\/figcaption><\/figure>\n\n\n\n<p>Risken f\u00f6r att bli smittad \u00e4r st\u00f6rst p\u00e5 landsbygden, s\u00e4rskilt n\u00e4ra risf\u00e4lt och grisfarmar, d\u00e4r myggorna trivs b\u00e4st. Sjukdomen \u00e4r vanligare under regnperioder och fuktiga m\u00e5nader. Smitta kan f\u00f6rekomma \u00e5ret runt i tropiska omr\u00e5den.<\/p>\n\n\n\n<figure class=\"wp-block-image size-full\"><img loading=\"lazy\" decoding=\"async\" width=\"1024\" height=\"508\" src=\"https:\/\/resemedicin.se\/friskparesan\/wp-content\/uploads\/2025\/10\/risfalt-1.jpg\" alt=\"\" class=\"wp-image-12427\" srcset=\"https:\/\/resemedicin.se\/friskparesan\/wp-content\/uploads\/2025\/10\/risfalt-1.jpg 1024w, https:\/\/resemedicin.se\/friskparesan\/wp-content\/uploads\/2025\/10\/risfalt-1-300x149.jpg 300w, https:\/\/resemedicin.se\/friskparesan\/wp-content\/uploads\/2025\/10\/risfalt-1-768x381.jpg 768w\" sizes=\"auto, (max-width: 709px) 85vw, (max-width: 909px) 67vw, (max-width: 1362px) 62vw, 840px\" \/><figcaption class=\"wp-element-caption\">Risf\u00e4lt i Asien. Foto: <a href=\"http:\/\/ch\u1ee5p \u1ea3nh nghi\u1ec7p d\u01b0\" target=\"_blank\" rel=\"noreferrer noopener\">ch\u1ee5p \u1ea3nh nghi\u1ec7p d\u01b0<\/a>.<\/figcaption><\/figure>\n\n\n\n<p>F\u00f6r de flesta turister \u00e4r risken att bli smittad mycket l\u00e5g. Korttidsresor till storst\u00e4der inneb\u00e4r n\u00e4stan ingen risk. D\u00e4remot \u00e4r risken h\u00f6gre f\u00f6r dem som bor l\u00e4nge p\u00e5 landsbygden, vistas n\u00e4ra risf\u00e4lt eller har mycket utomhusaktiviteter, s\u00e4rskilt under regnperioden. Resen\u00e4rer som tillbringar l\u00e4ngre tid i riskomr\u00e5den eller g\u00f6r upprepade bes\u00f6k l\u00f6per ocks\u00e5 en h\u00f6gre risk.<\/p>\n\n\n\n<h3 class=\"wp-block-heading has-white-color has-text-color has-background has-link-color wp-elements-662727e07341dad94d64bcd6a03ae60b\" id=\"prevention\" style=\"background-color:#2b7c08\">Hur man skyddar sig<\/h3>\n\n\n\n<p>Det b\u00e4sta s\u00e4ttet att skydda sig \u00e4r att undvika myggbett genom att anv\u00e4nda myggmedel, b\u00e4ra helt\u00e4ckande kl\u00e4der och sova under myggn\u00e4t eller i rum med myggskydd. Myggorna \u00e4r mest aktiva p\u00e5 kv\u00e4llen och natten.<\/p>\n\n\n\n<p>Ett effektivt vaccin, IXIARO\u00ae, finns tillg\u00e4ngligt. Det ges i tv\u00e5 doser med minst en veckas mellanrum. Vaccination rekommenderas vanligen f\u00f6r resen\u00e4rer som ska vistas l\u00e4ngre \u00e4n tre veckor i riskomr\u00e5den, eller f\u00f6r dem med h\u00f6g myggexponering, \u00e4ven vid kortare resor.<\/p>\n\n\n\n<p>Kontakta en vaccinationscentral i god tid f\u00f6re resa f\u00f6r att diskutera ditt skydd.<\/p>\n\n\n\n<p><\/p>\n","protected":false},"excerpt":{"rendered":"<p>Information till resen\u00e4rer Smitt\u00e4mnet och smittv\u00e4gar Japansk encefalit (JE) \u00e4r en virusinfektion som sprids via myggbett och kan orsaka inflammation i hj\u00e4rnan. Viruset tillh\u00f6r samma familj som dengue- och TBE-virus. Smittan sprids av kv\u00e4lls- och nattaktiva myggor, framf\u00f6r allt Culex-myggor, som oftast finns n\u00e4ra risf\u00e4lt och grisfarmar. M\u00e4nniskor kan inte sprida smittan vidare, eftersom virusniv\u00e5erna &hellip; <a href=\"https:\/\/resemedicin.se\/friskparesan\/sjukdomar-och-vacciner\/japansk-encefalit\/\" class=\"more-link\">Forts\u00e4tt l\u00e4sa<span class=\"screen-reader-text\"> \u201dJapansk encefalit\u201d<\/span><\/a><\/p>\n","protected":false},"author":1,"featured_media":0,"parent":11269,"menu_order":0,"comment_status":"closed","ping_status":"closed","template":"","meta":{"footnotes":""},"class_list":["post-11295","page","type-page","status-publish","hentry"],"jetpack_sharing_enabled":true,"_links":{"self":[{"href":"https:\/\/resemedicin.se\/friskparesan\/wp-json\/wp\/v2\/pages\/11295","targetHints":{"allow":["GET"]}}],"collection":[{"href":"https:\/\/resemedicin.se\/friskparesan\/wp-json\/wp\/v2\/pages"}],"about":[{"href":"https:\/\/resemedicin.se\/friskparesan\/wp-json\/wp\/v2\/types\/page"}],"author":[{"embeddable":true,"href":"https:\/\/resemedicin.se\/friskparesan\/wp-json\/wp\/v2\/users\/1"}],"replies":[{"embeddable":true,"href":"https:\/\/resemedicin.se\/friskparesan\/wp-json\/wp\/v2\/comments?post=11295"}],"version-history":[{"count":4,"href":"https:\/\/resemedicin.se\/friskparesan\/wp-json\/wp\/v2\/pages\/11295\/revisions"}],"predecessor-version":[{"id":12428,"href":"https:\/\/resemedicin.se\/friskparesan\/wp-json\/wp\/v2\/pages\/11295\/revisions\/12428"}],"up":[{"embeddable":true,"href":"https:\/\/resemedicin.se\/friskparesan\/wp-json\/wp\/v2\/pages\/11269"}],"wp:attachment":[{"href":"https:\/\/resemedicin.se\/friskparesan\/wp-json\/wp\/v2\/media?parent=11295"}],"curies":[{"name":"wp","href":"https:\/\/api.w.org\/{rel}","templated":true}]}}