{"id":11291,"date":"2024-03-07T21:04:06","date_gmt":"2024-03-07T20:04:06","guid":{"rendered":"https:\/\/www.friskparesan.se\/?page_id=256"},"modified":"2024-11-16T10:24:36","modified_gmt":"2024-11-16T09:24:36","slug":"vattkoppor","status":"publish","type":"page","link":"https:\/\/resemedicin.se\/friskparesan\/sjukdomar-och-vacciner\/vattkoppor\/","title":{"rendered":"Vattkoppor (varicella)"},"content":{"rendered":"\n<h3 class=\"wp-block-heading\" id=\"sidtopp\">Information till resen\u00e4rer och allm\u00e4nheten<\/h3>\n\n\n<div class=\"wp-block-image\">\n<figure class=\"aligncenter size-full is-resized\"><img loading=\"lazy\" decoding=\"async\" width=\"318\" height=\"159\" src=\"https:\/\/resemedicin.se\/friskparesan\/wp-content\/uploads\/2024\/07\/varicella.jpeg\" alt=\"\" class=\"wp-image-3240\" style=\"width:632px;height:auto\" srcset=\"https:\/\/resemedicin.se\/friskparesan\/wp-content\/uploads\/2024\/07\/varicella.jpeg 318w, https:\/\/resemedicin.se\/friskparesan\/wp-content\/uploads\/2024\/07\/varicella-300x150.jpeg 300w\" sizes=\"auto, (max-width: 318px) 85vw, 318px\" \/><\/figure>\n<\/div>\n\n\n<h3 class=\"wp-block-heading has-white-color has-text-color has-background has-link-color wp-elements-688360d30823481b88342ddb2694bb69\" id=\"smittamnet\" style=\"background-color:#2b7c08\">Smitt\u00e4mnet och smittv\u00e4gar<\/h3>\n\n\n\n<p>Vattkoppor (varicella) \u00e4r en mycket smittsam virusinfektion orsakad av varicella-zostervirus (VZV). Efter den f\u00f6rsta infektionen f\u00f6rblir viruset vilande i kroppens nervceller och kan senare i livet reaktiveras som b\u00e4ltros (herpes zoster). VZV sprids endast mellan m\u00e4nniskor och har en kort \u00f6verlevnadstid utanf\u00f6r kroppen.<\/p>\n\n\n\n<p>Smittan \u00f6verf\u00f6rs fr\u00e4mst via luften genom inandning av sm\u00e5 droppar (aerosoler) fr\u00e5n en infekterad persons utslag eller via luftv\u00e4gssekret. Smitta kan ocks\u00e5 ske vid direktkontakt med v\u00e4tska fr\u00e5n bl\u00e5sorna. M\u00e4nniskor med vattkoppor \u00e4r som mest smittsamma fr\u00e5n en till tv\u00e5 dagar innan utslagen visar sig fram tills alla bl\u00e5sor har torkat och f\u00e5tt skorpa, vilket vanligtvis sker inom fyra till sju dagar. B\u00e4ltros \u00e4r mindre smittsamt men kan \u00e4nd\u00e5 smitta andra, s\u00e4rskilt om v\u00e4tska fr\u00e5n bl\u00e5sor kommer i kontakt med personer som saknar immunitet mot vattkoppor.<\/p>\n\n\n\n<p>Smittan kan ocks\u00e5 \u00f6verf\u00f6ras fr\u00e5n en gravid kvinna till fostret via moderkakan, vilket i s\u00e4llsynta fall kan leda till fosterskador.<\/p>\n\n\n\n<h3 class=\"wp-block-heading has-white-color has-text-color has-background has-link-color wp-elements-477b82d528e32d6c73f037cef1f4ea78\" id=\"symtom\" style=\"background-color:#2b7c08;text-transform:none\">Sjukdomsbild<\/h3>\n\n\n\n<p>Inkubationstiden f\u00f6r vattkoppor \u00e4r 14\u201316 dagar, men kan variera mellan 10 och 21 dagar. Vattkoppor b\u00f6rjar ofta med feber och en allm\u00e4n k\u00e4nsla av sjukdom, s\u00e4rskilt hos vuxna, f\u00f6ljt av kliande utslag. Hos barn \u00e4r utslagen ofta det f\u00f6rsta tecknet.<\/p>\n\n\n\n<p>Utslagen b\u00f6rjar som sm\u00e5 r\u00f6da prickar som utvecklas till v\u00e4tskefyllda bl\u00e5sor p\u00e5 en r\u00f6d botten. Dessa kan spricka och bli s\u00e5riga innan de torkar ut och f\u00e5r skorpa. Utslagen uppst\u00e5r f\u00f6rst p\u00e5 ansiktet, h\u00e5rbotten och b\u00e5len, och sprider sig sedan till resten av kroppen. De kan ocks\u00e5 f\u00f6rekomma i munnen och p\u00e5 \u00f6gonens slemhinnor. Bl\u00e5sorna kommer i omg\u00e5ngar, vilket inneb\u00e4r att en person kan ha b\u00e5de nya bl\u00e5sor och skorpor samtidigt.<\/p>\n\n\n\n<p>Hos barn \u00e4r sjukdomen oftast mild och l\u00e4ker inom en vecka. Hos vuxna och sp\u00e4dbarn kan sjukdomsf\u00f6rloppet vara mer allvarligt och l\u00e4ngre. Komplikationer som bakteriella hudinfektioner, lunginflammation och, i s\u00e4llsynta fall, hj\u00e4rninflammation (encefalit) \u00e4r vanligare hos \u00e4ldre och immunsupprimerade personer.<\/p>\n\n\n<div class=\"wp-block-image\">\n<figure class=\"aligncenter size-large\"><img loading=\"lazy\" decoding=\"async\" width=\"1024\" height=\"771\" src=\"https:\/\/resemedicin.se\/friskparesan\/wp-content\/uploads\/2024\/07\/vattkoppor-dagar-1024x771.jpg\" alt=\"\" class=\"wp-image-3238\" srcset=\"https:\/\/resemedicin.se\/friskparesan\/wp-content\/uploads\/2024\/07\/vattkoppor-dagar-1024x771.jpg 1024w, https:\/\/resemedicin.se\/friskparesan\/wp-content\/uploads\/2024\/07\/vattkoppor-dagar-300x226.jpg 300w, https:\/\/resemedicin.se\/friskparesan\/wp-content\/uploads\/2024\/07\/vattkoppor-dagar-768x579.jpg 768w, https:\/\/resemedicin.se\/friskparesan\/wp-content\/uploads\/2024\/07\/vattkoppor-dagar.jpg 1046w\" sizes=\"auto, (max-width: 709px) 85vw, (max-width: 909px) 67vw, (max-width: 1362px) 62vw, 840px\" \/><figcaption class=\"wp-element-caption\">Utvecklingen av kopporna vid varicella<\/figcaption><\/figure>\n<\/div>\n\n\n<p>Om en gravid kvinna f\u00e5r vattkoppor under de f\u00f6rsta 20 veckorna av graviditeten finns en liten risk (&lt;2 %) f\u00f6r att fostret ska utveckla varicellasyndrom, som kan ge missbildningar som \u00e4rrbildning i huden, f\u00f6rkrympta armar eller ben, hj\u00e4rnskador eller \u00f6gonproblem. Om modern insjuknar n\u00e4ra f\u00f6rlossningen kan det nyf\u00f6dda barnet f\u00e5 en allvarlig infektion, eftersom det saknar skyddande antikroppar.<\/p>\n\n\n\n<p>Efter genomg\u00e5ngen infektion utvecklar de flesta personer livsl\u00e5ng immunitet mot vattkoppor. Det \u00e4r ovanligt att f\u00e5 sjukdomen en andra g\u00e5ng, men det kan intr\u00e4ffa hos personer med nedsatt immunf\u00f6rsvar.<\/p>\n\n\n\n<p>F\u00f6r friska barn rekommenderas fr\u00e4mst symtomlindrande behandling, s\u00e5som feberneds\u00e4ttande l\u00e4kemedel (dock inte acetylsalicylsyra eller ibuprofen) och antihistaminer mot kl\u00e5da. Antiviral behandling (t.ex. valaciclovir) kan anv\u00e4ndas f\u00f6r ungdomar, vuxna, immunsupprimerade personer och nyf\u00f6dda med h\u00f6g risk f\u00f6r komplikationer. Denna behandling \u00e4r effektivast om den p\u00e5b\u00f6rjas inom 48 timmar efter att utslagen uppst\u00e5r.<\/p>\n\n\n\n<h3 class=\"wp-block-heading has-white-color has-text-color has-background has-link-color wp-elements-efd19a53920d1a869e2bb5daa8849065\" id=\"epidemiologi\" style=\"background-color:#2b7c08;text-transform:none\">F\u00f6rekomst och riskgrupper<\/h3>\n\n\n\n<p>Vattkoppor \u00e4r mycket vanligt \u00f6ver hela v\u00e4rlden. I l\u00e4nder med tempererat klimat drabbas de flesta f\u00f6re 10 \u00e5rs \u00e5lder, och n\u00e4stan alla vuxna har antikroppar mot sjukdomen. I tropiska regioner sker infektionen ofta senare i livet, vilket inneb\u00e4r att fler vuxna riskerar att insjukna.<\/p>\n\n\n\n<p>Smittsamheten \u00e4r h\u00f6g, s\u00e4rskilt i milj\u00f6er som f\u00f6rskolor och skolor, och st\u00f6rre utbrott kan f\u00f6rekomma i slutna grupper. Efter att vaccinering inf\u00f6rts i flera l\u00e4nder har antalet fall minskat dramatiskt.<\/p>\n\n\n\n<p>Resen\u00e4rer som saknar immunitet mot vattkoppor l\u00f6per risk att smittas, s\u00e4rskilt i omr\u00e5den med utbrott. Gravida kvinnor utan tidigare vattkoppor, immunsupprimerade personer och nyf\u00f6dda \u00e4r s\u00e4rskilt utsatta f\u00f6r allvarliga komplikationer. Flygbolag kan neka personer med synliga symtom att resa, s\u00e5 l\u00e4karintyg kan beh\u00f6vas om symtomen \u00e4r kvar men inte l\u00e4ngre smittsamma.<\/p>\n\n\n\n<h3 class=\"wp-block-heading has-white-color has-text-color has-background has-link-color wp-elements-662727e07341dad94d64bcd6a03ae60b\" id=\"prevention\" style=\"background-color:#2b7c08\">Hur man skyddar sig<\/h3>\n\n\n\n<p>I Sverige finns tv\u00e5 vaccin mot vattkoppor: Varilrix\u00ae och Varivax\u00ae. B\u00e5da \u00e4r levande f\u00f6rsvagade vacciner och ges i tv\u00e5 doser fr\u00e5n 12 m\u00e5naders \u00e5lder. Vaccinerna \u00e4r mycket effektiva och ger l\u00e5ngvarigt skydd.<\/p>\n\n\n\n<p>Vaccination rekommenderas till:<\/p>\n\n\n\n<ul class=\"wp-block-list\">\n<li>Medicinska riskgrupper, inklusive immunsupprimerade barn och vuxna samt deras n\u00e4ra kontakter.<\/li>\n\n\n\n<li>Ovaccinerade kvinnor i fertil \u00e5lder som planerar graviditet.<\/li>\n\n\n\n<li>Resen\u00e4rer till omr\u00e5den d\u00e4r man riskerar att bli smittad, s\u00e4rskilt om man tillh\u00f6r en riskgrupp.<\/li>\n<\/ul>\n\n\n\n<p>Vaccinet kan ocks\u00e5 ges som postexpositionsprofylax inom 72 timmar efter kontakt med smittsam person.<\/p>\n\n\n\n<p>D\u00e5 det \u00e4r levande vaccin ska gravida kvinnor och personer med sv\u00e5r immunbrist ska inte vaccineras. Nyvaccinerade personer b\u00f6r undvika n\u00e4ra kontakt med personer med kraftigt nedsatt immunf\u00f6rsvar under de f\u00f6rsta veckorna efter vaccination.<\/p>\n\n\n\n<p>Personlig hygien och undvikande av kontakt med smittade personer \u00e4r viktigt f\u00f6r att minska risken f\u00f6r smitta. I milj\u00f6er med p\u00e5g\u00e5ende utbrott, som f\u00f6rskolor, kan vaccination av mottagliga individer bidra till att begr\u00e4nsa spridningen.<\/p>\n\n\n\n<p><\/p>\n","protected":false},"excerpt":{"rendered":"<p>Information till resen\u00e4rer och allm\u00e4nheten Smitt\u00e4mnet och smittv\u00e4gar Vattkoppor (varicella) \u00e4r en mycket smittsam virusinfektion orsakad av varicella-zostervirus (VZV). Efter den f\u00f6rsta infektionen f\u00f6rblir viruset vilande i kroppens nervceller och kan senare i livet reaktiveras som b\u00e4ltros (herpes zoster). VZV sprids endast mellan m\u00e4nniskor och har en kort \u00f6verlevnadstid utanf\u00f6r kroppen. Smittan \u00f6verf\u00f6rs fr\u00e4mst via &hellip; <a href=\"https:\/\/resemedicin.se\/friskparesan\/sjukdomar-och-vacciner\/vattkoppor\/\" class=\"more-link\">Forts\u00e4tt l\u00e4sa<span class=\"screen-reader-text\"> \u201dVattkoppor (varicella)\u201d<\/span><\/a><\/p>\n","protected":false},"author":1,"featured_media":0,"parent":11269,"menu_order":0,"comment_status":"closed","ping_status":"closed","template":"","meta":{"footnotes":""},"class_list":["post-11291","page","type-page","status-publish","hentry"],"jetpack_sharing_enabled":true,"_links":{"self":[{"href":"https:\/\/resemedicin.se\/friskparesan\/wp-json\/wp\/v2\/pages\/11291","targetHints":{"allow":["GET"]}}],"collection":[{"href":"https:\/\/resemedicin.se\/friskparesan\/wp-json\/wp\/v2\/pages"}],"about":[{"href":"https:\/\/resemedicin.se\/friskparesan\/wp-json\/wp\/v2\/types\/page"}],"author":[{"embeddable":true,"href":"https:\/\/resemedicin.se\/friskparesan\/wp-json\/wp\/v2\/users\/1"}],"replies":[{"embeddable":true,"href":"https:\/\/resemedicin.se\/friskparesan\/wp-json\/wp\/v2\/comments?post=11291"}],"version-history":[{"count":3,"href":"https:\/\/resemedicin.se\/friskparesan\/wp-json\/wp\/v2\/pages\/11291\/revisions"}],"predecessor-version":[{"id":11729,"href":"https:\/\/resemedicin.se\/friskparesan\/wp-json\/wp\/v2\/pages\/11291\/revisions\/11729"}],"up":[{"embeddable":true,"href":"https:\/\/resemedicin.se\/friskparesan\/wp-json\/wp\/v2\/pages\/11269"}],"wp:attachment":[{"href":"https:\/\/resemedicin.se\/friskparesan\/wp-json\/wp\/v2\/media?parent=11291"}],"curies":[{"name":"wp","href":"https:\/\/api.w.org\/{rel}","templated":true}]}}