{"id":11287,"date":"2024-03-07T18:47:47","date_gmt":"2024-03-07T17:47:47","guid":{"rendered":"https:\/\/www.friskparesan.se\/?page_id=248"},"modified":"2025-10-21T17:36:25","modified_gmt":"2025-10-21T16:36:25","slug":"rubella","status":"publish","type":"page","link":"https:\/\/resemedicin.se\/friskparesan\/sjukdomar-och-vacciner\/rubella\/","title":{"rendered":"R\u00f6da hund (rubella)"},"content":{"rendered":"\n<h3 class=\"wp-block-heading\" id=\"sidtopp\">Information till resen\u00e4rer och allm\u00e4nhet<\/h3>\n\n\n\n<figure class=\"wp-block-image size-full\"><img loading=\"lazy\" decoding=\"async\" width=\"1024\" height=\"555\" src=\"https:\/\/resemedicin.se\/friskparesan\/wp-content\/uploads\/2025\/10\/Rubella.jpg\" alt=\"\" class=\"wp-image-12443\" srcset=\"https:\/\/resemedicin.se\/friskparesan\/wp-content\/uploads\/2025\/10\/Rubella.jpg 1024w, https:\/\/resemedicin.se\/friskparesan\/wp-content\/uploads\/2025\/10\/Rubella-300x163.jpg 300w, https:\/\/resemedicin.se\/friskparesan\/wp-content\/uploads\/2025\/10\/Rubella-768x416.jpg 768w\" sizes=\"auto, (max-width: 709px) 85vw, (max-width: 909px) 67vw, (max-width: 1362px) 62vw, 840px\" \/><figcaption class=\"wp-element-caption\">R\u00f6da hund-utslag. Foto: <a href=\"https:\/\/commons.wikimedia.org\/wiki\/File:Rubella_1.jpg\" target=\"_blank\" rel=\"noreferrer noopener\">Wikimedia<\/a>.<\/figcaption><\/figure>\n\n\n\n<h3 class=\"wp-block-heading has-white-color has-text-color has-background has-link-color wp-elements-688360d30823481b88342ddb2694bb69\" id=\"smittamnet\" style=\"background-color:#2b7c08\">Smitt\u00e4mnet och smittv\u00e4gar<\/h3>\n\n\n\n<p>R\u00f6da hund \u00e4r en virusinfektion orsakad av rubellavirus. Smittan sprids mellan m\u00e4nniskor genom luftv\u00e4gsdroppar vid hosta eller nysningar, eller genom direktkontakt med infekterat luftv\u00e4gssekret. Smittsamheten \u00e4r h\u00f6gst fr\u00e5n sju dagar f\u00f6re till sju dagar efter att utslagen upptr\u00e4der. \u00c4ven personer utan symtom kan sprida smittan, och upp till h\u00e4lften av alla infektioner kan ske utan m\u00e4rkbara symtom. Viruset har ingen djurreservoar och sprider sig endast mellan m\u00e4nniskor. Efter genomg\u00e5ngen infektion utvecklar de flesta livsl\u00e5ng immunitet, och \u00e5terinfektion \u00e4r mycket ovanligt.<\/p>\n\n\n\n<h3 class=\"wp-block-heading has-white-color has-text-color has-background has-link-color wp-elements-477b82d528e32d6c73f037cef1f4ea78\" id=\"symtom\" style=\"background-color:#2b7c08;text-transform:none\">Sjukdomsbild<\/h3>\n\n\n\n<p>Inkubationstiden f\u00f6r r\u00f6da hund \u00e4r cirka 14 dagar, men kan variera mellan 12 och 23 dagar. Symtomen \u00e4r oftast milda och kan b\u00f6rja med l\u00e5g feber, sjukdomsk\u00e4nsla, aptitl\u00f6shet och svullna lymfk\u00f6rtlar, s\u00e4rskilt i nacken och bakom \u00f6ronen. Utslag upptr\u00e4der vanligtvis f\u00f6rst i ansiktet och sprider sig sedan \u00f6ver kroppen. Dessa utslag \u00e4r blekare \u00e4n de vid m\u00e4ssling och varar oftast i tre dagar. Hos vuxna, s\u00e4rskilt kvinnor, kan tillf\u00e4llig ledv\u00e4rk eller ledinflammation i handleder, fingrar och kn\u00e4n f\u00f6rekomma. Allvarliga komplikationer \u00e4r s\u00e4llsynta men inkluderar hj\u00e4rninflammation och bl\u00f6dningssjukdomar.<\/p>\n\n\n\n<p>R\u00f6da hund kan vara s\u00e4rskilt farlig under graviditet. Om en gravid kvinna smittas under de f\u00f6rsta tre m\u00e5naderna kan fostret drabbas av det s\u00e5 kallade kongenitala rubellasyndromet (CRS), vilket kan orsaka allvarliga fosterskador s\u00e5som h\u00f6rsel- och synneds\u00e4ttningar, hj\u00e4rtfel och mental retardation. Risken f\u00f6r fosterskador \u00e4r st\u00f6rst under den f\u00f6rsta trimestern och minskar efter vecka 20. Huvudsyftet med vaccinationsprogrammen mot r\u00f6da hund \u00e4r att f\u00f6rebygga CRS.<\/p>\n\n\n<div class=\"wp-block-image\">\n<figure class=\"aligncenter size-large\"><img loading=\"lazy\" decoding=\"async\" width=\"1024\" height=\"683\" src=\"https:\/\/resemedicin.se\/friskparesan\/wp-content\/uploads\/2024\/07\/CRS-1024x683.webp\" alt=\"\" class=\"wp-image-3161\" srcset=\"https:\/\/resemedicin.se\/friskparesan\/wp-content\/uploads\/2024\/07\/CRS-1024x683.webp 1024w, https:\/\/resemedicin.se\/friskparesan\/wp-content\/uploads\/2024\/07\/CRS-300x200.webp 300w, https:\/\/resemedicin.se\/friskparesan\/wp-content\/uploads\/2024\/07\/CRS-768x512.webp 768w, https:\/\/resemedicin.se\/friskparesan\/wp-content\/uploads\/2024\/07\/CRS-1200x800.webp 1200w, https:\/\/resemedicin.se\/friskparesan\/wp-content\/uploads\/2024\/07\/CRS.webp 1536w\" sizes=\"auto, (max-width: 709px) 85vw, (max-width: 909px) 67vw, (max-width: 1362px) 62vw, 840px\" \/><figcaption class=\"wp-element-caption\">Nyf\u00f6tt barn med kongenitalt rubellasyndrom (CRS). Foto: CDC.<\/figcaption><\/figure>\n<\/div>\n\n\n<h3 class=\"wp-block-heading has-white-color has-text-color has-background has-link-color wp-elements-efd19a53920d1a869e2bb5daa8849065\" id=\"epidemiologi\" style=\"background-color:#2b7c08;text-transform:none\">F\u00f6rekomst och riskgrupper<\/h3>\n\n\n\n<p>R\u00f6da hund \u00e4r ovanligt i Sverige och i flertalet andra l\u00e4nder d\u00e4r vaccination \u00e4r en del av det allm\u00e4nna barnvaccinationsprogrammet. I delar av Afrika och Asien, d\u00e4r vaccinationsprogram inte \u00e4r lika omfattande, \u00e4r sjukdomen fortfarande vanlig och \u00f6ver 100 000 barn f\u00f6ds varje \u00e5r med CRS. I Europa rapporteras f\u00e4rre \u00e4n 400 fall \u00e5rligen, och de flesta fallen \u00e4r kopplade till ovaccinerade personer. <\/p>\n\n\n\n<p>Riskgrupper inkluderar ovaccinerade resen\u00e4rer, s\u00e4rskilt kvinnor i fertil \u00e5lder, och gravida kvinnor som saknar immunitet.<\/p>\n\n\n\n<h3 class=\"wp-block-heading has-white-color has-text-color has-background has-link-color wp-elements-499b765a175f3ba22d5971c2a6976e0e\" id=\"vaccination\" style=\"background-color:#2b7c08\">Hur man skyddar sig<\/h3>\n\n\n\n<p>Det mest effektiva skyddet mot r\u00f6da hund \u00e4r vaccination. I Sverige ges rubellavaccin som en del av det kombinerade MPR-vaccinet (m\u00e4ssling, p\u00e5ssjuka och r\u00f6da hund). Tillg\u00e4ngliga vaccin \u00e4r <strong>Priorix\u00ae<\/strong> och <strong><a href=\"https:\/\/resemedicin.se\/reseradet\/vaccination\/m-m-rvaxpro\/\"><\/a>M-M-RvaxPro\u00ae<\/strong>. Vaccinet ges i tv\u00e5 doser, vid 18 m\u00e5naders \u00e5lder och under l\u00e5gstadiet. Vaccination ger ett n\u00e4stan fullst\u00e4ndigt skydd mot r\u00f6da hund och minskar risken f\u00f6r smittspridning och komplikationer som CRS.<\/p>\n\n\n\n<p>Gravida kvinnor som inte vet om de \u00e4r immuna mot r\u00f6da hund b\u00f6r undvika att resa till omr\u00e5den d\u00e4r sjukdomen \u00e4r vanlig. F\u00f6r kvinnor som saknar immunitet rekommenderas vaccination efter f\u00f6rlossning. Vaccination under graviditet \u00e4r kontraindicerad, men vaccinet \u00e4r s\u00e4kert att ge under amning.<\/p>\n\n\n\n<p>God handhygien och att undvika n\u00e4ra kontakt med sjuka personer kan bidra till att minska risken f\u00f6r smitta, men vaccination \u00e4r den viktigaste f\u00f6rebyggande \u00e5tg\u00e4rden.<\/p>\n","protected":false},"excerpt":{"rendered":"<p>Information till resen\u00e4rer och allm\u00e4nhet Smitt\u00e4mnet och smittv\u00e4gar R\u00f6da hund \u00e4r en virusinfektion orsakad av rubellavirus. Smittan sprids mellan m\u00e4nniskor genom luftv\u00e4gsdroppar vid hosta eller nysningar, eller genom direktkontakt med infekterat luftv\u00e4gssekret. Smittsamheten \u00e4r h\u00f6gst fr\u00e5n sju dagar f\u00f6re till sju dagar efter att utslagen upptr\u00e4der. \u00c4ven personer utan symtom kan sprida smittan, och upp &hellip; <a href=\"https:\/\/resemedicin.se\/friskparesan\/sjukdomar-och-vacciner\/rubella\/\" class=\"more-link\">Forts\u00e4tt l\u00e4sa<span class=\"screen-reader-text\"> \u201dR\u00f6da hund (rubella)\u201d<\/span><\/a><\/p>\n","protected":false},"author":1,"featured_media":0,"parent":11269,"menu_order":0,"comment_status":"closed","ping_status":"closed","template":"","meta":{"footnotes":""},"class_list":["post-11287","page","type-page","status-publish","hentry"],"jetpack_sharing_enabled":true,"_links":{"self":[{"href":"https:\/\/resemedicin.se\/friskparesan\/wp-json\/wp\/v2\/pages\/11287","targetHints":{"allow":["GET"]}}],"collection":[{"href":"https:\/\/resemedicin.se\/friskparesan\/wp-json\/wp\/v2\/pages"}],"about":[{"href":"https:\/\/resemedicin.se\/friskparesan\/wp-json\/wp\/v2\/types\/page"}],"author":[{"embeddable":true,"href":"https:\/\/resemedicin.se\/friskparesan\/wp-json\/wp\/v2\/users\/1"}],"replies":[{"embeddable":true,"href":"https:\/\/resemedicin.se\/friskparesan\/wp-json\/wp\/v2\/comments?post=11287"}],"version-history":[{"count":2,"href":"https:\/\/resemedicin.se\/friskparesan\/wp-json\/wp\/v2\/pages\/11287\/revisions"}],"predecessor-version":[{"id":12444,"href":"https:\/\/resemedicin.se\/friskparesan\/wp-json\/wp\/v2\/pages\/11287\/revisions\/12444"}],"up":[{"embeddable":true,"href":"https:\/\/resemedicin.se\/friskparesan\/wp-json\/wp\/v2\/pages\/11269"}],"wp:attachment":[{"href":"https:\/\/resemedicin.se\/friskparesan\/wp-json\/wp\/v2\/media?parent=11287"}],"curies":[{"name":"wp","href":"https:\/\/api.w.org\/{rel}","templated":true}]}}