{"id":11283,"date":"2024-03-07T18:42:49","date_gmt":"2024-03-07T17:42:49","guid":{"rendered":"https:\/\/www.friskparesan.se\/?page_id=240"},"modified":"2024-11-15T20:28:10","modified_gmt":"2024-11-15T19:28:10","slug":"pneumokocker","status":"publish","type":"page","link":"https:\/\/resemedicin.se\/friskparesan\/sjukdomar-och-vacciner\/pneumokocker\/","title":{"rendered":"Pneumokocker"},"content":{"rendered":"\n<h3 class=\"wp-block-heading\" id=\"sidtopp\">Information till resen\u00e4rer och allm\u00e4nheten<\/h3>\n\n\n\n<figure class=\"wp-block-image size-large\"><img loading=\"lazy\" decoding=\"async\" width=\"1024\" height=\"373\" src=\"https:\/\/resemedicin.se\/friskparesan\/wp-content\/uploads\/2024\/07\/pneumokocker-1024x373.jpg\" alt=\"\" class=\"wp-image-3434\" srcset=\"https:\/\/resemedicin.se\/friskparesan\/wp-content\/uploads\/2024\/07\/pneumokocker-1024x373.jpg 1024w, https:\/\/resemedicin.se\/friskparesan\/wp-content\/uploads\/2024\/07\/pneumokocker-300x109.jpg 300w, https:\/\/resemedicin.se\/friskparesan\/wp-content\/uploads\/2024\/07\/pneumokocker-768x280.jpg 768w, https:\/\/resemedicin.se\/friskparesan\/wp-content\/uploads\/2024\/07\/pneumokocker-1536x560.jpg 1536w, https:\/\/resemedicin.se\/friskparesan\/wp-content\/uploads\/2024\/07\/pneumokocker-1200x438.jpg 1200w, https:\/\/resemedicin.se\/friskparesan\/wp-content\/uploads\/2024\/07\/pneumokocker.jpg 1950w\" sizes=\"auto, (max-width: 709px) 85vw, (max-width: 909px) 67vw, (max-width: 1362px) 62vw, 840px\" \/><figcaption class=\"wp-element-caption\">Pneumokocker i Gramf\u00e4rgning.<\/figcaption><\/figure>\n\n\n\n<h3 class=\"wp-block-heading has-white-color has-text-color has-background has-link-color wp-elements-688360d30823481b88342ddb2694bb69\" id=\"smittamnet\" style=\"background-color:#2b7c08\">Smitt\u00e4mnet och smittv\u00e4gar<\/h3>\n\n\n\n<p>Pneumokocker, eller <em>Streptococcus pneumoniae<\/em>, \u00e4r vanligt f\u00f6rekommande luftv\u00e4gsbakterier som kan indelas i \u00f6ver 100 s.k. serotyper. Ett mindre antal av dessa serotyper orsakar majoriteten av sjukdomsfallen, och vilka serotyper som dominerar varierar med \u00e5lder, sjukdomstyp och geografi.<\/p>\n\n\n\n<p>Pneumokocker f\u00f6rekommer enbart hos m\u00e4nniskor och smittar via sm\u00e5 droppar fr\u00e5n luftv\u00e4garna n\u00e4r man hostar eller nyser eller annan kontakt med luftv\u00e4gssekret. Smittan \u00e4r vanligast hos sm\u00e5 barn, d\u00e4r >50 % av f\u00f6rskolebarn kan vara b\u00e4rare av bakterierna i n\u00e4ssvalget under vintern, j\u00e4mf\u00f6rt med &lt;10 % hos vuxna. F\u00f6rskolebarn fungerar som den huvudsakliga smittk\u00e4llan f\u00f6r b\u00e5de andra barn och vuxna. <\/p>\n\n\n\n<h3 class=\"wp-block-heading has-white-color has-text-color has-background has-link-color wp-elements-477b82d528e32d6c73f037cef1f4ea78\" id=\"symtom\" style=\"background-color:#2b7c08;text-transform:none\">Sjukdomsbild<\/h3>\n\n\n\n<p><strong>Pneumokocksjukdom hos barn: <\/strong>Den vanligaste sjukdomen orsakad av pneumokocker hos barn \u00e4r akut mellan\u00f6roninflammation (<strong>akut mediaotit<\/strong>), d\u00e4r bakterien \u00e4r en vanlig orsak. Mer allvarliga sjukdomar som bakteriemi och hj\u00e4rnhinneinflammation (<strong>meningit<\/strong>) f\u00f6rekommer, s\u00e4rskilt hos sm\u00e5 barn. Barn med nedsatt immunf\u00f6rsvar, inklusive de utan fungerande mj\u00e4lte, l\u00f6per >50 g\u00e5nger h\u00f6gre risk att drabbas av invasiv pneumokocksjukdom.<\/p>\n\n\n\n<p><strong>Pneumokocksjukdom hos vuxna:<\/strong> Hos vuxna orsakar pneumokocker fr\u00e4mst lunginflammation (<strong>pneumoni<\/strong>), med symtom som pl\u00f6tslig feber, frossa, br\u00f6stsm\u00e4rta, hosta och andningssv\u00e5righeter. Komplikationer som blodf\u00f6rgiftning (<strong>bakteriemi<\/strong>), empyem (varbildning i lungs\u00e4cken) och meningit kan uppst\u00e5, s\u00e4rskilt hos \u00e4ldre och personer med underliggande sjukdomar.<\/p>\n\n\n\n<p>Hos vuxna \u00e4r pneumoni den helt dominerande sjukdomsmanifestationen och pneumokocker orsakar &gt;50% av alla lunginflammationer hos vuxna. Risken att insjukna i pneumokockpneumoni hos ovaccinerade personer &gt;65 \u00e5rs \u00e5lder \u00e4r s\u00e5 h\u00f6g som 1 % per \u00e5r, med en 10-15% d\u00f6dlighet i bakteremiska fall.<\/p>\n\n\n\n<p>Patienter utan mj\u00e4lte som utvecklar bakteriemi kan f\u00e5 ett stormande och mycket allvarligt f\u00f6rlopp. <\/p>\n\n\n\n<h3 class=\"wp-block-heading has-white-color has-text-color has-background has-link-color wp-elements-389a1bab0b9682fa6de8bfe6b560566d\" id=\"epidemiologi\" style=\"background-color:#2b7c08;text-transform:none\">F\u00f6rekomst<\/h3>\n\n\n\n<p>Pneumokocker \u00e4r en globalt vanlig orsak till bakteriell hj\u00e4rnhinneinflammation och lunginflammation. Invasiv pneumokocksjukdom \u00e4r vanligare p\u00e5 vintern och drabbar oftare sm\u00e5 barn, \u00e4ldre och personer med nedsatt immunf\u00f6rsvar. I Sverige rapporterades 1 455 fall av invasiv pneumokocksjukdom under 2023 (13,7 fall per 100 000 inv\u00e5nare).<\/p>\n\n\n\n<p>Sjukdomsf\u00f6rekomsten \u00e4r h\u00f6gre i l\u00e5g- och medelinkomstl\u00e4nder, och utbrott av pneumokockmeningit har intr\u00e4ffat i l\u00e4nder i meningitb\u00e4ltet i Afrika, men mer s\u00e4llan \u00e4n meningokockmeningit. Invasiv pneumokockinfektion ses ocks\u00e5 p.g.a. tr\u00e4ngsel p\u00e5 begr\u00e4nsade utrymmen i h\u00f6gre frekvens hos resen\u00e4rer som deltar i massevenemang (t.ex. Hajj- och Umrah-pilgrimsf\u00e4rder, festivaler och st\u00f6rre sportsammanhang s\u00e5som OS). Risken f\u00f6r infektion \u00e4r st\u00f6rst hos mycket sm\u00e5 barn, \u00e4ldre vuxna och personer med kroniska sjukdomar eller nedsatt immunf\u00f6rsvar.<\/p>\n\n\n\n<h3 class=\"wp-block-heading has-white-color has-text-color has-background has-link-color wp-elements-499b765a175f3ba22d5971c2a6976e0e\" id=\"vaccination\" style=\"background-color:#2b7c08\">Hur man skyddar sig<\/h3>\n\n\n\n<p>Vaccination mot pneumokocker \u00e4r det mest effektiva s\u00e4ttet att f\u00f6rebygga allvarlig sjukdom, s\u00e4rskilt hos riskgrupper. Det finns tv\u00e5 huvudtyper av vaccin:<\/p>\n\n\n\n<p><strong>Polysackaridvaccin med 23 serotyper (Pneumovax\u00ae)<\/strong><\/p>\n\n\n\n<ul class=\"wp-block-list\">\n<li>Anv\u00e4nds fr\u00e4mst f\u00f6r vuxna \u00f6ver 65 \u00e5r och personer i medicinska riskgrupper.<\/li>\n\n\n\n<li>Ges som en eng\u00e5ngsdos med f\u00f6rnyad vaccination efter 5 \u00e5r vid behov.<\/li>\n\n\n\n<li>P\u00e5verkar inte b\u00e4rarskap men ger skydd mot invasiv sjukdom.<\/li>\n<\/ul>\n\n\n\n<p><strong>Konjugatvacciner med 15 serotyper (Vaxneuvance\u00ae) eller 20 serotyper (Prevenar 20\u00ae)<\/strong><\/p>\n\n\n\n<ul class=\"wp-block-list\">\n<li>Dessa vacciner ger ett starkare och mer l\u00e5ngvarigt immunsvar, \u00e4ven hos sm\u00e5 barn och immunsupprimerade.<\/li>\n\n\n\n<li>Ing\u00e5r i det svenska barnvaccinationsprogrammet vid 2, 5 och 12 m\u00e5naders \u00e5lder.<\/li>\n\n\n\n<li>Anv\u00e4nds \u00e4ven f\u00f6r vuxna i h\u00f6g risk, ibland i kombination med PPV23.<\/li>\n<\/ul>\n\n\n\n<h5 class=\"wp-block-heading\">Vaccinationsrekommendationer<\/h5>\n\n\n\n<p><strong>Barn: <\/strong>Alla barn vaccineras med konjugatvaccin enligt det nationella vaccinationsprogrammet.<\/p>\n\n\n\n<p><strong>Vuxna: <\/strong>Vaccination rekommenderas till personer utan fungerande mj\u00e4lte, organtransplanterade, eller med immunbristsjukdomar, samt personer \u00e4ldre \u00e4n 75 \u00e5r, personer med diabetes, kroniska hj\u00e4rt- eller lungsjukdomar.<\/p>\n\n\n\n<p><strong>Resen\u00e4rer:<\/strong> Personer som vistas i tr\u00e5nga milj\u00f6er med \u00f6kad smittrisk, t.ex. p\u00e5 pilgrimsf\u00e4rder eller stora sportevenemang, b\u00f6r \u00f6verv\u00e4ga vaccination. F\u00f6lj lokala rekommendationer och r\u00e5dg\u00f6r med l\u00e4kare inf\u00f6r resan.<\/p>\n","protected":false},"excerpt":{"rendered":"<p>Information till resen\u00e4rer och allm\u00e4nheten Smitt\u00e4mnet och smittv\u00e4gar Pneumokocker, eller Streptococcus pneumoniae, \u00e4r vanligt f\u00f6rekommande luftv\u00e4gsbakterier som kan indelas i \u00f6ver 100 s.k. serotyper. Ett mindre antal av dessa serotyper orsakar majoriteten av sjukdomsfallen, och vilka serotyper som dominerar varierar med \u00e5lder, sjukdomstyp och geografi. Pneumokocker f\u00f6rekommer enbart hos m\u00e4nniskor och smittar via sm\u00e5 droppar &hellip; <a href=\"https:\/\/resemedicin.se\/friskparesan\/sjukdomar-och-vacciner\/pneumokocker\/\" class=\"more-link\">Forts\u00e4tt l\u00e4sa<span class=\"screen-reader-text\"> \u201dPneumokocker\u201d<\/span><\/a><\/p>\n","protected":false},"author":1,"featured_media":0,"parent":11269,"menu_order":0,"comment_status":"closed","ping_status":"closed","template":"","meta":{"footnotes":""},"class_list":["post-11283","page","type-page","status-publish","hentry"],"jetpack_sharing_enabled":true,"_links":{"self":[{"href":"https:\/\/resemedicin.se\/friskparesan\/wp-json\/wp\/v2\/pages\/11283","targetHints":{"allow":["GET"]}}],"collection":[{"href":"https:\/\/resemedicin.se\/friskparesan\/wp-json\/wp\/v2\/pages"}],"about":[{"href":"https:\/\/resemedicin.se\/friskparesan\/wp-json\/wp\/v2\/types\/page"}],"author":[{"embeddable":true,"href":"https:\/\/resemedicin.se\/friskparesan\/wp-json\/wp\/v2\/users\/1"}],"replies":[{"embeddable":true,"href":"https:\/\/resemedicin.se\/friskparesan\/wp-json\/wp\/v2\/comments?post=11283"}],"version-history":[{"count":2,"href":"https:\/\/resemedicin.se\/friskparesan\/wp-json\/wp\/v2\/pages\/11283\/revisions"}],"predecessor-version":[{"id":11696,"href":"https:\/\/resemedicin.se\/friskparesan\/wp-json\/wp\/v2\/pages\/11283\/revisions\/11696"}],"up":[{"embeddable":true,"href":"https:\/\/resemedicin.se\/friskparesan\/wp-json\/wp\/v2\/pages\/11269"}],"wp:attachment":[{"href":"https:\/\/resemedicin.se\/friskparesan\/wp-json\/wp\/v2\/media?parent=11283"}],"curies":[{"name":"wp","href":"https:\/\/api.w.org\/{rel}","templated":true}]}}