{"id":11282,"date":"2024-03-07T18:41:06","date_gmt":"2024-03-07T17:41:06","guid":{"rendered":"https:\/\/www.friskparesan.se\/?page_id=238"},"modified":"2025-10-21T16:48:06","modified_gmt":"2025-10-21T15:48:06","slug":"massling","status":"publish","type":"page","link":"https:\/\/resemedicin.se\/friskparesan\/sjukdomar-och-vacciner\/massling\/","title":{"rendered":"M\u00e4ssling"},"content":{"rendered":"\n<h3 class=\"wp-block-heading\" id=\"sidtopp\">Information till resen\u00e4rer och allm\u00e4nhet<\/h3>\n\n\n<div class=\"wp-block-image\">\n<figure class=\"aligncenter size-full is-resized\"><img loading=\"lazy\" decoding=\"async\" width=\"662\" height=\"499\" src=\"https:\/\/resemedicin.se\/reseradet\/wp-content\/uploads\/2024\/03\/meascdc001a.jpg\" alt=\"\" class=\"wp-image-635\" style=\"object-fit:cover;width:1024px;height:516px\" srcset=\"https:\/\/resemedicin.se\/friskparesan\/wp-content\/uploads\/2024\/03\/meascdc001a.jpg 662w, https:\/\/resemedicin.se\/friskparesan\/wp-content\/uploads\/2024\/03\/meascdc001a-300x226.jpg 300w\" sizes=\"auto, (max-width: 662px) 85vw, 662px\" \/><figcaption class=\"wp-element-caption\">Barn med m\u00e4ssling. Foto: CDC.<\/figcaption><\/figure>\n<\/div>\n\n\n<h3 class=\"wp-block-heading has-white-color has-text-color has-background has-link-color wp-elements-688360d30823481b88342ddb2694bb69\" id=\"smittamnet\" style=\"background-color:#2b7c08\">Smitt\u00e4mnet och smittv\u00e4gar<\/h3>\n\n\n\n<p>M\u00e4ssling \u00e4r en mycket ssmittsam virusinfektion, en av de mest smittsamma infektionerna som finns. Smittan \u00f6verf\u00f6rs fr\u00e5n person till person via andningsdroppar eller luftburen spridning i slutna utrymmen. Viruspartiklar kan finnas kvar i luften i upp till tv\u00e5 timmar efter att en smittad person har l\u00e4mnat platsen. M\u00e4nniskor \u00e4r den enda naturliga v\u00e4rden f\u00f6r viruset, vilket inneb\u00e4r att en global utrotning av m\u00e4ssling \u00e4r m\u00f6jlig med tillr\u00e4ckligt h\u00f6g vaccinationst\u00e4ckning.<\/p>\n\n\n\n<p>Smittade personer \u00e4r smittsamma fr\u00e5n fyra dagar innan till fyra dagar efter att utslagen har brutit ut. I hush\u00e5ll och p\u00e5 institutioner kan smittspridningen n\u00e5 \u00f6ver 90 % bland ovaccinerade individer.<\/p>\n\n\n\n<h3 class=\"wp-block-heading has-white-color has-text-color has-background has-link-color wp-elements-477b82d528e32d6c73f037cef1f4ea78\" id=\"symtom\" style=\"background-color:#2b7c08;text-transform:none\">Sjukdomsbild<\/h3>\n\n\n\n<p>M\u00e4sslingssymtom b\u00f6rjar med ett f\u00f6rstadium cirka 11\u201312 dagar efter smitta. Det varar i 2\u20134 dagar och k\u00e4nnetecknas av feber, hosta, snuva och r\u00f6da \u00f6gon. Sm\u00e5 vita fl\u00e4ckar (Koplik-fl\u00e4ckar) kan synas i munslemhinnan och \u00e4r unika f\u00f6r m\u00e4ssling. Efter 3\u20137 dagar utvecklas ett r\u00f6tt utslag som b\u00f6rjar i ansiktet och sprider sig ner \u00f6ver kroppen. Utslagen bleknar efter 4\u20137 dagar i samma ordning som de uppstod.<\/p>\n\n\n\n<p>Komplikationer \u00e4r vanliga och inkluderar \u00f6roninflammation, lunginflammation och diarr\u00e9. Allvarligare komplikationer, som hj\u00e4rninflammation (encefalit) \u00e4r ovanliga men kan ge livsl\u00e5nga skador eller leda till d\u00f6d. Sm\u00e5 barn och vuxna l\u00f6per h\u00f6gst risk f\u00f6r komplikationer, s\u00e4rskilt i omr\u00e5den med d\u00e5lig h\u00e4lsov\u00e5rd.<\/p>\n\n\n\n<p>Subakut skleroserande panencefalit (SSPE) \u00e4r en progressiv neurologisk sjukdom orsakad av m\u00e4sslingsvirus, vilken vanligtvis upptr\u00e4der 5\u201310 \u00e5r efter \u00e5terh\u00e4mtning fr\u00e5n den prim\u00e4ra infektionen. SSPE visar sig som mental och motorisk f\u00f6rs\u00e4mring, som kan utvecklas till koma och d\u00f6d. SSPE f\u00f6rekommer i \u22481 av var 5 000 rapporterade m\u00e4sslingsfall. Andelen \u00e4r h\u00f6gre bland barn yngre \u00e4n 5 \u00e5r.<\/p>\n\n\n\n<h3 class=\"wp-block-heading has-white-color has-text-color has-background has-link-color wp-elements-389a1bab0b9682fa6de8bfe6b560566d\" id=\"epidemiologi\" style=\"background-color:#2b7c08;text-transform:none\">F\u00f6rekomst<\/h3>\n\n\n\n<p>M\u00e4ssling \u00e4r en av de viktigaste infektionssjukdomarna i m\u00e4nsklighetens historia. P\u00e5 grund av dess h\u00f6ga smittsamhet var infektion med m\u00e4sslingvirus n\u00e4stan universell f\u00f6re inf\u00f6randet av m\u00e4sslingsvaccin. Det ber\u00e4knas att m\u00e4ssling har orsakat mer \u00e4n 2 miljoner d\u00f6dsfall \u00f6ver hela v\u00e4rlden varje \u00e5r precis innan den utbredda anv\u00e4ndningen av m\u00e4sslingsvacciner. <\/p>\n\n\n\n<p>M\u00e4sslingsvaccination har drastiskt minskat sjukdomens f\u00f6rekomst och d\u00f6dlighet globalt, men trots detta orsakar m\u00e4ssling fortfarande betydande sjukdomsb\u00f6rda i m\u00e5nga delar av v\u00e4rlden. Under 2022 n\u00e5dde endast 71 % av v\u00e4rldens barn den rekommenderade andra dosen av m\u00e4sslingsvaccin, l\u00e5ngt under de 95 % som kr\u00e4vs f\u00f6r att skapa flockimmunitet. Sedan pandemin har utbrott rapporterats i m\u00e5nga l\u00e4nder med l\u00e5g vaccinationst\u00e4ckning, ofta i omr\u00e5den med vaccinskepsis eller begr\u00e4nsad tillg\u00e5ng till h\u00e4lsov\u00e5rd.<\/p>\n\n\n\n<p>Resen\u00e4rer kan exponeras f\u00f6r m\u00e4ssling i vilket land som helst d\u00e4r viruset fortfarande cirkulerar. L\u00e4nder med l\u00e5g vaccinationst\u00e4ckning utg\u00f6r s\u00e4rskilda riskomr\u00e5den.<\/p>\n\n\n<div class=\"wp-block-image\">\n<figure class=\"aligncenter size-large is-resized\"><a href=\"https:\/\/i0.wp.com\/resemedicin.se\/reseradet\/wp-content\/uploads\/2024\/07\/image-2.png?w=1680&amp;ssl=1\" target=\"_blank\" rel=\"noreferrer noopener\"><img loading=\"lazy\" decoding=\"async\" width=\"1024\" height=\"516\" src=\"https:\/\/resemedicin.se\/friskparesan\/wp-content\/uploads\/2024\/07\/image-2-1024x516.png\" alt=\"Antalet rapporterade m\u00e4sslingfall fr\u00e5n juli till december 2023, WHO.\" class=\"wp-image-3113\" style=\"width:627px;height:auto\" srcset=\"https:\/\/resemedicin.se\/friskparesan\/wp-content\/uploads\/2024\/07\/image-2-1024x516.png 1024w, https:\/\/resemedicin.se\/friskparesan\/wp-content\/uploads\/2024\/07\/image-2-300x151.png 300w, https:\/\/resemedicin.se\/friskparesan\/wp-content\/uploads\/2024\/07\/image-2-768x387.png 768w, https:\/\/resemedicin.se\/friskparesan\/wp-content\/uploads\/2024\/07\/image-2-1536x773.png 1536w, https:\/\/resemedicin.se\/friskparesan\/wp-content\/uploads\/2024\/07\/image-2-2048x1031.png 2048w, https:\/\/resemedicin.se\/friskparesan\/wp-content\/uploads\/2024\/07\/image-2-1200x604.png 1200w\" sizes=\"auto, (max-width: 709px) 85vw, (max-width: 909px) 67vw, (max-width: 1362px) 62vw, 840px\" \/><\/a><figcaption class=\"wp-element-caption\">Antal rapporterade m\u00e4sslingfall fr\u00e5n juli till december 2023, WHO. F\u00f6r st\u00f6rre bild: <a href=\"https:\/\/i0.wp.com\/resemedicin.se\/reseradet\/wp-content\/uploads\/2024\/07\/image-2.png?w=1680&amp;ssl=1\" target=\"_blank\" rel=\"noreferrer noopener\">klicka h\u00e4r<\/a>.<\/figcaption><\/figure>\n<\/div>\n\n\n<h3 class=\"wp-block-heading has-white-color has-text-color has-background has-link-color wp-elements-499b765a175f3ba22d5971c2a6976e0e\" id=\"vaccination\" style=\"background-color:#2b7c08\">Hur man skyddar sig<\/h3>\n\n\n\n<p>I Sverige ges m\u00e4sslingsvaccin som en del av MPR-vaccinet (m\u00e4ssling, p\u00e5ssjuka, r\u00f6da hund) vid 18 m\u00e5naders \u00e5lder och i \u00e5rskurs 1\u20132. Tillg\u00e4ngliga vaccin inkluderar&nbsp;<strong>Priorix\u00ae<\/strong>&nbsp;och&nbsp;<strong>M-M-RvaxPro\u00ae<\/strong>. Vaccinet ger ett mycket effektivt skydd, men f\u00f6r att s\u00e4kerst\u00e4lla immunitet rekommenderas tv\u00e5 doser.<\/p>\n\n\n\n<p>F\u00f6r resen\u00e4rer till omr\u00e5den med p\u00e5g\u00e5ende utbrott kan MPR-vaccin ges redan fr\u00e5n 6 m\u00e5naders \u00e5lder, \u00e4ven om skyddet \u00e4r mer effektivt fr\u00e5n 9 m\u00e5naders \u00e5lder och upp\u00e5t. Barn som vaccineras f\u00f6re 12 m\u00e5naders \u00e5lder b\u00f6r \u00e4nd\u00e5 f\u00e5 sina ordinarie doser vid 18 m\u00e5nader och i skolan.<\/p>\n\n\n\n<p>Biverkningar av vaccinet \u00e4r oftast milda, som lokal irritation och feber, medan allvarliga biverkningar \u00e4r mycket s\u00e4llsynta.<\/p>\n\n\n\n<p>Om du ska resa till ett omr\u00e5de med p\u00e5g\u00e5ende m\u00e4sslingsepidemi och saknar fullst\u00e4ndigt vaccinationsskydd, \u00e4r det viktigt att vaccinera dig innan avresa. R\u00e5dfr\u00e5ga en vaccinationsmottagning f\u00f6r att s\u00e4kerst\u00e4lla att ditt skydd \u00e4r komplett.<\/p>\n\n\n\n<p><\/p>\n","protected":false},"excerpt":{"rendered":"<p>Information till resen\u00e4rer och allm\u00e4nhet Smitt\u00e4mnet och smittv\u00e4gar M\u00e4ssling \u00e4r en mycket ssmittsam virusinfektion, en av de mest smittsamma infektionerna som finns. Smittan \u00f6verf\u00f6rs fr\u00e5n person till person via andningsdroppar eller luftburen spridning i slutna utrymmen. Viruspartiklar kan finnas kvar i luften i upp till tv\u00e5 timmar efter att en smittad person har l\u00e4mnat platsen. &hellip; <a href=\"https:\/\/resemedicin.se\/friskparesan\/sjukdomar-och-vacciner\/massling\/\" class=\"more-link\">Forts\u00e4tt l\u00e4sa<span class=\"screen-reader-text\"> \u201dM\u00e4ssling\u201d<\/span><\/a><\/p>\n","protected":false},"author":1,"featured_media":0,"parent":11269,"menu_order":0,"comment_status":"closed","ping_status":"closed","template":"","meta":{"footnotes":""},"class_list":["post-11282","page","type-page","status-publish","hentry"],"jetpack_sharing_enabled":true,"_links":{"self":[{"href":"https:\/\/resemedicin.se\/friskparesan\/wp-json\/wp\/v2\/pages\/11282","targetHints":{"allow":["GET"]}}],"collection":[{"href":"https:\/\/resemedicin.se\/friskparesan\/wp-json\/wp\/v2\/pages"}],"about":[{"href":"https:\/\/resemedicin.se\/friskparesan\/wp-json\/wp\/v2\/types\/page"}],"author":[{"embeddable":true,"href":"https:\/\/resemedicin.se\/friskparesan\/wp-json\/wp\/v2\/users\/1"}],"replies":[{"embeddable":true,"href":"https:\/\/resemedicin.se\/friskparesan\/wp-json\/wp\/v2\/comments?post=11282"}],"version-history":[{"count":3,"href":"https:\/\/resemedicin.se\/friskparesan\/wp-json\/wp\/v2\/pages\/11282\/revisions"}],"predecessor-version":[{"id":12433,"href":"https:\/\/resemedicin.se\/friskparesan\/wp-json\/wp\/v2\/pages\/11282\/revisions\/12433"}],"up":[{"embeddable":true,"href":"https:\/\/resemedicin.se\/friskparesan\/wp-json\/wp\/v2\/pages\/11269"}],"wp:attachment":[{"href":"https:\/\/resemedicin.se\/friskparesan\/wp-json\/wp\/v2\/media?parent=11282"}],"curies":[{"name":"wp","href":"https:\/\/api.w.org\/{rel}","templated":true}]}}