{"id":11280,"date":"2024-03-07T18:38:27","date_gmt":"2024-03-07T17:38:27","guid":{"rendered":"https:\/\/www.friskparesan.se\/?page_id=234"},"modified":"2024-11-15T17:33:51","modified_gmt":"2024-11-15T16:33:51","slug":"hpv","status":"publish","type":"page","link":"https:\/\/resemedicin.se\/friskparesan\/sjukdomar-och-vacciner\/hpv\/","title":{"rendered":"Humant papillomvirus (HPV)"},"content":{"rendered":"\n<h3 class=\"wp-block-heading\" id=\"sidtopp\">Information till resen\u00e4rer och allm\u00e4nheten<\/h3>\n\n\n\n<figure class=\"wp-block-image size-large\"><img loading=\"lazy\" decoding=\"async\" width=\"1024\" height=\"461\" src=\"https:\/\/resemedicin.se\/friskparesan\/wp-content\/uploads\/2024\/07\/hpv-1024x461.jpg\" alt=\"\" class=\"wp-image-3053\" srcset=\"https:\/\/resemedicin.se\/friskparesan\/wp-content\/uploads\/2024\/07\/hpv-1024x461.jpg 1024w, https:\/\/resemedicin.se\/friskparesan\/wp-content\/uploads\/2024\/07\/hpv-300x135.jpg 300w, https:\/\/resemedicin.se\/friskparesan\/wp-content\/uploads\/2024\/07\/hpv-768x346.jpg 768w, https:\/\/resemedicin.se\/friskparesan\/wp-content\/uploads\/2024\/07\/hpv.jpg 1140w\" sizes=\"auto, (max-width: 709px) 85vw, (max-width: 909px) 67vw, (max-width: 1362px) 62vw, 840px\" \/><\/figure>\n\n\n\n<h3 class=\"wp-block-heading has-white-color has-text-color has-background has-link-color wp-elements-688360d30823481b88342ddb2694bb69\" id=\"smittamnet\" style=\"background-color:#2b7c08\">Smitt\u00e4mnet och smittv\u00e4gar<\/h3>\n\n\n\n<p>HPV \u00e4r en virusinfektion som kan orsaka v\u00e5rtor p\u00e5 hud och slemhinnor, k\u00f6nsv\u00e5rtor och olika cancerformer, inklusive livmoderhalscancer. Det \u00e4r den vanligaste sexuellt \u00f6verf\u00f6rbara infektionen, och 80 % av alla vuxna smittas n\u00e5gon g\u00e5ng i livet. Viruset \u00f6verf\u00f6rs genom olika former av sex (vaginalt, analt, oralt eller smeksex) men ocks\u00e5 genom direktkontakt med infekterade v\u00e5rtor eller kontaminerade ytor. Man kan smitta \u00e4ven utan synliga symtom.<\/p>\n\n\n\n<h3 class=\"wp-block-heading has-white-color has-text-color has-background has-link-color wp-elements-477b82d528e32d6c73f037cef1f4ea78\" id=\"symtom\" style=\"background-color:#2b7c08;text-transform:none\">Sjukdomsbild<\/h3>\n\n\n\n<p><strong>K\u00f6nsv\u00e5rtor (kondylom) och andra v\u00e5rtor:<\/strong>&nbsp;HPV orsakar vanliga v\u00e5rtor p\u00e5 h\u00e4nder och f\u00f6tter samt k\u00f6nsv\u00e5rtor (kondylom). Kondylom kan upptr\u00e4da i och runt k\u00f6nsorganen, \u00e4ndtarmen, slidan och i svalget. De l\u00e4ker oftast ut av sig sj\u00e4lva inom tv\u00e5 \u00e5r men kan behandlas med l\u00e4kemedel, v\u00e4rme, kyla eller kirurgi.<\/p>\n\n\n\n<p><strong>Livmoderhalscance och andra cancerformer:<\/strong>&nbsp;Vissa HPV-typer orsakar cancer, framf\u00f6rallt livmoderhalscancer, men \u00e4ven cancer i \u00e4ndtarmen, penis, vulva, vagina och svalget. Livmoderhalscancer utvecklas oftast 20 \u00e5r eller l\u00e4ngre efter infektionen och ger i tidiga stadier inga symtom. HPV-infektionen och tidig livmoderhalscancer orsakar vanligtvis inga m\u00e4rkbara symtom.<\/p>\n\n\n\n<p><strong>Diagnostik:<\/strong>&nbsp;Kvinnor erbjuds regelbunden gynekologisk cellprovtagning fr\u00e5n 23 till 64 \u00e5rs \u00e5lder f\u00f6r att uppt\u00e4cka HPV-infektioner och cellf\u00f6r\u00e4ndringar i livmoderhalsen. P\u00e5 kvinnor i \u00e5ldern 23-29 \u00e5r g\u00f6rs cellprovtagning vart tredje \u00e5r, i \u00e5ldern 30-49 \u00e5r cellprovtagning med analys f\u00f6r HPV vart tredje \u00e5r och i \u00e5ldern 50-64 \u00e5r cellprovtagning med analys f\u00f6r HPV vart sjunde \u00e5r. <\/p>\n\n\n\n<p>F\u00f6r m\u00e4n finns inga rutinm\u00e4ssiga tester, men vissa kan erbjudas provtagning vid h\u00f6g risk.<\/p>\n\n\n\n<p><strong>Behandling:<\/strong>&nbsp;Det finns ingen behandling som botar HPV-infektion, men HPV-infektioner l\u00e4ker ofta ut av sig sj\u00e4lva. Cellf\u00f6r\u00e4ndringar i livmoderhalsen behandlas med kirurgi, och kondylom kan behandlas med medicinska eller kirurgiska metoder. Kondylom \u00e5terkommer l\u00e4tt, eftersom behandlingen inte avl\u00e4gsnar sj\u00e4lva virussmittan fr\u00e5n kroppen, utan bara de synliga v\u00e5rtorna. <\/p>\n\n\n\n<h3 class=\"wp-block-heading has-white-color has-text-color has-background has-link-color wp-elements-efd19a53920d1a869e2bb5daa8849065\" id=\"epidemiologi\" style=\"background-color:#2b7c08;text-transform:none\">F\u00f6rekomst och riskgrupper<\/h3>\n\n\n\n<p>Cirka 20 000 personer i Sverige insjuknar varje \u00e5r med kondylom. Varje \u00e5r uppt\u00e4cks ocks\u00e5 cirka 550 fall av livmoderhalscancer, 200 fall av vulvacancer, 200 fall av \u00e4ndtarmscancer och 40 fall av vaginalcancer orsakade av HPV.&nbsp;<\/p>\n\n\n\n<p>Vaccination har lett till en minskning av kondylom och cellf\u00f6r\u00e4ndringar i de \u00e5ldersgrupper som vaccinerats.<\/p>\n\n\n\n<p>Alla sexuellt aktiva personer riskerar att f\u00e5 HPV, \u00e4ven med bara en sexpartner. Risken \u00f6kar vid flera sexpartners, oskyddat sex, nedsatt immunf\u00f6rsvar och direktkontakt med v\u00e5rtor eller kontaminerade ytor. HPV-v\u00e5rtor \u00e4r vanligast hos barn och ungdomar, medan k\u00f6nsv\u00e5rtor och HPV-relaterad cancer \u00e4r vanligare hos unga vuxna.<\/p>\n\n\n\n<h3 class=\"wp-block-heading has-white-color has-text-color has-background has-link-color wp-elements-499b765a175f3ba22d5971c2a6976e0e\" id=\"vaccination\" style=\"background-color:#2b7c08\">Hur man skyddar sig<\/h3>\n\n\n\n<p><strong>Vaccination:<\/strong>&nbsp;HPV-vaccin (Gardasil 9) skyddar mot de vanligaste typerna av HPV som orsakar cancer och k\u00f6nsv\u00e5rtor. Om man inte redan \u00e4r infekterad ger vaccinet ett mer \u00e4n 90% skydd mot infektion med dessa typer.<\/p>\n\n\n\n<p>Vaccinet ges i tv\u00e5 doser f\u00f6r barn 9\u201314 \u00e5r och i tre doser f\u00f6r \u00e4ldre barn och vuxna. Vaccinet ing\u00e5r i det allm\u00e4nna vaccinationsprogrammet och erbjuds kostnadsfritt till barn i \u00e5rskurs 5.<\/p>\n\n\n\n<p><strong>Kondom<\/strong>, som ger ett gott skydd mor de flesta sexuellt \u00f6verf\u00f6rbar infektioner , ger ett s\u00e4mre skydd mot HPV. Det kan skydda mot smitt\u00f6verf\u00f6ring av HPV fr\u00e5n slemhinna till slemhinna vid olika former av samlag, skyddar inte mot hud-hud-smitta fr\u00e5n k\u00f6nsv\u00e5rtor runt k\u00f6nsorganen.<\/p>\n\n\n\n<p><\/p>\n","protected":false},"excerpt":{"rendered":"<p>Information till resen\u00e4rer och allm\u00e4nheten Smitt\u00e4mnet och smittv\u00e4gar HPV \u00e4r en virusinfektion som kan orsaka v\u00e5rtor p\u00e5 hud och slemhinnor, k\u00f6nsv\u00e5rtor och olika cancerformer, inklusive livmoderhalscancer. Det \u00e4r den vanligaste sexuellt \u00f6verf\u00f6rbara infektionen, och 80 % av alla vuxna smittas n\u00e5gon g\u00e5ng i livet. Viruset \u00f6verf\u00f6rs genom olika former av sex (vaginalt, analt, oralt eller &hellip; <a href=\"https:\/\/resemedicin.se\/friskparesan\/sjukdomar-och-vacciner\/hpv\/\" class=\"more-link\">Forts\u00e4tt l\u00e4sa<span class=\"screen-reader-text\"> \u201dHumant papillomvirus (HPV)\u201d<\/span><\/a><\/p>\n","protected":false},"author":1,"featured_media":0,"parent":11269,"menu_order":0,"comment_status":"closed","ping_status":"closed","template":"","meta":{"footnotes":""},"class_list":["post-11280","page","type-page","status-publish","hentry"],"jetpack_sharing_enabled":true,"_links":{"self":[{"href":"https:\/\/resemedicin.se\/friskparesan\/wp-json\/wp\/v2\/pages\/11280","targetHints":{"allow":["GET"]}}],"collection":[{"href":"https:\/\/resemedicin.se\/friskparesan\/wp-json\/wp\/v2\/pages"}],"about":[{"href":"https:\/\/resemedicin.se\/friskparesan\/wp-json\/wp\/v2\/types\/page"}],"author":[{"embeddable":true,"href":"https:\/\/resemedicin.se\/friskparesan\/wp-json\/wp\/v2\/users\/1"}],"replies":[{"embeddable":true,"href":"https:\/\/resemedicin.se\/friskparesan\/wp-json\/wp\/v2\/comments?post=11280"}],"version-history":[{"count":4,"href":"https:\/\/resemedicin.se\/friskparesan\/wp-json\/wp\/v2\/pages\/11280\/revisions"}],"predecessor-version":[{"id":11668,"href":"https:\/\/resemedicin.se\/friskparesan\/wp-json\/wp\/v2\/pages\/11280\/revisions\/11668"}],"up":[{"embeddable":true,"href":"https:\/\/resemedicin.se\/friskparesan\/wp-json\/wp\/v2\/pages\/11269"}],"wp:attachment":[{"href":"https:\/\/resemedicin.se\/friskparesan\/wp-json\/wp\/v2\/media?parent=11280"}],"curies":[{"name":"wp","href":"https:\/\/api.w.org\/{rel}","templated":true}]}}