{"id":11277,"date":"2024-03-07T18:14:27","date_gmt":"2024-03-07T17:14:27","guid":{"rendered":"https:\/\/www.friskparesan.se\/?page_id=220"},"modified":"2025-10-22T07:07:59","modified_gmt":"2025-10-22T06:07:59","slug":"blodproppar","status":"publish","type":"page","link":"https:\/\/resemedicin.se\/friskparesan\/reserad-2\/blodproppar\/","title":{"rendered":"Flygrelaterade blodproppar"},"content":{"rendered":"\n<h3 class=\"wp-block-heading\">Information till resen\u00e4rer<\/h3>\n\n\n\n<figure class=\"wp-block-image size-full\" id=\"sidtopp\"><img loading=\"lazy\" decoding=\"async\" width=\"1024\" height=\"450\" src=\"https:\/\/resemedicin.se\/friskparesan\/wp-content\/uploads\/2025\/10\/passagerarplan.jpg\" alt=\"\" class=\"wp-image-12483\" srcset=\"https:\/\/resemedicin.se\/friskparesan\/wp-content\/uploads\/2025\/10\/passagerarplan.jpg 1024w, https:\/\/resemedicin.se\/friskparesan\/wp-content\/uploads\/2025\/10\/passagerarplan-300x132.jpg 300w, https:\/\/resemedicin.se\/friskparesan\/wp-content\/uploads\/2025\/10\/passagerarplan-768x338.jpg 768w\" sizes=\"auto, (max-width: 709px) 85vw, (max-width: 909px) 67vw, (max-width: 1362px) 62vw, 840px\" \/><\/figure>\n\n\n\n<ul class=\"wp-block-list\">\n<li><a href=\"https:\/\/resemedicin.se\/friskparesan\/reserad\/blodproppar\/#kortfakta\">Kortfakta<\/a><\/li>\n\n\n\n<li><a href=\"https:\/\/resemedicin.se\/friskparesan\/reserad\/blodproppar\/#uppkomst-och-riskfaktorer\">Uppkomst och riskfaktorer<\/a><\/li>\n\n\n\n<li><a href=\"https:\/\/resemedicin.se\/friskparesan\/reserad\/blodproppar\/#symtom-och-behandling\">Symtom och behandling<\/a><\/li>\n\n\n\n<li><a href=\"https:\/\/resemedicin.se\/friskparesan\/reserad\/blodproppar\/#forekomst\">F\u00f6rekomst<\/a><\/li>\n\n\n\n<li><a href=\"https:\/\/resemedicin.se\/friskparesan\/reserad\/blodproppar\/#forebyggande-atgarder\">F\u00f6rebyggande \u00e5tg\u00e4rder<\/a><\/li>\n<\/ul>\n\n\n\n<h3 class=\"wp-block-heading has-white-color has-text-color has-background has-link-color wp-elements-2776f1a0e8881b399635b009d4c8a0eb\" id=\"kortfakta\" style=\"background-color:#2b7c08\">Kortfakta<\/h3>\n\n\n\n<p>L\u00e5nga resor med stillasittande p\u00e5 flyg, t\u00e5g och i bil \u00f6kar risken f\u00f6r djup ventrombos i de stora venerna i benen, vilka sedan kan lossna och f\u00e4rdas till lungorna som en lungemboli (ven\u00f6s tromboembolism &#8211; VTE), ett potentiellt livshotande tillst\u00e5nd. VTE kan f\u00f6rebyggas genom att r\u00f6ra p\u00e5 benen under resan och eventuellt b\u00e4ra st\u00f6dstrumpor.<\/p>\n\n\n\n<p><a href=\"https:\/\/resemedicin.se\/friskparesan\/reserad\/blodproppar\/#sidtopp\">Till sidtoppen<\/a><\/p>\n\n\n\n<h3 class=\"wp-block-heading has-white-color has-text-color has-background has-link-color wp-elements-28d1471dfb0ef2c3078643b3b2d9e5f8\" id=\"uppkomst-och-riskfaktorer\" style=\"background-color:#2b7c08\">Uppkomst och riskfaktorer<\/h3>\n\n\n\n<figure class=\"wp-block-image size-full\"><img loading=\"lazy\" decoding=\"async\" width=\"1024\" height=\"479\" src=\"https:\/\/resemedicin.se\/friskparesan\/wp-content\/uploads\/2025\/10\/blodpropp.jpg\" alt=\"\" class=\"wp-image-12485\" srcset=\"https:\/\/resemedicin.se\/friskparesan\/wp-content\/uploads\/2025\/10\/blodpropp.jpg 1024w, https:\/\/resemedicin.se\/friskparesan\/wp-content\/uploads\/2025\/10\/blodpropp-300x140.jpg 300w, https:\/\/resemedicin.se\/friskparesan\/wp-content\/uploads\/2025\/10\/blodpropp-768x359.jpg 768w\" sizes=\"auto, (max-width: 709px) 85vw, (max-width: 909px) 67vw, (max-width: 1362px) 62vw, 840px\" \/><\/figure>\n\n\n\n<p>Vid l\u00e4ngre flygresor \u00f6kar risken f\u00f6r blodproppar i benen och lungorna. Detta beror fr\u00e4mst p\u00e5 att man sitter stilla l\u00e4nge med begr\u00e4nsad m\u00f6jlighet att r\u00f6ra p\u00e5 sig. Blodet i de stora venerna kan d\u00e5 l\u00e4tt stockas i benen i st\u00e4llet f\u00f6r att fl\u00f6da tillbaka till hj\u00e4rtat. N\u00e4r benen hela tiden trycker mot s\u00e4tet blir blodfl\u00f6det tillbaka till hj\u00e4rtat \u00e4nnu s\u00e4mre, och trycket kan dessutom skapa en irritation i blodk\u00e4rlens v\u00e4ggar.<\/p>\n\n\n\n<p>Detta kan ibland leda till att en <strong>djup ventrombo<\/strong>s<strong> (DVT)<\/strong> bildas i en av de stora venerna i n\u00e5got av benen. En liten del av en s\u00e5dan propp kan sedan lossna och och orsaka en <strong>lungemboli<\/strong>. En pl\u00f6tslig stor lungemboli kan vara ett livshotande tillst\u00e5nd.<\/p>\n\n\n\n<p>Det l\u00e4gre trycket i flygplanskabinen kan ocks\u00e5 g\u00f6ra att blodet l\u00e4ttare bildar proppar, och d\u00e4rmed ytterligare \u00f6ka risken f\u00f6r VTE, s\u00e4rskilt hos personer som har l\u00e4ttare att bilda proppar, p.g.a. \u00e4rftlighet eller underliggande sjukdomar eller tillst\u00e5nd. S\u00e5dana personliga riskfaktorer inkluderar:<\/p>\n\n\n\n<ul class=\"wp-block-list\">\n<li>Cancer<\/li>\n\n\n\n<li>\u00d6strogener (p-piller eller hormonbehandling)<\/li>\n\n\n\n<li>Nyligen legat inlagd p\u00e5 sjukhus f\u00f6r operation eller trauma<\/li>\n\n\n\n<li>Nyligen haft en nedsatt r\u00f6rlighet (t.ex. l\u00e5ngvarigt s\u00e4ngl\u00e4ge, f\u00f6rlamning, gipsat ben)<\/li>\n\n\n\n<li>Fetma (BMI \u226530)<\/li>\n\n\n\n<li>H\u00f6g \u00e5lder (\u00f6kande risk fr\u00e5n och med 40 \u00e5rs \u00e5lder)<\/li>\n\n\n\n<li>Graviditet eller nyligen f\u00f6tt barn<\/li>\n\n\n\n<li>Tidigare blodproppar eller blodproppar hos n\u00e4ra sl\u00e4ktingar <\/li>\n\n\n\n<li>Vissa blodsjukdomar<\/li>\n\n\n\n<li>Annan allvarlig medicinsk sjukdom<\/li>\n<\/ul>\n\n\n\n<p>\u00d6kad risk f\u00f6r flygrelaterad tromboembolism ses ocks\u00e5 hos personer kortare \u00e4n 160 cm (\u00f6kat tryck av benen mot s\u00e4tet) och hos personer l\u00e4ngre \u00e4n 190 cm (f\u00f6r litet utrymme att r\u00f6ra p\u00e5 benen).<\/p>\n\n\n\n<p><a href=\"https:\/\/resemedicin.se\/friskparesan\/reserad\/blodproppar\/#sidtopp\">Till sidtoppen<\/a><\/p>\n\n\n\n<h2 class=\"wp-block-heading has-white-color has-text-color has-background has-link-color wp-elements-c21e8c2aadf4cad76897a5efe76f2abc\" id=\"symtom-och-behandling\" style=\"background-color:#2b7c08\">Symtom och behandling<\/h2>\n\n\n\n<figure class=\"wp-block-image size-full\"><img loading=\"lazy\" decoding=\"async\" width=\"1024\" height=\"475\" src=\"https:\/\/resemedicin.se\/friskparesan\/wp-content\/uploads\/2025\/10\/ventrombos.jpg\" alt=\"\" class=\"wp-image-12486\" srcset=\"https:\/\/resemedicin.se\/friskparesan\/wp-content\/uploads\/2025\/10\/ventrombos.jpg 1024w, https:\/\/resemedicin.se\/friskparesan\/wp-content\/uploads\/2025\/10\/ventrombos-300x139.jpg 300w, https:\/\/resemedicin.se\/friskparesan\/wp-content\/uploads\/2025\/10\/ventrombos-768x356.jpg 768w\" sizes=\"auto, (max-width: 709px) 85vw, (max-width: 909px) 67vw, (max-width: 1362px) 62vw, 840px\" \/><\/figure>\n\n\n\n<p>Symtomen p\u00e5 DVT och lungemboli \u00e4r ospecifika och uppst\u00e5r vanligen de f\u00f6rsta 1-2 veckorna efter flygresan. Efter tv\u00e5 m\u00e5nader \u00e4r risken tillbaka till det normala.<\/p>\n\n\n\n<p>Typiska tecken p\u00e5 DVT i benen \u00e4r hudrodnad, v\u00e4rk, tyngdk\u00e4nsla, \u00f6mhet, svullnad och v\u00e4rme\u00f6kning i det drabbade omr\u00e5det. Tromben kan ocks\u00e5 g\u00e5 helt utan symtom. S\u00e5dana tromber f\u00f6rsvinner ofta av sig sj\u00e4lvt utan senare besv\u00e4r.<\/p>\n\n\n\n<p>De vanligaste tecknen p\u00e5 akut lungembolism inkluderar pl\u00f6tslig of\u00f6rklarad andn\u00f6d, sm\u00e4rta vid andning, hosta, ibland med blodiga upphostningar och p\u00e5verkat allm\u00e4ntillst\u00e5nd.<\/p>\n\n\n\n<p>DVT behandlas med <a href=\"https:\/\/www.internetmedicin.se\/hematologi\/djup-ventrombos-dvt#behandling\" target=\"_blank\" rel=\"noreferrer noopener\">antikoagulantia<\/a> och med st\u00f6dstrumpa p\u00e5 det drabbade benet. Ofta kvarst\u00e5r skador i de ven\u00f6sa klaffarna, med kvarst\u00e5ende besv\u00e4r av svullnad och v\u00e4rk, samt \u00f6kad risk f\u00f6r nya proppar i samma ben.<\/p>\n\n\n\n<p><a href=\"https:\/\/resemedicin.se\/friskparesan\/reserad\/blodproppar\/#sidtopp\">Till sidtoppen<\/a><\/p>\n\n\n\n<h2 class=\"wp-block-heading has-white-color has-text-color has-background has-link-color wp-elements-218abf4ffafb8cb73e019f372510a7ef\" id=\"forekomst\" style=\"background-color:#2b7c08\">F\u00f6rekomst<\/h2>\n\n\n\n<p>I den allm\u00e4nna befolkningen insjuknar ungef\u00e4r 1 per 1 000 (0,1%) personer med DVT eller lungemboli varje \u00e5r, men med betydligt h\u00f6gre risk bland dem med en eller flera av ovanst\u00e5ende riskfaktorer.<\/p>\n\n\n\n<p>Det finns inte n\u00e5gon bra statistik \u00f6ver risken att drabbas av blodpropp i samband med flygresor, men risken \u00f6kar  med l\u00e4ngden p\u00e5 flygresan (framf\u00f6r allt om den varat mer \u00e4n 4 timmar) och ju mer stillasittande man varit.<\/p>\n\n\n\n<p>Generellt sett \u00e4r den individuella risken f\u00f6r flygrelaterad tromboembolism relativt l\u00e5g 1 per 4 500-6 000 flygresor, men vid resor l\u00e4ngre \u00e4n 8 timmar kan risken f\u00f6r symtomgivande blodproppar vara s\u00e5 h\u00f6g som 1 per 300 resor, d.v.s. 1-2 passagerare (ofta med en eller flera riskfaktorer) p\u00e5 en Airbus med 500 passagerare. F\u00f6r resen\u00e4rer helt utan riskfaktorer \u00e4r risken mycket l\u00e5g \u00e4ven vid l\u00e5ngresor.<\/p>\n\n\n\n<p>En liknande \u00f6kning av risken f\u00f6r VTE ses vid andra l\u00e5ngv\u00e4ga resor (buss, bil, t\u00e5g), vilket inneb\u00e4r att den \u00f6kade risken fr\u00e4mst beror p\u00e5 l\u00e5ngvarig begr\u00e4nsad r\u00f6rlighet snarare \u00e4n av luftkabinmilj\u00f6n.<\/p>\n\n\n\n<p><a href=\"https:\/\/resemedicin.se\/friskparesan\/reserad\/blodproppar\/#sidtopp\">Till sidtoppen<\/a><\/p>\n\n\n\n<h2 class=\"wp-block-heading has-white-color has-text-color has-background has-link-color wp-elements-9474d11e7e768e990b7025082cbce07a\" id=\"forebyggande-atgarder\" style=\"background-color:#2b7c08\">F\u00f6rebyggande \u00e5tg\u00e4rder<\/h2>\n\n\n\n<figure class=\"wp-block-image size-full\"><img loading=\"lazy\" decoding=\"async\" width=\"1024\" height=\"570\" src=\"https:\/\/resemedicin.se\/friskparesan\/wp-content\/uploads\/2025\/10\/stodstrumpa.jpg\" alt=\"\" class=\"wp-image-12487\" srcset=\"https:\/\/resemedicin.se\/friskparesan\/wp-content\/uploads\/2025\/10\/stodstrumpa.jpg 1024w, https:\/\/resemedicin.se\/friskparesan\/wp-content\/uploads\/2025\/10\/stodstrumpa-300x167.jpg 300w, https:\/\/resemedicin.se\/friskparesan\/wp-content\/uploads\/2025\/10\/stodstrumpa-768x428.jpg 768w\" sizes=\"auto, (max-width: 709px) 85vw, (max-width: 909px) 67vw, (max-width: 1362px) 62vw, 840px\" \/><\/figure>\n\n\n\n<p>Vid l\u00e5ngvariga flygresor, s\u00e4rskilt om man har en eller flera riskfaktorer, kan man minska risken f\u00f6r ven\u00f6s blodpropp genom att:<\/p>\n\n\n\n<ul class=\"wp-block-list\">\n<li>r\u00f6ra p\u00e5 benen s\u00e5 mycket som m\u00f6jligt och d\u00e5 sp\u00e4nna vadmusklerna.<\/li>\n\n\n\n<li>regelbundet resa sig upp och g\u00e5 en str\u00e4cka (underl\u00e4ttar om man sitter p\u00e5 g\u00e5ngplats).<\/li>\n\n\n\n<li>ha p\u00e5 sig kompressionsstrumpor (st\u00f6dstrumpor) som r\u00e4cker upp till kn\u00e4na (s\u00e4llan motiverat om man inte har n\u00e5gra riskfaktorer).<\/li>\n<\/ul>\n\n\n\n<p>Personer med flera riskfaktorer kan ha nytta av l\u00e5gdos acetylsalicylsyra (ex Trombyl). <\/p>\n\n\n\n<p><a href=\"https:\/\/resemedicin.se\/friskparesan\/reserad\/blodproppar\/#sidtopp\">Till sidtoppen<\/a><\/p>\n","protected":false},"excerpt":{"rendered":"<p>Information till resen\u00e4rer Kortfakta L\u00e5nga resor med stillasittande p\u00e5 flyg, t\u00e5g och i bil \u00f6kar risken f\u00f6r djup ventrombos i de stora venerna i benen, vilka sedan kan lossna och f\u00e4rdas till lungorna som en lungemboli (ven\u00f6s tromboembolism &#8211; VTE), ett potentiellt livshotande tillst\u00e5nd. VTE kan f\u00f6rebyggas genom att r\u00f6ra p\u00e5 benen under resan och &hellip; <a href=\"https:\/\/resemedicin.se\/friskparesan\/reserad-2\/blodproppar\/\" class=\"more-link\">Forts\u00e4tt l\u00e4sa<span class=\"screen-reader-text\"> \u201dFlygrelaterade blodproppar\u201d<\/span><\/a><\/p>\n","protected":false},"author":1,"featured_media":0,"parent":11267,"menu_order":0,"comment_status":"closed","ping_status":"closed","template":"","meta":{"footnotes":""},"class_list":["post-11277","page","type-page","status-publish","hentry"],"jetpack_sharing_enabled":true,"_links":{"self":[{"href":"https:\/\/resemedicin.se\/friskparesan\/wp-json\/wp\/v2\/pages\/11277","targetHints":{"allow":["GET"]}}],"collection":[{"href":"https:\/\/resemedicin.se\/friskparesan\/wp-json\/wp\/v2\/pages"}],"about":[{"href":"https:\/\/resemedicin.se\/friskparesan\/wp-json\/wp\/v2\/types\/page"}],"author":[{"embeddable":true,"href":"https:\/\/resemedicin.se\/friskparesan\/wp-json\/wp\/v2\/users\/1"}],"replies":[{"embeddable":true,"href":"https:\/\/resemedicin.se\/friskparesan\/wp-json\/wp\/v2\/comments?post=11277"}],"version-history":[{"count":4,"href":"https:\/\/resemedicin.se\/friskparesan\/wp-json\/wp\/v2\/pages\/11277\/revisions"}],"predecessor-version":[{"id":12488,"href":"https:\/\/resemedicin.se\/friskparesan\/wp-json\/wp\/v2\/pages\/11277\/revisions\/12488"}],"up":[{"embeddable":true,"href":"https:\/\/resemedicin.se\/friskparesan\/wp-json\/wp\/v2\/pages\/11267"}],"wp:attachment":[{"href":"https:\/\/resemedicin.se\/friskparesan\/wp-json\/wp\/v2\/media?parent=11277"}],"curies":[{"name":"wp","href":"https:\/\/api.w.org\/{rel}","templated":true}]}}