{"id":11274,"date":"2024-03-06T14:15:41","date_gmt":"2024-03-06T13:15:41","guid":{"rendered":"https:\/\/www.friskparesan.se\/?page_id=118"},"modified":"2025-10-21T15:08:16","modified_gmt":"2025-10-21T14:08:16","slug":"difteri","status":"publish","type":"page","link":"https:\/\/resemedicin.se\/friskparesan\/sjukdomar-och-vacciner\/difteri\/","title":{"rendered":"Difteri"},"content":{"rendered":"\n<h3 class=\"wp-block-heading\" id=\"sidtopp\">Information till resen\u00e4rer och allm\u00e4nheten<\/h3>\n\n\n\n<figure class=\"wp-block-image size-full\"><img loading=\"lazy\" decoding=\"async\" width=\"1024\" height=\"432\" src=\"https:\/\/resemedicin.se\/friskparesan\/wp-content\/uploads\/2025\/10\/Difteri2.jpg\" alt=\"\" class=\"wp-image-12416\" srcset=\"https:\/\/resemedicin.se\/friskparesan\/wp-content\/uploads\/2025\/10\/Difteri2.jpg 1024w, https:\/\/resemedicin.se\/friskparesan\/wp-content\/uploads\/2025\/10\/Difteri2-300x127.jpg 300w, https:\/\/resemedicin.se\/friskparesan\/wp-content\/uploads\/2025\/10\/Difteri2-768x324.jpg 768w\" sizes=\"auto, (max-width: 709px) 85vw, (max-width: 909px) 67vw, (max-width: 1362px) 62vw, 840px\" \/><figcaption class=\"wp-element-caption\">Difteri med svalgmembran (Foto: Wikimedia)<\/figcaption><\/figure>\n\n\n\n<h3 class=\"wp-block-heading has-white-color has-text-color has-background has-link-color wp-elements-688360d30823481b88342ddb2694bb69\" id=\"smittamnet\" style=\"background-color:#2b7c08\">Smitt\u00e4mnet och smittv\u00e4gar<\/h3>\n\n\n\n<p>Difteri orsakas av corynebakterier. Dessa bakterier kan producera ett farligt gift (toxin) som orsakar sv\u00e5r sjukdom.<\/p>\n\n\n\n<ul class=\"wp-block-list\">\n<li><strong>Corynebacterium diphtheriae<\/strong>&nbsp;smittar endast mellan m\u00e4nniskor via hosta, saliv eller kontakt med f\u00f6rorenade ytor. Smittan kan spridas fr\u00e5n symtomfria b\u00e4rare under flera veckor.<\/li>\n\n\n\n<li><strong><strong>Corynebacterium<\/strong> ulcerans<\/strong>&nbsp;och&nbsp;<strong><strong>Corynebacterium<\/strong> pseudotuberculosis<\/strong>&nbsp;smittar via djur, oftast genom opast\u00f6riserad mj\u00f6lk eller kontakt med infekterade husdjur som kor, getter, katter och hundar.<\/li>\n\n\n\n<li>Difteri kan ocks\u00e5 spridas fr\u00e5n s\u00e5rinfektioner (huddifteri), s\u00e4rskilt i tropiska omr\u00e5den eller bland personer med nedsatta levnadsf\u00f6rh\u00e5llanden.<\/li>\n<\/ul>\n\n\n\n<h3 class=\"wp-block-heading has-white-color has-text-color has-background has-link-color wp-elements-477b82d528e32d6c73f037cef1f4ea78\" id=\"symtom\" style=\"background-color:#2b7c08;text-transform:none\">Sjukdomsbild<\/h3>\n\n\n\n<p>Difteri kan orsaka infektion i hals och luftv\u00e4gar (svalgdifteri) eller huden (huddifteri).<\/p>\n\n\n\n<p><strong>Svalgdifteri<\/strong> b\u00f6rjar med halsont, heshet och feber. Sjukdomen kan snabbt f\u00f6rv\u00e4rras med andningssv\u00e5righeter, f\u00f6rstorade halslymfk\u00f6rtlar och tjocka, gr\u00e5a bel\u00e4ggningar i svalget som kan blockera luftv\u00e4garna (&#8221;\u00e4kta krupp&#8221;). Toxinet kan orsaka hj\u00e4rtmuskelinflammation, njurskador och nervf\u00f6rlamningar.<\/p>\n\n\n\n<p><strong>Huddifteri<\/strong> orsakar sv\u00e5rl\u00e4kta s\u00e5r, oftast p\u00e5 benen, men leder s\u00e4llan till sv\u00e5r sjukdom.<\/p>\n\n\n\n<p>Behandlingen best\u00e5r av antibiotika och antitoxin, vilket \u00e4r viktigt f\u00f6r att f\u00f6rhindra allvarliga skador. Vid tidigt insatt behandling \u00e4r prognosen god, men d\u00f6dligheten kan vara s\u00e5 h\u00f6g som 10% hos ovaccinerade, s\u00e4rskilt om behandling p\u00e5b\u00f6rjats sent.<\/p>\n\n\n\n<h3 class=\"wp-block-heading has-white-color has-text-color has-background has-link-color wp-elements-efd19a53920d1a869e2bb5daa8849065\" id=\"epidemiologi\" style=\"background-color:#2b7c08;text-transform:none\">F\u00f6rekomst och riskgrupper<\/h3>\n\n\n\n<p>Difteri \u00e4r s\u00e4llsynt i l\u00e4nder med v\u00e4lfungerande barnvaccinationsprogram, men sjukdomen \u00e4r fortfarande vanlig i vissa delar av v\u00e4rlden, s\u00e4rskilt i Afrika, Asien och delar av Latinamerika. Huddifteri \u00e4r vanligast i tropiska omr\u00e5den. Flera st\u00f6rre utbrott har intr\u00e4ffat de senaste \u00e5ren, bland annat i Nigeria, Guinea och Niger.<\/p>\n\n\n\n<p>Sedan 2016 har utbrott av svalgdifteri intr\u00e4ffat i Algeriet, Bangladesh, Gabon, Guinea, Haiti, Indonesien, Kamerun, Mauretanien, Myanmar, Niger, Nigeria, Sydafrika, Ukraina, Venezuela, Vietnam och Yemen. Under 2024 har vi sett stora afrikanska difteriutbrott, fr\u00e4mst i Nigeria, Guinea och Niger, men \u00e4ven fall i Sydafrika, Gabon, Mauretanien och Kamerun.&nbsp;<\/p>\n\n\n\n<p>Resen\u00e4rer till omr\u00e5den med p\u00e5g\u00e5ende utbrott l\u00f6per \u00f6kad risk, s\u00e4rskilt om de saknar fullgott vaccinationsskydd. Barn, \u00e4ldre och personer med begr\u00e4nsad tillg\u00e5ng till sjukv\u00e5rd \u00e4r s\u00e4rskilt utsatta.<\/p>\n\n\n\n<h3 class=\"wp-block-heading has-white-color has-text-color has-background has-link-color wp-elements-9bd8bb841c1d7a3cd6e1ffa670947e42\" id=\"riskgrupper\" style=\"background-color:#2b7c08\">S\u00e5 skyddar du dig<\/h3>\n\n\n\n<p>Vaccin mot difteri \u00e4r mycket effektivt och ges som en del av det allm\u00e4nna vaccinationsprogrammet i Sverige. Skyddet uppr\u00e4tth\u00e5lls med boosterdoser som ges i vuxen \u00e5lder.<\/p>\n\n\n\n<ul class=\"wp-block-list\">\n<li>F\u00f6r resen\u00e4rer till omr\u00e5den med smittrisk rekommenderas en boosterdos om det g\u00e5tt mer \u00e4n fem \u00e5r sedan senaste vaccinationen.<\/li>\n\n\n\n<li>Vaccinet finns endast som kombinationsvaccin och skyddar \u00e4ven mot andra sjukdomar som stelkramp och kikhosta.<\/li>\n<\/ul>\n\n\n\n<p>Difteri kan undvikas genom vaccination, god hygien och att undvika n\u00e4ra kontakt med infekterade djur och opast\u00f6riserade mj\u00f6lkprodukter. Inf\u00f6r resor till riskomr\u00e5den \u00e4r det viktigt att kontrollera sitt vaccinationsskydd.<\/p>\n","protected":false},"excerpt":{"rendered":"<p>Information till resen\u00e4rer och allm\u00e4nheten Smitt\u00e4mnet och smittv\u00e4gar Difteri orsakas av corynebakterier. Dessa bakterier kan producera ett farligt gift (toxin) som orsakar sv\u00e5r sjukdom. Sjukdomsbild Difteri kan orsaka infektion i hals och luftv\u00e4gar (svalgdifteri) eller huden (huddifteri). Svalgdifteri b\u00f6rjar med halsont, heshet och feber. Sjukdomen kan snabbt f\u00f6rv\u00e4rras med andningssv\u00e5righeter, f\u00f6rstorade halslymfk\u00f6rtlar och tjocka, gr\u00e5a &hellip; <a href=\"https:\/\/resemedicin.se\/friskparesan\/sjukdomar-och-vacciner\/difteri\/\" class=\"more-link\">Forts\u00e4tt l\u00e4sa<span class=\"screen-reader-text\"> \u201dDifteri\u201d<\/span><\/a><\/p>\n","protected":false},"author":1,"featured_media":0,"parent":11269,"menu_order":0,"comment_status":"closed","ping_status":"closed","template":"","meta":{"footnotes":""},"class_list":["post-11274","page","type-page","status-publish","hentry"],"jetpack_sharing_enabled":true,"_links":{"self":[{"href":"https:\/\/resemedicin.se\/friskparesan\/wp-json\/wp\/v2\/pages\/11274","targetHints":{"allow":["GET"]}}],"collection":[{"href":"https:\/\/resemedicin.se\/friskparesan\/wp-json\/wp\/v2\/pages"}],"about":[{"href":"https:\/\/resemedicin.se\/friskparesan\/wp-json\/wp\/v2\/types\/page"}],"author":[{"embeddable":true,"href":"https:\/\/resemedicin.se\/friskparesan\/wp-json\/wp\/v2\/users\/1"}],"replies":[{"embeddable":true,"href":"https:\/\/resemedicin.se\/friskparesan\/wp-json\/wp\/v2\/comments?post=11274"}],"version-history":[{"count":8,"href":"https:\/\/resemedicin.se\/friskparesan\/wp-json\/wp\/v2\/pages\/11274\/revisions"}],"predecessor-version":[{"id":12417,"href":"https:\/\/resemedicin.se\/friskparesan\/wp-json\/wp\/v2\/pages\/11274\/revisions\/12417"}],"up":[{"embeddable":true,"href":"https:\/\/resemedicin.se\/friskparesan\/wp-json\/wp\/v2\/pages\/11269"}],"wp:attachment":[{"href":"https:\/\/resemedicin.se\/friskparesan\/wp-json\/wp\/v2\/media?parent=11274"}],"curies":[{"name":"wp","href":"https:\/\/api.w.org\/{rel}","templated":true}]}}