{"id":11273,"date":"2024-03-06T07:24:30","date_gmt":"2024-03-06T06:24:30","guid":{"rendered":"https:\/\/www.friskparesan.se\/?page_id=94"},"modified":"2025-10-21T15:33:45","modified_gmt":"2025-10-21T14:33:45","slug":"hepatit-a","status":"publish","type":"page","link":"https:\/\/resemedicin.se\/friskparesan\/sjukdomar-och-vacciner\/hepatit-a\/","title":{"rendered":"Hepatit A"},"content":{"rendered":"\n<h3 class=\"wp-block-heading\" id=\"sidtopp\">Information till resen\u00e4rer och allm\u00e4nheten<\/h3>\n\n\n\n<figure class=\"wp-block-image size-large\"><a href=\"https:\/\/commons.wikimedia.org\/wiki\/File:Scleral_Icterus.jpg\" target=\"_blank\" rel=\" noreferrer noopener\"><img loading=\"lazy\" decoding=\"async\" width=\"1024\" height=\"288\" src=\"https:\/\/resemedicin.se\/friskparesan\/wp-content\/uploads\/2024\/07\/ikterus-1024x288.jpg\" alt=\"\" class=\"wp-image-3312\" srcset=\"https:\/\/resemedicin.se\/friskparesan\/wp-content\/uploads\/2024\/07\/ikterus-1024x288.jpg 1024w, https:\/\/resemedicin.se\/friskparesan\/wp-content\/uploads\/2024\/07\/ikterus-300x84.jpg 300w, https:\/\/resemedicin.se\/friskparesan\/wp-content\/uploads\/2024\/07\/ikterus-768x216.jpg 768w, https:\/\/resemedicin.se\/friskparesan\/wp-content\/uploads\/2024\/07\/ikterus-1536x432.jpg 1536w, https:\/\/resemedicin.se\/friskparesan\/wp-content\/uploads\/2024\/07\/ikterus-1200x338.jpg 1200w, https:\/\/resemedicin.se\/friskparesan\/wp-content\/uploads\/2024\/07\/ikterus.jpg 1600w\" sizes=\"auto, (max-width: 709px) 85vw, (max-width: 909px) 67vw, (max-width: 1362px) 62vw, 840px\" \/><\/a><figcaption class=\"wp-element-caption\">Gulsot (ikterus). Foto: <a href=\"https:\/\/commons.wikimedia.org\/wiki\/File:Scleral_Icterus.jpg\" target=\"_blank\" rel=\"noreferrer noopener\">Wikimedia<\/a>.<\/figcaption><\/figure>\n\n\n\n<h3 class=\"wp-block-heading has-white-color has-text-color has-background has-link-color wp-elements-688360d30823481b88342ddb2694bb69\" id=\"smittamnet\" style=\"background-color:#2b7c08\">Smitt\u00e4mnet och smittv\u00e4gar<\/h3>\n\n\n\n<p>Hepatit A \u00e4r en virussjukdom orsakad av hepatit A-virus (HAV), som sprids fr\u00e4mst genom f\u00f6rorenad mat och dryck eller direktkontakt med smittade personer. Smittan sker ofta i l\u00e4nder med d\u00e5lig sanitet. Viruset uts\u00f6ndras i stora m\u00e4ngder i avf\u00f6ringen och kan \u00f6verleva l\u00e4nge i milj\u00f6n, \u00e4ven under frysf\u00f6rh\u00e5llanden. HAV kan ocks\u00e5 \u00f6verf\u00f6ras via kontaminerade ytor eller f\u00f6rem\u00e5l, men det \u00e4r ovanligt.<\/p>\n\n\n\n<h3 class=\"wp-block-heading has-white-color has-text-color has-background has-link-color wp-elements-477b82d528e32d6c73f037cef1f4ea78\" id=\"symtom\" style=\"background-color:#2b7c08;text-transform:none\">Sjukdomsbild<\/h3>\n\n\n\n<p>Inkubationstiden (tid fr\u00e5n smitta till symtom) \u00e4r 2\u20137 veckor. Symtom kan omfatta feber, tr\u00f6tthet, illam\u00e5ende, magont och gulsot (gul hud och gula \u00f6gon), s\u00e4rskilt hos \u00e4ldre barn och vuxna. Sm\u00e5 barn uppvisar ofta inga symtom alls, men kan \u00e4nd\u00e5 sprida smittan. De flesta tillfrisknar helt inom tv\u00e5 m\u00e5nader, men vissa kan uppleva l\u00e5ngvariga symtom i upp till sex m\u00e5nader. Allvarliga komplikationer, s\u00e5som akut leversvikt, \u00e4r s\u00e4llsynta men f\u00f6rekommer fr\u00e4mst hos \u00e4ldre och personer med underliggande leversjukdom.<\/p>\n\n\n\n<p>Det finns ingen specifik behandling utan v\u00e5rden inriktas p\u00e5 att lindra symtomen och ge st\u00f6d vid behov.<\/p>\n\n\n\n<h3 class=\"wp-block-heading has-white-color has-text-color has-background has-link-color wp-elements-efd19a53920d1a869e2bb5daa8849065\" id=\"epidemiologi\" style=\"background-color:#2b7c08;text-transform:none\">F\u00f6rekomst och riskgrupper<\/h3>\n\n\n\n<p>Hepatit A \u00e4r vanligast i l\u00e4nder med d\u00e5lig avloppshantering, s\u00e4rskilt i Afrika, Asien och Sydamerika. I Sverige \u00e4r sjukdomen s\u00e4llsynt, och de flesta fall \u00e4r kopplade till utlandsresor. Risken \u00e4r h\u00f6gst vid resor till omr\u00e5den med bristande hygien, men sjukdomen kan \u00e4ven spridas via importerade livsmedel.<\/p>\n\n\n\n<p><strong>Riskgrupper bland resen\u00e4rer<\/strong>: Personer som reser till l\u00e4nder med h\u00f6g smittrisk, s\u00e4rskilt om de vistas p\u00e5 landsbygden eller \u00e4ter p\u00e5 st\u00e4llen med bristande hygien, l\u00f6per st\u00f6rst risk. Gravida, personer med kronisk leversjukdom och sm\u00e5 barn p\u00e5 f\u00f6rskolor kan ocks\u00e5 vara extra utsatta.<\/p>\n\n\n\n<p>Multinationella utbrott av hepatit A bland m\u00e4n som har sex med m\u00e4n (MSM) har beskrivits \u00e4ven inom EU. <\/p>\n\n\n\n<p>Efter att ha haft Hepatit A \u00e4r man skyddad f\u00f6r resten av livet. Den stora majoriteten av svenskar har inte haft hepatit A och kan allts\u00e5 smittas. <\/p>\n\n\n\n<h3 class=\"wp-block-heading has-white-color has-text-color has-background has-link-color wp-elements-56a285f874132c270766154b1d269895\" id=\"vaccination\" style=\"background-color:#2b7c08\">S\u00e5 skyddar du dig<\/h3>\n\n\n\n<p><strong>Hygien<\/strong>: Noggrann handtv\u00e4tt och f\u00f6rsiktighet med mat och dryck minskar risken men eliminerar den inte helt.<\/p>\n\n\n\n<p><strong>Vaccination<\/strong>: Vaccin mot hepatit A ger ett effektivt och l\u00e5ngvarigt skydd. Det ges i tv\u00e5 doser, varav den f\u00f6rsta helst 3\u20134 veckor f\u00f6re resa och en andra dos 6\u201312 m\u00e5nader senare f\u00f6r livsl\u00e5ng immunitet. Kombinationsvaccin mot hepatit A och B finns ocks\u00e5 f\u00f6r de som beh\u00f6ver skydd mot b\u00e5da sjukdomarna. Dessa ges antingen med 2 eller 3 doser.<\/p>\n\n\n\n<p>Vaccination rekommenderas f\u00f6r resor till omr\u00e5den med h\u00f6g eller medelh\u00f6g risk f\u00f6r hepatit A, inklusive delar av Afrika, Asien, Latinamerika och vissa \u00f6steuropeiska l\u00e4nder. \u00c4ven personer i riskgrupper, som m\u00e4n som har sex med m\u00e4n, personer med kronisk leversjukdom eller n\u00e4ra kontakter till smittade, b\u00f6r vaccineras.<\/p>\n\n\n\n<p>Kontakta vaccinationsmottagning f\u00f6r r\u00e5dgivning och vaccination i god tid inf\u00f6r resa till riskomr\u00e5den.<\/p>\n\n\n\n<p><\/p>\n","protected":false},"excerpt":{"rendered":"<p>Information till resen\u00e4rer och allm\u00e4nheten Smitt\u00e4mnet och smittv\u00e4gar Hepatit A \u00e4r en virussjukdom orsakad av hepatit A-virus (HAV), som sprids fr\u00e4mst genom f\u00f6rorenad mat och dryck eller direktkontakt med smittade personer. Smittan sker ofta i l\u00e4nder med d\u00e5lig sanitet. Viruset uts\u00f6ndras i stora m\u00e4ngder i avf\u00f6ringen och kan \u00f6verleva l\u00e4nge i milj\u00f6n, \u00e4ven under frysf\u00f6rh\u00e5llanden. &hellip; <a href=\"https:\/\/resemedicin.se\/friskparesan\/sjukdomar-och-vacciner\/hepatit-a\/\" class=\"more-link\">Forts\u00e4tt l\u00e4sa<span class=\"screen-reader-text\"> \u201dHepatit A\u201d<\/span><\/a><\/p>\n","protected":false},"author":1,"featured_media":0,"parent":11269,"menu_order":0,"comment_status":"closed","ping_status":"closed","template":"","meta":{"footnotes":""},"class_list":["post-11273","page","type-page","status-publish","hentry"],"jetpack_sharing_enabled":true,"_links":{"self":[{"href":"https:\/\/resemedicin.se\/friskparesan\/wp-json\/wp\/v2\/pages\/11273","targetHints":{"allow":["GET"]}}],"collection":[{"href":"https:\/\/resemedicin.se\/friskparesan\/wp-json\/wp\/v2\/pages"}],"about":[{"href":"https:\/\/resemedicin.se\/friskparesan\/wp-json\/wp\/v2\/types\/page"}],"author":[{"embeddable":true,"href":"https:\/\/resemedicin.se\/friskparesan\/wp-json\/wp\/v2\/users\/1"}],"replies":[{"embeddable":true,"href":"https:\/\/resemedicin.se\/friskparesan\/wp-json\/wp\/v2\/comments?post=11273"}],"version-history":[{"count":5,"href":"https:\/\/resemedicin.se\/friskparesan\/wp-json\/wp\/v2\/pages\/11273\/revisions"}],"predecessor-version":[{"id":12423,"href":"https:\/\/resemedicin.se\/friskparesan\/wp-json\/wp\/v2\/pages\/11273\/revisions\/12423"}],"up":[{"embeddable":true,"href":"https:\/\/resemedicin.se\/friskparesan\/wp-json\/wp\/v2\/pages\/11269"}],"wp:attachment":[{"href":"https:\/\/resemedicin.se\/friskparesan\/wp-json\/wp\/v2\/media?parent=11273"}],"curies":[{"name":"wp","href":"https:\/\/api.w.org\/{rel}","templated":true}]}}