{"id":11267,"date":"2024-03-05T15:04:25","date_gmt":"2024-03-05T14:04:25","guid":{"rendered":"https:\/\/www.friskparesan.se\/?page_id=42"},"modified":"2025-10-21T18:36:44","modified_gmt":"2025-10-21T17:36:44","slug":"reserad-2","status":"publish","type":"page","link":"https:\/\/resemedicin.se\/friskparesan\/reserad-2\/","title":{"rendered":"R\u00e5d och tips f\u00f6r en friskare resa"},"content":{"rendered":"\n<h3 class=\"wp-block-heading\">Information till resen\u00e4rer<\/h3>\n\n\n\n<figure class=\"wp-block-image size-full\"><img loading=\"lazy\" decoding=\"async\" width=\"1024\" height=\"555\" src=\"https:\/\/resemedicin.se\/friskparesan\/wp-content\/uploads\/2025\/10\/jarnvagsstation.jpg\" alt=\"\" class=\"wp-image-12465\" srcset=\"https:\/\/resemedicin.se\/friskparesan\/wp-content\/uploads\/2025\/10\/jarnvagsstation.jpg 1024w, https:\/\/resemedicin.se\/friskparesan\/wp-content\/uploads\/2025\/10\/jarnvagsstation-300x163.jpg 300w, https:\/\/resemedicin.se\/friskparesan\/wp-content\/uploads\/2025\/10\/jarnvagsstation-768x416.jpg 768w\" sizes=\"auto, (max-width: 709px) 85vw, (max-width: 909px) 67vw, (max-width: 1362px) 62vw, 840px\" \/><\/figure>\n\n\n\n<h3 class=\"wp-block-heading has-white-color has-text-color has-background has-link-color wp-elements-e1e317e1c2d615bcea7abfa7ba6eb42b\" style=\"background-color:#2b7c08\">R\u00e5d och tips inf\u00f6r resan<\/h3>\n\n\n\n<div class=\"wp-block-columns is-layout-flex wp-container-core-columns-is-layout-9d6595d7 wp-block-columns-is-layout-flex\">\n<div class=\"wp-block-column is-layout-flow wp-block-column-is-layout-flow\">\n<p><a href=\"https:\/\/resemedicin.se\/friskparesan\/reserad\/bcg-vaccination\/\">BCG-vaccination<\/a><\/p>\n\n\n\n<p><a href=\"https:\/\/resemedicin.se\/friskparesan\/reserad\/malariaprofylax-med-atovakvon-proguanil\/\">Malariaprofylax med atovakvon\/proguanil<\/a><\/p>\n\n\n\n<p><a href=\"https:\/\/resemedicin.se\/friskparesan\/reserad\/malariaprofylax-med-doxycyklin\/\">Malariaprofylax med doxycyklin<\/a><\/p>\n\n\n\n<p><a href=\"https:\/\/resemedicin.se\/friskparesan\/reserad\/malariaprofylax-med-meflokin\/\">Malariaprofylax med meflokin<\/a><\/p>\n\n\n\n<p><a href=\"https:\/\/www.resemedicin.se\/friskparesan\/reserad\/packningslista\">Packningslista<\/a><\/p>\n<\/div>\n\n\n\n<div class=\"wp-block-column is-layout-flow wp-block-column-is-layout-flow\">\n<p><a href=\"https:\/\/www.resemedicin.se\/friskparesan\/reserad\/psykisk-halsa\">Psykisk h\u00e4lsa<\/a><\/p>\n\n\n\n<p><a href=\"https:\/\/resemedicin.se\/friskparesan\/reserad\/resa-med-hund-och-katt\/\">Resa med hund och katt<\/a><\/p>\n\n\n\n<p><a href=\"https:\/\/www.resemedicin.se\/friskparesan\/reserad\/mediciner\">Resa med mediciner<\/a><\/p>\n\n\n\n<p><a href=\"https:\/\/www.resemedicin.se\/friskparesan\/reserad\/reseapotek\">Reseapotek<\/a><\/p>\n\n\n\n<p><a href=\"https:\/\/resemedicin.se\/friskparesan\/reserad\/reseforsakringar\/\">Resef\u00f6rs\u00e4kringar<\/a><\/p>\n<\/div>\n<\/div>\n\n\n\n<h3 class=\"wp-block-heading has-white-color has-text-color has-background has-link-color wp-elements-c93640daf72e5aeb82bb4a83a73093f3\" style=\"background-color:#2b7c08\">R\u00e5d och tips under resan<\/h3>\n\n\n\n<div class=\"wp-block-columns is-layout-flex wp-container-core-columns-is-layout-9d6595d7 wp-block-columns-is-layout-flex\">\n<div class=\"wp-block-column is-layout-flow wp-block-column-is-layout-flow\">\n<p><a href=\"https:\/\/resemedicin.se\/friskparesan\/reserad\/diarrebehandling\/\">Diarr\u00e9behandling<\/a><\/p>\n\n\n\n<p><a href=\"https:\/\/www.resemedicin.se\/friskparesan\/reserad\/blodproppar\/\">Flygrelaterade blodproppar<\/a><\/p>\n\n\n\n<p><a href=\"https:\/\/www.resemedicin.se\/friskparesan\/reserad\/hoga-hojder\/\">H\u00f6ga h\u00f6jder<\/a><\/p>\n\n\n\n<p><a href=\"https:\/\/resemedicin.se\/friskparesan\/graviditet-och-resa\/\">Graviditet och resa<\/a><\/p>\n\n\n\n<p><a href=\"https:\/\/www.resemedicin.se\/friskparesan\/reserad\/skydd-mot-insekter-och-fastingar\/\">Skydd mot myggor, f\u00e4stingar och andra leddjur<\/a><\/p>\n\n\n\n<p><a href=\"https:\/\/www.resemedicin.se\/friskparesan\/reserad\/jetlag\/\">Jet lag<\/a><\/p>\n\n\n\n<p><a href=\"https:\/\/www.resemedicin.se\/friskparesan\/reserad\/kyla\/\">Kyla och k\u00f6ldskador<\/a><\/p>\n\n\n\n<p><a href=\"https:\/\/www.resemedicin.se\/friskparesan\/reserad\/mat-och-dryck\/\">Mat och dryck<\/a><\/p>\n\n\n\n<p><a href=\"https:\/\/www.resemedicin.se\/friskparesan\/reserad\/psykisk-halsa\">Psykisk h\u00e4lsa<\/a><\/p>\n<\/div>\n\n\n\n<div class=\"wp-block-column is-layout-flow wp-block-column-is-layout-flow\">\n<p><a href=\"https:\/\/www.resemedicin.se\/friskparesan\/reserad\/vattenrening\/\">Rent vatten och vattenrening<\/a><\/p>\n\n\n\n<p><a href=\"https:\/\/www.resemedicin.se\/friskparesan\/reserad\/riskfyllda-djurkontakter\">Riskfyllda djurkontakter<\/a><\/p>\n\n\n\n<p><a href=\"https:\/\/www.resemedicin.se\/friskparesan\/reserad\/simma-och-dyka\/\">Simma och dyka<\/a><\/p>\n\n\n\n<p><a href=\"https:\/\/resemedicin.se\/friskparesan\/reserad\/solskydd\/\">Solskydd<\/a><\/p>\n\n\n\n<p><a href=\"https:\/\/www.resemedicin.se\/friskparesan\/reserad\/sexuell-halsa\">Sexuell h\u00e4lsa och s\u00e4krare sex<\/a><\/p>\n\n\n\n<p><a href=\"https:\/\/resemedicin.se\/friskparesan\/reserad\/trafik\/\">Trafiks\u00e4kerhet<\/a><\/p>\n\n\n\n<p><a href=\"https:\/\/resemedicin.se\/friskparesan\/reserad\/varme\/\">V\u00e4rme och v\u00e4rmeslag<\/a><\/p>\n\n\n\n<p><a href=\"https:\/\/www.resemedicin.se\/friskparesan\/reserad\/overlevnadsguide\">\u00d6verlevnadsguide (r\u00e5d A-\u00d6)<\/a><\/p>\n<\/div>\n<\/div>\n\n\n\n<p><\/p>\n","protected":false},"excerpt":{"rendered":"<p>Information till resen\u00e4rer R\u00e5d och tips inf\u00f6r resan BCG-vaccination Malariaprofylax med atovakvon\/proguanil Malariaprofylax med doxycyklin Malariaprofylax med meflokin Packningslista Psykisk h\u00e4lsa Resa med hund och katt Resa med mediciner Reseapotek Resef\u00f6rs\u00e4kringar R\u00e5d och tips under resan Diarr\u00e9behandling Flygrelaterade blodproppar H\u00f6ga h\u00f6jder Graviditet och resa Skydd mot myggor, f\u00e4stingar och andra leddjur Jet lag Kyla och &hellip; <a href=\"https:\/\/resemedicin.se\/friskparesan\/reserad-2\/\" class=\"more-link\">Forts\u00e4tt l\u00e4sa<span class=\"screen-reader-text\"> \u201dR\u00e5d och tips f\u00f6r en friskare resa\u201d<\/span><\/a><\/p>\n","protected":false},"author":1,"featured_media":0,"parent":0,"menu_order":0,"comment_status":"closed","ping_status":"closed","template":"","meta":{"footnotes":""},"class_list":["post-11267","page","type-page","status-publish","hentry"],"jetpack_sharing_enabled":true,"_links":{"self":[{"href":"https:\/\/resemedicin.se\/friskparesan\/wp-json\/wp\/v2\/pages\/11267","targetHints":{"allow":["GET"]}}],"collection":[{"href":"https:\/\/resemedicin.se\/friskparesan\/wp-json\/wp\/v2\/pages"}],"about":[{"href":"https:\/\/resemedicin.se\/friskparesan\/wp-json\/wp\/v2\/types\/page"}],"author":[{"embeddable":true,"href":"https:\/\/resemedicin.se\/friskparesan\/wp-json\/wp\/v2\/users\/1"}],"replies":[{"embeddable":true,"href":"https:\/\/resemedicin.se\/friskparesan\/wp-json\/wp\/v2\/comments?post=11267"}],"version-history":[{"count":15,"href":"https:\/\/resemedicin.se\/friskparesan\/wp-json\/wp\/v2\/pages\/11267\/revisions"}],"predecessor-version":[{"id":12466,"href":"https:\/\/resemedicin.se\/friskparesan\/wp-json\/wp\/v2\/pages\/11267\/revisions\/12466"}],"wp:attachment":[{"href":"https:\/\/resemedicin.se\/friskparesan\/wp-json\/wp\/v2\/media?parent=11267"}],"curies":[{"name":"wp","href":"https:\/\/api.w.org\/{rel}","templated":true}]}}